{"id":9711,"date":"2025-04-03T15:30:00","date_gmt":"2025-04-03T07:30:00","guid":{"rendered":"https:\/\/zojopackaging.com\/?post_type=product&#038;p=9711"},"modified":"2025-04-03T16:24:30","modified_gmt":"2025-04-03T08:24:30","slug":"custom-cbd-hemp-oil-paper-tube-cylinder-packaging-wholesale","status":"publish","type":"product","link":"https:\/\/zojopackaging.com\/es\/product\/custom-cbd-hemp-oil-paper-tube-cylinder-packaging-wholesale\/","title":{"rendered":"Tubo de papel para aceite de c\u00e1\u00f1amo CBD al por mayor"},"content":{"rendered":"<h2 id=\"-1-scientific-structural-design-all-round-product-protection-\"><strong>1. Dise\u00f1o estructural cient\u00edfico, protecci\u00f3n integral del producto<\/strong><\/h2>\n<p>Adoptando una estructura integrada de tapas superior e inferior, el dise\u00f1o de optimizaci\u00f3n mec\u00e1nica dispersa uniformemente la presi\u00f3n externa, evitando eficazmente la deformaci\u00f3n del envase o los da\u00f1os al contenido causados por la extrusi\u00f3n y la colisi\u00f3n durante el transporte o el almacenamiento. Esta estructura es especialmente adecuada para el aceite esencial de cannabis, el aceite esencial de CBD y el aceite esencial de THC en botellas de vidrio fr\u00e1giles, garantizando que los productos l\u00edquidos permanezcan sellados e intactos en condiciones extremas.<\/p>\n<h2 id=\"-2-environmentally-friendly-materials-and-excellent-toughness-\"><strong>2. Materiales respetuosos con el medio ambiente y excelente tenacidad<\/strong><\/h2>\n<p>El envase est\u00e1 hecho de papel kraft de alta resistencia, y la dureza de la fibra se mejora mediante un procesamiento especial, y la resistencia al desgarro se mejora en m\u00e1s de 30%. El material cumple las normas medioambientales internacionales, es reciclable y degradable, tiene en cuenta los conceptos ecol\u00f3gicos y las necesidades pr\u00e1cticas, y se adapta a los estrictos requisitos del mercado mundial de envases sostenibles.<\/p>\n<h2 id=\"-3-luxurious-hot-stamping-process-details-highlight-quality-\"><strong>3. Lujoso proceso de estampaci\u00f3n en caliente en oro, los detalles resaltan la calidad<\/strong><\/h2>\n<p>Gracias a la tecnolog\u00eda de impresi\u00f3n en caliente de alta precisi\u00f3n, permite la impresi\u00f3n de texto y patrones de 0,2 mm de grosor, y presenta con claridad informaci\u00f3n clave como el logotipo de la marca y la descripci\u00f3n de los ingredientes. El brillo met\u00e1lico contrasta con el papel kraft mate, dando al envase una experiencia visual discreta y lujosa, que encaja con el posicionamiento de mercado de los productos CBD de gama alta.<\/p>\n<h2 id=\"-4-multi-category-adaptation-and-brand-empowerment-\"><strong>4. Adaptaci\u00f3n multicategor\u00eda y potenciaci\u00f3n de la marca<\/strong><\/h2>\n<p>Dise\u00f1ado espec\u00edficamente para aceite esencial de cannabis, aceite esencial de CBD\/THC, el revestimiento puede personalizarse con EVA a prueba de golpes o pel\u00edcula de PE de calidad alimentaria, y es adecuado para una variedad de tipos de botellas de 5 ml a 50 ml. El aspecto del envase puede mejorarse al tacto mediante procesos como el gofrado y el barniz local UV, combinados con el color de la marca y el sistema VI para aumentar el valor a\u00f1adido del producto.<\/p>\n<h2 id=\"-5-one-stop-customization-service-and-cost-advantage-\"><strong>5. Servicio integral de personalizaci\u00f3n y ventajas econ\u00f3micas<\/strong><\/h2>\n<ul>\n<li><strong>Personalizaci\u00f3n flexible<\/strong>: Admite el ajuste personalizado del tama\u00f1o del cilindro (di\u00e1metro 20-100 mm, altura 50-300 mm), la estructura de la caja (como tapa magn\u00e9tica, tapa a presi\u00f3n) y el proceso (estampaci\u00f3n en caliente\/plateado, gofrado) para satisfacer las necesidades de diferenciaci\u00f3n de la marca.<\/li>\n<li><strong>Ventaja de la fuente<\/strong>: Producido directamente por las f\u00e1bricas chinas, no hay diferencia de precio de intermediario, proporcionando precios al por mayor l\u00edderes en la industria; servicios de dise\u00f1o gratuitos incluyen representaciones en 3D, dibujos estructurales y pruebas de materiales para asegurar la implementaci\u00f3n precisa del dise\u00f1o.<\/li>\n<li><strong>Respuesta r\u00e1pida<\/strong>: Entrega gratuita de muestras, pruebas en un plazo de 3 a 5 d\u00edas laborables, servicios de ciclo completo desde la producci\u00f3n de peque\u00f1os lotes de prueba hasta la producci\u00f3n masiva a gran escala.<\/li>\n<\/ul>\n<h2 id=\"-6-case-and-market-verification-\"><strong>6. Verificaci\u00f3n de casos y mercados<\/strong><\/h2>\n<ul>\n<li>El proceso de estampaci\u00f3n en caliente aumenta el reconocimiento del producto en el lineal en 40%;<\/li>\n<li>El material de papel kraft reduce el \u00edndice de p\u00e9rdidas log\u00edsticas a menos de 1%;<\/li>\n<li>El dise\u00f1o personalizado ayuda a que el espacio premium de la marca alcance 15%-30%.<\/li>\n<\/ul>","protected":false},"excerpt":{"rendered":"<p>\u2705 Marca personalizada para un impacto instant\u00e1neo en las estanter\u00edas<br \/>\n\u2705 Materiales de origen sostenible alineados con los valores del bienestar<br \/>\n\u2705 Producci\u00f3n escalable para startups y clientes empresariales<br \/>\n\u2705 Entrega r\u00e1pida sin comprometer la calidad<\/p>","protected":false},"featured_media":9712,"template":"","meta":[],"product_brand":[],"product_cat":[30,418,31,429],"product_tag":[1251,1252,804],"class_list":{"0":"post-9711","1":"product","2":"type-product","3":"status-publish","4":"has-post-thumbnail","6":"product_cat-by-industry","7":"product_cat-custom-cbd-boxes","8":"product_cat-paper-box-style","9":"product_cat-paper-tube-boxes","10":"product_tag-cbd-paper-tube-packaging","11":"product_tag-custom-cbd-hemp-oil-packaging-wholesale","12":"product_tag-hemp-oil-packaging","14":"first","15":"instock","16":"shipping-taxable","17":"product-type-grouped"},"_links":{"self":[{"href":"https:\/\/zojopackaging.com\/es\/wp-json\/wp\/v2\/product\/9711","targetHints":{"allow":["GET"]}}],"collection":[{"href":"https:\/\/zojopackaging.com\/es\/wp-json\/wp\/v2\/product"}],"about":[{"href":"https:\/\/zojopackaging.com\/es\/wp-json\/wp\/v2\/types\/product"}],"version-history":[{"count":2,"href":"https:\/\/zojopackaging.com\/es\/wp-json\/wp\/v2\/product\/9711\/revisions"}],"predecessor-version":[{"id":9726,"href":"https:\/\/zojopackaging.com\/es\/wp-json\/wp\/v2\/product\/9711\/revisions\/9726"}],"wp:featuredmedia":[{"embeddable":true,"href":"https:\/\/zojopackaging.com\/es\/wp-json\/wp\/v2\/media\/9712"}],"wp:attachment":[{"href":"https:\/\/zojopackaging.com\/es\/wp-json\/wp\/v2\/media?parent=9711"}],"wp:term":[{"taxonomy":"product_brand","embeddable":true,"href":"https:\/\/zojopackaging.com\/es\/wp-json\/wp\/v2\/product_brand?post=9711"},{"taxonomy":"product_cat","embeddable":true,"href":"https:\/\/zojopackaging.com\/es\/wp-json\/wp\/v2\/product_cat?post=9711"},{"taxonomy":"product_tag","embeddable":true,"href":"https:\/\/zojopackaging.com\/es\/wp-json\/wp\/v2\/product_tag?post=9711"}],"curies":[{"name":"wp","href":"https:\/\/api.w.org\/{rel}","templated":true}]}}