{"id":9719,"date":"2025-04-03T16:09:23","date_gmt":"2025-04-03T08:09:23","guid":{"rendered":"https:\/\/zojopackaging.com\/?post_type=product&#038;p=9719"},"modified":"2025-04-03T16:55:29","modified_gmt":"2025-04-03T08:55:29","slug":"custom-black-round-candle-paper-tube-packaging-wholesale","status":"publish","type":"product","link":"https:\/\/zojopackaging.com\/es\/product\/custom-black-round-candle-paper-tube-packaging-wholesale\/","title":{"rendered":"Tubo de papel redondo negro para velas al por mayor"},"content":{"rendered":"<h2 id=\"1-shockproof-and-buffering-design-comprehensive-product-protection-\">1.\u00a0<strong>Dise\u00f1o a prueba de golpes y amortiguaci\u00f3n, protecci\u00f3n integral del producto<\/strong><\/h2>\n<p>Utilizando\u00a0<strong>estructura compuesta multicapa<\/strong>La caja cil\u00edndrica se combina con un cart\u00f3n de alta densidad a trav\u00e9s de una capa amortiguadora el\u00e1stica transversal de colch\u00f3n de aire, que puede dispersar uniformemente el impacto de la fuerza externa durante el transporte o el almacenamiento, evitando eficazmente riesgos como la rotura de velas y la fragmentaci\u00f3n de frascos de perfume. El forro est\u00e1 formado por\u00a0<strong>tecnolog\u00eda de troquelado de precisi\u00f3n<\/strong>, se adapta perfectamente a la forma del producto, reduce las brechas de agitaci\u00f3n y proporciona una protecci\u00f3n amortiguadora integral.<\/p>\n<h2 id=\"2-classic-contrasting-color-design-enhances-visual-texture-\">2.\u00a0<strong>Dise\u00f1o cl\u00e1sico de colores contrastados que realza la textura visual<\/strong><\/h2>\n<ul>\n<li><strong>Caja exterior<\/strong>: Tubo de papel negro mate, con tecnolog\u00eda de recubrimiento UV, presenta un brillo profundo, sencillo y atmosf\u00e9rico, y adecuado para todo tipo de escenas de regalo de alta gama.<\/li>\n<li><strong>Caja interior<\/strong>: El dise\u00f1o del forro en blanco puro, que contrasta con el exterior de la caja, resalta la estratificaci\u00f3n de la presentaci\u00f3n del producto, y el fondo blanco puede mostrar claramente el logotipo de la marca o la informaci\u00f3n del producto.<\/li>\n<\/ul>\n<h2 id=\"3-multi-category-adaptation-flexible-application-scenarios-\">3.\u00a0<strong>Adaptaci\u00f3n multicategor\u00eda, escenarios de aplicaci\u00f3n flexibles<\/strong><\/h2>\n<p>Admite envases de productos diversificados, como velas, perfumes, granos de caf\u00e9 y t\u00e9. El material de revestimiento puede ser EVA, esponja o material de relleno ecol\u00f3gico personalizado para satisfacer las necesidades a prueba de golpes de diferentes productos (como frascos de perfume para evitar fugas, granos de caf\u00e9 para evitar la humedad).<\/p>\n<h2 id=\"4-16-years-of-china-source-factory-quality-assurance-\">4.\u00a0<strong>16 a\u00f1os de f\u00e1brica de origen chino, garant\u00eda de calidad<\/strong><\/h2>\n<p>Apoy\u00e1ndose en el maduro sistema de la cadena de suministro de Dongguan, Guangdong y Shenzhen, desde la adquisici\u00f3n de materias primas hasta la producci\u00f3n y el procesamiento, est\u00e1 integrada. Adoptando\u00a0<strong>Normas ISO de gesti\u00f3n de la calidad<\/strong>El proceso de fabricaci\u00f3n de los tubos de papel es muy sencillo, ya que se garantiza que tengan un grosor uniforme, costuras estancas, una capacidad de carga superior a 3 kg y una resistencia a la compresi\u00f3n que cumple las normas internacionales de transporte.<\/p>\n<h2 id=\"5-customized-service-in-line-with-brand-needs-\">5.\u00a0<strong>Servicio personalizado, acorde con las necesidades de la marca<\/strong><\/h2>\n<ul>\n<li><strong>Tama\u00f1o flexible<\/strong>: admite rangos personalizados de 2-50 cm de di\u00e1metro y 2-50 cm de altura, adecuados para mini vasos de velas o grandes productos de aromaterapia.<\/li>\n<li><strong>Actualizaci\u00f3n tecnol\u00f3gica<\/strong>Procesos opcionales de gama alta como la estampaci\u00f3n en caliente, el gofrado, la superficie brillante parcial UV o la impresi\u00f3n de colores planos Pantone combinada con el sistema de color de la marca VI.<\/li>\n<li><strong>Accesorios valor a\u00f1adido<\/strong>: proporcionan cierres magn\u00e9ticos, cintas, cuerdas y otros accesorios para mejorar la practicidad y los atributos de regalo de los envases.<\/li>\n<\/ul>\n<h2 id=\"6-high-cost-performance-and-quick-response-\">6.\u00a0<strong>Alto rendimiento econ\u00f3mico y respuesta r\u00e1pida<\/strong><\/h2>\n<ul>\n<li><strong>Estrategia de precios bajos<\/strong>: La producci\u00f3n a gran escala reduce el coste unitario, con un precio de pedido m\u00ednimo de 500 piezas tan bajo como 2 yuanes\/pieza, y 10.000 piezas de pedidos pueden disfrutar de descuentos escalonados.<\/li>\n<li><strong>Garant\u00eda de entrega<\/strong>: La creaci\u00f3n de prototipos se completa en 7-10 d\u00edas, la entrega de lotes es de 15-20 d\u00edas, y se admiten m\u00faltiples soluciones log\u00edsticas como el transporte mar\u00edtimo y a\u00e9reo.<\/li>\n<\/ul>\n<h2 id=\"1-one-stop-customization-process-\">7. <strong>Proceso de personalizaci\u00f3n integral<\/strong><\/h2>\n<p>Proporcionar la modificaci\u00f3n gratuita del borrador del dise\u00f1o, la confirmaci\u00f3n de la renderizaci\u00f3n en 3D y la entrega de muestras f\u00edsicas, admitir el acoplamiento de archivos en formato AI\/PDF\/CDR y garantizar que el grado de restauraci\u00f3n del dise\u00f1o alcance 99%.<\/p>\n<h2 id=\"2-worry-free-after-sales-commitment-\">8. <strong>Compromiso postventa sin preocupaciones<\/strong><\/h2>\n<ul>\n<li><strong>Garant\u00eda de calidad<\/strong>: Apoyar la reposici\u00f3n gratuita debido a da\u00f1os de transporte o defectos de fabricaci\u00f3n dentro de los 30 d\u00edas de la llegada.<\/li>\n<li><strong>Certificaci\u00f3n medioambiental<\/strong>: El tubo de papel utiliza materiales reciclados con certificaci\u00f3n FSC, que cumple la norma RoHS de la UE, lo que contribuye a la imagen de desarrollo sostenible de la marca.<\/li>\n<\/ul>","protected":false},"excerpt":{"rendered":"<p>\u2705 Lujosa experiencia unboxing para velas de alta gama<br \/>\n\u2705 Protecci\u00f3n duradera contra da\u00f1os de tr\u00e1nsito<br \/>\nFlexibilidad de personalizaci\u00f3n de la marca<br \/>\n\u2705 Descuentos por grandes pedidos para mayoristas<br \/>\n\u2705 El material ecol\u00f3gico se alinea con las marcas modernas<\/p>","protected":false},"featured_media":9720,"template":"","meta":[],"product_brand":[],"product_cat":[30,416,31,429],"product_tag":[470,1256,468],"class_list":{"0":"post-9719","1":"product","2":"type-product","3":"status-publish","4":"has-post-thumbnail","6":"product_cat-by-industry","7":"product_cat-custom-candle-boxes","8":"product_cat-paper-box-style","9":"product_cat-paper-tube-boxes","10":"product_tag-candle-packaging-wholesale","11":"product_tag-candle-paper-tube","12":"product_tag-custom-candle-packaging","14":"first","15":"instock","16":"shipping-taxable","17":"product-type-grouped"},"_links":{"self":[{"href":"https:\/\/zojopackaging.com\/es\/wp-json\/wp\/v2\/product\/9719","targetHints":{"allow":["GET"]}}],"collection":[{"href":"https:\/\/zojopackaging.com\/es\/wp-json\/wp\/v2\/product"}],"about":[{"href":"https:\/\/zojopackaging.com\/es\/wp-json\/wp\/v2\/types\/product"}],"version-history":[{"count":1,"href":"https:\/\/zojopackaging.com\/es\/wp-json\/wp\/v2\/product\/9719\/revisions"}],"predecessor-version":[{"id":9727,"href":"https:\/\/zojopackaging.com\/es\/wp-json\/wp\/v2\/product\/9719\/revisions\/9727"}],"wp:featuredmedia":[{"embeddable":true,"href":"https:\/\/zojopackaging.com\/es\/wp-json\/wp\/v2\/media\/9720"}],"wp:attachment":[{"href":"https:\/\/zojopackaging.com\/es\/wp-json\/wp\/v2\/media?parent=9719"}],"wp:term":[{"taxonomy":"product_brand","embeddable":true,"href":"https:\/\/zojopackaging.com\/es\/wp-json\/wp\/v2\/product_brand?post=9719"},{"taxonomy":"product_cat","embeddable":true,"href":"https:\/\/zojopackaging.com\/es\/wp-json\/wp\/v2\/product_cat?post=9719"},{"taxonomy":"product_tag","embeddable":true,"href":"https:\/\/zojopackaging.com\/es\/wp-json\/wp\/v2\/product_tag?post=9719"}],"curies":[{"name":"wp","href":"https:\/\/api.w.org\/{rel}","templated":true}]}}