{"id":9728,"date":"2025-04-03T16:29:03","date_gmt":"2025-04-03T08:29:03","guid":{"rendered":"https:\/\/zojopackaging.com\/?post_type=product&#038;p=9728"},"modified":"2025-04-03T16:46:57","modified_gmt":"2025-04-03T08:46:57","slug":"luxury-preserved-rose-floral-flowers-gift-boxes-manufacturer","status":"publish","type":"product","link":"https:\/\/zojopackaging.com\/es\/product\/luxury-preserved-rose-floral-flowers-gift-boxes-manufacturer\/","title":{"rendered":"Lujo Conservas Florales de Rosas Cajas de Regalo Fabricante"},"content":{"rendered":"<h2 id=\"1-in-depth-customization-empowering-brand-value-\">1.\u00a0<strong>Personalizaci\u00f3n en profundidad, potenciaci\u00f3n del valor de marca<\/strong><\/h2>\n<p>Nos centramos en ofrecer servicios integrales de personalizaci\u00f3n de cajas de regalo de gama alta para marcas mundiales, que abarcan el dise\u00f1o en todas sus dimensiones, como el tama\u00f1o, la artesan\u00eda, los materiales y los dise\u00f1os.<\/p>\n<ul>\n<li><strong>Adaptaci\u00f3n flexible de los procesos<\/strong>: Soporta estampaci\u00f3n en caliente\/UV\/gofrado\/grabado en relieve y otros procesos, combinados con el LOGO de la marca y elementos culturales para crear\u00a0<strong>\"lenguaje visual exclusivo\"<\/strong><\/li>\n<li><strong>Innovaci\u00f3n estructural<\/strong>: Forro troquelado seg\u00fan las caracter\u00edsticas del producto, se ajusta perfectamente a la forma de las flores perennes y evita da\u00f1os durante el transporte.<\/li>\n<\/ul>\n<h2 id=\"2-16-years-of-supply-chain-precipitation-quality-price-ratio-leads-the-industry-\">2.\u00a0<strong>16 a\u00f1os de precipitaci\u00f3n en la cadena de suministro, la relaci\u00f3n calidad-precio es l\u00edder en el sector<\/strong><\/h2>\n<ul>\n<li><strong>Suministro directo desde la f\u00e1brica de origen<\/strong>: Apoy\u00e1ndonos en las ventajas de toda la cadena industrial de la industria manufacturera de China, hemos construido una base de producci\u00f3n de 20.000\u33a1 para lograr un control integrado desde la adquisici\u00f3n de materias primas hasta la entrega de la producci\u00f3n, reduciendo los costes en 30%.<\/li>\n<li><strong>Estricto sistema de inspecci\u00f3n de calidad<\/strong>: Se adoptan las normas ISO de gesti\u00f3n de la calidad, y cada lote de productos se somete a 12 pruebas de proceso.<\/li>\n<\/ul>\n<h2 id=\"3-environmentally-friendly-materials-and-structural-design-\">3.\u00a0<strong>Materiales y dise\u00f1o estructural respetuosos con el medio ambiente<\/strong><\/h2>\n<ul>\n<li><strong>Selecci\u00f3n de materiales respetuosos con el medio ambiente<\/strong>: La capa exterior utiliza papel estucado C2S de 157 g (textura mate de gama alta), y la capa interior es de cart\u00f3n r\u00edgido de 1200 g, que tiene resistencia a la presi\u00f3n y certificaci\u00f3n medioambiental.<\/li>\n<li><strong>Estructura extra\u00edble de doble capa<\/strong>:<\/li>\n<li><strong>Zona de visualizaci\u00f3n superior<\/strong>: El guardapolvo acr\u00edlico protege las flores eternas, visibilidad transparente de 360\u00b0;<\/li>\n<li><strong>Capa inferior de almacenamiento<\/strong>: El dise\u00f1o de estilo caj\u00f3n puede almacenar regalos como tarjetas y joyas, mejorando el sentido de la ceremonia unboxing.<\/li>\n<\/ul>\n<h2 id=\"4-visual-and-experience-upgrade-\">4.\u00a0<strong>Mejora visual y de la experiencia<\/strong><\/h2>\n<ul>\n<li><strong>Est\u00e9tica minimalista<\/strong>: El color general es el negro, a juego con las l\u00edneas suaves de la caja extra\u00edble, que transmite un lujo discreto.<\/li>\n<li><strong>Artesan\u00eda detallada<\/strong>: La superficie de la caja est\u00e1 recubierta con un tacto similar a la seda, y el borde lleva incrustados cierres magn\u00e9ticos, que se abren y cierran suave y silenciosamente.<\/li>\n<\/ul>\n<h2 id=\"5-full-process-service-support-\">5.\u00a0<strong>Servicio de asistencia en todo el proceso<\/strong><\/h2>\n<ul>\n<li><strong>Prueba de 48 horas<\/strong>: Proporcionamos 3 versiones de soluciones de dise\u00f1o de acuerdo con los requisitos de la marca, y entregamos la producci\u00f3n en serie en tan solo 7 d\u00edas.<\/li>\n<li><strong>Log\u00edstica mundial<\/strong>: Apoyar la log\u00edstica transfronteriza de DDP, proporcionar soluciones de embalaje a prueba de golpes, cubriendo m\u00e1s de 150 pa\u00edses.<\/li>\n<\/ul>","protected":false},"excerpt":{"rendered":"<p>Ajuste seguro y personalizado: los insertos de espuma dise\u00f1ados con precisi\u00f3n mantienen los arreglos florales en su sitio.<br \/>\nDise\u00f1o personalizable: exterior con acabado mate y posibilidad de grabar el logotipo.<br \/>\nIdeal para bodas, regalos de empresa y expositores de tiendas de lujo.<\/p>","protected":false},"featured_media":9729,"template":"","meta":[],"product_brand":[],"product_cat":[30,423,424,31],"product_tag":[1254,1255,1253],"class_list":{"0":"post-9728","1":"product","2":"type-product","3":"status-publish","4":"has-post-thumbnail","6":"product_cat-by-industry","7":"product_cat-custom-presentation-boxes-by-industry","8":"product_cat-magnetic-closure-boxes","9":"product_cat-paper-box-style","10":"product_tag-floral-flowers-gift-boxes","11":"product_tag-gift-boxes-manufacturer","12":"product_tag-rose-gift-boxes","14":"first","15":"instock","16":"shipping-taxable","17":"product-type-grouped"},"_links":{"self":[{"href":"https:\/\/zojopackaging.com\/es\/wp-json\/wp\/v2\/product\/9728","targetHints":{"allow":["GET"]}}],"collection":[{"href":"https:\/\/zojopackaging.com\/es\/wp-json\/wp\/v2\/product"}],"about":[{"href":"https:\/\/zojopackaging.com\/es\/wp-json\/wp\/v2\/types\/product"}],"version-history":[{"count":1,"href":"https:\/\/zojopackaging.com\/es\/wp-json\/wp\/v2\/product\/9728\/revisions"}],"predecessor-version":[{"id":9734,"href":"https:\/\/zojopackaging.com\/es\/wp-json\/wp\/v2\/product\/9728\/revisions\/9734"}],"wp:featuredmedia":[{"embeddable":true,"href":"https:\/\/zojopackaging.com\/es\/wp-json\/wp\/v2\/media\/9729"}],"wp:attachment":[{"href":"https:\/\/zojopackaging.com\/es\/wp-json\/wp\/v2\/media?parent=9728"}],"wp:term":[{"taxonomy":"product_brand","embeddable":true,"href":"https:\/\/zojopackaging.com\/es\/wp-json\/wp\/v2\/product_brand?post=9728"},{"taxonomy":"product_cat","embeddable":true,"href":"https:\/\/zojopackaging.com\/es\/wp-json\/wp\/v2\/product_cat?post=9728"},{"taxonomy":"product_tag","embeddable":true,"href":"https:\/\/zojopackaging.com\/es\/wp-json\/wp\/v2\/product_tag?post=9728"}],"curies":[{"name":"wp","href":"https:\/\/api.w.org\/{rel}","templated":true}]}}