{"id":9735,"date":"2025-04-03T16:47:04","date_gmt":"2025-04-03T08:47:04","guid":{"rendered":"https:\/\/zojopackaging.com\/?post_type=product&#038;p=9735"},"modified":"2025-04-03T17:00:35","modified_gmt":"2025-04-03T09:00:35","slug":"wholesale-custom-50ml-perfume-fragrance-packaging-gift-boxes","status":"publish","type":"product","link":"https:\/\/zojopackaging.com\/es\/product\/wholesale-custom-50ml-perfume-fragrance-packaging-gift-boxes\/","title":{"rendered":"Mayorista Cajas de Regalo Personalizadas para Perfume de 50ml"},"content":{"rendered":"<h2 id=\"-1-design-details-and-functions-\"><strong>1. Detalles de dise\u00f1o y funciones<\/strong><\/h2>\n<ul>\n<li><strong>Dise\u00f1o<\/strong><\/li>\n<li><strong>Estructura de caja en forma de libro<\/strong>: El dise\u00f1o de la caja abatible en forma de libro tiene un fuerte sentido de apertura y cierre, que encaja con el tono de los productos de gama alta. El color principal azul oscuro se combina con el LOGO o la textura de estampaci\u00f3n en caliente\/proceso UV para reforzar el recuerdo visual de la marca.<\/li>\n<li><strong>Selecci\u00f3n de materiales<\/strong>: Utilice cart\u00f3n gris montado sobre papel especial o papel art\u00edstico (como papel de textura met\u00e1lica, papel t\u00e1ctil) para mejorar la rigidez y el tacto del cuerpo de la caja, y garantizar la resistencia a la compresi\u00f3n y la durabilidad.<\/li>\n<\/ul>\n<h2 id=\"2-inner-lining-technology-\">2.\u00a0<strong>Tecnolog\u00eda de revestimiento interior<\/strong><\/h2>\n<ul>\n<li><strong>Forro EVA negro<\/strong>: Gracias al troquelado de alta precisi\u00f3n, se adapta perfectamente al cuerpo del frasco de perfume de 50 ml y proporciona protecci\u00f3n antigolpes y antideslizante. El dise\u00f1o de contraste del cuerpo de la caja en negro y azul oscuro realza el efecto de exposici\u00f3n del producto.<\/li>\n<li><strong>Personalizaci\u00f3n por capas<\/strong>: Admite el dise\u00f1o de capas de revestimiento (como compartimentos independientes para perfumes, instrucciones o regalos) para satisfacer las necesidades de los envases combinados de varias categor\u00edas.<\/li>\n<\/ul>\n<h2 id=\"-3-customized-service-\"><strong>3. 3. Servicio personalizado<\/strong><\/h2>\n<ul>\n<li><strong>Tama\u00f1o y estructura<\/strong>: El tama\u00f1o de la caja puede personalizarse en funci\u00f3n de la altura y el di\u00e1metro del frasco de perfume, y puede ampliarse con estructuras innovadoras como la solapa magn\u00e9tica y la cinta de sujeci\u00f3n.<\/li>\n<li><strong>Actualizaci\u00f3n tecnol\u00f3gica<\/strong>: Proporcionamos estampaci\u00f3n en caliente, gofrado, impresi\u00f3n UV, serigraf\u00eda y otras opciones de proceso para satisfacer las necesidades de dise\u00f1o de la marca VI.<\/li>\n<li><strong>Marca exclusiva<\/strong>: Admite contenidos personalizados, como ilustraciones de p\u00e1ginas interiores y portadas de historias de marca, para mejorar la experiencia de unboxing y la interacci\u00f3n con el consumidor.<\/li>\n<\/ul>\n<h2 id=\"-4-technology-and-quality-assurance-\"><strong>4. Tecnolog\u00eda y garant\u00eda de calidad<\/strong><\/h2>\n<ul>\n<li><strong>Tecnolog\u00eda de troquelado de precisi\u00f3n<\/strong>: Utilice equipos de grabado CNC o corte por l\u00e1ser para garantizar que el error entre el revestimiento de EVA y la estructura de la caja sea \u22640,5 mm para evitar que el producto se sacuda durante el transporte.<\/li>\n<li><strong>Materiales respetuosos con el medio ambiente<\/strong>: En l\u00ednea con las normas medioambientales internacionales (como la certificaci\u00f3n ROHS), el forro de EVA no es t\u00f3xico ni tiene olor, y el cart\u00f3n gris y el papel especial son reciclables y degradables.<\/li>\n<li><strong>Sistema de control de calidad<\/strong>: 16 a\u00f1os de experiencia en la f\u00e1brica de origen, con m\u00e1quinas de impresi\u00f3n Heidelberg, m\u00e1quinas plegadoras totalmente autom\u00e1ticas y otros equipos, control de calidad de proceso completo desde el dise\u00f1o hasta la producci\u00f3n para garantizar la consistencia de la entrega de lotes.<\/li>\n<\/ul>\n<h2 id=\"-5-supply-chain-and-price-advantages-\"><strong>5. Cadena de suministro y ventajas de precio<\/strong><\/h2>\n<ul>\n<li><strong>Suministro directo de la fuente<\/strong>: China Guangdong base de producci\u00f3n, 16 a\u00f1os de enfoque en la producci\u00f3n de cajas de embalaje, dise\u00f1o integrado, impresi\u00f3n, troquelado, montaje integrado de la cadena de suministro, reduciendo el costo de los eslabones intermedios.<\/li>\n<li><strong>Pedido flexible<\/strong>: Admite desde pruebas de peque\u00f1os lotes (500 piezas) hasta la producci\u00f3n de grandes lotes (m\u00e1s de 100.000.000 piezas), las grandes cantidades pueden disfrutar de descuentos escalonados.<\/li>\n<li><strong>Entrega r\u00e1pida<\/strong>: El ciclo de producci\u00f3n de pedidos regulares es de 7-14 d\u00edas, los pedidos urgentes se pueden acelerar a 5 d\u00edas, apoyan la distribuci\u00f3n log\u00edstica global.<\/li>\n<\/ul>\n<h2 id=\"-6-application-scenarios-\"><strong>6. Escenarios de aplicaci\u00f3n<\/strong><\/h2>\n<ul>\n<li><strong>Perfume de marca<\/strong>: Mejora el nivel de exposici\u00f3n del mostrador, adecuado para los envases de edici\u00f3n limitada de vacaciones y de marca compartida.<\/li>\n<li><strong>Comercio electr\u00f3nico transfronterizo<\/strong>: Cumplen los requisitos de transporte de Amazon, estaciones independientes y otras plataformas, y reducen la tasa de rotura gracias a la resistencia a los golpes del forro de EVA.<\/li>\n<li><strong>Regalos de empresa<\/strong>: LOGO corporativo personalizado, adecuado para regalos de empresa, beneficios para empleados y otros escenarios.<\/li>\n<\/ul>","protected":false},"excerpt":{"rendered":"<p>Esta caja de regalo para el envasado de perfumes de 50 ml adopta un dise\u00f1o de caja en forma de libro de alta gama, con azul oscuro como color principal y forro de EVA negro para crear un estilo visual sencillo y elegante. Al mismo tiempo, la textura general se mejora a trav\u00e9s de la artesan\u00eda de precisi\u00f3n, que es adecuado para perfumes de marca, art\u00edculos de lujo y las necesidades de embalaje de regalo de gama alta. El producto admite servicios de personalizaci\u00f3n de todo el proceso, desde el tama\u00f1o y la artesan\u00eda hasta la integraci\u00f3n de elementos de marca, que pueden ajustarse con flexibilidad seg\u00fan las necesidades del cliente, ayudando a las marcas a aumentar el valor a\u00f1adido y la competitividad en el mercado.<\/p>","protected":false},"featured_media":9736,"template":"","meta":[],"product_brand":[],"product_cat":[30,417,424,31],"product_tag":[498,1257,1258],"class_list":{"0":"post-9735","1":"product","2":"type-product","3":"status-publish","4":"has-post-thumbnail","6":"product_cat-by-industry","7":"product_cat-custom-perfume-boxes-by-industry","8":"product_cat-magnetic-closure-boxes","9":"product_cat-paper-box-style","10":"product_tag-custom-perfume-packaging","11":"product_tag-fragrance-packaging-gift-boxes","12":"product_tag-wholesale-50ml-perfume-boxes","14":"first","15":"instock","16":"shipping-taxable","17":"product-type-grouped"},"_links":{"self":[{"href":"https:\/\/zojopackaging.com\/es\/wp-json\/wp\/v2\/product\/9735","targetHints":{"allow":["GET"]}}],"collection":[{"href":"https:\/\/zojopackaging.com\/es\/wp-json\/wp\/v2\/product"}],"about":[{"href":"https:\/\/zojopackaging.com\/es\/wp-json\/wp\/v2\/types\/product"}],"version-history":[{"count":1,"href":"https:\/\/zojopackaging.com\/es\/wp-json\/wp\/v2\/product\/9735\/revisions"}],"predecessor-version":[{"id":9742,"href":"https:\/\/zojopackaging.com\/es\/wp-json\/wp\/v2\/product\/9735\/revisions\/9742"}],"wp:featuredmedia":[{"embeddable":true,"href":"https:\/\/zojopackaging.com\/es\/wp-json\/wp\/v2\/media\/9736"}],"wp:attachment":[{"href":"https:\/\/zojopackaging.com\/es\/wp-json\/wp\/v2\/media?parent=9735"}],"wp:term":[{"taxonomy":"product_brand","embeddable":true,"href":"https:\/\/zojopackaging.com\/es\/wp-json\/wp\/v2\/product_brand?post=9735"},{"taxonomy":"product_cat","embeddable":true,"href":"https:\/\/zojopackaging.com\/es\/wp-json\/wp\/v2\/product_cat?post=9735"},{"taxonomy":"product_tag","embeddable":true,"href":"https:\/\/zojopackaging.com\/es\/wp-json\/wp\/v2\/product_tag?post=9735"}],"curies":[{"name":"wp","href":"https:\/\/api.w.org\/{rel}","templated":true}]}}