{"id":9743,"date":"2025-04-03T17:01:08","date_gmt":"2025-04-03T09:01:08","guid":{"rendered":"https:\/\/zojopackaging.com\/?post_type=product&#038;p=9743"},"modified":"2025-04-03T17:18:41","modified_gmt":"2025-04-03T09:18:41","slug":"custom-30ml-perfume-fragrances-bottle-gift-boxes-wholesale","status":"publish","type":"product","link":"https:\/\/zojopackaging.com\/es\/product\/custom-30ml-perfume-fragrances-bottle-gift-boxes-wholesale\/","title":{"rendered":"Custom 30ml Perfume Fragancias Botella Cajas de Regalo al por mayor"},"content":{"rendered":"<h2 id=\"1-coffee-pull-out-box-design-\">1.\u00a0<strong>Dise\u00f1o de caja de caf\u00e9 extra\u00edble<\/strong><\/h2>\n<ul>\n<li><strong>Apariencia<\/strong>: El cuerpo de la caja est\u00e1 hecho de cart\u00f3n caf\u00e9 mate o papel especial, con un LOGO en oro caliente\/plata caliente, presentando una textura visual discreta y lujosa. La estructura extra\u00edble se abre y se cierra suavemente, y el borde de la tapa de la caja se procesa mediante tecnolog\u00eda de corte por l\u00e1ser para garantizar un ajuste perfecto y mejorar la sensaci\u00f3n de la ceremonia de unboxing.<\/li>\n<li><strong>Funci\u00f3n<\/strong>: El tama\u00f1o de la caja puede ajustarse con precisi\u00f3n a un frasco de perfume de 30 ml, y tambi\u00e9n puede ajustarse seg\u00fan sea necesario para adaptarse a frascos con formas especiales o a necesidades de exposici\u00f3n especiales.<\/li>\n<\/ul>\n<h2 id=\"2-white-eva-die-cut-lining-\">2.\u00a0<strong>Forro troquelado EVA blanco<\/strong><\/h2>\n<ul>\n<li><strong>Material y artesan\u00eda<\/strong>: El forro es de espuma EVA blanca de alta densidad, moldeada mediante tecnolog\u00eda de troquelado de precisi\u00f3n para adaptarse perfectamente al contorno del frasco de perfume, lograr una protecci\u00f3n \"incrustada\" y evitar las sacudidas y el desgaste durante el transporte.<\/li>\n<li><strong>Contraste visual<\/strong>: El forro blanco y la caja exterior de color caf\u00e9 forman un marcado contraste de color, resaltando la textura transparente del frasco de perfume, a la vez que reservan una ranura para tarjetas de marca para mejorar el efecto de exposici\u00f3n del producto.<\/li>\n<\/ul>\n<h2 id=\"3-technology-and-details-upgrade-\">3.\u00a0<strong>Actualizaci\u00f3n de tecnolog\u00eda y detalles<\/strong><\/h2>\n<ul>\n<li><strong>Tratamiento de superficies<\/strong>: Laminado de pel\u00edcula mate opcional, superficie brillante parcial UV, gofrado y otros procesos para mejorar la estratificaci\u00f3n t\u00e1ctil; el proceso de estampado en caliente\/serigraf\u00eda de seda puede presentar patrones o textos espec\u00edficos de la marca, haci\u00e9ndose eco de la tendencia del \"envasado emocional\".<\/li>\n<li><strong>Certificaci\u00f3n medioambiental<\/strong>: El material cumple la certificaci\u00f3n FSC y las normas REACH de la UE, lo que favorece las necesidades de envasado ecol\u00f3gico.<\/li>\n<\/ul>\n<h2 id=\"1-full-process-customization-\">4. <strong>Personalizaci\u00f3n total del proceso<\/strong><\/h2>\n<ul>\n<li><strong>Tama\u00f1o y estructura<\/strong>: Admite una gran variedad de dise\u00f1os de cajas, como cajas de formas especiales, cajas de cajones y tapas, que pueden adaptarse a botellas est\u00e1ndar de 30 ml o a formas de botellas especiales (como cuadradas y en arco).<\/li>\n<li><strong>Tecnolog\u00eda e impresi\u00f3n<\/strong>: Proporcionamos m\u00e1s de 20 opciones de proceso, como estampaci\u00f3n en caliente, l\u00e1ser y serigraf\u00eda, y podemos personalizar colores exclusivos en combinaci\u00f3n con el sistema de marca VI (correspondencia precisa de los n\u00fameros de color Pantone).<\/li>\n<\/ul>\n<h2 id=\"2-flexible-production-\">5. <strong>Producci\u00f3n flexible<\/strong><\/h2>\n<ul>\n<li><strong>Cantidad m\u00ednima de pedido flexible<\/strong>: Cantidad m\u00ednima de pedido de 500 piezas, admite la producci\u00f3n de prueba de lotes peque\u00f1os y la producci\u00f3n en serie a gran escala, y ciclo de entrega de 7-14 d\u00edas (ajustado en funci\u00f3n de la complejidad del proceso).<\/li>\n<li><strong>Garant\u00eda de control de calidad<\/strong>: Proceso de inspecci\u00f3n de calidad de enlace completo, que abarca la prueba de dureza del material, la prueba de precisi\u00f3n de troquelado (error \u2264 0,5 mm), la prueba de carga y compresi\u00f3n, etc., para garantizar la protecci\u00f3n y la est\u00e9tica del envase.<\/li>\n<\/ul>\n<h2 id=\"-supply-chain-and-price-advantage-\"><strong>Cadena de suministro y ventaja de precios<\/strong><\/h2>\n<ul>\n<li><strong>Suministro directo desde la f\u00e1brica de origen<\/strong>: La base de producci\u00f3n propia est\u00e1 equipada con m\u00e1quinas de troquelado totalmente autom\u00e1ticas, m\u00e1quinas de estampaci\u00f3n en caliente y equipos de moldeo de EVA, eliminando la diferencia de precio de los intermediarios, y el precio es 15%-30% m\u00e1s bajo que el precio de mercado con la misma calidad.<\/li>\n<li><strong>Servicio de ventanilla \u00fanica<\/strong>: Desde las pruebas de dise\u00f1o y la selecci\u00f3n de materiales hasta la distribuci\u00f3n log\u00edstica, personal especializado est\u00e1 conectado a lo largo de todo el proceso, apoyando el suministro de renderizados en 3D y la confirmaci\u00f3n de cajas de muestras f\u00edsicas para reducir los costes de comunicaci\u00f3n.<\/li>\n<\/ul>\n<h2 id=\"-cooperation-guarantee-\"><strong>Garant\u00eda de cooperaci\u00f3n<\/strong><\/h2>\n<ul>\n<li><strong>16 a\u00f1os de precipitaci\u00f3n en el sector<\/strong>: Prestamos servicio a m\u00e1s de 500 marcas de belleza, incluidas f\u00e1bricas OEM de Estee Lauder, marcas de fragancias nicho, etc., familiarizadas con las normas de exportaci\u00f3n de cajas de regalo (como los requisitos de etiquetado FNSKU de Amazon).<\/li>\n<li><strong>Posventa sin preocupaciones<\/strong>: Proporcionamos asistencia posventa, como sustituci\u00f3n de da\u00f1os y ajuste de procesos, y prometemos ofrecer un servicio gratuito de archivo de archivos de dise\u00f1o en el plazo de 1 a\u00f1o.<\/li>\n<\/ul>","protected":false},"excerpt":{"rendered":"<p>Esta caja de regalo para frascos de perfume de 30 ml est\u00e1 especialmente dise\u00f1ada para marcas de fragancias de gama alta. Se basa en el dise\u00f1o de caja extra\u00edble marr\u00f3n, que integra una est\u00e9tica sencilla y funciones pr\u00e1cticas, y se compromete a mejorar la imagen de marca y el valor a\u00f1adido del producto a trav\u00e9s de un exquisito dise\u00f1o de embalaje. Como f\u00e1brica de origen con 16 a\u00f1os de experiencia en el sector, contamos con un completo sistema de cadena de suministro para ofrecer servicios personalizados rentables que garanticen el mejor equilibrio entre calidad y coste.<\/p>","protected":false},"featured_media":9744,"template":"","meta":[],"product_brand":[],"product_cat":[30,417,31,426],"product_tag":[1259,1260,1261],"class_list":{"0":"post-9743","1":"product","2":"type-product","3":"status-publish","4":"has-post-thumbnail","6":"product_cat-by-industry","7":"product_cat-custom-perfume-boxes-by-industry","8":"product_cat-paper-box-style","9":"product_cat-paper-drawer-boxes","10":"product_tag-30ml-perfume-gift-boxes","11":"product_tag-custom-fragrances-boxes","12":"product_tag-gift-boxes-wholesale","14":"first","15":"instock","16":"shipping-taxable","17":"product-type-grouped"},"_links":{"self":[{"href":"https:\/\/zojopackaging.com\/es\/wp-json\/wp\/v2\/product\/9743","targetHints":{"allow":["GET"]}}],"collection":[{"href":"https:\/\/zojopackaging.com\/es\/wp-json\/wp\/v2\/product"}],"about":[{"href":"https:\/\/zojopackaging.com\/es\/wp-json\/wp\/v2\/types\/product"}],"version-history":[{"count":1,"href":"https:\/\/zojopackaging.com\/es\/wp-json\/wp\/v2\/product\/9743\/revisions"}],"predecessor-version":[{"id":9750,"href":"https:\/\/zojopackaging.com\/es\/wp-json\/wp\/v2\/product\/9743\/revisions\/9750"}],"wp:featuredmedia":[{"embeddable":true,"href":"https:\/\/zojopackaging.com\/es\/wp-json\/wp\/v2\/media\/9744"}],"wp:attachment":[{"href":"https:\/\/zojopackaging.com\/es\/wp-json\/wp\/v2\/media?parent=9743"}],"wp:term":[{"taxonomy":"product_brand","embeddable":true,"href":"https:\/\/zojopackaging.com\/es\/wp-json\/wp\/v2\/product_brand?post=9743"},{"taxonomy":"product_cat","embeddable":true,"href":"https:\/\/zojopackaging.com\/es\/wp-json\/wp\/v2\/product_cat?post=9743"},{"taxonomy":"product_tag","embeddable":true,"href":"https:\/\/zojopackaging.com\/es\/wp-json\/wp\/v2\/product_tag?post=9743"}],"curies":[{"name":"wp","href":"https:\/\/api.w.org\/{rel}","templated":true}]}}