{"id":9751,"date":"2025-04-03T17:18:56","date_gmt":"2025-04-03T09:18:56","guid":{"rendered":"https:\/\/zojopackaging.com\/?post_type=product&#038;p=9751"},"modified":"2025-04-03T17:39:50","modified_gmt":"2025-04-03T09:39:50","slug":"premium-cheap-custom-hair-extension-packaging-box-wholesale","status":"publish","type":"product","link":"https:\/\/zojopackaging.com\/es\/product\/premium-cheap-custom-hair-extension-packaging-box-wholesale\/","title":{"rendered":"Premium barato personalizado Extensi\u00f3n de cabello Caja de embalaje al por mayor"},"content":{"rendered":"<h2 id=\"-1-in-depth-customization-service-accurate-matching-of-brand-tone-\"><strong>1. Servicio de personalizaci\u00f3n en profundidad, adaptaci\u00f3n precisa del tono de la marca.<\/strong><\/h2>\n<ol>\n<li><strong>Personalizaci\u00f3n completa<\/strong>: Admite la personalizaci\u00f3n flexible de la caja de embalaje\u00a0<strong>tama\u00f1o, estructura (fondo y tapa inferior\/tapa abatible\/caja de cajones), proceso de impresi\u00f3n (estampaci\u00f3n en caliente\/UV\/gofrado)<\/strong>\u00a0seg\u00fan el posicionamiento de la marca, el tama\u00f1o del producto y los requisitos presupuestarios, y ofrecer un servicio integral desde el dise\u00f1o hasta la producci\u00f3n en serie.<\/li>\n<li><strong>Dise\u00f1o de cierre magn\u00e9tico patentado<\/strong>: Adoptar\u00a0<strong>tecnolog\u00eda patentada de caja de aspiraci\u00f3n magn\u00e9tica<\/strong>La tapa de la caja lleva incorporados imanes de alta absorci\u00f3n, que se abren y cierran con suavidad y tienen un fuerte sellado, lo que evita los inconvenientes de las cajas de hebilla tradicionales, que se aflojan con facilidad, y mejora la sensaci\u00f3n de ceremonia del usuario al desembalar.<\/li>\n<li><strong>Combinaci\u00f3n de est\u00e9tica y artesan\u00eda<\/strong>:<\/li>\n<li><strong>Color principal verde hierba<\/strong>: Seleccione el n\u00famero de color est\u00e1ndar Pantone, admita el ajuste fino al verde exclusivo de la marca y combine la tecnolog\u00eda de laminado mate para presentar una textura natural y una unidad visual de alto nivel.<\/li>\n<li><strong>Proceso interno de estampaci\u00f3n en caliente<\/strong>: El texto\/LOGO de la caja est\u00e1 estampado en caliente, mostrando un delicado brillo met\u00e1lico bajo la fuente de luz, realzando la sensaci\u00f3n de lujo de forma discreta, lo que encaja con el posicionamiento de gama alta de los productos de alargamiento del cabello.<\/li>\n<\/ol>\n<h2 id=\"-second-high-standard-materials-and-protective-structures-to-ensure-product-safety-\"><strong>2. Materiales de alta calidad y estructuras de protecci\u00f3n para garantizar la seguridad del producto<\/strong><\/h2>\n<ol>\n<li><strong>Combinaci\u00f3n de materiales del n\u00facleo<\/strong>:<\/li>\n<li><strong>Cart\u00f3n gris 1200 GSM<\/strong>: El cart\u00f3n gris de alto gramaje proporciona una resistencia a la presi\u00f3n superfuerte. Ha sido probado para soportar m\u00e1s de 15 kg, adecuado para el transporte de larga distancia y el almacenamiento de apilamiento.<\/li>\n<li><strong>Papel estucado 157 GSM<\/strong>: La superficie est\u00e1 cubierta con pel\u00edcula mate o proceso UV parcial, con tacto delicado y saturaci\u00f3n de color de impresi\u00f3n de m\u00e1s de 95%, teniendo en cuenta tanto la belleza visual como la resistencia al desgaste.<\/li>\n<li><strong>Protecci\u00f3n de precisi\u00f3n del revestimiento<\/strong>:<\/li>\n<li><strong>Soporte interior de EVA\/esponja troquelado y moldeado<\/strong>: A trav\u00e9s de la tecnolog\u00eda de troquelado CNC, la forma del producto de extensi\u00f3n de cabello se ajusta con precisi\u00f3n, y el rendimiento de amortiguaci\u00f3n alcanza 90% de la resistencia al impacto de la norma de la industria para evitar la fricci\u00f3n y la deformaci\u00f3n del cabello.<\/li>\n<li><strong>Dise\u00f1o desmontable en capas<\/strong>: Admite la estructura de forro de una capa o de capas, se adapta a las necesidades de los envases combinados de varias categor\u00edas, como postizos y sets de cuidado, y mejora el aprovechamiento del espacio.<\/li>\n<\/ol>\n<h2 id=\"-third-supply-chain-advantages-and-quality-control-guarantee-cost-reduction-of-20-\"><strong>3. Ventajas de la cadena de suministro y garant\u00eda de control de calidad, reducci\u00f3n de costes de 20%.<\/strong><\/h2>\n<ol>\n<li><strong>Suministro directo desde la f\u00e1brica de origen<\/strong>: Con su propia base de producci\u00f3n de 5.000 metros cuadrados y una cadena de suministro integrada, elimina la diferencia de precios de los intermediarios,\u00a0<strong>el precio unitario de los pedidos al por mayor es 20% inferior al del mercado<\/strong>y admite un pedido m\u00ednimo de 1.000 piezas.<\/li>\n<li><strong>Estricto sistema de control de calidad<\/strong>: Aplicar las normas de gesti\u00f3n de calidad ISO 9001 y realizar pruebas de todo el proceso, desde las materias primas hasta los productos acabados, para garantizar la coherencia de los lotes.<\/li>\n<li><strong>Capacidad de entrega r\u00e1pida<\/strong>: Los pedidos normales se entregan en 7 d\u00edas, y los pedidos urgentes se completan en tan s\u00f3lo 3 d\u00edas. Cuenta con servicios log\u00edsticos especializados y de seguimiento en tiempo real para garantizar un suministro estable durante la temporada alta.<\/li>\n<\/ol>\n<h2 id=\"-fourth-brand-value-empowerment-and-scenario-application-\"><strong>4. Potenciaci\u00f3n del valor de marca y aplicaci\u00f3n de escenarios<\/strong><\/h2>\n<ol>\n<li><strong>Mejora visual de la marca<\/strong>: La superficie de la caja puede imprimirse con el logotipo de la marca, un eslogan o un motivo art\u00edstico, y admite la impresi\u00f3n Pantone de colores planos para mejorar los puntos de recuerdo del consumidor.<\/li>\n<li><strong>Protecci\u00f3n del medio ambiente y responsabilidad social<\/strong>: Adopta cart\u00f3n gris con certificaci\u00f3n FSC e impresi\u00f3n con tinta al agua, que cumple las normas RoHS de la UE, lo que ayuda a las marcas a transmitir conceptos ecol\u00f3gicos y sostenibles.<\/li>\n<li><strong>Adaptaci\u00f3n a m\u00faltiples escenarios<\/strong>: Aplicable a extensiones de cabello, sets de cuidado de aceites esenciales, herramientas de peluquer\u00eda de alta gama y otros productos, satisfaciendo las necesidades de envasado del comercio electr\u00f3nico, los mostradores fuera de l\u00ednea y las exportaciones transfronterizas.<\/li>\n<\/ol>\n<h2 id=\"-v-transparent-and-efficient-cooperation-process-\"><strong>5. Proceso de cooperaci\u00f3n transparente y eficaz<\/strong><\/h2>\n<ol>\n<li><strong>Comunicaci\u00f3n de la demanda<\/strong>: Proporcione tama\u00f1os o muestras de productos y obtenga renders en 3D y presupuestos gratuitos.<\/li>\n<li><strong>Confirmaci\u00f3n de pruebas<\/strong>: Producci\u00f3n de muestras completa en 3 d\u00edas, ajuste de los detalles del proceso de soporte (como la fuerza de succi\u00f3n magn\u00e9tica o el ajuste de la posici\u00f3n de estampaci\u00f3n en caliente).<\/li>\n<li><strong>Producci\u00f3n en serie<\/strong>: Prepago 30% dep\u00f3sito para iniciar la producci\u00f3n, y la nave dentro de 48 horas despu\u00e9s de que el saldo se liquida.<\/li>\n<\/ol>","protected":false},"excerpt":{"rendered":"<p>Unboxing memorable: El tema po\u00e9tico del verano crea una conexi\u00f3n emocional.<br \/>\nDurabilidad lista para la venta: Protege los postizos delicados durante el env\u00edo\/almacenamiento.<br \/>\nVersatilidad personalizada: A\u00f1ada logotipos, colores o forros para una diferenciaci\u00f3n superior.<br \/>\nEficacia mayorista: Su dise\u00f1o ligero pero resistente reduce los costes log\u00edsticos.<\/p>","protected":false},"featured_media":9752,"template":"","meta":[],"product_brand":[],"product_cat":[30,421,424,31],"product_tag":[1262,878,1263],"class_list":{"0":"post-9751","1":"product","2":"type-product","3":"status-publish","4":"has-post-thumbnail","6":"product_cat-by-industry","7":"product_cat-custom-hair-extension-boxes","8":"product_cat-magnetic-closure-boxes","9":"product_cat-paper-box-style","10":"product_tag-custom-hair-extension-box","11":"product_tag-hair-extension-packaging","12":"product_tag-premium-hair-extension-packaging-wholesale","14":"first","15":"instock","16":"shipping-taxable","17":"product-type-grouped"},"_links":{"self":[{"href":"https:\/\/zojopackaging.com\/es\/wp-json\/wp\/v2\/product\/9751","targetHints":{"allow":["GET"]}}],"collection":[{"href":"https:\/\/zojopackaging.com\/es\/wp-json\/wp\/v2\/product"}],"about":[{"href":"https:\/\/zojopackaging.com\/es\/wp-json\/wp\/v2\/types\/product"}],"version-history":[{"count":1,"href":"https:\/\/zojopackaging.com\/es\/wp-json\/wp\/v2\/product\/9751\/revisions"}],"predecessor-version":[{"id":9757,"href":"https:\/\/zojopackaging.com\/es\/wp-json\/wp\/v2\/product\/9751\/revisions\/9757"}],"wp:featuredmedia":[{"embeddable":true,"href":"https:\/\/zojopackaging.com\/es\/wp-json\/wp\/v2\/media\/9752"}],"wp:attachment":[{"href":"https:\/\/zojopackaging.com\/es\/wp-json\/wp\/v2\/media?parent=9751"}],"wp:term":[{"taxonomy":"product_brand","embeddable":true,"href":"https:\/\/zojopackaging.com\/es\/wp-json\/wp\/v2\/product_brand?post=9751"},{"taxonomy":"product_cat","embeddable":true,"href":"https:\/\/zojopackaging.com\/es\/wp-json\/wp\/v2\/product_cat?post=9751"},{"taxonomy":"product_tag","embeddable":true,"href":"https:\/\/zojopackaging.com\/es\/wp-json\/wp\/v2\/product_tag?post=9751"}],"curies":[{"name":"wp","href":"https:\/\/api.w.org\/{rel}","templated":true}]}}