{"id":9758,"date":"2025-04-03T17:40:05","date_gmt":"2025-04-03T09:40:05","guid":{"rendered":"https:\/\/zojopackaging.com\/?post_type=product&#038;p=9758"},"modified":"2025-04-03T18:36:02","modified_gmt":"2025-04-03T10:36:02","slug":"customizable-luxury-mini-10ml-perfume-drawer-boxes-supplier","status":"publish","type":"product","link":"https:\/\/zojopackaging.com\/es\/product\/customizable-luxury-mini-10ml-perfume-drawer-boxes-supplier\/","title":{"rendered":"Personalizable Lujo Mini 10ml Perfume Caj\u00f3n Cajas Proveedor"},"content":{"rendered":"<h2 id=\"1-full-link-customization-service-\">1.\u00a0<strong>Servicio de personalizaci\u00f3n de enlaces completos<\/strong><\/h2>\n<ul>\n<li><strong>Tama\u00f1o flexible<\/strong>Permite la personalizaci\u00f3n de las cajas de cajones, desde minibotellas de 10 ml hasta botellas est\u00e1ndar de 50 ml, con una precisi\u00f3n del di\u00e1metro interior de \u00b10,5 mm.<\/li>\n<li><strong>Combinaci\u00f3n de procesos<\/strong>: ofrece 12 procesos de tratamiento de superficies, como estampaci\u00f3n en caliente\/UV\/gofrado\/estampado, que pueden integrar dise\u00f1os interactivos, como apertura y cierre magn\u00e9ticos y tracci\u00f3n de cinta.<\/li>\n<li><strong>Implantaci\u00f3n de elementos de marca<\/strong>: LOGOTIPO personalizable en la tapa de la caja, el forro o el riel extra\u00edble, compatible con la impresi\u00f3n en colores planos Pantone.<\/li>\n<\/ul>\n<h2 id=\"2-black-and-gold-aesthetic-design-\">2.\u00a0<strong>Dise\u00f1o est\u00e9tico en negro y dorado<\/strong><\/h2>\n<ul>\n<li><strong>Material<\/strong>: Cart\u00f3n negro transparente de doble cara de 120GSM en la capa exterior, cart\u00f3n gris de 1200GSM en la capa interior, con una resistencia a la compresi\u00f3n de 50kg\/\u33a1.<\/li>\n<li><strong>Estructura<\/strong>: estratificaci\u00f3n de tres capas estilo caj\u00f3n,<\/li>\n<li><strong>Toque<\/strong>Pel\u00edcula mate en la superficie + estampaci\u00f3n parcial en caliente dorada, antihuellas y mejora la sensaci\u00f3n de apertura de la caja<\/li>\n<\/ul>\n<h2 id=\"3-precision-protection-system-\">3.\u00a0<strong>Sistema de protecci\u00f3n de precisi\u00f3n<\/strong><\/h2>\n<ul>\n<li><strong>Forro interior<\/strong>: Bandeja interior troquelada de esponja EVA de 3 mm, ranura antichoque desarrollada seg\u00fan la forma de la botella, prueba de ca\u00edda superada a 1,2 m de altura.<\/li>\n<li><strong>Dise\u00f1o del refuerzo<\/strong>: El riel del caj\u00f3n adopta un riel de pl\u00e1stico PETG, con una vida \u00fatil de la caja del caj\u00f3n de m\u00e1s de 5.000 veces y una capacidad de carga de 2 kg.<\/li>\n<li><strong>Proceso de envasado<\/strong>: Adhesivo de fusi\u00f3n en caliente de calidad alimentaria, sin deformaci\u00f3n en entornos de -20\u2103~60\u2103.<\/li>\n<\/ul>\n<h2 id=\"-supply-chain-guarantee-\"><strong>Garant\u00eda de la cadena de suministro<\/strong><\/h2>\n<ul>\n<li><strong>Ciclo de producci\u00f3n<\/strong>: 3 d\u00edas para las pruebas, 7-14 d\u00edas para la producci\u00f3n en serie, asistencia para pedidos urgentes<\/li>\n<li><strong>Sistema de control de calidad<\/strong>: Inspecci\u00f3n visual AI de proceso completo, error de proceso clave \u22640,1 mm.<\/li>\n<li><strong>Optimizaci\u00f3n de costes<\/strong>: Cart\u00f3n negro suministrado directamente por su propia f\u00e1brica de pasta, 15%-20% inferior a sus hom\u00f3logos<\/li>\n<\/ul>\n<h2 id=\"-application-scenario-\"><strong>Escenario de aplicaci\u00f3n<\/strong><\/h2>\n<ul>\n<li>Perfume de lujo vacaciones edici\u00f3n limitada<\/li>\n<li>Juego de piezas de repuesto personalizadas para hoteles de gama alta<\/li>\n<li>Exposici\u00f3n de productos estrella en tiendas de belleza<\/li>\n<\/ul>","protected":false},"excerpt":{"rendered":"<p>\u2728<strong>Atractivo de lujo<\/strong>\u00a0- El acabado negro mate y las l\u00edneas limpias realzan el prestigio de la marca.<br \/>\n\u2728<strong>Marca a medida<\/strong>\u00a0- Espacio dedicado a logotipos o ilustraciones para aumentar el reconocimiento.<br \/>\n\u2728<strong>Estructura de protecci\u00f3n<\/strong>\u00a0- Las inserciones amortiguadoras evitan fugas o da\u00f1os.<br \/>\n\u2728<strong>\u00d3rdenes escalonadas<\/strong>\u00a0- Rentable para lotes peque\u00f1os o grandes vol\u00famenes al por mayor.<br \/>\n\u2728<strong>Conciencia ecol\u00f3gica<\/strong>\u00a0- Los materiales reciclables se ajustan a los objetivos de sostenibilidad de la marca.<\/p>","protected":false},"featured_media":9759,"template":"","meta":[],"product_brand":[],"product_cat":[30,417,428,31],"product_tag":[1265,1266,1264],"class_list":{"0":"post-9758","1":"product","2":"type-product","3":"status-publish","4":"has-post-thumbnail","6":"product_cat-by-industry","7":"product_cat-custom-perfume-boxes-by-industry","8":"product_cat-irregular-shaped-gift-boxes","9":"product_cat-paper-box-style","10":"product_tag-10ml-perfume-boxes-supplier","11":"product_tag-customizable-perfume-boxes","12":"product_tag-perfume-drawer-boxes","14":"first","15":"instock","16":"shipping-taxable","17":"product-type-grouped"},"_links":{"self":[{"href":"https:\/\/zojopackaging.com\/es\/wp-json\/wp\/v2\/product\/9758","targetHints":{"allow":["GET"]}}],"collection":[{"href":"https:\/\/zojopackaging.com\/es\/wp-json\/wp\/v2\/product"}],"about":[{"href":"https:\/\/zojopackaging.com\/es\/wp-json\/wp\/v2\/types\/product"}],"version-history":[{"count":1,"href":"https:\/\/zojopackaging.com\/es\/wp-json\/wp\/v2\/product\/9758\/revisions"}],"predecessor-version":[{"id":9765,"href":"https:\/\/zojopackaging.com\/es\/wp-json\/wp\/v2\/product\/9758\/revisions\/9765"}],"wp:featuredmedia":[{"embeddable":true,"href":"https:\/\/zojopackaging.com\/es\/wp-json\/wp\/v2\/media\/9759"}],"wp:attachment":[{"href":"https:\/\/zojopackaging.com\/es\/wp-json\/wp\/v2\/media?parent=9758"}],"wp:term":[{"taxonomy":"product_brand","embeddable":true,"href":"https:\/\/zojopackaging.com\/es\/wp-json\/wp\/v2\/product_brand?post=9758"},{"taxonomy":"product_cat","embeddable":true,"href":"https:\/\/zojopackaging.com\/es\/wp-json\/wp\/v2\/product_cat?post=9758"},{"taxonomy":"product_tag","embeddable":true,"href":"https:\/\/zojopackaging.com\/es\/wp-json\/wp\/v2\/product_tag?post=9758"}],"curies":[{"name":"wp","href":"https:\/\/api.w.org\/{rel}","templated":true}]}}