{"id":9766,"date":"2025-04-03T18:36:11","date_gmt":"2025-04-03T10:36:11","guid":{"rendered":"https:\/\/zojopackaging.com\/?post_type=product&#038;p=9766"},"modified":"2025-04-07T14:29:51","modified_gmt":"2025-04-07T06:29:51","slug":"custom-premium-watch-magnetic-closure-rigid-boxes-wholesale","status":"publish","type":"product","link":"https:\/\/zojopackaging.com\/es\/product\/custom-premium-watch-magnetic-closure-rigid-boxes-wholesale\/","title":{"rendered":"Cajas r\u00edgidas personalizadas con cierre magn\u00e9tico para relojes al por mayor"},"content":{"rendered":"<h2 id=\"-i-core-selling-points-of-the-product-\"><strong>1. Principales argumentos de venta del producto<\/strong><\/h2>\n<ol>\n<li><strong>Dise\u00f1o de aspecto elegante<\/strong>\u00a0El color principal es azul oscuro, con una estructura de cierre magn\u00e9tico abatible, l\u00edneas sencillas y suaves, y la combinaci\u00f3n de artesan\u00eda mate y brillante realza la estratificaci\u00f3n visual, transmitiendo una est\u00e9tica empresarial y art\u00edstica de alta gama. El cuerpo de la caja es de cart\u00f3n duro respetuoso con el medio ambiente, y la superficie est\u00e1 recubierta de papel t\u00e1ctil especial, que tiene tanto resistencia al desgaste como un tacto delicado, y satisface las necesidades de diferentes tonalidades de marca.<\/li>\n<li><strong>Protecci\u00f3n profesional del forro<\/strong>\u00a0El forro est\u00e1 hecho de material EVA negro de gran pureza, y se utiliza el proceso de troquelado de precisi\u00f3n para lograr un ajuste perfecto con el contorno del reloj y formar una estructura de \"armadura protectora\". Sus propiedades altamente reflectantes mejoran significativamente el contraste visual, haciendo que la textura de la esfera, la conexi\u00f3n de la correa y otros detalles sean claros y tridimensionales, y al mismo tiempo tiene funciones de absorci\u00f3n de impactos y amortiguaci\u00f3n, resistiendo eficazmente la fricci\u00f3n y la colisi\u00f3n durante el transporte.<\/li>\n<li><strong>Aumento del valor de la marca<\/strong>\u00a0El envase general transmite la tonalidad de gama alta y diferenciada de la marca a trav\u00e9s de la combinaci\u00f3n de materiales (como el LOGO estampado en caliente, la textura especial del papel) y los detalles del proceso (superficie brillante UV, impresi\u00f3n en relieve). La cl\u00e1sica combinaci\u00f3n de colores azul y negro, combinada con el efecto reflectante del forro de EVA, realza a\u00fan m\u00e1s el impacto visual de la exposici\u00f3n del producto, ayudando a las marcas a destacar en plataformas de comercio electr\u00f3nico (como Amazon, sitios independientes) y canales fuera de l\u00ednea.<\/li>\n<\/ol>\n<h2 id=\"-second-customized-service-advantages-\"><strong>2. Ventajas del servicio personalizado<\/strong><\/h2>\n<ol>\n<li><strong>Necesidades de adaptaci\u00f3n flexibles<\/strong>\u00a0Admite la personalizaci\u00f3n completa, que abarca las especificaciones de tama\u00f1o (est\u00e1ndar\/no est\u00e1ndar), la selecci\u00f3n de procesos (fuerza del cierre magn\u00e9tico, textura de la superficie), la coincidencia de colores (restauraci\u00f3n precisa de los n\u00fameros de color Pantone), etc. Por ejemplo, la estructura del forro puede ajustarse para relojes cuadrados, redondos o de formas especiales para adaptarse a la disposici\u00f3n de una sola mesa o de varias mesas.<\/li>\n<li><strong>Proceso y garant\u00eda de calidad<\/strong><\/li>\n<li><strong>Precisi\u00f3n de troquelado<\/strong>: Se utiliza tecnolog\u00eda de troquelado CNC para garantizar que el error entre el forro de EVA y el contorno del producto sea inferior a 0,1 mm;<\/li>\n<li><strong>Estabilidad del material<\/strong>: El material EVA ha superado pruebas de resistencia a la intemperie y estabilidad qu\u00edmica, y es apto para entornos extremos como altas temperaturas y humedad;<\/li>\n<li><strong>Sistema de inspecci\u00f3n de la calidad<\/strong>: Siga las normas de gesti\u00f3n de calidad ISO en todo el proceso, desde las pruebas de protecci\u00f3n medioambiental de las materias primas (conforme a ROHS) hasta las pruebas de compresi\u00f3n del producto acabado para garantizar la coherencia de los lotes.<\/li>\n<\/ol>\n<h2 id=\"-iii-supply-chain-and-cost-advantages-\"><strong>3. Cadena de suministro y ventajas de costes<\/strong><\/h2>\n<ol>\n<li><strong>Fuerza de la F\u00e1brica de Origen<\/strong>\u00a0Con 16 a\u00f1os de experiencia en el sector, apoy\u00e1ndonos en la madura cadena industrial de Dongguan\/Shenzhen e integrando los recursos de toda la cadena de suministro de materiales, desarrollo de moldes y producci\u00f3n y procesamiento, hemos logrado un control de costes a gran escala. Por ejemplo, el precio de productos similares es 15%-20% inferior al precio medio del mercado, y admite un pedido m\u00ednimo de 500 piezas, lo que resulta flexible para satisfacer las necesidades de las marcas de nueva creaci\u00f3n y las adquisiciones de gran volumen.<\/li>\n<li><strong>Capacidad de entrega eficiente<\/strong><\/li>\n<li><strong>Ciclo de creaci\u00f3n de prototipos<\/strong>: Las muestras f\u00edsicas se suministran en un plazo de 3 a 5 d\u00edas laborables;<\/li>\n<li><strong>Tiempo de producci\u00f3n en serie<\/strong>: Los pedidos regulares se entregan en 15-20 d\u00edas, y las necesidades urgentes pueden coordinar canales acelerados;<\/li>\n<li><strong>Log\u00edstica mundial<\/strong>: Apoyar el suministro dedicado a la exportaci\u00f3n transfronteriza, cubriendo los principales mercados como Europa, Am\u00e9rica y el Sudeste Asi\u00e1tico.<\/li>\n<\/ol>\n<h2 id=\"-iv-cooperation-process-and-guarantee-\"><strong>4. Proceso de cooperaci\u00f3n y garant\u00eda<\/strong><\/h2>\n<ol>\n<li><strong>Compromiso de servicio<\/strong><\/li>\n<li><strong>Garant\u00eda posventa<\/strong>: Proporcionar seguro de transporte de retorno y compromiso de compensaci\u00f3n por calidad;<\/li>\n<li><strong>Respuesta t\u00e9cnica<\/strong>: Un equipo exclusivo de atenci\u00f3n al cliente realiza un seguimiento de todo el proceso y resuelve los problemas t\u00e9cnicos en 48 horas.<\/li>\n<li><strong>Proceso de cooperaci\u00f3n<\/strong>\u00a0<strong>Comunicaci\u00f3n de la demanda \u2192 Pruebas de dise\u00f1o \u2192 Confirmaci\u00f3n de la producci\u00f3n \u2192 Inspecci\u00f3n de calidad y entrega<\/strong><\/li>\n<\/ol>","protected":false},"excerpt":{"rendered":"<ul>\n<li><strong>Marca de relojes de alta gama<\/strong>: Refuerza el posicionamiento de lujo a trav\u00e9s de la caja magn\u00e9tica azul con forro EVA negro;<\/li>\n<li><strong>Dispositivo inteligente para llevar puesto<\/strong>: Adecuado para relojes de posicionamiento para ni\u00f1os, pulseras inteligentes, etc., la estructura del forro es compatible con las necesidades de protecci\u00f3n de los componentes electr\u00f3nicos;<\/li>\n<li><strong>Comercio electr\u00f3nico transfronterizo<\/strong>: Cumplir con las normas de embalaje de Amazon FBA y reducir la tasa de p\u00e9rdida de transporte a trav\u00e9s de la prueba de compresi\u00f3n.<\/li>\n<\/ul>","protected":false},"featured_media":9774,"template":"","meta":[],"product_brand":[],"product_cat":[30,413,424,31],"product_tag":[1269,1267,1268],"class_list":{"0":"post-9766","1":"product","2":"type-product","3":"status-publish","4":"has-post-thumbnail","6":"product_cat-by-industry","7":"product_cat-consumer-electronics-boxes","8":"product_cat-magnetic-closure-boxes","9":"product_cat-paper-box-style","10":"product_tag-custom-watch-boxes-wholesale","11":"product_tag-watch-magnetic-closure-boxes","12":"product_tag-watch-rigid-boxes","14":"first","15":"instock","16":"shipping-taxable","17":"product-type-grouped"},"_links":{"self":[{"href":"https:\/\/zojopackaging.com\/es\/wp-json\/wp\/v2\/product\/9766","targetHints":{"allow":["GET"]}}],"collection":[{"href":"https:\/\/zojopackaging.com\/es\/wp-json\/wp\/v2\/product"}],"about":[{"href":"https:\/\/zojopackaging.com\/es\/wp-json\/wp\/v2\/types\/product"}],"version-history":[{"count":3,"href":"https:\/\/zojopackaging.com\/es\/wp-json\/wp\/v2\/product\/9766\/revisions"}],"predecessor-version":[{"id":9781,"href":"https:\/\/zojopackaging.com\/es\/wp-json\/wp\/v2\/product\/9766\/revisions\/9781"}],"wp:featuredmedia":[{"embeddable":true,"href":"https:\/\/zojopackaging.com\/es\/wp-json\/wp\/v2\/media\/9774"}],"wp:attachment":[{"href":"https:\/\/zojopackaging.com\/es\/wp-json\/wp\/v2\/media?parent=9766"}],"wp:term":[{"taxonomy":"product_brand","embeddable":true,"href":"https:\/\/zojopackaging.com\/es\/wp-json\/wp\/v2\/product_brand?post=9766"},{"taxonomy":"product_cat","embeddable":true,"href":"https:\/\/zojopackaging.com\/es\/wp-json\/wp\/v2\/product_cat?post=9766"},{"taxonomy":"product_tag","embeddable":true,"href":"https:\/\/zojopackaging.com\/es\/wp-json\/wp\/v2\/product_tag?post=9766"}],"curies":[{"name":"wp","href":"https:\/\/api.w.org\/{rel}","templated":true}]}}