{"id":9782,"date":"2025-04-03T19:52:52","date_gmt":"2025-04-03T11:52:52","guid":{"rendered":"https:\/\/zojopackaging.com\/?post_type=product&#038;p=9782"},"modified":"2025-04-03T20:32:06","modified_gmt":"2025-04-03T12:32:06","slug":"wholesale-custom-luxury-candle-gift-rigid-packaging-boxes","status":"publish","type":"product","link":"https:\/\/zojopackaging.com\/es\/product\/wholesale-custom-luxury-candle-gift-rigid-packaging-boxes\/","title":{"rendered":"Mayorista Cajas R\u00edgidas de Lujo para Regalo de Velas"},"content":{"rendered":"<h2 id=\"-1-design-of-the-top-and-bottom-cover-structure-simple-and-efficient-exquisite-craftsmanship-\"><strong>1. Dise\u00f1o de la estructura de la cubierta superior e inferior: simple y eficiente, artesan\u00eda exquisita.<\/strong><\/h2>\n<p>Este producto adopta la estructura cl\u00e1sica de tapa superior e inferior, que consta de dos partes: la tapa superior y la caja inferior. No hay piezas de empalme complejas, la estructura es estable y la apertura y el cierre son suaves. El dise\u00f1o sigue el concepto de \"est\u00e9tica minimalista\" y consigue\u00a0<strong>m\u00e1s de 95% de utilizaci\u00f3n del material<\/strong>\u00a0mediante procesos precisos de corte y plegado del molde, lo que reduce el desperdicio de retales. El moldeado de la tapa superior e inferior se completa con una m\u00e1quina integrada de hendido y estampaci\u00f3n en caliente totalmente autom\u00e1tica para garantizar la rigidez de las l\u00edneas del cuerpo de la caja y la nitidez de los bordes, al tiempo que se simplifica el proceso de producci\u00f3n y se reduce el coste de la intervenci\u00f3n manual.<\/p>\n<h2 id=\"-2-special-paper-material-luxurious-touch-brand-empowerment-\"><strong>2. Material de papel especial: tacto lujoso, potenciaci\u00f3n de la marca<\/strong><\/h2>\n<p>La caja de embalaje utiliza\u00a0<strong>Papel perlado Junma Ice White<\/strong>\u00a0y\u00a0<strong>Cart\u00f3n L\u00e1ser Liso Oro y Plata<\/strong>\u00a0dos tipos de sustratos de papel especiales, con las siguientes ventajas fundamentales:<\/p>\n<ul>\n<li><strong>Lujo visual<\/strong>: La superficie del papel nacarado est\u00e1 incrustada con part\u00edculas nacaradas de nivel microm\u00e9trico, que presentan una textura escarchada y un brillo degradado; el cart\u00f3n dorado y plateado por l\u00e1ser utiliza tecnolog\u00eda de pel\u00edcula de papel de aluminio compuesto para crear un efecto de columna de luz de espejo, que se adapta al tono de las marcas de lujo ligero y de gama alta.<\/li>\n<li><strong>Experiencia t\u00e1ctil<\/strong>: La superficie del papel est\u00e1 gofrada para formar delicados\u00a0<strong>l\u00edneas de textura en relieve<\/strong>\u00a0(patr\u00f3n de espiga de trigo opcional, patr\u00f3n de m\u00e1rmol, patr\u00f3n de cuero, etc.), que mejora la fricci\u00f3n y la respuesta t\u00e1ctil avanzada al sujetarlo.<\/li>\n<li><strong>Durabilidad<\/strong>: Se utiliza la tecnolog\u00eda de revestimiento UV y laminaci\u00f3n brillante, que es impermeable y antiincrustante, y la resistencia a los ara\u00f1azos es mejorada por 300%, que es adecuado para el transporte a larga distancia y la pantalla.<\/li>\n<\/ul>\n<h2 id=\"-three-light-yellow-tone-emotional-healing-scene-adaptation-\"><strong>Tres, tono amarillo claro: curaci\u00f3n emocional, adaptaci\u00f3n de la escena<\/strong><\/h2>\n<p>El color principal del cuerpo de la caja es\u00a0<strong>Pantone 13-0647 amarillo margarita claro<\/strong>basado en los resultados de la investigaci\u00f3n de la psicolog\u00eda del color:<\/p>\n<ul>\n<li><strong>Alivio de la ansiedad<\/strong>: El amarillo de baja saturaci\u00f3n puede activar los nervios parasimp\u00e1ticos, reducir el ritmo card\u00edaco y la presi\u00f3n sangu\u00ednea, crear un ambiente c\u00e1lido y relajante y ajustarse a las propiedades curativas de las velas de aromaterapia.<\/li>\n<li><strong>Aumentar el placer<\/strong>: Mediante el proceso UV local, los efectos mate y brillante se superponen para formar un suave halo bajo la refracci\u00f3n de la luz, que realza la sensaci\u00f3n de abrir la caja y el valor emocional de los consumidores.<\/li>\n<\/ul>\n<h2 id=\"-fourth-in-depth-customization-service-accurately-match-brand-needs-\"><strong>Cuarto, servicio de personalizaci\u00f3n en profundidad: se ajusta con precisi\u00f3n a las necesidades de la marca<\/strong><\/h2>\n<p>Ofrecemos\u00a0<strong>soluciones integrales de personalizaci\u00f3n<\/strong>:<\/p>\n<ol>\n<li><strong>Especificaciones de tama\u00f1o<\/strong>: admiten cualquier ajuste de tama\u00f1o, compatibles con recipientes para velas columnares y de formas especiales.<\/li>\n<li><strong>Combinaci\u00f3n de procesos<\/strong>estampaci\u00f3n en caliente\/plateado opcional, ahuecado por l\u00e1ser, gofrado, UV local y otros m\u00e1s de 20 procesos, admiten la incrustaci\u00f3n personalizada del LOGOTIPO de la marca.<\/li>\n<li><strong>Colaboraci\u00f3n en el dise\u00f1o<\/strong>Renderizaciones 3D gratuitas y pruebas f\u00edsicas (3 d\u00edas laborables), ajuste inteligente del color y optimizaci\u00f3n estructural, para garantizar que no haya errores entre el borrador del dise\u00f1o y el producto acabado.<\/li>\n<\/ol>\n<h2 id=\"-five-seismic-lining-system-precise-protection-zero-error-adaptation-\"><strong>Cinco, sistema de revestimiento s\u00edsmico: protecci\u00f3n precisa, adaptaci\u00f3n a error cero<\/strong><\/h2>\n<p>El revestimiento adopta\u00a0<strong>Estructura compuesta de esponja EVA y papel ondulado<\/strong>y consigue una protecci\u00f3n integral gracias a las siguientes tecnolog\u00edas:<\/p>\n<ul>\n<li><strong>Cartograf\u00eda l\u00e1ser<\/strong>Seg\u00fan los datos del modelo 3D de la vela proporcionados por el cliente, se genera autom\u00e1ticamente la trayectoria de corte del revestimiento, y el error se controla dentro de \u00b10,2 mm.<\/li>\n<li><strong>Dise\u00f1o modular<\/strong>: El forro dividido extra\u00edble admite la colocaci\u00f3n de varias velas, adecuado para cajas de regalo navide\u00f1as, juegos de productos en serie y otros escenarios.<\/li>\n<li><strong>Prueba de resistencia al impacto<\/strong>: Despu\u00e9s de la prueba de transporte simulado est\u00e1ndar ISTA 3A, puede soportar una ca\u00edda de 50 cm y -20\u2103 a 60\u2103 ciclo de temperatura y humedad, y la tasa de rotura es inferior a 0,1%.<\/li>\n<\/ul>\n<h2 id=\"-six-smart-manufacturing-strength-and-delivery-guarantee-\"><strong>Seis, fuerza de fabricaci\u00f3n inteligente y garant\u00eda de entrega<\/strong><\/h2>\n<ul>\n<li><strong>Garant\u00eda de capacidad<\/strong>: Equipada con 20 l\u00edneas de producci\u00f3n totalmente automatizadas, transporte de materiales AGV integrado y sistema de programaci\u00f3n inteligente MES, con una capacidad de producci\u00f3n diaria de 1.000 millones de euros.\u00a0<strong>1 mill\u00f3n de piezas<\/strong>, apoyando los pedidos urgentes en 72 horas.<\/li>\n<li><strong>Integraci\u00f3n de la cadena de suministro<\/strong>: Establecer una cooperaci\u00f3n estrat\u00e9gica con los principales grupos papeleros, como Jiaxing Saitao New Materials, para garantizar el suministro directo de materias primas de papel especial en un plazo de 48 horas, y un coste 15% inferior al precio de mercado.<\/li>\n<\/ul>\n<h2 id=\"-seven-16-years-of-experience-endorsement-one-stop-service-\"><strong>Siete, 16 a\u00f1os de experiencia avalan, servicio de ventanilla \u00fanica<\/strong><\/h2>\n<p>Como fabricante profesional con 16 a\u00f1os de experiencia en la industria del embalaje, ofrecemos:<\/p>\n<ul>\n<li><strong>Servicio de proceso completo<\/strong>: Desde el dise\u00f1o estructural, la selecci\u00f3n de materiales y la verificaci\u00f3n de pruebas hasta la producci\u00f3n en serie, un equipo de proyecto dedicado 7\u00d724 horas realiza el seguimiento durante todo el proceso.<\/li>\n<li><strong>Soluciones sectoriales<\/strong>: Para el comercio electr\u00f3nico, la log\u00edstica transfronteriza, la venta al por menor de gama alta y otros escenarios, proporcionamos m\u00f3dulos de valor a\u00f1adido como revestimiento a prueba de humedad (opcional), hebillas magn\u00e9ticas antirrobo y etiquetas RFID.<\/li>\n<li><strong>Desarrollo sostenible<\/strong>: Gracias al papel ecol\u00f3gico con certificaci\u00f3n FSC y a la impresi\u00f3n con tinta al agua, la huella de carbono se reduce en 40%, lo que contribuye a mejorar el valor ESG de la marca.<\/li>\n<\/ul>","protected":false},"excerpt":{"rendered":"<p>1. La tapa superior e inferior de la caja se compone de dos partes, sin estructura compleja, alta tasa de utilizaci\u00f3n del material y proceso de producci\u00f3n sencillo.<br \/>\n2. Material de papel especial con l\u00edneas de textura especial, parece lujoso y de gama alta, y mejora el efecto de marca.<br \/>\n3. Toda la caja adopta el color amarillo claro para aliviar la ansiedad, aumentar el placer y crear un ambiente c\u00e1lido y relajante<br \/>\n4. Podemos personalizar la producci\u00f3n de cajas de embalaje para usted de acuerdo con el estilo \u00fanico y las necesidades de su marca, cubriendo todos los aspectos de los detalles, tales como especificaciones de tama\u00f1o y proceso de producci\u00f3n para asegurar que cumple plenamente sus expectativas<\/p>","protected":false},"featured_media":9772,"template":"","meta":[],"product_brand":[],"product_cat":[30,416,425,31],"product_tag":[1270,468,1271],"class_list":{"0":"post-9782","1":"product","2":"type-product","3":"status-publish","4":"has-post-thumbnail","6":"product_cat-by-industry","7":"product_cat-custom-candle-boxes","8":"product_cat-lid-and-base-gift-box","9":"product_cat-paper-box-style","10":"product_tag-candle-gift-boxes","11":"product_tag-custom-candle-packaging","12":"product_tag-wholesale-candle-packaging-boxes","14":"first","15":"instock","16":"shipping-taxable","17":"product-type-grouped"},"_links":{"self":[{"href":"https:\/\/zojopackaging.com\/es\/wp-json\/wp\/v2\/product\/9782","targetHints":{"allow":["GET"]}}],"collection":[{"href":"https:\/\/zojopackaging.com\/es\/wp-json\/wp\/v2\/product"}],"about":[{"href":"https:\/\/zojopackaging.com\/es\/wp-json\/wp\/v2\/types\/product"}],"version-history":[{"count":1,"href":"https:\/\/zojopackaging.com\/es\/wp-json\/wp\/v2\/product\/9782\/revisions"}],"predecessor-version":[{"id":9783,"href":"https:\/\/zojopackaging.com\/es\/wp-json\/wp\/v2\/product\/9782\/revisions\/9783"}],"wp:featuredmedia":[{"embeddable":true,"href":"https:\/\/zojopackaging.com\/es\/wp-json\/wp\/v2\/media\/9772"}],"wp:attachment":[{"href":"https:\/\/zojopackaging.com\/es\/wp-json\/wp\/v2\/media?parent=9782"}],"wp:term":[{"taxonomy":"product_brand","embeddable":true,"href":"https:\/\/zojopackaging.com\/es\/wp-json\/wp\/v2\/product_brand?post=9782"},{"taxonomy":"product_cat","embeddable":true,"href":"https:\/\/zojopackaging.com\/es\/wp-json\/wp\/v2\/product_cat?post=9782"},{"taxonomy":"product_tag","embeddable":true,"href":"https:\/\/zojopackaging.com\/es\/wp-json\/wp\/v2\/product_tag?post=9782"}],"curies":[{"name":"wp","href":"https:\/\/api.w.org\/{rel}","templated":true}]}}