{"id":9784,"date":"2025-04-03T20:30:33","date_gmt":"2025-04-03T12:30:33","guid":{"rendered":"https:\/\/zojopackaging.com\/?post_type=product&#038;p=9784"},"modified":"2025-04-03T20:55:40","modified_gmt":"2025-04-03T12:55:40","slug":"round-candle-cylinder-paper-tube-packaging-box-container","status":"publish","type":"product","link":"https:\/\/zojopackaging.com\/es\/product\/round-candle-cylinder-paper-tube-packaging-box-container\/","title":{"rendered":"Vela Redonda Cilindro Tubo de Papel Caja de Embalaje Contenedor"},"content":{"rendered":"<h2 id=\"-2-high-density-environmentally-friendly-materials-fully-protecting-sensitive-items-\"><strong>1. Materiales respetuosos con el medio ambiente de alta densidad, que protegen totalmente los art\u00edculos delicados.<\/strong><\/h2>\n<p>La caja cil\u00edndrica utiliza cart\u00f3n ecol\u00f3gico de alta densidad, que tiene tanto dureza como resistencia. Puede soportar m\u00e1s de 1 kg y es adecuada para art\u00edculos fr\u00e1giles como velas, jabones y frascos de perfume. El material ha superado la certificaci\u00f3n medioambiental REACH de la UE, no contiene plastificantes ni productos qu\u00edmicos nocivos, y tiene propiedades a prueba de humedad (pel\u00edcula mate o revestimiento UV en la superficie) para evitar que los cosm\u00e9ticos se deterioren por la humedad. La pared interior puede equiparse opcionalmente con revestimiento de pl\u00e1stico alimentario o papel reciclado para satisfacer las necesidades de seguridad de los distintos productos.<\/p>\n<h2 id=\"-3-off-white-low-saturation-design-in-line-with-environmental-protection-trends-\"><strong>2. Dise\u00f1o blanquecino de baja saturaci\u00f3n, en l\u00ednea con las tendencias de protecci\u00f3n del medio ambiente.<\/strong><\/h2>\n<p>El cuerpo de la caja adopta el color original de la pulpa natural blanquecina, sin tratamiento de blanqueo, y los tonos de color de baja saturaci\u00f3n transmiten conceptos de marca sencillos y naturales, lo que est\u00e1 en consonancia con la tendencia mundial de dise\u00f1o de envases respetuosos con el medio ambiente. La superficie puede ser mate o con textura de seda, lo que reduce la contaminaci\u00f3n lum\u00ednica a la vez que mejora el sentido del tacto. Este dise\u00f1o se ha aplicado a muchas marcas internacionales de aromaterapia y ha ganado el premio \"2024 Green Packaging Innovation Award\".<\/p>\n<h2 id=\"-4-advanced-printing-equipment-to-ensure-customization-accuracy-and-quality-\"><strong>3. Equipos de impresi\u00f3n avanzados para garantizar la precisi\u00f3n y la calidad de la personalizaci\u00f3n<\/strong><\/h2>\n<p>La f\u00e1brica est\u00e1 equipada con m\u00e1quinas de impresi\u00f3n Heidelberg, que admiten colores planos Pantone y cuatricrom\u00eda CMYK, con un \u00edndice de error inferior a 0,1 mm, y pueden presentar con precisi\u00f3n procesos complejos como degradado, estampaci\u00f3n en caliente y gofrado. En combinaci\u00f3n con m\u00e1quinas troqueladoras totalmente autom\u00e1ticas y equipos de grabado por l\u00e1ser, se pueden realizar tipos de cajas personalizadas, como ventanas con formas especiales y patrones huecos, como estructuras tipo caj\u00f3n y tipo concha de almeja. Todos los eslabones de la producci\u00f3n han superado la certificaci\u00f3n del sistema de gesti\u00f3n de calidad ISO 9001 para garantizar la coherencia de los pedidos por lotes.<\/p>\n<h2 id=\"-5-in-depth-brand-customization-to-enhance-the-unboxing-experience-\"><strong>4. Personalizaci\u00f3n en profundidad de la marca para mejorar la experiencia unboxing.<\/strong><\/h2>\n<p>Apoyar la implantaci\u00f3n integral de la marca de dentro a fuera:<\/p>\n<ul>\n<li><strong>Personalizaci\u00f3n del aspecto<\/strong>: La superficie de la caja se puede imprimir con el LOGOTIPO del cliente, ilustraciones o patrones de historias, utilizando tinta de soja respetuosa con el medio ambiente, y la adherencia alcanza los m\u00e1s altos est\u00e1ndares de la industria.<\/li>\n<li><strong>Personalizaci\u00f3n del color<\/strong>: Proporcionamos m\u00e1s de 500 n\u00fameros de color Pantone para elegir, y apoyamos el desarrollo de colores planos degradados, como el oro champ\u00e1n, el sistema de color Morandi, etc.<\/li>\n<li><strong>Personalizaci\u00f3n de funciones<\/strong>: cinta magn\u00e9tica incorporada, etiqueta rasgable o ranura para tarjeta con c\u00f3digo QR, para que los consumidores puedan identificar r\u00e1pidamente la informaci\u00f3n del producto.<\/li>\n<\/ul>\n<h2 id=\"-6-professional-design-team-full-technical-empowerment-\"><strong>5. Equipo de dise\u00f1o profesional, plena capacitaci\u00f3n t\u00e9cnica<\/strong><\/h2>\n<p>La empresa cuenta con un equipo de dise\u00f1o industrial con m\u00e1s de 10 a\u00f1os de experiencia, que ofrece servicios integrales desde el modelado en 3D y las pruebas estructurales hasta la producci\u00f3n en serie. Entre los casos t\u00edpicos se incluyen:<\/p>\n<ul>\n<li><strong>Efecto de relieve tridimensional<\/strong>: La textura 3D de la superficie de la caja se consigue mediante modelado digital para realzar la estratificaci\u00f3n visual.<\/li>\n<li><strong>Envases interactivos inteligentes<\/strong>: chip NFC integrado o punto de activaci\u00f3n AR, escanee el c\u00f3digo para ver la informaci\u00f3n de trazabilidad del producto. El equipo puede ofrecer soluciones de adaptaci\u00f3n en 48 horas seg\u00fan las necesidades del cliente, y admite videoconferencias a distancia para confirmar los detalles.<\/li>\n<\/ul>\n<h2 id=\"-7-efficient-online-service-full-cycle-order-guarantee-\"><strong>6. Servicio en l\u00ednea eficaz, garant\u00eda de pedido de ciclo completo<\/strong><\/h2>\n<ul>\n<li><strong>Proceso inteligente<\/strong>: El sitio web oficial permite cargar en l\u00ednea borradores de dise\u00f1os, hacer un seguimiento en tiempo real de los presupuestos y el progreso de la producci\u00f3n, y completar las pruebas y la entrega en 48 horas.<\/li>\n<li><strong>Servicio posventa sin preocupaciones<\/strong>: Servicio de atenci\u00f3n al cliente multiling\u00fce (chino\/ingl\u00e9s\/espa\u00f1ol) 24 horas al d\u00eda, 7 d\u00edas a la semana, para resolver problemas como la log\u00edstica y las modificaciones de dise\u00f1o, y se compensar\u00e1 10% del importe del pedido en caso de retraso en la entrega.<\/li>\n<li><strong>Pedido m\u00ednimo flexible<\/strong>: Pedido m\u00ednimo de 500 unidades, soporte de pedidos de prueba de lotes peque\u00f1os y correo directo global (l\u00ednea dedicada de DHL\/FedEx), que cubre el comercio electr\u00f3nico transfronterizo y los canales minoristas fuera de l\u00ednea.<\/li>\n<\/ul>","protected":false},"excerpt":{"rendered":"<p>Nuestras cajas de tubos de papel adoptan una innovadora estructura a prueba de golpes, que dispersa uniformemente la presi\u00f3n externa combinando una capa de soporte anular interna con un material amortiguador (como esponja EVA o bandeja de papel a medida). El cuerpo de la caja est\u00e1 hecho de un material de tubo de papel r\u00edgido con un dise\u00f1o de revestimiento en forma de panal para absorber eficazmente el impacto durante el transporte y evitar que la vela se rompa o deforme debido a apretones o colisiones. Adem\u00e1s, la tapa y el fondo de la caja adoptan una estructura de hebilla incrustada para mejorar a\u00fan m\u00e1s la estabilidad general y garantizar que el contenido est\u00e9 seguro e intacto en un entorno din\u00e1mico.<\/p>","protected":false},"featured_media":9785,"template":"","meta":[],"product_brand":[],"product_cat":[30,416,31,429],"product_tag":[1272,1274,1273],"class_list":{"0":"post-9784","1":"product","2":"type-product","3":"status-publish","4":"has-post-thumbnail","6":"product_cat-by-industry","7":"product_cat-custom-candle-boxes","8":"product_cat-paper-box-style","9":"product_cat-paper-tube-boxes","10":"product_tag-candle-cylinder-box","11":"product_tag-candle-cylinder-packaging","12":"product_tag-candle-paper-tube-packaging","14":"first","15":"instock","16":"shipping-taxable","17":"product-type-grouped"},"_links":{"self":[{"href":"https:\/\/zojopackaging.com\/es\/wp-json\/wp\/v2\/product\/9784","targetHints":{"allow":["GET"]}}],"collection":[{"href":"https:\/\/zojopackaging.com\/es\/wp-json\/wp\/v2\/product"}],"about":[{"href":"https:\/\/zojopackaging.com\/es\/wp-json\/wp\/v2\/types\/product"}],"version-history":[{"count":1,"href":"https:\/\/zojopackaging.com\/es\/wp-json\/wp\/v2\/product\/9784\/revisions"}],"predecessor-version":[{"id":9792,"href":"https:\/\/zojopackaging.com\/es\/wp-json\/wp\/v2\/product\/9784\/revisions\/9792"}],"wp:featuredmedia":[{"embeddable":true,"href":"https:\/\/zojopackaging.com\/es\/wp-json\/wp\/v2\/media\/9785"}],"wp:attachment":[{"href":"https:\/\/zojopackaging.com\/es\/wp-json\/wp\/v2\/media?parent=9784"}],"wp:term":[{"taxonomy":"product_brand","embeddable":true,"href":"https:\/\/zojopackaging.com\/es\/wp-json\/wp\/v2\/product_brand?post=9784"},{"taxonomy":"product_cat","embeddable":true,"href":"https:\/\/zojopackaging.com\/es\/wp-json\/wp\/v2\/product_cat?post=9784"},{"taxonomy":"product_tag","embeddable":true,"href":"https:\/\/zojopackaging.com\/es\/wp-json\/wp\/v2\/product_tag?post=9784"}],"curies":[{"name":"wp","href":"https:\/\/api.w.org\/{rel}","templated":true}]}}