{"id":9791,"date":"2025-04-03T20:42:45","date_gmt":"2025-04-03T12:42:45","guid":{"rendered":"https:\/\/zojopackaging.com\/?post_type=product&#038;p=9791"},"modified":"2025-04-03T21:04:16","modified_gmt":"2025-04-03T13:04:16","slug":"custom-festival-dessert-rigid-slider-box-packaging-supplier","status":"publish","type":"product","link":"https:\/\/zojopackaging.com\/es\/product\/custom-festival-dessert-rigid-slider-box-packaging-supplier\/","title":{"rendered":"Proveedor de cajas deslizantes r\u00edgidas para postres de festival personalizadas"},"content":{"rendered":"<h3 id=\"-1-minimalist-aesthetics-a-visual-symphony-of-pure-white-and-elegant-tones-\"><strong>1. Est\u00e9tica minimalista: una sinfon\u00eda visual de blanco puro y tonos elegantes.<\/strong><\/h3>\n<p>Con\u00a0<strong>caja de postres de caf\u00e9 extra\u00edble blanco puro<\/strong>\u00a0como lenguaje de dise\u00f1o b\u00e1sico,\u00a0<strong>Papel estucado de alto brillo de 157 g<\/strong>\u00a0como material de base, y\u00a0<strong>forro de cart\u00f3n gris mate<\/strong>El cuerpo de la caja adopta las l\u00edneas de una caja de madera. Las l\u00edneas del cuerpo de la caja adoptan\u00a0<strong>tecnolog\u00eda de corte por microarco<\/strong>\u00a0para eliminar la rigidez de los \u00e1ngulos rectos, y\u00a0<strong>L\u00edneas en relieve ultrafinas de 0,1 mm<\/strong>, ocultando detalles exquisitos en la sencillez. Los elegantes tonos de las cajas exterior e interior (como el marr\u00f3n claro y el blanco vainilla) se combinan con precisi\u00f3n mediante el\u00a0<strong>Sistema de gesti\u00f3n del color Pantone<\/strong>\u00a0para crear una sensaci\u00f3n de lujo y expectaci\u00f3n al abrir la caja.<\/p>\n<h3 id=\"-2-material-innovation-performance-symphony-of-coated-paper-and-grey-board-\"><strong>2. Innovaci\u00f3n de materiales: Sinfon\u00eda de rendimiento de papel estucado y cart\u00f3n gris<\/strong><\/h3>\n<p>-\u00a0<strong>Sustrato exterior de la caja<\/strong>: El papel estucado de 157 g es\u00a0<strong>tratado con revestimiento UV de doble cara<\/strong>, con un aumento de la resistencia a la fricci\u00f3n de 60% y una resistencia al plegado 300 veces mayor sin agrietarse;<\/p>\n<p>-\u00a0<strong>Estructura del revestimiento interior<\/strong>: El tablero gris de 3 mm de grosor adopta\u00a0<strong>proceso de prensado de cart\u00f3n alveolar<\/strong>con una resistencia a la compresi\u00f3n de 8 kg\/cm\u00b2, que puede soportar el apilamiento y el transporte de varias capas;<\/p>\n<p>-\u00a0<strong>Precisi\u00f3n de impresi\u00f3n<\/strong>: La\u00a0<strong>M\u00e1quina offset UV Heidelberg de 7 colores<\/strong>\u00a0consigue una reproducci\u00f3n del color de \u0394E\u22641,5, y\u00a0<strong>serigraf\u00eda parcial<\/strong>\u00a0se utiliza para distinguir los tonos de caf\u00e9 degradados.<\/p>\n<h3 id=\"-3-personalization-empowerment-modular-accessories-and-dynamic-design-\"><strong>3. Potenciaci\u00f3n de la personalizaci\u00f3n: accesorios modulares y dise\u00f1o din\u00e1mico<\/strong><\/h3>\n<p>-\u00a0<strong>Decoraci\u00f3n extra\u00edble<\/strong>: Proporcionar\u00a0<strong>etiqueta magn\u00e9tica de chocolate<\/strong>,\u00a0<strong>inserto de glaseado reemplazable<\/strong>\u00a0y otros accesorios, admiten la personalizaci\u00f3n del LOGOTIPO de la marca (tama\u00f1o m\u00ednimo de procesamiento: 3 mm);<\/p>\n<p>-\u00a0<strong>Estructura din\u00e1mica<\/strong>: La tapa de la caja tiene un\u00a0<strong>dispositivo de bisagra con muelle<\/strong>que hace saltar autom\u00e1ticamente la caja interior al abrirla y cerrarla, y est\u00e1 equipado con\u00a0<strong>Tira de luz LED insertada<\/strong>\u00a0(opcional) para iluminar el ambiente festivo;<\/p>\n<p>-\u00a0<strong>Adaptaci\u00f3n de la escena<\/strong>: Lanzar paquetes de accesorios tem\u00e1ticos (como imanes con forma de mu\u00f1eco de nieve o l\u00e1minas de oro rosa) para fiestas como Navidad y San Valent\u00edn, con el fin de reforzar la sensaci\u00f3n de ritual festivo.<\/p>\n<h3 id=\"-4-full-link-customization-precise-control-from-concept-to-implementation-\"><strong>4. Personalizaci\u00f3n total del enlace: control preciso desde el concepto hasta la aplicaci\u00f3n<\/strong><\/h3>\n<p>-\u00a0<strong>Flexibilidad de tama\u00f1o<\/strong>: admite desde un m\u00ednimo de 8cm\u00d78cm (caja para macarons) hasta un m\u00e1ximo de 30cm\u00d720cm (caja para tartas multicapa), el grosor se puede personalizar de 0,8 a 5cm.\u00a0<strong>Innovaci\u00f3n estructural<\/strong>: Desarrollar 12 estructuras deslizantes patentadas (como la estratificaci\u00f3n giratoria, el bloqueo magn\u00e9tico de contrase\u00f1as), compatibles con la colocaci\u00f3n de postres de formas especiales.\u00a0<strong>Respuesta r\u00e1pida<\/strong>: Complete el modelado 3D y las pruebas en 8 horas, y acorte el ciclo de producci\u00f3n en serie a 12-15 d\u00edas.<\/p>\n<h3 id=\"-5-pull-out-design-a-double-breakthrough-in-ritual-sense-and-practicality-\"><strong>5. Dise\u00f1o extra\u00edble: un doble avance en sentido ritual y practicidad<\/strong><\/h3>\n<p>Adopte\u00a0<strong>sistema de gu\u00edas de deslizamiento silencioso de tres v\u00edas<\/strong>\u00a0para lograr una extracci\u00f3n suave con una carga de 0,5 kg:<\/p>\n<p>-\u00a0<strong>Estructura mec\u00e1nica<\/strong>: incorporado\u00a0<strong>rodamiento de bolas de acero inoxidable<\/strong>Tiempos de extracci\u00f3n \u22655000 veces sin atascarse;<\/p>\n<p>-\u00a0<strong>Protecci\u00f3n antichoque<\/strong>: set\u00a0<strong>Capa amortiguadora de panal de EVA<\/strong>\u00a0en la caja, con un \u00edndice de absorci\u00f3n de vibraciones de 90%;<\/p>\n<p>-\u00a0<strong>Sorpresa visual<\/strong>: A trav\u00e9s de\u00a0<strong>dise\u00f1o de caj\u00f3n de doble capa<\/strong>De este modo, se consigue el efecto de exposici\u00f3n por capas de \"decoraci\u00f3n expuesta + producto principal oculto\".<\/p>\n<h3 id=\"-6-expert-team-from-demand-insight-to-solution-implementation-\"><strong>6. Equipo de expertos: desde la percepci\u00f3n de la demanda hasta la aplicaci\u00f3n de la soluci\u00f3n<\/strong><\/h3>\n<p>Un equipo especial compuesto por 5 dise\u00f1adores de envases con m\u00e1s de 10 a\u00f1os de experiencia se encarga de ello:<\/p>\n<p>-\u00a0<strong>Comunicaci\u00f3n en profundidad<\/strong>: 2 seminarios en l\u00ednea por semana, sincronizaci\u00f3n en tiempo real de los dict\u00e1menes de modificaci\u00f3n de los proyectos de dise\u00f1o;<\/p>\n<p>-\u00a0<strong>Sistema de previsualizaci\u00f3n 3D<\/strong>: Los clientes pueden previsualizar el efecto de despliegue de la caja de regalo a trav\u00e9s de la tecnolog\u00eda AR, apoyando\u00a0<strong>Ajuste de detalles en 360<\/strong>;<\/p>\n<p>-\u00a0<strong>Protecci\u00f3n de patentes<\/strong>: Proporcionar servicios de solicitud de patentes de apariencia para garantizar la exclusividad de la soluci\u00f3n de dise\u00f1o (consulte la biblioteca de patentes de la caja de postres).<\/p>\n<h3 id=\"-7-smart-manufacturing-foundation-16-year-factory-s-hard-core-strength-\"><strong>7. Base de fabricaci\u00f3n inteligente: La fuerza del n\u00facleo duro de una f\u00e1brica de 16 a\u00f1os<\/strong><\/h3>\n<p>-\u00a0<strong>Matriz de equipos<\/strong>: Equipada con 18 equipos internacionales como la imprenta de cinco colores Manroland R700, la imprenta de cuatro colores Heidelberg Speedmaster CS92, con una velocidad de impresi\u00f3n de 15.000 hojas\/hora;<\/p>\n<p>-\u00a0<strong>Control de procesos<\/strong>: Certificado ISO 9001\/BRCGS, cada lote de productos se somete a 12 controles de calidad (diferencia de color\/compresi\u00f3n\/prueba de ca\u00edda);<\/p>\n<p>-\u00a0<strong>Garant\u00eda de capacidad<\/strong>: Capacidad de producci\u00f3n diaria de 150.000 piezas, que permite una producci\u00f3n en serie de 500 piezas a nivel de mill\u00f3n, y entrega urgente en 24 horas de los pedidos urgentes.<\/p>","protected":false},"excerpt":{"rendered":"<p><strong>ZOJO Print | Experto personalizado en cajas deslizables r\u00edgidas para postres navide\u00f1os--Interpretando el dulce sentido ritual con artesan\u00eda<\/strong><\/p>\n<p>En el panorama de los regalos navide\u00f1os, el envase no es s\u00f3lo el guardi\u00e1n del producto, sino tambi\u00e9n el medio de transmisi\u00f3n emocional. ZOJO Print lleva 16 a\u00f1os profundamente implicada en el campo de los envases de alta gama, centr\u00e1ndose en crear soluciones de cajas deslizantes duras con valor est\u00e9tico y funcionalidad para las marcas de postres.<\/p>","protected":false},"featured_media":9804,"template":"","meta":[],"product_brand":[],"product_cat":[30,422,31,426],"product_tag":[1277,1275,1276],"class_list":{"0":"post-9791","1":"product","2":"type-product","3":"status-publish","4":"has-post-thumbnail","6":"product_cat-by-industry","7":"product_cat-custom-gourmet-boxes-by-industry","8":"product_cat-paper-box-style","9":"product_cat-paper-drawer-boxes","10":"product_tag-box-packaging-supplier","11":"product_tag-dessert-rigid-slider-box","12":"product_tag-slider-box-packaging","14":"first","15":"instock","16":"shipping-taxable","17":"product-type-simple"},"_links":{"self":[{"href":"https:\/\/zojopackaging.com\/es\/wp-json\/wp\/v2\/product\/9791","targetHints":{"allow":["GET"]}}],"collection":[{"href":"https:\/\/zojopackaging.com\/es\/wp-json\/wp\/v2\/product"}],"about":[{"href":"https:\/\/zojopackaging.com\/es\/wp-json\/wp\/v2\/types\/product"}],"version-history":[{"count":1,"href":"https:\/\/zojopackaging.com\/es\/wp-json\/wp\/v2\/product\/9791\/revisions"}],"predecessor-version":[{"id":9806,"href":"https:\/\/zojopackaging.com\/es\/wp-json\/wp\/v2\/product\/9791\/revisions\/9806"}],"wp:featuredmedia":[{"embeddable":true,"href":"https:\/\/zojopackaging.com\/es\/wp-json\/wp\/v2\/media\/9804"}],"wp:attachment":[{"href":"https:\/\/zojopackaging.com\/es\/wp-json\/wp\/v2\/media?parent=9791"}],"wp:term":[{"taxonomy":"product_brand","embeddable":true,"href":"https:\/\/zojopackaging.com\/es\/wp-json\/wp\/v2\/product_brand?post=9791"},{"taxonomy":"product_cat","embeddable":true,"href":"https:\/\/zojopackaging.com\/es\/wp-json\/wp\/v2\/product_cat?post=9791"},{"taxonomy":"product_tag","embeddable":true,"href":"https:\/\/zojopackaging.com\/es\/wp-json\/wp\/v2\/product_tag?post=9791"}],"curies":[{"name":"wp","href":"https:\/\/api.w.org\/{rel}","templated":true}]}}