{"id":9793,"date":"2025-04-03T20:55:57","date_gmt":"2025-04-03T12:55:57","guid":{"rendered":"https:\/\/zojopackaging.com\/?post_type=product&#038;p=9793"},"modified":"2025-04-03T21:16:50","modified_gmt":"2025-04-03T13:16:50","slug":"custom-cylinder-perfume-box-paper-tube-packaging-design","status":"publish","type":"product","link":"https:\/\/zojopackaging.com\/es\/product\/custom-cylinder-perfume-box-paper-tube-packaging-design\/","title":{"rendered":"Cilindro a medida Caja de perfume Tubo de papel Dise\u00f1o de envases"},"content":{"rendered":"<h2 id=\"-1-innovative-structural-design-upper-and-lower-covers-are-separated-and-safety-protection-is-upgraded-\"><strong>1. Dise\u00f1o estructural innovador: las cubiertas superior e inferior est\u00e1n separadas, y se mejora la protecci\u00f3n de seguridad.<\/strong><\/h2>\n<p>Este perfumero cil\u00edndrico adopta un\u00a0<strong>estructura de cubierta superior e inferior separadas<\/strong>. A trav\u00e9s del dise\u00f1o de mordida precisa de la tapa de la caja y la caja inferior, el impacto de la fuerza externa durante el transporte se dispersa uniformemente. El forro est\u00e1 hecho de EVA o material de amortiguaci\u00f3n de esponja, combinado con el proceso de fondo de caja de enchufe inverso franc\u00e9s para asegurar que el frasco de perfume est\u00e1 protegido de apretar o colisi\u00f3n durante el transporte. El cuerpo de la caja utiliza un tubo de cart\u00f3n blanco o papel kraft de 1-2 mm de grosor respetuoso con el medio ambiente, que tiene tanto rigidez como resistencia a la compresi\u00f3n, y el rendimiento de la protecci\u00f3n se verifica mediante la prueba de ca\u00edda de la norma ISO.<\/p>\n<h2 id=\"-2-luxurious-craftsmanship-presentation-hot-stamping-and-silver-stamping-details-highlight-quality-\"><strong>2. Lujosa presentaci\u00f3n artesanal: estampaci\u00f3n en caliente y estampaci\u00f3n en plata, los detalles resaltan la calidad<\/strong><\/h2>\n<p>Adoptar\u00a0<strong>nanotecnolog\u00eda de estampaci\u00f3n en caliente\/estampaci\u00f3n en plata<\/strong>El logotipo de la marca, el patr\u00f3n o el microtexto se reproducen con precisi\u00f3n, con una resoluci\u00f3n de hasta 0,1 mm, y el toque tridimensional del brillo met\u00e1lico puede presentarse incluso en textos peque\u00f1os o patrones complejos. Combinado con tecnolog\u00edas de tratamiento de superficies como el revestimiento UV y el laminado mate, mejora la resistencia al desgaste y los niveles de luz y sombra, lo que confiere al envase\u00a0<strong>textura a nivel de joyer\u00eda<\/strong>. Por ejemplo, el cl\u00e1sico proceso de estampaci\u00f3n en caliente en relieve de Chanel puede integrarse en el dise\u00f1o para reproducir la tensi\u00f3n art\u00edstica del estilo barroco.<\/p>\n<h2 id=\"-3-all-round-customization-service-deep-adaptation-from-size-to-brand-genes-\"><strong>3. Servicio de personalizaci\u00f3n integral: adaptaci\u00f3n profunda desde el tama\u00f1o hasta los genes de la marca.<\/strong><\/h2>\n<ul>\n<li><strong>Adaptaci\u00f3n precisa del tama\u00f1o<\/strong>: Obtener los datos de la botella de perfume a trav\u00e9s de la tecnolog\u00eda de escaneo 3D, y personalizar el cuerpo de la caja en combinaci\u00f3n con el instrumento de medici\u00f3n de la desviaci\u00f3n del eje vertical (error \u2264 0,05 mm) para asegurar la brecha cero entre el cuerpo de la botella y el revestimiento.<\/li>\n<li><strong>Selecci\u00f3n flexible de materiales<\/strong>: Proporciona papel art\u00edstico de 157 g, papel perlado, papel de tablero de t\u00e9 y otros m\u00e1s de 10 materiales respetuosos con el medio ambiente, admite laminaci\u00f3n mate\/brillante, gofrado y otros m\u00e1s de 20 procesos de superficie.<\/li>\n<li><strong>Dise\u00f1o libre de color y dibujo<\/strong>: Admite la impresi\u00f3n de colores planos Pantone, la superposici\u00f3n de colores degradados y el barniz local UV, y puede integrarse con la pintura de tinta oriental, la deconstrucci\u00f3n geom\u00e9trica y otros estilos, como la serie de ilustraciones de plantas del estudio DERRICK LIN de Corea del Sur, convirtiendo la experiencia de unboxing en una narrativa de marca.<\/li>\n<\/ul>\n<h2 id=\"-4-personalized-creative-extension-fusion-of-accessories-and-functions-\"><strong>4. Ampliaci\u00f3n creativa personalizada: fusi\u00f3n de accesorios y funciones<\/strong><\/h2>\n<ul>\n<li><strong>Accesorios decorativos<\/strong>: Puede a\u00f1adir elementos como lazos de cinta, colgantes dorados, ventanas acr\u00edlicas, etc., como la tapa de botella con degradado de esmalte de la caja Xiangfuer Hongyan, que refleja un lujo personalizado.<\/li>\n<li><strong>Dise\u00f1o multifuncional<\/strong>: La tapa de la caja puede integrarse con apertura y cierre magn\u00e9ticos, hebillas ocultas o incrustarse en la zona de la etiqueta del c\u00f3digo QR para lograr la doble funci\u00f3n de lucha contra la falsificaci\u00f3n y marketing interactivo.<\/li>\n<\/ul>","protected":false},"excerpt":{"rendered":"<ul>\n<li><strong>Comunicaci\u00f3n de todo el proceso<\/strong>: Desde el acoplamiento de la demanda hasta la confirmaci\u00f3n de las pruebas, equipados con gestores de proyectos y dise\u00f1adores exclusivos, apoyando la previsualizaci\u00f3n del modelado 3D y la entrega de muestras f\u00edsicas, para garantizar que el dise\u00f1o es 100% acorde con el tono de la marca.<\/li>\n<li><strong>Garant\u00eda t\u00e9cnica<\/strong>: Bas\u00e1ndonos en el sistema de gesti\u00f3n ERP de impresi\u00f3n y en equipos de impresi\u00f3n offset de alta precisi\u00f3n, podemos lograr un control de calidad de enlace completo desde el dise\u00f1o hasta la producci\u00f3n, acortar el ciclo de entrega en 30% y reducir la tasa de defectos a menos de 0,5%.<\/li>\n<li><strong>Refrendo del caso<\/strong>: Sirve a m\u00e1s de 5.000 marcas conocidas de todo el mundo, como la caja de estilo barroco del envase de la serie Chance Encounter de Chanel y el dise\u00f1o de hueco geom\u00e9trico otomano del dise\u00f1ador turco Cansu Merdamert, ambos muy reconocidos por el mercado.<\/li>\n<\/ul>","protected":false},"featured_media":9796,"template":"","meta":[],"product_brand":[],"product_cat":[30,417,31,429],"product_tag":[498,337,1278],"class_list":{"0":"post-9793","1":"product","2":"type-product","3":"status-publish","4":"has-post-thumbnail","6":"product_cat-by-industry","7":"product_cat-custom-perfume-boxes-by-industry","8":"product_cat-paper-box-style","9":"product_cat-paper-tube-boxes","10":"product_tag-custom-perfume-packaging","11":"product_tag-perfume-box","12":"product_tag-perfume-paper-tube","14":"first","15":"instock","16":"shipping-taxable","17":"product-type-grouped"},"_links":{"self":[{"href":"https:\/\/zojopackaging.com\/es\/wp-json\/wp\/v2\/product\/9793","targetHints":{"allow":["GET"]}}],"collection":[{"href":"https:\/\/zojopackaging.com\/es\/wp-json\/wp\/v2\/product"}],"about":[{"href":"https:\/\/zojopackaging.com\/es\/wp-json\/wp\/v2\/types\/product"}],"version-history":[{"count":1,"href":"https:\/\/zojopackaging.com\/es\/wp-json\/wp\/v2\/product\/9793\/revisions"}],"predecessor-version":[{"id":9814,"href":"https:\/\/zojopackaging.com\/es\/wp-json\/wp\/v2\/product\/9793\/revisions\/9814"}],"wp:featuredmedia":[{"embeddable":true,"href":"https:\/\/zojopackaging.com\/es\/wp-json\/wp\/v2\/media\/9796"}],"wp:attachment":[{"href":"https:\/\/zojopackaging.com\/es\/wp-json\/wp\/v2\/media?parent=9793"}],"wp:term":[{"taxonomy":"product_brand","embeddable":true,"href":"https:\/\/zojopackaging.com\/es\/wp-json\/wp\/v2\/product_brand?post=9793"},{"taxonomy":"product_cat","embeddable":true,"href":"https:\/\/zojopackaging.com\/es\/wp-json\/wp\/v2\/product_cat?post=9793"},{"taxonomy":"product_tag","embeddable":true,"href":"https:\/\/zojopackaging.com\/es\/wp-json\/wp\/v2\/product_tag?post=9793"}],"curies":[{"name":"wp","href":"https:\/\/api.w.org\/{rel}","templated":true}]}}