{"id":9807,"date":"2025-04-03T21:07:55","date_gmt":"2025-04-03T13:07:55","guid":{"rendered":"https:\/\/zojopackaging.com\/?post_type=product&#038;p=9807"},"modified":"2025-04-03T21:19:19","modified_gmt":"2025-04-03T13:19:19","slug":"customized-paper-pre-roll-packaging-drawer-box-manufacturer","status":"publish","type":"product","link":"https:\/\/zojopackaging.com\/es\/product\/customized-paper-pre-roll-packaging-drawer-box-manufacturer\/","title":{"rendered":"Fabricante de cajas de embalaje de papel preenrollado personalizadas"},"content":{"rendered":"<h3 id=\"-1-convenient-pull-out-design-ribbon-slides-open-and-enjoy-\"><strong>1. C\u00f3modo dise\u00f1o extra\u00edble: la cinta se desliza, se abre y se disfruta<\/strong><\/h3>\n<p>Adopte\u00a0<strong>sistema de gu\u00edas deslizantes silenciosas de doble v\u00eda<\/strong>Con el dispositivo de tracci\u00f3n de cinta personalizado, se consigue una extracci\u00f3n r\u00e1pida en 0,3 segundos. Los consumidores no necesitan operaciones complicadas, basta con tirar para sacar completamente el producto, y la experiencia de apertura y cierre es suave y fluida.<\/p>\n<h3 id=\"-2-intelligent-partition-partition-classification-identification-improve-efficiency-\"><strong>2. Partici\u00f3n inteligente: identificaci\u00f3n de la clasificaci\u00f3n, mejora de la eficacia<\/strong><\/h3>\n<p>La caja est\u00e1 equipada con\u00a0<strong>tabique magn\u00e9tico extra\u00edble<\/strong>que admite la divisi\u00f3n libre de 6-12 posiciones independientes. La superficie de la divisi\u00f3n puede imprimirse con informaci\u00f3n clave, como el nombre del producto, el contenido de THC\/CBD, etc., y con el\u00a0<strong>Proceso de gofrado parcial UV<\/strong>El texto es claramente identificable. Los consumidores pueden localizar r\u00e1pidamente el producto de destino en funci\u00f3n de sus necesidades, y la eficiencia de compra se ve mejorada por 40%<\/p>\n<h3 id=\"-3-environmentally-friendly-material-performance-symphony-of-coated-paper-gray-board-\"><strong>3. Material respetuoso con el medio ambiente: Sinfon\u00eda de rendimiento de papel estucado + cart\u00f3n gris<\/strong><\/h3>\n<p>-\u00a0<strong>Sustrato de la caja exterior<\/strong>:\u00a0<strong>Papel estucado de 157 g<\/strong>\u00a0y, tras la laminaci\u00f3n a doble cara, la resistencia a la fricci\u00f3n alcanza el nivel 4 (norma ISO 12647), y la resistencia a la compresi\u00f3n aumenta en 50%;<\/p>\n<p>-\u00a0<strong>Estructura del revestimiento interior<\/strong>:\u00a0<strong>Cartulina blanca de 300 g + cart\u00f3n gris proceso compuesto<\/strong>\u00a070%, manteniendo la planitud del cuerpo de la caja;<\/p>\n<p>-\u00a0<strong>Garant\u00eda de estanqueidad<\/strong>: La tapa de la caja y el cuerpo de la caja adoptan una estructura de cinta para garantizar que el sellado cumple la norma durante el transporte.<\/p>\n<h3 id=\"-4-visual-psychology-brand-expression-in-color-collision-\"><strong>4. Psicolog\u00eda visual: La expresi\u00f3n de la marca en la colisi\u00f3n de colores<\/strong><\/h3>\n<p>Con\u00a0<strong>naranja vivo + verde fresco<\/strong>\u00a0como color principal, la combinaci\u00f3n contrastada de Pantone 16-1364 TCX (naranja vibrante) y 16-5938 TCX (verde natural) transmite un tono de marca m\u00e1s joven y saludable. El forro verde forma un eco visual con el LOGO, y la cinta rosa es el toque final para suavizar el tono general y crear un punto de memoria visual de \"vibrante pero elegante\".<\/p>\n<h3 id=\"-5-design-empowerment-precise-implementation-from-concept-to-mass-production-\"><strong>5. Potenciaci\u00f3n del dise\u00f1o: aplicaci\u00f3n precisa desde el concepto hasta la producci\u00f3n en serie<\/strong><\/h3>\n<p>El equipo dirigido por 3 dise\u00f1adores s\u00e9nior de envases ofrece tres grandes servicios personalizados: -\u00a0<strong>Innovaci\u00f3n estructural<\/strong>: Desarrollar 12 estructuras de cajones patentadas (como capas giratorias, cerraduras con contrase\u00f1a), compatibles con productos de formas especiales;<\/p>\n<p>-\u00a0<strong>Optimizaci\u00f3n interactiva<\/strong>: Incorpore un chip NFC (opcional), escanee el c\u00f3digo para obtener informaci\u00f3n sobre la trazabilidad del producto y las historias de la marca;<\/p>\n<p>-\u00a0<strong>Iteraci\u00f3n r\u00e1pida<\/strong>: Soporta la previsualizaci\u00f3n en tiempo real del modelado 3D, y completa la confirmaci\u00f3n del plan de dise\u00f1o en 8 horas.<\/p>\n<h3 id=\"-6-smart-manufacturing-system-16-year-factory-hardcore-guarantee-\"><strong>6. Sistema de fabricaci\u00f3n inteligente: 16 a\u00f1os de garant\u00eda de dureza en f\u00e1brica<\/strong><\/h3>\n<p>-\u00a0<strong>Matriz de equipos<\/strong>: Equipada con 18 equipos internacionales, como la imprenta de cinco colores Manroland R700 y la imprenta offset UV Heidelberg de 7 colores, con una precisi\u00f3n de impresi\u00f3n de 1.200 ppp.\u00a0<strong>Normas de control de calidad<\/strong>: Certificaci\u00f3n ISO 9001\/BRCGS superada, cada lote de productos se somete a 12 inspecciones de calidad (diferencia de color \u0394E\u22641,5, resistencia a la compresi\u00f3n \u2265300N).\u00a0<strong>Configuraci\u00f3n de la capacidad<\/strong>: Capacidad de producci\u00f3n diaria de 200.000 piezas, que admite pedidos desde 500 piezas hasta la producci\u00f3n en serie de un mill\u00f3n de piezas, y los pedidos urgentes se entregan en 24 horas.<\/p>\n<h3 id=\"-7-value-commitment-triple-balance-of-quality-efficiency-and-cost-\"><strong>7. Compromiso de valor: triple equilibrio entre calidad, eficiencia y coste<\/strong><\/h3>\n<p>-\u00a0<strong>Optimizaci\u00f3n de costes<\/strong>: Adoptando el sistema de composici\u00f3n digital, la tasa de p\u00e9rdida de material se reduce a menos de 3%, ahorrando 15% de costes en comparaci\u00f3n con el proceso tradicional;<\/p>\n<p>-\u00a0<strong>Respuesta \u00e1gil<\/strong>: Sistema log\u00edstico de doble almac\u00e9n en el este y el sur de China, acceso directo en 48 horas a todo el pa\u00eds;<\/p>\n<p>-\u00a0<strong>Servicio a largo plazo<\/strong>: Proporcionar la gesti\u00f3n del ciclo de vida de los envases, incluida la alerta de inventario, el plan de reposici\u00f3n y el plan de reciclaje de cajas viejas.<\/p>","protected":false},"excerpt":{"rendered":"<p><strong>ZOJO Print | Papel Personalizado Pre-enrollado Caj\u00f3n de Embalaje Experto - Potenciando el Valor de Marca con un Dise\u00f1o Ingenioso<\/strong><\/p>\n<p>En el vertiginoso mercado de consumo, el envasado de productos Pre-roll no solo debe satisfacer las necesidades funcionales, sino tambi\u00e9n transmitir el tono de la marca a trav\u00e9s del dise\u00f1o para mejorar la experiencia del usuario. ZOJO Print lleva 16 a\u00f1os muy implicada en el campo del envasado, centr\u00e1ndose en la creaci\u00f3n de cajas de papel para cajones de Pre-roll con valor pr\u00e1ctico y est\u00e9tico para marcas como CBD y cigarrillos electr\u00f3nicos.<\/p>","protected":false},"featured_media":9811,"template":"","meta":[],"product_brand":[],"product_cat":[30,420,31,426],"product_tag":[1279,1281,1280],"class_list":{"0":"post-9807","1":"product","2":"type-product","3":"status-publish","4":"has-post-thumbnail","6":"product_cat-by-industry","7":"product_cat-custom-cannabis-boxes","8":"product_cat-paper-box-style","9":"product_cat-paper-drawer-boxes","10":"product_tag-customized-paper-pre-roll-packaging","11":"product_tag-pre-roll-packaging","12":"product_tag-pre-roll-packaging-drawer-box","14":"first","15":"instock","16":"shipping-taxable","17":"product-type-simple"},"_links":{"self":[{"href":"https:\/\/zojopackaging.com\/es\/wp-json\/wp\/v2\/product\/9807","targetHints":{"allow":["GET"]}}],"collection":[{"href":"https:\/\/zojopackaging.com\/es\/wp-json\/wp\/v2\/product"}],"about":[{"href":"https:\/\/zojopackaging.com\/es\/wp-json\/wp\/v2\/types\/product"}],"version-history":[{"count":1,"href":"https:\/\/zojopackaging.com\/es\/wp-json\/wp\/v2\/product\/9807\/revisions"}],"predecessor-version":[{"id":9822,"href":"https:\/\/zojopackaging.com\/es\/wp-json\/wp\/v2\/product\/9807\/revisions\/9822"}],"wp:featuredmedia":[{"embeddable":true,"href":"https:\/\/zojopackaging.com\/es\/wp-json\/wp\/v2\/media\/9811"}],"wp:attachment":[{"href":"https:\/\/zojopackaging.com\/es\/wp-json\/wp\/v2\/media?parent=9807"}],"wp:term":[{"taxonomy":"product_brand","embeddable":true,"href":"https:\/\/zojopackaging.com\/es\/wp-json\/wp\/v2\/product_brand?post=9807"},{"taxonomy":"product_cat","embeddable":true,"href":"https:\/\/zojopackaging.com\/es\/wp-json\/wp\/v2\/product_cat?post=9807"},{"taxonomy":"product_tag","embeddable":true,"href":"https:\/\/zojopackaging.com\/es\/wp-json\/wp\/v2\/product_tag?post=9807"}],"curies":[{"name":"wp","href":"https:\/\/api.w.org\/{rel}","templated":true}]}}