{"id":9815,"date":"2025-04-03T21:17:05","date_gmt":"2025-04-03T13:17:05","guid":{"rendered":"https:\/\/zojopackaging.com\/?post_type=product&#038;p=9815"},"modified":"2025-04-03T21:31:58","modified_gmt":"2025-04-03T13:31:58","slug":"wholesale-custom-luxury-watch-case-box-supplier-with-insert","status":"publish","type":"product","link":"https:\/\/zojopackaging.com\/es\/product\/wholesale-custom-luxury-watch-case-box-supplier-with-insert\/","title":{"rendered":"Mayorista Estuche de lujo para relojes Proveedor con Inserto"},"content":{"rendered":"<h2 id=\"-1-combination-of-design-aesthetics-and-functionality-blue-white-and-gray-luxury-drawer-box-\"><strong>1. Combinaci\u00f3n de est\u00e9tica de dise\u00f1o y funcionalidad: cajonera de lujo azul, blanca y gris.<\/strong><\/h2>\n<p>Este producto adopta la cl\u00e1sica combinaci\u00f3n de colores azul, blanco y gris, con tonos elegantes y firmes. Con el dise\u00f1o de estructura de tipo caj\u00f3n, es conveniente para la exhibici\u00f3n de productos y puede mejorar el sentido de la ceremonia de apertura y cierre. La superficie del cuerpo de la caja adopta el proceso de laminaci\u00f3n de papel estucado de alto brillo (157 GSM), que tiene un tacto delicado y se combina con la personalizaci\u00f3n con estampaci\u00f3n en caliente\/logotipo de marca plateado o LOGO para resaltar el lujo y la exquisitez. El riel del caj\u00f3n adopta un dise\u00f1o de succi\u00f3n magn\u00e9tica oculta para garantizar una apertura y cierre suaves evitando el riesgo de desgaste de los herrajes tradicionales.<\/p>\n<h2 id=\"-2-high-hardness-compression-resistant-structure-1200-gsm-gray-board-coated-paper-composite-process-\"><strong>2. Estructura resistente a la compresi\u00f3n de alta dureza: Cart\u00f3n gris 1200 GSM + proceso compuesto de papel art\u00edstico estucado<\/strong><\/h2>\n<p>El cuerpo de la caja utiliza cart\u00f3n gris de alta densidad de 1200 GSM como material de base, y la capa exterior se compone de papel art\u00edstico recubierto de 157 GSM, y se forma una fuerte estructura de caja mediante un proceso de prensado a alta temperatura. El interior est\u00e1 soportado por cart\u00f3n de nido de abeja o nervios de refuerzo de EVA, con una resistencia a la compresi\u00f3n de m\u00e1s de 50KG, que puede resistir eficazmente la extrusi\u00f3n y la colisi\u00f3n durante el transporte. El dise\u00f1o de la tapa superior e inferior o de la caja en forma de libro mejora a\u00fan m\u00e1s el rendimiento del sellado y es adecuado para el transporte de larga distancia, como el transporte mar\u00edtimo y a\u00e9reo.<\/p>\n<h2 id=\"-3-exclusive-die-cut-lining-precision-protection-and-brand-display-\"><strong>3. Forro troquelado exclusivo: protecci\u00f3n de precisi\u00f3n y exhibici\u00f3n de la marca<\/strong><\/h2>\n<p>El forro est\u00e1 fabricado con esponja de alta densidad o franela respetuosa con el medio ambiente, que se troquela con precisi\u00f3n mediante moldes de control num\u00e9rico CNC para adaptarse perfectamente a los contornos de los relojes y accesorios (como correas, herramientas, etc.). La estructura en capas puede dise\u00f1arse seg\u00fan las necesidades del cliente:<\/p>\n<ul>\n<li><strong>Capa superior<\/strong>: zona de visualizaci\u00f3n, con un soporte acr\u00edlico transparente para fijar el reloj, visibilidad de 360\u00b0;<\/li>\n<li><strong>Capa intermedia<\/strong>: compartimento para accesorios tipo caj\u00f3n, almacenamiento separado de correas, tarjetas de garant\u00eda, etc;<\/li>\n<li><strong>Capa inferior<\/strong>: se utiliza una capa amortiguadora a prueba de golpes, espuma con memoria o EVA flocada para evitar sacudidas.<\/li>\n<\/ul>\n<h2 id=\"-4-one-stop-service-for-foreign-trade-experience-and-efficiency-guarantee-\"><strong>4. Servicio integral de comercio exterior: experiencia y garant\u00eda de eficacia<\/strong><\/h2>\n<p>El equipo lleva 16 a\u00f1os profundamente implicado en el campo de los envases para comercio exterior y est\u00e1 familiarizado con las normas de mercado de Europa, Estados Unidos, Oriente Medio y otros pa\u00edses (como la certificaci\u00f3n FSC o los requisitos de protecci\u00f3n medioambiental REACH), ofreciendo un servicio completo desde el dise\u00f1o, las pruebas y la producci\u00f3n hasta la log\u00edstica:<\/p>\n<ul>\n<li><strong>Apoyo al dise\u00f1o<\/strong>: Renderizados 3D gratuitos y muestras de materiales;<\/li>\n<li><strong>Ciclo de producci\u00f3n<\/strong>: Las muestras se entregan en 2-3 d\u00edas, y las grandes cantidades se completan en 7-114 d\u00edas (se admite la entrega acelerada);<\/li>\n<li><strong>Soluci\u00f3n log\u00edstica<\/strong>: Se pueden ofrecer condiciones DDP\/DAP, integrando la declaraci\u00f3n de aduanas y la entrega en almac\u00e9n de ultramar.<\/li>\n<\/ul>\n<h2 id=\"-5-advantages-of-the-source-factory-automated-production-capacity-and-cost-optimization-\"><strong>5. Ventajas de la f\u00e1brica de origen: capacidad de producci\u00f3n automatizada y optimizaci\u00f3n de costes.<\/strong><\/h2>\n<p>Como f\u00e1brica de origen en la regi\u00f3n china del delta del r\u00edo Perla, cuenta con una base de producci\u00f3n automatizada de 3.000 metros cuadrados, equipada con troqueladoras totalmente autom\u00e1ticas, l\u00edneas de impresi\u00f3n UV y equipos de inspecci\u00f3n de calidad, alcanzando una capacidad de producci\u00f3n diaria de 50.000 piezas. Gracias al aprovisionamiento a gran escala (suministro directo de materias primas como cuero y tableros grises) y a la gesti\u00f3n ajustada de la producci\u00f3n, el precio es 15%-20% inferior al del mercado con la misma calidad.<\/p>\n<h2 id=\"-6-deep-customization-capability-brand-personalized-solution-\"><strong>6. Gran capacidad de personalizaci\u00f3n: Soluci\u00f3n personalizada de la marca<\/strong><\/h2>\n<p>Admite la personalizaci\u00f3n en todas las dimensiones:<\/p>\n<ul>\n<li><strong>Talla<\/strong>: Dise\u00f1o flexible desde ep\u00edtopo \u00fanico a ep\u00edtopos m\u00faltiples (4\/6\/8\/10 d\u00edgitos);<\/li>\n<li><strong>Artesan\u00eda<\/strong>: Disponemos de m\u00e1s de 20 procesos, como estampaci\u00f3n en caliente, gofrado, serigraf\u00eda, grabado por l\u00e1ser, etc;<\/li>\n<li><strong>Funci\u00f3n<\/strong>: Chip sensor de temperatura y humedad incorporado, etiqueta antifalsificaci\u00f3n NFC y otros m\u00f3dulos inteligentes;<\/li>\n<li><strong>Sostenibilidad<\/strong>: Ofrezca opciones respetuosas con el medio ambiente, como papel degradable y cuero PU de origen vegetal.<\/li>\n<\/ul>","protected":false},"excerpt":{"rendered":"<p>Nuestras cajas de papel para embalaje de relojes de alta gama adoptan un dise\u00f1o de corte geom\u00e9trico deconstruccionista, que sublima la ceremonia de inauguraci\u00f3n en una experiencia art\u00edstica. El cuerpo de la caja se selecciona cuidadosamente con un forro de alta calidad, que admite la personalizaci\u00f3n. Cada detalle cuenta la historia exclusiva de los \"coleccionistas de tiempo\", redefiniendo la \u00e9tica del embalaje de lujo con un lujo sostenible y ligero.<\/p>","protected":false},"featured_media":9819,"template":"","meta":[],"product_brand":[],"product_cat":[30,413,31,426],"product_tag":[1284,1285,1286],"class_list":{"0":"post-9815","1":"product","2":"type-product","3":"status-publish","4":"has-post-thumbnail","6":"product_cat-by-industry","7":"product_cat-consumer-electronics-boxes","8":"product_cat-paper-box-style","9":"product_cat-paper-drawer-boxes","10":"product_tag-custom-watch-box","11":"product_tag-luxury-watch-case-box","12":"product_tag-watch-box-supplier","14":"first","15":"instock","16":"shipping-taxable","17":"product-type-grouped"},"_links":{"self":[{"href":"https:\/\/zojopackaging.com\/es\/wp-json\/wp\/v2\/product\/9815","targetHints":{"allow":["GET"]}}],"collection":[{"href":"https:\/\/zojopackaging.com\/es\/wp-json\/wp\/v2\/product"}],"about":[{"href":"https:\/\/zojopackaging.com\/es\/wp-json\/wp\/v2\/types\/product"}],"version-history":[{"count":1,"href":"https:\/\/zojopackaging.com\/es\/wp-json\/wp\/v2\/product\/9815\/revisions"}],"predecessor-version":[{"id":9831,"href":"https:\/\/zojopackaging.com\/es\/wp-json\/wp\/v2\/product\/9815\/revisions\/9831"}],"wp:featuredmedia":[{"embeddable":true,"href":"https:\/\/zojopackaging.com\/es\/wp-json\/wp\/v2\/media\/9819"}],"wp:attachment":[{"href":"https:\/\/zojopackaging.com\/es\/wp-json\/wp\/v2\/media?parent=9815"}],"wp:term":[{"taxonomy":"product_brand","embeddable":true,"href":"https:\/\/zojopackaging.com\/es\/wp-json\/wp\/v2\/product_brand?post=9815"},{"taxonomy":"product_cat","embeddable":true,"href":"https:\/\/zojopackaging.com\/es\/wp-json\/wp\/v2\/product_cat?post=9815"},{"taxonomy":"product_tag","embeddable":true,"href":"https:\/\/zojopackaging.com\/es\/wp-json\/wp\/v2\/product_tag?post=9815"}],"curies":[{"name":"wp","href":"https:\/\/api.w.org\/{rel}","templated":true}]}}