{"id":9823,"date":"2025-04-03T21:19:32","date_gmt":"2025-04-03T13:19:32","guid":{"rendered":"https:\/\/zojopackaging.com\/?post_type=product&#038;p=9823"},"modified":"2025-04-03T21:30:43","modified_gmt":"2025-04-03T13:30:43","slug":"custom-cannabis-pre-roll-slide-out-box-packaging-supplier","status":"publish","type":"product","link":"https:\/\/zojopackaging.com\/es\/product\/custom-cannabis-pre-roll-slide-out-box-packaging-supplier\/","title":{"rendered":"Proveedor de cajas deslizables preenrolladas a medida para cannabis"},"content":{"rendered":"<h3 id=\"-1-material-science-double-protection-of-coated-paper-grey-board-\"><strong>1. Ciencia de los materiales: Doble protecci\u00f3n de papel estucado + cart\u00f3n gris<\/strong><\/h3>\n<p>-\u00a0<strong>Material de la base de la caja exterior<\/strong>:\u00a0<strong>Papel estucado de 157 g<\/strong>\u00a0y tras el tratamiento de laminaci\u00f3n (mate\/brillante opcional), la resistencia a la fricci\u00f3n alcanza el nivel 4, y la resistencia a la compresi\u00f3n aumenta en 50%;<\/p>\n<p>-\u00a0<strong>Estructura del forro interior<\/strong>:\u00a0<strong>Cartulina blanca de 300 g<\/strong>\u00a0se utiliza, el rendimiento a prueba de humedad se incrementa en 70%, manteniendo la planitud del cuerpo de la caja;<\/p>\n<p>-\u00a0<strong>Certificaci\u00f3n medioambiental<\/strong>: Todos los materiales cuentan con la certificaci\u00f3n FSC y cumplen los requisitos de sostenibilidad de Health Canada para los envases de marihuana.<\/p>\n<h3><\/h3>\n<h3 id=\"-2-pull-out-design-the-perfect-balance-of-convenience-and-safety-\"><strong>2. Dise\u00f1o extra\u00edble: el equilibrio perfecto entre comodidad y seguridad<\/strong><\/h3>\n<p>-\u00a0<strong>Sistema silencioso<\/strong>: Tiempos de extracci\u00f3n \u22655000 veces sin atascos, suavidad de apertura y cierre aumentada en 60%;<\/p>\n<p>-\u00a0<strong>Mecanismo de protecci\u00f3n de la infancia<\/strong>:\u00a0<strong>Dise\u00f1o de hebilla antitoques<\/strong>\u00a0(consulte la norma canadiense CPR), y se requiere una fuerza superior a 5N para abrirlo, lo que cumple los requisitos reglamentarios del mercado norteamericano;<\/p>\n<p>-\u00a0<strong>Protecci\u00f3n antis\u00edsmica<\/strong>: En la caja puede colocarse una capa amortiguadora de cart\u00f3n alveolar, con un \u00edndice de absorci\u00f3n de vibraciones de 90%, y el \u00edndice de da\u00f1os durante el transporte se reduce a menos de 0,3%.<\/p>\n<h3><\/h3>\n<h3 id=\"-3-visual-language-brand-narrative-of-color-and-pattern-\"><strong>3. Lenguaje visual: La narrativa de marca del color y el dibujo<\/strong><\/h3>\n<p>-\u00a0<strong>Combinaci\u00f3n de colores<\/strong>: Los colores principales son\u00a0<strong>Pantone 15-1050 TCX (Amarillo brillante)<\/strong>\u00a0y\u00a0<strong>17-1456 TCX (Herm\u00e8s Naranja)<\/strong>y la transici\u00f3n de gradiente de 0,1 mm se consigue mediante una impresi\u00f3n de alta precisi\u00f3n de 1200 ppp;<\/p>\n<p>-\u00a0<strong>Tecnolog\u00eda de talla fina<\/strong>: Local\u00a0<strong>Gofrado UV + grabado l\u00e1ser<\/strong>\u00a0hace que el patr\u00f3n sea claro al tacto y que el rendimiento antifalsificaci\u00f3n mejore con 40%;<\/p>\n<p>-\u00a0<strong>Psicolog\u00eda visual<\/strong>: La combinaci\u00f3n de colores c\u00e1lidos transmite una tonalidad de marca de gama alta y vibrante, acorde con la tendencia est\u00e9tica de los j\u00f3venes consumidores norteamericanos.<\/p>\n<h3><\/h3>\n<h3 id=\"-4-smart-partitioning-flexible-adaptation-of-modular-lining-\"><strong>4. Partici\u00f3n inteligente: adaptaci\u00f3n flexible del revestimiento modular<\/strong><\/h3>\n<p>-\u00a0<strong>N\u00famero de ranuras<\/strong>: soporta 3-8 posiciones independientes, se puede personalizar en diferentes tama\u00f1os (di\u00e1metro 5-15mm), y es adecuada para varios tipos de cigarrillos Pre-roll;<\/p>\n<p>-\u00a0<strong>Sistema de etiquetado<\/strong>: El contenido de THC\/CBD y las etiquetas de sabor (como menta\/citrus) se imprimen en la superficie de la partici\u00f3n, y la densidad de la informaci\u00f3n se reduce en 30%;<\/p>\n<p>-\u00a0<strong>Dise\u00f1o patentado<\/strong>: Desarrollado\u00a0<strong>revestimiento magn\u00e9tico giratorio<\/strong>El envase, en el que los consumidores pueden ver el producto en 360\u00b0, fue nominado al Premio Internacional de Dise\u00f1o de Envases.<\/p>\n<h3><\/h3>\n<h3 id=\"-5-printing-technology-the-ultimate-expression-of-brand-personality-\"><strong>5. Tecnolog\u00eda de impresi\u00f3n: la m\u00e1xima expresi\u00f3n de la personalidad de la marca<\/strong><\/h3>\n<p>-\u00a0<strong>Matriz de procesos<\/strong>: -\u00a0<strong>Estampaci\u00f3n en caliente<\/strong>: carta de colores personalizados oro rosa\/oro champ\u00e1n, diferencia de color \u0394E\u22640,8; -\u00a0<strong>En relieve<\/strong>: Relieve tridimensional de 0,3 mm, tacto como la seda.\u00a0<strong>Gofrado UV<\/strong>tratamiento de realce local, la resistencia al desgaste aumenta en 50%; -\u00a0<strong>Impresi\u00f3n digital<\/strong>Apoyo a la personalizaci\u00f3n de peque\u00f1os lotes (pedido m\u00ednimo de 500 piezas), pruebas de modelado 3D completadas en 8 horas.<\/p>\n<h3><\/h3>\n<h3 id=\"-6-environmental-commitment-sustainable-packaging-solution-\"><strong>6. Compromiso medioambiental: soluci\u00f3n de envasado sostenible<\/strong><\/h3>\n<p>-\u00a0<strong>Innovaci\u00f3n de materiales<\/strong>: uso\u00a0<strong>cart\u00f3n gris degradable<\/strong>\u00a0(tasa de descomposici\u00f3n \u226590% en 12 semanas) y\u00a0<strong>tinta al agua<\/strong>Las emisiones de COV se redujeron en 95%;<\/p>\n<p>-\u00a0<strong>C\u00f3modo desembalaje<\/strong>: usar\u00a0<strong>estructura enchufable sin cola<\/strong>, los consumidores pueden abrir sin herramientas, y el tiempo de desembalaje se acorta en 70%;<\/p>\n<p>-\u00a0<strong>Dise\u00f1o circular<\/strong>el cuerpo de la caja puede reciclarse por completo, y el forro de cart\u00f3n gris favorece la reutilizaci\u00f3n, lo que cumple las directrices medioambientales canadienses sobre envases.<\/p>\n<h3><\/h3>\n<h3 id=\"-7-smart-manufacturing-cornerstone-16-years-of-industry-experience-\"><strong>7. Piedra angular de la fabricaci\u00f3n inteligente: 16 a\u00f1os de experiencia en el sector<\/strong><\/h3>\n<p>-\u00a0<strong>Matriz de equipos<\/strong>: Equipada con 18 equipos internacionales, como la imprenta de cinco colores Manroland R700 y la imprenta offset UV Heidelberg de 7 colores, con una velocidad de impresi\u00f3n de 15.000 hojas\/hora.\u00a0<strong>Sistema de control de calidad<\/strong>: Superada la certificaci\u00f3n ISO 9001\/BRCGS, cada lote de productos se somete a 12 inspecciones de calidad (diferencia de color\/compresi\u00f3n\/prueba de ca\u00edda).\u00a0<strong>Garant\u00eda de capacidad<\/strong>: Capacidad de producci\u00f3n diaria de 200.000 piezas, que admite pedidos desde 500 piezas hasta la producci\u00f3n en serie de un mill\u00f3n de piezas, y entrega en 24 horas los pedidos urgentes.<\/p>","protected":false},"excerpt":{"rendered":"<p><strong>ZOJO Print | Marihuana a medida Experto en embalajes de caja deslizante para preenrollados: proteger el valor de la marca con la innovaci\u00f3n en el cumplimiento de normativas<\/strong><\/p>\n<p>En el contexto de la acelerada legalizaci\u00f3n mundial de la marihuana, el envase no es s\u00f3lo un contenedor de productos, sino tambi\u00e9n un portador de la conformidad de la marca y la confianza del consumidor. ZOJO Print se ha implicado a fondo en el \u00e1mbito del envasado de la marihuana, siguiendo estrictamente las normativas internacionales (como el Reglamento Regulador de la Marihuana de Canad\u00e1), combinando un dise\u00f1o vanguardista con una fabricaci\u00f3n inteligente para ofrecer a las marcas soluciones de cajas deslizables Pre-roll que combinan seguridad, funcionalidad y valor est\u00e9tico.<\/p>","protected":false},"featured_media":9827,"template":"","meta":[],"product_brand":[],"product_cat":[30,420,31,426],"product_tag":[1277,1283,1282],"class_list":{"0":"post-9823","1":"product","2":"type-product","3":"status-publish","4":"has-post-thumbnail","6":"product_cat-by-industry","7":"product_cat-custom-cannabis-boxes","8":"product_cat-paper-box-style","9":"product_cat-paper-drawer-boxes","10":"product_tag-box-packaging-supplier","11":"product_tag-cannabis-box","12":"product_tag-cannabis-pre-roll-boxes","14":"first","15":"instock","16":"shipping-taxable","17":"product-type-simple"},"_links":{"self":[{"href":"https:\/\/zojopackaging.com\/es\/wp-json\/wp\/v2\/product\/9823","targetHints":{"allow":["GET"]}}],"collection":[{"href":"https:\/\/zojopackaging.com\/es\/wp-json\/wp\/v2\/product"}],"about":[{"href":"https:\/\/zojopackaging.com\/es\/wp-json\/wp\/v2\/types\/product"}],"version-history":[{"count":1,"href":"https:\/\/zojopackaging.com\/es\/wp-json\/wp\/v2\/product\/9823\/revisions"}],"predecessor-version":[{"id":9830,"href":"https:\/\/zojopackaging.com\/es\/wp-json\/wp\/v2\/product\/9823\/revisions\/9830"}],"wp:featuredmedia":[{"embeddable":true,"href":"https:\/\/zojopackaging.com\/es\/wp-json\/wp\/v2\/media\/9827"}],"wp:attachment":[{"href":"https:\/\/zojopackaging.com\/es\/wp-json\/wp\/v2\/media?parent=9823"}],"wp:term":[{"taxonomy":"product_brand","embeddable":true,"href":"https:\/\/zojopackaging.com\/es\/wp-json\/wp\/v2\/product_brand?post=9823"},{"taxonomy":"product_cat","embeddable":true,"href":"https:\/\/zojopackaging.com\/es\/wp-json\/wp\/v2\/product_cat?post=9823"},{"taxonomy":"product_tag","embeddable":true,"href":"https:\/\/zojopackaging.com\/es\/wp-json\/wp\/v2\/product_tag?post=9823"}],"curies":[{"name":"wp","href":"https:\/\/api.w.org\/{rel}","templated":true}]}}