{"id":9832,"date":"2025-04-03T21:32:07","date_gmt":"2025-04-03T13:32:07","guid":{"rendered":"https:\/\/zojopackaging.com\/?post_type=product&#038;p=9832"},"modified":"2025-04-03T21:55:40","modified_gmt":"2025-04-03T13:55:40","slug":"custom-aroma-scented-perfume-reed-diffuser-packaging-box","status":"publish","type":"product","link":"https:\/\/zojopackaging.com\/es\/product\/custom-aroma-scented-perfume-reed-diffuser-packaging-box\/","title":{"rendered":"Caja de embalaje para difusor de carrizo arom\u00e1tico personalizado"},"content":{"rendered":"<h2 id=\"-1-corporate-strength-and-supply-chain-guarantee-\"><strong>1. Fortaleza empresarial y garant\u00eda de la cadena de suministro<\/strong><\/h2>\n<p>Como f\u00e1brica de origen de la industria china de aromaterapia de rat\u00e1n desde hace 16 a\u00f1os, nuestra empresa cuenta con una l\u00ednea de producci\u00f3n totalmente autom\u00e1tica y un completo sistema de cadena de suministro, y controla estrictamente desde la adquisici\u00f3n de materias primas hasta la entrega del producto acabado. Con la ventaja de la producci\u00f3n a gran escala, ofrecemos soluciones rentables para garantizar que la calidad de los productos cumpla las normas internacionales (como la certificaci\u00f3n ISO), al tiempo que se reducen los costes para el cliente.<\/p>\n<h2 id=\"-2-flexible-customization-service-\"><strong>2. Servicio de personalizaci\u00f3n flexible<\/strong><\/h2>\n<ul>\n<li><strong>Tama\u00f1o y estructura<\/strong>: Admite la personalizaci\u00f3n del tama\u00f1o de la caja de embalaje, adopta el dise\u00f1o de \"tapa 3-en-1 cielo y tierra\", se adapta perfectamente a los frascos de perfume y aromaterapia, es f\u00e1cil de abrir y cerrar, y destaca la textura de alta gama.<\/li>\n<li><strong>Color y dise\u00f1o<\/strong>: El color principal es el negro mate, con un logotipo de la marca estampado en caliente\/en relieve, que transmite un lujo discreto y realza el tono de la marca.<\/li>\n<li><strong>Protecci\u00f3n del forro interior<\/strong>: El forro interior est\u00e1 cortado con un molde exclusivo de material EVA, que se ajusta con precisi\u00f3n a la botella del difusor de rat\u00e1n para evitar sacudidas o deformaciones por extrusi\u00f3n durante el transporte.<\/li>\n<\/ul>\n<h2 id=\"-3-packaging-structure-and-material-\"><strong>3. Estructura y material del envase<\/strong><\/h2>\n<ul>\n<li><strong>Material de alta resistencia<\/strong>: Se selecciona cart\u00f3n duro respetuoso con el medio ambiente, y la capacidad de carga se mejora mediante tecnolog\u00eda compuesta multicapa, que puede soportar la presi\u00f3n del transporte a larga distancia y proteger los productos internos de da\u00f1os.<\/li>\n<li><strong>Dise\u00f1o detallado<\/strong>: El borde del cuerpo de la caja es redondeado y tiene un tacto delicado; la estructura interna est\u00e1 razonablemente dividida y puede alojar m\u00faltiples accesorios como botellas de aromaterapia, rat\u00e1n e instrucciones al mismo tiempo.<\/li>\n<\/ul>\n<h2 id=\"-4-one-stop-service-for-foreign-trade-\"><strong>4. Ventanilla \u00fanica de comercio exterior<\/strong><\/h2>\n<p>Centrados en el campo del comercio exterior, los miembros del equipo tienen m\u00e1s de 10 a\u00f1os de experiencia en exportaci\u00f3n transfronteriza, proporcionando servicios de proceso completo desde el dise\u00f1o, la producci\u00f3n hasta la log\u00edstica, el despacho de aduanas, la personalizaci\u00f3n de etiquetas, etc. Apoyamos la comunicaci\u00f3n multiling\u00fce del servicio de atenci\u00f3n al cliente para garantizar una respuesta eficaz a las necesidades de los clientes.<\/p>","protected":false},"excerpt":{"rendered":"<ul>\n<li>\u200b<strong>Est\u00e9tica elevada:<\/strong>\u00a0El acabado en negro mate con detalles en oro rosa garantiza un atractivo de primera calidad.<\/li>\n<li>\u200b<strong>Durabilidad:<\/strong>\u00a0La estructura reforzada protege las fr\u00e1giles botellas difusoras durante el transporte.<\/li>\n<li>\u200b<strong>Marca personalizada:<\/strong>\u00a0Opciones flexibles de dise\u00f1o de logotipos, colores e inserciones para adaptarse a la marca del cliente.<\/li>\n<li>\u200b<strong>Conciencia ecol\u00f3gica:<\/strong>\u00a0Los materiales sostenibles se adaptan a las narrativas ecol\u00f3gicas de las marcas.<\/li>\n<\/ul>","protected":false},"featured_media":9833,"template":"","meta":[],"product_brand":[],"product_cat":[30,417,425,31],"product_tag":[498,1291,1290],"class_list":{"0":"post-9832","1":"product","2":"type-product","3":"status-publish","4":"has-post-thumbnail","6":"product_cat-by-industry","7":"product_cat-custom-perfume-boxes-by-industry","8":"product_cat-lid-and-base-gift-box","9":"product_cat-paper-box-style","10":"product_tag-custom-perfume-packaging","11":"product_tag-custom-scented-packaging-box","12":"product_tag-reed-diffuser-packaging","14":"first","15":"instock","16":"shipping-taxable","17":"product-type-grouped"},"_links":{"self":[{"href":"https:\/\/zojopackaging.com\/es\/wp-json\/wp\/v2\/product\/9832","targetHints":{"allow":["GET"]}}],"collection":[{"href":"https:\/\/zojopackaging.com\/es\/wp-json\/wp\/v2\/product"}],"about":[{"href":"https:\/\/zojopackaging.com\/es\/wp-json\/wp\/v2\/types\/product"}],"version-history":[{"count":1,"href":"https:\/\/zojopackaging.com\/es\/wp-json\/wp\/v2\/product\/9832\/revisions"}],"predecessor-version":[{"id":9847,"href":"https:\/\/zojopackaging.com\/es\/wp-json\/wp\/v2\/product\/9832\/revisions\/9847"}],"wp:featuredmedia":[{"embeddable":true,"href":"https:\/\/zojopackaging.com\/es\/wp-json\/wp\/v2\/media\/9833"}],"wp:attachment":[{"href":"https:\/\/zojopackaging.com\/es\/wp-json\/wp\/v2\/media?parent=9832"}],"wp:term":[{"taxonomy":"product_brand","embeddable":true,"href":"https:\/\/zojopackaging.com\/es\/wp-json\/wp\/v2\/product_brand?post=9832"},{"taxonomy":"product_cat","embeddable":true,"href":"https:\/\/zojopackaging.com\/es\/wp-json\/wp\/v2\/product_cat?post=9832"},{"taxonomy":"product_tag","embeddable":true,"href":"https:\/\/zojopackaging.com\/es\/wp-json\/wp\/v2\/product_tag?post=9832"}],"curies":[{"name":"wp","href":"https:\/\/api.w.org\/{rel}","templated":true}]}}