{"id":9839,"date":"2025-04-03T21:33:02","date_gmt":"2025-04-03T13:33:02","guid":{"rendered":"https:\/\/zojopackaging.com\/?post_type=product&#038;p=9839"},"modified":"2025-04-03T21:46:35","modified_gmt":"2025-04-03T13:46:35","slug":"custom-paper-pre-roll-box-slide-drawer-box-for-multipack-cones","status":"publish","type":"product","link":"https:\/\/zojopackaging.com\/es\/product\/custom-paper-pre-roll-box-slide-drawer-box-for-multipack-cones\/","title":{"rendered":"Caja Pre Rollos De Papel Personalizada Caj\u00f3n Deslizante Para Conos Multipack"},"content":{"rendered":"<h3 id=\"-1-material-innovation-performance-symphony-of-coated-paper-gray-board-\"><strong>1. Innovaci\u00f3n de materiales: Sinfon\u00eda de rendimiento de papel estucado + cart\u00f3n gris<\/strong><\/h3>\n<p>-\u00a0<strong>Material de la base de la caja exterior<\/strong>:\u00a0<strong>Papel estucado de 157 g<\/strong>\u00a0se selecciona el tratamiento de laminaci\u00f3n a doble cara (mate\/brillo opcional), la resistencia a la fricci\u00f3n alcanza el nivel 4 y la resistencia a la compresi\u00f3n aumenta en 50%;<\/p>\n<p>-\u00a0<strong>Estructura del forro interior<\/strong>:\u00a0<strong>Proceso compuesto de algod\u00f3n perlado EPE + cart\u00f3n gris<\/strong>\u00a0se puede utilizar, el rendimiento a prueba de humedad se incrementa en 70%, manteniendo la planitud del cuerpo de la caja (consulte el proceso de producci\u00f3n de cart\u00f3n gris);<\/p>\n<p>-\u00a0<strong>Certificaci\u00f3n medioambiental<\/strong>: Todos los materiales cuentan con la certificaci\u00f3n FSC y cumplen la normativa sobre envases sostenibles de los mercados norteamericano y europeo.<\/p>\n<h3 id=\"-2-modular-lining-orderly-storage-of-multiple-cones-\"><strong>2. Revestimiento modular: almacenamiento ordenado de m\u00faltiples conos<\/strong><\/h3>\n<p>-\u00a0<strong>Mamparas extra\u00edbles<\/strong>Soporte de 3-8 compartimentos independientes, personalizables en diferentes tama\u00f1os (5-15mm de di\u00e1metro), adecuados para todo tipo de cigarrillos pre-roll;<\/p>\n<p>-\u00a0<strong>Dise\u00f1o din\u00e1mico<\/strong>: La partici\u00f3n adopta\u00a0<strong>dise\u00f1o de rotaci\u00f3n magn\u00e9tica<\/strong>El envase, en el que los consumidores pueden ver el producto en 360\u00b0, fue nominado al Premio Internacional de Dise\u00f1o de Envases;<\/p>\n<h3 id=\"-3-visual-feast-luxurious-collision-of-rose-red-and-bright-yellow-\"><strong>3. Fest\u00edn visual: lujosa colisi\u00f3n de rojo rosado y amarillo brillante<\/strong><\/h3>\n<p>-\u00a0<strong>Combinaci\u00f3n de colores<\/strong>: Los colores principales son\u00a0<strong>Pantone 18-2120 TCX (rojo rosa)<\/strong>\u00a0y\u00a0<strong>15-1050 TCX (amarillo brillante)<\/strong>y la transici\u00f3n de gradiente de 0,1 mm se consigue mediante una impresi\u00f3n de alta precisi\u00f3n de 1200 ppp.\u00a0<strong>Tecnolog\u00eda de talla de precisi\u00f3n<\/strong>: local\u00a0<strong>Gofrado UV + grabado l\u00e1ser<\/strong>40%, lo que hace que el patr\u00f3n sea claro y discernible, y mejora la eficacia contra la falsificaci\u00f3n;<\/p>\n<p>-\u00a0<strong>Psicolog\u00eda visual<\/strong>: La combinaci\u00f3n de colores c\u00e1lidos transmite una tonalidad de marca de alta gama y vibrante, que coincide con la tendencia est\u00e9tica de los consumidores de la Generaci\u00f3n Z.<\/p>\n<h3 id=\"-4-smart-pull-out-double-guarantee-of-convenience-and-safety-\"><strong>4. Extracci\u00f3n inteligente: doble garant\u00eda de comodidad y seguridad<\/strong><\/h3>\n<p>-\u00a0<strong>Sistema de gu\u00edas de deslizamiento silencioso<\/strong>: rodamiento de bolas de acero inoxidable incorporado, tiempos de extracci\u00f3n \u22655000 veces sin atascos, suavidad de apertura y cierre aumentada por 60%;<\/p>\n<p>-\u00a0<strong>Mecanismo de protecci\u00f3n de la infancia<\/strong>: adoptar\u00a0<strong>Dise\u00f1o de hebilla antimaltrato<\/strong>\u00a0(consulte la norma canadiense CPR), es necesario aplicar m\u00e1s de 5N de fuerza para abrir;<\/p>\n<h3 id=\"-5-child-proof-lock-perfect-balance-between-compliance-and-ease-of-use-\"><strong>5. Cierre a prueba de ni\u00f1os: equilibrio perfecto entre conformidad y facilidad de uso<\/strong><\/h3>\n<p>-\u00a0<strong>Dise\u00f1o patentado<\/strong>: puede utilizar el\u00a0<strong>cierre magn\u00e9tico invisible<\/strong>, los adultos pueden abrirlo con una sola mano, y el \u00edndice de apertura accidental de los ni\u00f1os se reduce a menos de 0,1%;<\/p>\n<p>-\u00a0<strong>Desbloqueo r\u00e1pido<\/strong>Dispositivo de resorte incorporado, tiempo de desbloqueo de s\u00f3lo 0,3 segundos, en consonancia con las normas de embalaje de seguridad infantil de la CPSC estadounidense;<\/p>\n<p>-\u00a0<strong>Est\u00e9tica oculta<\/strong>la cerradura y el dise\u00f1o de la caja se integran a la perfecci\u00f3n para mantener la integridad de la apariencia.<\/p>\n<h3 id=\"-6-printing-technology-the-ultimate-expression-of-brand-personality-\"><strong>6. Tecnolog\u00eda de impresi\u00f3n: la m\u00e1xima expresi\u00f3n de la personalidad de la marca<\/strong><\/h3>\n<p>-\u00a0<strong>Matriz de procesos<\/strong>: -\u00a0<strong>Estampaci\u00f3n en caliente<\/strong>: Oro rosa\/oro champ\u00e1n carta de colores personalizada, diferencia de color \u0394E\u22640,8;<\/p>\n<p>-\u00a0<strong>En relieve<\/strong>: Relieve tridimensional de 0,3 mm, tacto como la seda.\u00a0<strong>Gofrado UV<\/strong>: tratamiento de realce local, la resistencia al desgaste aument\u00f3 en 50%;<\/p>\n<p>-\u00a0<strong>Impresi\u00f3n digital<\/strong>Apoyo a la personalizaci\u00f3n de peque\u00f1os lotes (pedido m\u00ednimo de 500 piezas), pruebas de modelado 3D completadas en 8 horas.<\/p>\n<h3 id=\"-7-smart-manufacturing-foundation-16-years-of-industry-experience-\"><strong>7. Base de fabricaci\u00f3n inteligente: 16 a\u00f1os de experiencia en el sector<\/strong><\/h3>\n<p>-\u00a0<strong>Matriz de equipos<\/strong>: Equipada con 18 equipos internacionales, como la imprenta de cinco colores Manroland R700 y la imprenta offset UV Heidelberg de 7 colores, con una velocidad de impresi\u00f3n de 15.000 hojas\/hora;<\/p>\n<p>-\u00a0<strong>Sistema de control de calidad<\/strong>: Superada la certificaci\u00f3n ISO 9001\/BRCGS, cada lote de productos se somete a 12 inspecciones de calidad (diferencia de color\/compresi\u00f3n\/prueba de ca\u00edda).<\/p>\n<p><strong>Garant\u00eda de capacidad<\/strong>: Capacidad de producci\u00f3n diaria de 200.000 piezas, que admite pedidos desde 500 piezas hasta la producci\u00f3n en serie de un mill\u00f3n de piezas, y entrega en 24 horas de los pedidos urgentes.<\/p>","protected":false},"excerpt":{"rendered":"<p><strong>ZOJO Print | Experto en cajas deslizantes de papel preenrollado personalizadas - Creaci\u00f3n de soluciones de exposici\u00f3n de alta gama para conos multienvase<\/strong><\/p>\n<p>En el mercado actual de productos de CBD y cannabis, en r\u00e1pido desarrollo, el envase no es solo un contenedor de productos, sino tambi\u00e9n un portador fundamental de la imagen de marca y la experiencia del usuario. ZOJO Print lleva 16 a\u00f1os profundamente implicada en el sector, centr\u00e1ndose en ofrecer soluciones de cajones deslizantes que combinan funcionalidad, seguridad y valor est\u00e9tico para las marcas de cigarrillos Pre-roll.<\/p>","protected":false},"featured_media":9842,"template":"","meta":[],"product_brand":[],"product_cat":[30,420,31,426],"product_tag":[1289,1287,1288],"class_list":{"0":"post-9839","1":"product","2":"type-product","3":"status-publish","4":"has-post-thumbnail","6":"product_cat-by-industry","7":"product_cat-custom-cannabis-boxes","8":"product_cat-paper-box-style","9":"product_cat-paper-drawer-boxes","10":"product_tag-drawer-box-for-multipack-cones","11":"product_tag-pre-roll-box","12":"product_tag-roll-box-slide-drawer-box","14":"first","15":"instock","16":"shipping-taxable","17":"product-type-simple"},"_links":{"self":[{"href":"https:\/\/zojopackaging.com\/es\/wp-json\/wp\/v2\/product\/9839","targetHints":{"allow":["GET"]}}],"collection":[{"href":"https:\/\/zojopackaging.com\/es\/wp-json\/wp\/v2\/product"}],"about":[{"href":"https:\/\/zojopackaging.com\/es\/wp-json\/wp\/v2\/types\/product"}],"version-history":[{"count":1,"href":"https:\/\/zojopackaging.com\/es\/wp-json\/wp\/v2\/product\/9839\/revisions"}],"predecessor-version":[{"id":9846,"href":"https:\/\/zojopackaging.com\/es\/wp-json\/wp\/v2\/product\/9839\/revisions\/9846"}],"wp:featuredmedia":[{"embeddable":true,"href":"https:\/\/zojopackaging.com\/es\/wp-json\/wp\/v2\/media\/9842"}],"wp:attachment":[{"href":"https:\/\/zojopackaging.com\/es\/wp-json\/wp\/v2\/media?parent=9839"}],"wp:term":[{"taxonomy":"product_brand","embeddable":true,"href":"https:\/\/zojopackaging.com\/es\/wp-json\/wp\/v2\/product_brand?post=9839"},{"taxonomy":"product_cat","embeddable":true,"href":"https:\/\/zojopackaging.com\/es\/wp-json\/wp\/v2\/product_cat?post=9839"},{"taxonomy":"product_tag","embeddable":true,"href":"https:\/\/zojopackaging.com\/es\/wp-json\/wp\/v2\/product_tag?post=9839"}],"curies":[{"name":"wp","href":"https:\/\/api.w.org\/{rel}","templated":true}]}}