{"id":9848,"date":"2025-04-03T21:55:53","date_gmt":"2025-04-03T13:55:53","guid":{"rendered":"https:\/\/zojopackaging.com\/?post_type=product&#038;p=9848"},"modified":"2025-04-03T22:09:27","modified_gmt":"2025-04-03T14:09:27","slug":"custom-shampoo-cosmetic-brush-packaging-boxes-with-window","status":"publish","type":"product","link":"https:\/\/zojopackaging.com\/es\/product\/custom-shampoo-cosmetic-brush-packaging-boxes-with-window\/","title":{"rendered":"Cepillo cosm\u00e9tico de champ\u00fa personalizado Cajas de embalaje con ventana"},"content":{"rendered":"<h2 id=\"-1-all-round-customization-service-precise-matching-of-brand-tone-\"><strong>1. Servicio de personalizaci\u00f3n integral, adaptaci\u00f3n precisa del tono de la marca<\/strong><\/h2>\n<p>Como f\u00e1brica de origen chino con 16 a\u00f1os de experiencia, nos centramos en proporcionar\u00a0<strong>soluciones de envasado personalizadas de alta precisi\u00f3n<\/strong>\u00a0para clientes de todo el mundo.<\/p>\n<ul>\n<li><strong>Adaptaci\u00f3n flexible del tama\u00f1o<\/strong>: Admite la personalizaci\u00f3n completa de la altura, la anchura y el grosor (el error es de s\u00f3lo 0,1-0,5 mm), ajust\u00e1ndose con precisi\u00f3n a las formas de productos como brochas de maquillaje y champ\u00fa.<\/li>\n<li><strong>Actualizaci\u00f3n de la personalizaci\u00f3n visual<\/strong>: Utilizando los n\u00fameros de color internacionales Pantone para que coincidan con el color principal de la marca, combinados con la impresi\u00f3n UV, la estampaci\u00f3n en caliente y otros procesos, el \u00e1rea de la ventana puede dise\u00f1arse como acr\u00edlico transparente o material de PVC respetuoso con el medio ambiente para mostrar intuitivamente la textura del producto.<\/li>\n<li><strong>Varios materiales disponibles<\/strong>: Suministramos papel de cobre simple, cart\u00f3n dorado y plateado, cart\u00f3n ondulado reciclable y otros materiales, teniendo en cuenta la protecci\u00f3n del medio ambiente y los requisitos de tacto de gama alta.<\/li>\n<\/ul>\n<h2 id=\"-2-pull-out-window-design-both-functional-and-aesthetic-\"><strong>2. Cajas de papel para cajones con dise\u00f1o de ventana, tanto funcionales como est\u00e9ticas<\/strong><\/h2>\n<p><strong>Dise\u00f1o estructural innovador<\/strong>:<\/p>\n<ul>\n<li><strong>Escaparate tridimensional<\/strong>: La posici\u00f3n de la ventana se optimiza mediante c\u00e1lculo mec\u00e1nico para evitar el desgaste de las cajas de papel del caj\u00f3n, a la vez que se maximiza la visualizaci\u00f3n de los detalles del producto (como la calidad del pelo de la brocha de maquillaje, el LOGO del cuerpo de la botella de champ\u00fa).<\/li>\n<li><strong>Experiencia de tracci\u00f3n suave<\/strong>: El cuerpo de la caja adopta una estructura de ra\u00edles deslizantes enchufables, de apertura y cierre suaves. El revestimiento interior de rafia fija la posici\u00f3n del producto para evitar sacudidas.<\/li>\n<li><strong>Protecci\u00f3n contra la compresi\u00f3n<\/strong>: La dureza del cuerpo de la caja es 1,5 veces superior a la norma del sector (peso \u2265 300 g), y la capa ondulada puede soportar 30 kg de presi\u00f3n est\u00e1tica para garantizar la seguridad del transporte.<\/li>\n<\/ul>\n<h2 id=\"-3-environmentally-friendly-lining-and-brand-added-value-enhancement-\"><strong>3. Forro respetuoso con el medio ambiente y mejora del valor a\u00f1adido de la marca<\/strong><\/h2>\n<p><strong>Soluci\u00f3n de revestimiento interior<\/strong>:<\/p>\n<ul>\n<li><strong>Capa decorativa de rafia<\/strong>: Se selecciona la rafia te\u00f1ida natural, y el rendimiento de amortiguaci\u00f3n se ajusta por la densidad de tejido, que tiene tanto la belleza natural visual y la funci\u00f3n a prueba de golpes.<\/li>\n<li><strong>Dise\u00f1o de estructura por capas<\/strong>: La capa superior de rafia fija el producto, y la capa inferior est\u00e1 espesada con esponja EVA (densidad opcional 30-60kg\/m\u00b3) para proteger las partes vulnerables (como los cabezales de los cepillos y los tapones de las botellas) de forma selectiva.<\/li>\n<\/ul>\n<p><strong>Potenciaci\u00f3n del valor de marca<\/strong>:<\/p>\n<ul>\n<li>Haciendo referencia al concepto est\u00e9tico minimalista del envase espa\u00f1ol del champ\u00fa Osom, mediante el LOGO plateado en caliente, el lacado UV mate y otros procesos, se crea una experiencia t\u00e1ctil comparable a la de los art\u00edculos de lujo.<\/li>\n<li>Proporcione\u00a0<strong>ranura para manual multiling\u00fce<\/strong>,\u00a0<strong>brand story slot<\/strong>\u00a0y otros dise\u00f1os de valor a\u00f1adido para realzar la sensaci\u00f3n de ceremonia de desembalaje.<\/li>\n<\/ul>\n<h2 id=\"-4-supply-chain-advantages-and-foreign-trade-service-guarantees-\"><strong>4. Ventajas de la cadena de suministro y garant\u00edas de los servicios de comercio exterior<\/strong><\/h2>\n<p><strong>Fuerza de producci\u00f3n<\/strong>:<\/p>\n<ul>\n<li><strong>L\u00ednea de producci\u00f3n totalmente autom\u00e1tica<\/strong>: El taller libre de polvo de nivel 100.000 alcanza una capacidad de producci\u00f3n diaria de 500.000 piezas, y 48 horas de pruebas ultrarr\u00e1pidas.<\/li>\n<li><strong>Control de costes<\/strong>: Adquisici\u00f3n a gran escala de materias primas como el oro y la plata de cart\u00f3n, el precio es 20-30% inferior al del mercado, y admite un pedido m\u00ednimo de 500 piezas.<\/li>\n<\/ul>\n<h2 id=\"-foreign-trade-specialized-services-\"><strong>Servicios especializados de comercio exterior<\/strong>:<\/h2>\n<ul>\n<li><strong>Apoyo al cumplimiento<\/strong>: Familiarizados con las certificaciones REACH y FSC europeas y americanas, y proporcionar soluciones de envasado transfronterizas.<\/li>\n<li><strong>Entrega \u00fanica<\/strong>: Desde la optimizaci\u00f3n del dise\u00f1o del proyecto, pasando por el embalaje del flete mar\u00edtimo, hasta la preparaci\u00f3n de los documentos de despacho de aduanas, la tutela del proceso completo reduce la tasa de p\u00e9rdidas de la log\u00edstica transfronteriza.<\/li>\n<\/ul>","protected":false},"excerpt":{"rendered":"<ul>\n<li>\u200b<strong>Est\u00e9tica Premium:<\/strong>\u00a0Eleva el valor del producto con motivos minimalistas y detalles de cintas.<\/li>\n<li>\u200b<strong>Marca personalizada:<\/strong>\u00a0A\u00f1ada logotipos, colores y dise\u00f1os para conseguir una identidad \u00fanica.<\/li>\n<li>\u200b<strong>Embalaje seguro:<\/strong>\u00a0El forro arrugado protege los objetos fr\u00e1giles durante el transporte.<\/li>\n<li>\u200b<strong>Respetuoso con el medio ambiente:<\/strong>\u00a0El cart\u00f3n sostenible satisface las exigencias de los envases ecol\u00f3gicos.<\/li>\n<li>\u200b<strong>A granel:<\/strong>\u00a0Opciones rentables de venta al por mayor con producci\u00f3n r\u00e1pida.<\/li>\n<\/ul>","protected":false},"featured_media":9849,"template":"","meta":[],"product_brand":[],"product_cat":[30,390,31,426],"product_tag":[1293,775,1292],"class_list":{"0":"post-9848","1":"product","2":"type-product","3":"status-publish","4":"has-post-thumbnail","6":"product_cat-by-industry","7":"product_cat-custom-cosmetics-boxes","8":"product_cat-paper-box-style","9":"product_cat-paper-drawer-boxes","10":"product_tag-cosmetic-brush-packaging-boxes","11":"product_tag-custom-cosmetic-packaging","12":"product_tag-custom-shampoo-packaging","14":"first","15":"instock","16":"shipping-taxable","17":"product-type-grouped"},"_links":{"self":[{"href":"https:\/\/zojopackaging.com\/es\/wp-json\/wp\/v2\/product\/9848","targetHints":{"allow":["GET"]}}],"collection":[{"href":"https:\/\/zojopackaging.com\/es\/wp-json\/wp\/v2\/product"}],"about":[{"href":"https:\/\/zojopackaging.com\/es\/wp-json\/wp\/v2\/types\/product"}],"version-history":[{"count":1,"href":"https:\/\/zojopackaging.com\/es\/wp-json\/wp\/v2\/product\/9848\/revisions"}],"predecessor-version":[{"id":9854,"href":"https:\/\/zojopackaging.com\/es\/wp-json\/wp\/v2\/product\/9848\/revisions\/9854"}],"wp:featuredmedia":[{"embeddable":true,"href":"https:\/\/zojopackaging.com\/es\/wp-json\/wp\/v2\/media\/9849"}],"wp:attachment":[{"href":"https:\/\/zojopackaging.com\/es\/wp-json\/wp\/v2\/media?parent=9848"}],"wp:term":[{"taxonomy":"product_brand","embeddable":true,"href":"https:\/\/zojopackaging.com\/es\/wp-json\/wp\/v2\/product_brand?post=9848"},{"taxonomy":"product_cat","embeddable":true,"href":"https:\/\/zojopackaging.com\/es\/wp-json\/wp\/v2\/product_cat?post=9848"},{"taxonomy":"product_tag","embeddable":true,"href":"https:\/\/zojopackaging.com\/es\/wp-json\/wp\/v2\/product_tag?post=9848"}],"curies":[{"name":"wp","href":"https:\/\/api.w.org\/{rel}","templated":true}]}}