{"id":9855,"date":"2025-04-04T00:34:46","date_gmt":"2025-04-03T16:34:46","guid":{"rendered":"https:\/\/zojopackaging.com\/?post_type=product&#038;p=9855"},"modified":"2025-04-04T00:49:48","modified_gmt":"2025-04-03T16:49:48","slug":"custom-pre-roll-multi-packs-joint-packaging-boxes-wholesale","status":"publish","type":"product","link":"https:\/\/zojopackaging.com\/es\/product\/custom-pre-roll-multi-packs-joint-packaging-boxes-wholesale\/","title":{"rendered":"Custom Pre Roll Multi-Packs Cajas de embalaje conjunto al por mayor"},"content":{"rendered":"<h2 id=\"-1-visual-impact-and-aesthetic-design-\"><strong>1. Impacto visual y dise\u00f1o est\u00e9tico<\/strong><\/h2>\n<p>Esta caja de pre-rolls de CBD utiliza una combinaci\u00f3n de colores en contraste verde y amarillo, combinando colores de alta saturaci\u00f3n con tecnolog\u00eda de tratamiento de superficie mate, que no s\u00f3lo conserva la viveza del color, sino que tambi\u00e9n reduce la sensaci\u00f3n de reflejo mediante la tecnolog\u00eda de impresi\u00f3n en aceite mate para evitar la fatiga visual. La textura mate transmite una discreta sensaci\u00f3n de lujo, formando un foco visual diferenciado en el lineal, que atrae r\u00e1pidamente la atenci\u00f3n de los consumidores.<\/p>\n<h2 id=\"-2-material-and-process-guarantee-\"><strong>2. Garant\u00eda de materiales y procesos<\/strong><\/h2>\n<p>El cuerpo principal de la caja de embalaje utiliza una estructura compuesta de cart\u00f3n gris de alta resistencia y papel estucado. La capa central de cart\u00f3n gris proporciona soporte de compresi\u00f3n, y la superficie de papel estucado est\u00e1 cubierta con tinta mate, que tiene un tacto delicado y es resistente al desgaste y a los ara\u00f1azos. El dise\u00f1o extra\u00edble adopta un proceso de troquelado de precisi\u00f3n para garantizar que el riel de deslizamiento sea suave y duradero, y que la experiencia de apertura y cierre sea fluida. La partici\u00f3n interna est\u00e1 fabricada con material de cart\u00f3n respetuoso con el medio ambiente y reforzada con tecnolog\u00eda de gofrado. No s\u00f3lo puede separar los cigarrillos preenrollados para evitar colisiones, sino tambi\u00e9n ajustar con flexibilidad la disposici\u00f3n para satisfacer los requisitos de diferentes tama\u00f1os.<\/p>\n<h2 id=\"-3-functional-structural-design-\"><strong>3. Dise\u00f1o estructural funcional<\/strong><\/h2>\n<ul>\n<li><strong>Almacenamiento y acceso c\u00f3modos y extra\u00edbles<\/strong>: El cuerpo de la caja adopta una estructura anidada de doble capa, y el compartimento incorporado se puede exponer tirando ligeramente, lo que permite el manejo con una sola mano y mejora la comodidad de los consumidores.<\/li>\n<li><strong>Almacenamiento multi-stick y optimizaci\u00f3n del espacio<\/strong>: La caja est\u00e1 dividida por tabiques de nido de abeja y tiene capacidad para 10-20 cigarrillos liados (la capacidad espec\u00edfica se puede personalizar), lo que ahorra espacio de almacenamiento y es f\u00e1cil de transportar.<\/li>\n<\/ul>\n<h2 id=\"-4-in-depth-customized-service-\"><strong>4. Servicio personalizado en profundidad<\/strong><\/h2>\n<ul>\n<li><strong>Adaptaci\u00f3n del tama\u00f1o y la forma<\/strong>: De acuerdo con el tama\u00f1o (longitud, di\u00e1metro) y el tono de la marca de los cigarrillos preenrollados del cliente, se ofrecen soluciones de cajas cuadradas, rectangulares, de forma especial y otras para ajustarse con precisi\u00f3n a las especificaciones del producto.<\/li>\n<li><strong>Soluci\u00f3n de dise\u00f1o e impresi\u00f3n 3D<\/strong>: La tecnolog\u00eda de modelado digital se utiliza para generar renderizados de apariencia 3D para mostrar intuitivamente la estructura de la caja y los efectos de la superficie; se proporcionan simult\u00e1neamente soluciones de estampado en caliente, superficie brillante parcial UV, relieve en relieve y otros procesos de impresi\u00f3n para reforzar el logotipo de la marca.<\/li>\n<\/ul>\n<h2 id=\"-5-brand-empowerment-and-production-guarantee-\"><strong>5. Potenciaci\u00f3n de la marca y garant\u00eda de producci\u00f3n<\/strong><\/h2>\n<ul>\n<li><strong>Mejora de la imagen de marca<\/strong>: Mediante la personalizaci\u00f3n del logotipo, el color de la marca y la implantaci\u00f3n de elementos culturales, el envase se transforma en un soporte publicitario m\u00f3vil para potenciar el recuerdo de la marca en los consumidores.<\/li>\n<li><strong>Aumento de la capacidad de producci\u00f3n<\/strong>: Con 16 a\u00f1os de experiencia en impresi\u00f3n y envasado y 5.320 metros cuadrados de talleres inteligentes, ofrece servicios integrales, desde pruebas de dise\u00f1o hasta producci\u00f3n en serie, con una capacidad de producci\u00f3n diaria de 180.000 piezas, lo que garantiza una entrega eficaz de los pedidos.<\/li>\n<\/ul>\n<h2 id=\"-6-environmental-protection-and-sustainability-\"><strong>6. Protecci\u00f3n del medio ambiente y sostenibilidad<\/strong><\/h2>\n<p>El uso de papel de cart\u00f3n gris con certificaci\u00f3n FSC y tinta mate al agua se ajusta a la tendencia de envases respetuosos con el medio ambiente, teniendo en cuenta la durabilidad y la degradabilidad. El dise\u00f1o de la partici\u00f3n interna es desmontable y reutilizable para reducir el desperdicio de recursos.<\/p>\n<h2 id=\"-applicable-scenarios-\"><strong>Escenarios aplicables<\/strong><\/h2>\n<ul>\n<li><strong>Expositor de terminal de venta<\/strong>: La textura mate y la combinaci\u00f3n de colores brillantes son id\u00f3neas para las tiendas de conveniencia y los estantes de tiendas especializadas, aumentando el espacio premium del producto.<\/li>\n<li><strong>Combinaci\u00f3n de set de regalo<\/strong>: Admite el dise\u00f1o por capas de cajas de regalo, emparejadas con manuales o accesorios de la marca, para ampliar el mercado de regalos de gama alta.<\/li>\n<\/ul>\n<h2 id=\"-cooperation-process-\"><strong>Proceso de cooperaci\u00f3n<\/strong><\/h2>\n<ol>\n<li>1. Comunicaci\u00f3n de la demanda \u2192 2. Modelado 3D y confirmaci\u00f3n de efectos \u2192 3. Selecci\u00f3n de materiales y soluciones de proceso \u2192 4. Prueba de ensayo \u2192 5. Producci\u00f3n en serie \u2192 6. Inspecci\u00f3n de calidad y entrega.<\/li>\n<\/ol>","protected":false},"excerpt":{"rendered":"<p>Gracias a la profesionalidad de nuestro dise\u00f1o y a la fuerza de nuestra producci\u00f3n, nos comprometemos a ofrecer a las marcas de CBD soluciones de envasado que combinen valor est\u00e9tico y funciones pr\u00e1cticas, ayudando a los productos a destacar en un mercado ferozmente competitivo.<\/p>","protected":false},"featured_media":9858,"template":"","meta":[],"product_brand":[],"product_cat":[30,420,31,426],"product_tag":[1294,1295,1281],"class_list":{"0":"post-9855","1":"product","2":"type-product","3":"status-publish","4":"has-post-thumbnail","6":"product_cat-by-industry","7":"product_cat-custom-cannabis-boxes","8":"product_cat-paper-box-style","9":"product_cat-paper-drawer-boxes","10":"product_tag-custom-pre-roll-packaging","11":"product_tag-multi-packs-joint-packaging","12":"product_tag-pre-roll-packaging","14":"first","15":"instock","16":"shipping-taxable","17":"product-type-grouped"},"_links":{"self":[{"href":"https:\/\/zojopackaging.com\/es\/wp-json\/wp\/v2\/product\/9855","targetHints":{"allow":["GET"]}}],"collection":[{"href":"https:\/\/zojopackaging.com\/es\/wp-json\/wp\/v2\/product"}],"about":[{"href":"https:\/\/zojopackaging.com\/es\/wp-json\/wp\/v2\/types\/product"}],"version-history":[{"count":1,"href":"https:\/\/zojopackaging.com\/es\/wp-json\/wp\/v2\/product\/9855\/revisions"}],"predecessor-version":[{"id":9862,"href":"https:\/\/zojopackaging.com\/es\/wp-json\/wp\/v2\/product\/9855\/revisions\/9862"}],"wp:featuredmedia":[{"embeddable":true,"href":"https:\/\/zojopackaging.com\/es\/wp-json\/wp\/v2\/media\/9858"}],"wp:attachment":[{"href":"https:\/\/zojopackaging.com\/es\/wp-json\/wp\/v2\/media?parent=9855"}],"wp:term":[{"taxonomy":"product_brand","embeddable":true,"href":"https:\/\/zojopackaging.com\/es\/wp-json\/wp\/v2\/product_brand?post=9855"},{"taxonomy":"product_cat","embeddable":true,"href":"https:\/\/zojopackaging.com\/es\/wp-json\/wp\/v2\/product_cat?post=9855"},{"taxonomy":"product_tag","embeddable":true,"href":"https:\/\/zojopackaging.com\/es\/wp-json\/wp\/v2\/product_tag?post=9855"}],"curies":[{"name":"wp","href":"https:\/\/api.w.org\/{rel}","templated":true}]}}