{"id":9863,"date":"2025-04-04T00:50:09","date_gmt":"2025-04-03T16:50:09","guid":{"rendered":"https:\/\/zojopackaging.com\/?post_type=product&#038;p=9863"},"modified":"2025-04-04T00:58:43","modified_gmt":"2025-04-03T16:58:43","slug":"custom-printed-pre-roll-cones-packaging-joint-box-wholesale","status":"publish","type":"product","link":"https:\/\/zojopackaging.com\/es\/product\/custom-printed-pre-roll-cones-packaging-joint-box-wholesale\/","title":{"rendered":"Personalizado Impreso Pre Roll Conos Embalaje Caja de Juntas al por mayor"},"content":{"rendered":"<h2 id=\"1-sturdy-material-and-high-end-protection-\">1.\u00a0<strong>Material resistente y protecci\u00f3n de alta gama<\/strong><\/h2>\n<p>Esta caja extra\u00edble de conos preenrollados utiliza\u00a0<strong>cart\u00f3n gris de alta resistencia<\/strong>\u00a0como material b\u00e1sico de envasado, y se combina con\u00a0<strong>proceso de laminaci\u00f3n de papel estucado<\/strong>, que no s\u00f3lo garantiza la estabilidad estructural, sino que tambi\u00e9n confiere a la caja de embalaje una textura mate o brillante de alta gama. El material de cart\u00f3n gris tiene una excelente resistencia a la compresi\u00f3n y al impacto, lo que puede proteger eficazmente los productos pre-enrollados internos de ser apretados o deformados durante el transporte y el almacenamiento. El frontal de papel estucado no s\u00f3lo mejora el grado visual, sino que tambi\u00e9n mejora la capacidad impermeable y antiincrustante mediante el proceso de laminado, alargando la vida \u00fatil del envase.<\/p>\n<h2 id=\"2-minimalist-design-strengthen-brand-recognition-\">2.\u00a0<strong>Dise\u00f1o minimalista, refuerza el reconocimiento de la marca<\/strong><\/h2>\n<p>Siguiendo el concepto de dise\u00f1o de \"menos es m\u00e1s\", este producto adopta un\u00a0<strong>soluci\u00f3n visual minimalista<\/strong>El logotipo de la marca es el \u00fanico elemento central, y se presenta mediante tecnolog\u00eda de estampaci\u00f3n en caliente, serigraf\u00eda o grabado por l\u00e1ser colocado con precisi\u00f3n. El dise\u00f1o sencillo evita la sobrecarga de informaci\u00f3n, lo que permite a los consumidores centrarse en el logotipo de la marca a la primera y formar una memoria visual profunda. Por ejemplo, el logotipo puede elegir una soluci\u00f3n monocolor de alto contraste (como fondo negro mate + logotipo plateado brillante), o combinarlo con textura l\u00e1ser antifalsificaci\u00f3n para mejorar el reconocimiento.<\/p>\n<h2 id=\"3-automated-production-efficient-cost-reduction-\">3.\u00a0<strong>Producci\u00f3n automatizada, reducci\u00f3n eficaz de costes<\/strong><\/h2>\n<p>Confiar en\u00a0<strong>l\u00ednea de producci\u00f3n de cajas extra\u00edbles totalmente autom\u00e1tica<\/strong>En la actualidad, realizamos una producci\u00f3n integrada, desde el troquelado y el moldeo hasta el montaje. Los equipos automatizados soportan un funcionamiento continuo de 24 horas, con una capacidad de producci\u00f3n diaria de\u00a0<strong>5.000-10.000 piezas<\/strong>, acortando significativamente el ciclo de entrega (de 3 a 5 d\u00edas laborables como m\u00e1ximo) y reduciendo los costes de mano de obra. Por ejemplo, el brazo del robot pliega con precisi\u00f3n la estructura de cart\u00f3n gris y colabora con el sensor fotoel\u00e9ctrico para calibrar la pista de extracci\u00f3n y garantizar que el error de suavidad de apertura y cierre de cada producto sea \u22640,5 mm.<\/p>\n<h2 id=\"4-flexible-customization-and-bulk-discount-\">4.\u00a0<strong>Personalizaci\u00f3n flexible y descuento por volumen<\/strong><\/h2>\n<ul>\n<li><strong>Adaptaci\u00f3n del tama\u00f1o<\/strong>: Admite el ajuste personalizado de productos preenrollados con un di\u00e1metro de 10-50 mm y una longitud de 70-200 mm, y ofrece tres opciones de caja: est\u00e1ndar, engrosada y de forma especial.<\/li>\n<\/ul>\n<h2 id=\"5-3d-visual-design-support-\">5.\u00a0<strong>Soporte de dise\u00f1o visual 3D<\/strong><\/h2>\n<p>Nuestro equipo de dise\u00f1o ofrece\u00a0<strong>Servicios de modelado y renderizado 3D<\/strong>, que puede generar renderizados realistas de envases en 48 horas, abarcando la simulaci\u00f3n de materiales (como la textura del cart\u00f3n gris o el brillo del papel estucado), la descomposici\u00f3n estructural (mecanismo de extracci\u00f3n del expositor) y la visualizaci\u00f3n de escenarios (como la exposici\u00f3n en estanter\u00edas o el efecto de mano). Los clientes pueden ajustar los detalles del dise\u00f1o a trav\u00e9s de la interfaz interactiva y previsualizar el efecto de modificaci\u00f3n en tiempo real para asegurarse de que la soluci\u00f3n es muy coherente con el tono de la marca.<\/p>\n<h2 id=\"6-multi-process-printing-empowers-brand-communication-\">6.\u00a0<strong>La impresi\u00f3n multiproceso potencia la comunicaci\u00f3n de marca<\/strong><\/h2>\n<p>Las siguientes tecnolog\u00edas de impresi\u00f3n se utilizan para mejorar la identidad de marca:<\/p>\n<ul>\n<li><strong>Serigraf\u00eda<\/strong>Adecuado para bloques de color de gran superficie y LOGOTIPO de alta saturaci\u00f3n, con gran resistencia al desgaste;<\/li>\n<li><strong>Estampaci\u00f3n en caliente\/estampaci\u00f3n en caliente<\/strong>: realzan la textura met\u00e1lica, adecuada para series de gama alta;<\/li>\n<li><strong>Acristalamiento local UV<\/strong>: resaltan la informaci\u00f3n clave y realzan la estratificaci\u00f3n t\u00e1ctil. Todos los procesos cuentan con la certificaci\u00f3n de calidad ISO 9001, y la diferencia de color se controla \u22645% para garantizar la uniformidad de los lotes.<\/li>\n<\/ul>\n<h2 id=\"7-end-to-end-service-worry-free-throughout-\">7.\u00a0<strong>Servicio integral, sin preocupaciones<\/strong><\/h2>\n<p>Ofrecemos\u00a0<strong>soluciones integrales<\/strong>que abarca todo el proceso de an\u00e1lisis de la demanda, pruebas de dise\u00f1o y entrega de la producci\u00f3n en serie:<\/p>\n<ul>\n<li><strong>Consulta preliminar<\/strong>: Un equipo profesional eval\u00faa las caracter\u00edsticas del producto y su posicionamiento en el mercado, y recomienda la mejor estrategia de envasado;<\/li>\n<li><strong>Control de producci\u00f3n<\/strong>: Utilice el sistema MES para supervisar el progreso de la producci\u00f3n en tiempo real, apoyar la comprobaci\u00f3n de pedidos en l\u00ednea y la trazabilidad de la calidad;<\/li>\n<\/ul>","protected":false},"excerpt":{"rendered":"<ul>\n<li><strong>Garant\u00eda de calidad<\/strong>: Pasa la prueba de compresi\u00f3n SGS (capacidad de carga \u226515kg);<\/li>\n<li><strong>Respuesta r\u00e1pida<\/strong>: Servicio de atenci\u00f3n al cliente 24 horas al d\u00eda, tramitaci\u00f3n acelerada de pedidos urgentes;<\/li>\n<li><strong>Cumplimiento de la normativa medioambiental<\/strong>: Los materiales cumplen la certificaci\u00f3n FSC y admiten un proceso de revestimiento biodegradable.<\/li>\n<\/ul>","protected":false},"featured_media":9868,"template":"","meta":[],"product_brand":[],"product_cat":[30,420,31,426],"product_tag":[1296,1298,1297],"class_list":{"0":"post-9863","1":"product","2":"type-product","3":"status-publish","4":"has-post-thumbnail","6":"product_cat-by-industry","7":"product_cat-custom-cannabis-boxes","8":"product_cat-paper-box-style","9":"product_cat-paper-drawer-boxes","10":"product_tag-custom-printed-pre-roll-packaging","11":"product_tag-joint-box-wholesale","12":"product_tag-pre-roll-cones-packaging","14":"first","15":"instock","16":"shipping-taxable","17":"product-type-grouped"},"_links":{"self":[{"href":"https:\/\/zojopackaging.com\/es\/wp-json\/wp\/v2\/product\/9863","targetHints":{"allow":["GET"]}}],"collection":[{"href":"https:\/\/zojopackaging.com\/es\/wp-json\/wp\/v2\/product"}],"about":[{"href":"https:\/\/zojopackaging.com\/es\/wp-json\/wp\/v2\/types\/product"}],"version-history":[{"count":1,"href":"https:\/\/zojopackaging.com\/es\/wp-json\/wp\/v2\/product\/9863\/revisions"}],"predecessor-version":[{"id":9870,"href":"https:\/\/zojopackaging.com\/es\/wp-json\/wp\/v2\/product\/9863\/revisions\/9870"}],"wp:featuredmedia":[{"embeddable":true,"href":"https:\/\/zojopackaging.com\/es\/wp-json\/wp\/v2\/media\/9868"}],"wp:attachment":[{"href":"https:\/\/zojopackaging.com\/es\/wp-json\/wp\/v2\/media?parent=9863"}],"wp:term":[{"taxonomy":"product_brand","embeddable":true,"href":"https:\/\/zojopackaging.com\/es\/wp-json\/wp\/v2\/product_brand?post=9863"},{"taxonomy":"product_cat","embeddable":true,"href":"https:\/\/zojopackaging.com\/es\/wp-json\/wp\/v2\/product_cat?post=9863"},{"taxonomy":"product_tag","embeddable":true,"href":"https:\/\/zojopackaging.com\/es\/wp-json\/wp\/v2\/product_tag?post=9863"}],"curies":[{"name":"wp","href":"https:\/\/api.w.org\/{rel}","templated":true}]}}