{"id":9871,"date":"2025-04-04T00:59:03","date_gmt":"2025-04-03T16:59:03","guid":{"rendered":"https:\/\/zojopackaging.com\/?post_type=product&#038;p=9871"},"modified":"2025-04-04T09:38:39","modified_gmt":"2025-04-04T01:38:39","slug":"custom-cannabis-pre-roll-joint-paper-packaging-box-wholesale","status":"publish","type":"product","link":"https:\/\/zojopackaging.com\/es\/product\/custom-cannabis-pre-roll-joint-paper-packaging-box-wholesale\/","title":{"rendered":"Caja de embalaje de papel para porros de cannabis al por mayor"},"content":{"rendered":"<h2 id=\"-1-strong-material-comprehensive-protection-\"><strong>1. Material resistente, protecci\u00f3n integral<\/strong><\/h2>\n<p>Nuestra caja extra\u00edble para cigarrillos preenrollados utiliza\u00a0<strong>Papel estucado de alto gramaje de 157 g<\/strong>\u00a0combinado con\u00a0<strong>revestimiento de cart\u00f3n gris de alta resistencia<\/strong>y crea una estructura tridimensional mediante un proceso compuesto para garantizar que el producto sea resistente a la presi\u00f3n, a las ca\u00eddas y a la humedad durante el transporte, el almacenamiento y el uso. El material de cart\u00f3n gris proporciona un soporte adicional, amortigua eficazmente los impactos externos, reduce el riesgo de rotura y mantiene el peso ligero de la caja, teniendo en cuenta la protecci\u00f3n del medio ambiente y la durabilidad.<\/p>\n<h2 id=\"-2-diversified-structural-and-functional-design-\"><strong>2. Dise\u00f1o estructural y funcional diversificado<\/strong><\/h2>\n<ul>\n<li><strong>Selecci\u00f3n flexible de tama\u00f1os y estilos<\/strong>: Proporciona una variedad de tipos de cajas como cuadradas, rectangulares y formas especiales, soporta\u00a0<strong>1-10 paquetes<\/strong>\u00a0y otras especificaciones de capacidad, y se adapta a las diferentes necesidades de productos de cigarrillos preenrollados.<\/li>\n<li><strong>Dise\u00f1o de enchufe fijo<\/strong>: Construido en espuma EVA ajustable plug-in o capa de separaci\u00f3n de cart\u00f3n respetuoso del medio ambiente para asegurar que el cigarrillo pre-roll es estable y no se desplaza durante el transporte para evitar da\u00f1os por fricci\u00f3n.<\/li>\n<li><strong>Apertura y cierre extra\u00edbles port\u00e1tiles<\/strong>: Optimizar la amortiguaci\u00f3n de la estructura push-pull, mejorar la experiencia del usuario y tener en cuenta la estanqueidad y la facilidad de uso.<\/li>\n<\/ul>\n<h2 id=\"-3-high-precision-printing-and-color-performance-\"><strong>3. Impresi\u00f3n de alta precisi\u00f3n y rendimiento del color<\/strong><\/h2>\n<p>Adopte\u00a0<strong>impresi\u00f3n offset + impresi\u00f3n digital proceso combinado<\/strong>Soporte\u00a0<strong>Impresi\u00f3n a todo color CMYK<\/strong>\u00a0y\u00a0<strong>Igualaci\u00f3n de colores planos Pantone (PMS)<\/strong>, lograr una reproducci\u00f3n del color \u2265 98%, cumplir requisitos de dise\u00f1o complejos, como logotipos de marca y patrones de degradado.<\/p>\n<ul>\n<li><strong>Mejora del efecto met\u00e1lico<\/strong>: opcional\u00a0<strong>estampaci\u00f3n en caliente\/plata caliente, estampaci\u00f3n en l\u00e1mina met\u00e1lica<\/strong>\u00a0El proceso de impresi\u00f3n, con efecto l\u00e1ser mate, brillante o parcial, realza el impacto visual del envase.<\/li>\n<li><strong>Dise\u00f1o de ventana hueca<\/strong>mediante un preciso proceso de troquelado, se abre una ventana transparente de PET o acr\u00edlico en el cuerpo de la caja para mostrar de forma intuitiva los productos de cigarrillos preenrollados y estimular el deseo de compra.<\/li>\n<\/ul>\n<h2 id=\"-4-surface-treatment-and-functional-coating-\"><strong>4. Tratamiento superficial y revestimiento funcional<\/strong><\/h2>\n<ul>\n<li><strong>Revestimiento protector<\/strong>: ofrecen opciones como pel\u00edcula mate, pel\u00edcula brillante, pel\u00edcula t\u00e1ctil, etc., mejoran la resistencia a los ara\u00f1azos y prolongan la vida \u00fatil de la pantalla.<\/li>\n<li><strong>Tecnolog\u00eda de revestimiento respetuosa con el medio ambiente<\/strong>Adoptan un revestimiento UV a base de agua, no t\u00f3xico e inodoro, y cuentan con el certificado de contacto con alimentos de la FDA para garantizar la seguridad del producto.<\/li>\n<\/ul>\n<h2 id=\"-5-one-stop-customization-service-\"><strong>5. Servicio integral de personalizaci\u00f3n<\/strong><\/h2>\n<ul>\n<li><strong>Dise\u00f1o y asistencia t\u00e9cnica<\/strong>: Servicios gratuitos de modelado 3D, optimizaci\u00f3n estructural y adaptaci\u00f3n de la marca VI, soporte de previsualizaci\u00f3n de muestras digitales AR y reducci\u00f3n de costes de pruebas.<\/li>\n<li><strong>Almacenamiento y log\u00edstica inteligentes<\/strong>: Apoy\u00e1ndose en el sistema de almacenamiento automatizado, realiza la gesti\u00f3n integrada de la clasificaci\u00f3n de pedidos, el embalaje y el transporte, y apoya\u00a0<strong>Entrega r\u00e1pida en 7-15 d\u00edas<\/strong>\u00a0en los principales mercados mundiales.<\/li>\n<li><strong>Transparencia de la cadena de suministro<\/strong>: Siga la trazabilidad de las materias primas y el progreso de la producci\u00f3n mediante la tecnolog\u00eda del Internet de las Cosas (IoT) para garantizar una calidad controlable y una entrega puntual.<\/li>\n<\/ul>\n<h2 id=\"-6-brand-empowerment-and-market-competitiveness-\"><strong>6. Potenciaci\u00f3n de la marca y competitividad en el mercado<\/strong><\/h2>\n<ul>\n<li><strong>Integraci\u00f3n de herramientas de marketing<\/strong>: La caja del envase puede integrarse con chips NFC o c\u00f3digos QR para enlazar con el sitio web oficial de la marca y actividades promocionales que mejoren la interacci\u00f3n con el consumidor.<\/li>\n<li><strong>Certificaci\u00f3n medioambiental<\/strong>: Proporcionar opciones de papel con certificaci\u00f3n FSC, que se ajustan a la tendencia de desarrollo sostenible de los mercados europeo y estadounidense y contribuyen al prestigio de la marca.<\/li>\n<\/ul>\n<h2 id=\"-7-quality-commitment-and-after-sales-guarantee-\"><strong>7. Compromiso de calidad y garant\u00eda posventa<\/strong><\/h2>\n<ul>\n<li><strong>Proceso completo de inspecci\u00f3n y control de calidad<\/strong>: Desde el almacenamiento de la materia prima hasta el env\u00edo del producto acabado, aplicamos el sistema de gesti\u00f3n de calidad ISO 9001, y la tasa de defectos es \u22640,3%.<\/li>\n<li><strong>Posventa sin preocupaciones<\/strong>: Ofrecemos compensaci\u00f3n por da\u00f1os, servicio de sustituci\u00f3n de pedidos de emergencia y respuesta al servicio de atenci\u00f3n al cliente las 24 horas del d\u00eda para resolver las preocupaciones de los clientes.<\/li>\n<\/ul>","protected":false},"excerpt":{"rendered":"<p>Gracias a la profunda integraci\u00f3n de\u00a0<strong>innovaci\u00f3n de materiales<\/strong>,\u00a0<strong>perfeccionamiento del proceso<\/strong>\u00a0y\u00a0<strong>servicio digital<\/strong>Nuestras cajas de empaquetado de cigarrillos no s\u00f3lo satisfacen las necesidades funcionales, sino que tambi\u00e9n se convierten en un soporte ampliado del valor de la marca. Desde el dise\u00f1o hasta la entrega, nos comprometemos a\u00a0<strong>precisi\u00f3n industrial<\/strong>\u00a0y\u00a0<strong>expresi\u00f3n art\u00edstica<\/strong>\u00a0para que sus productos destaquen en un mercado competitivo.<\/p>","protected":false},"featured_media":9876,"template":"","meta":[],"product_brand":[],"product_cat":[30,420,31,426],"product_tag":[1213,1299,1281],"class_list":{"0":"post-9871","1":"product","2":"type-product","3":"status-publish","4":"has-post-thumbnail","6":"product_cat-by-industry","7":"product_cat-custom-cannabis-boxes","8":"product_cat-paper-box-style","9":"product_cat-paper-drawer-boxes","10":"product_tag-custom-pre-roll-boxes","11":"product_tag-pre-roll-joint-boxes","12":"product_tag-pre-roll-packaging","14":"first","15":"instock","16":"shipping-taxable","17":"product-type-grouped"},"_links":{"self":[{"href":"https:\/\/zojopackaging.com\/es\/wp-json\/wp\/v2\/product\/9871","targetHints":{"allow":["GET"]}}],"collection":[{"href":"https:\/\/zojopackaging.com\/es\/wp-json\/wp\/v2\/product"}],"about":[{"href":"https:\/\/zojopackaging.com\/es\/wp-json\/wp\/v2\/types\/product"}],"version-history":[{"count":1,"href":"https:\/\/zojopackaging.com\/es\/wp-json\/wp\/v2\/product\/9871\/revisions"}],"predecessor-version":[{"id":9879,"href":"https:\/\/zojopackaging.com\/es\/wp-json\/wp\/v2\/product\/9871\/revisions\/9879"}],"wp:featuredmedia":[{"embeddable":true,"href":"https:\/\/zojopackaging.com\/es\/wp-json\/wp\/v2\/media\/9876"}],"wp:attachment":[{"href":"https:\/\/zojopackaging.com\/es\/wp-json\/wp\/v2\/media?parent=9871"}],"wp:term":[{"taxonomy":"product_brand","embeddable":true,"href":"https:\/\/zojopackaging.com\/es\/wp-json\/wp\/v2\/product_brand?post=9871"},{"taxonomy":"product_cat","embeddable":true,"href":"https:\/\/zojopackaging.com\/es\/wp-json\/wp\/v2\/product_cat?post=9871"},{"taxonomy":"product_tag","embeddable":true,"href":"https:\/\/zojopackaging.com\/es\/wp-json\/wp\/v2\/product_tag?post=9871"}],"curies":[{"name":"wp","href":"https:\/\/api.w.org\/{rel}","templated":true}]}}