{"id":9880,"date":"2025-04-04T09:38:51","date_gmt":"2025-04-04T01:38:51","guid":{"rendered":"https:\/\/zojopackaging.com\/?post_type=product&#038;p=9880"},"modified":"2025-04-04T09:47:29","modified_gmt":"2025-04-04T01:47:29","slug":"wholesale-multi-pack-pre-roll-paper-packaging-drawer-boxes","status":"publish","type":"product","link":"https:\/\/zojopackaging.com\/es\/product\/wholesale-multi-pack-pre-roll-paper-packaging-drawer-boxes\/","title":{"rendered":"Mayorista Cajas de Papel Preenrolladas para Embalaje de Cajones"},"content":{"rendered":"<h2 id=\"pre-rolled-paper-drawer-box-with-multiple-pieces\">Mayorista Cajas de Papel Preenrolladas para Embalaje de Cajones<\/h2>\n<h2 id=\"1-excellent-materials-and-customized-craftsmanship\">1. Materiales excelentes y artesan\u00eda personalizada<\/h2>\n<p>Adoptando una estructura compuesta de papel estucado de 350 g y cart\u00f3n gris de 1400 g, el equipo de impresi\u00f3n Roland alem\u00e1n consigue un control de errores de precisi\u00f3n de 0,1-0,5 mm. Soporte:<\/p>\n<ul>\n<li><strong>Impresi\u00f3n de alta precisi\u00f3n<\/strong>: El n\u00famero de color Pantone se restaura con precisi\u00f3n, y el proceso local de estampado en caliente\/UV puede mejorar la textura del envase.<\/li>\n<li><strong>Proceso compuesto<\/strong>: Se puede seleccionar pel\u00edcula mate\/brillante, y la precisi\u00f3n de la l\u00ednea de la cuchilla de troquelado es de \u00b10,05 mm.<\/li>\n<li><strong>Certificaci\u00f3n medioambiental<\/strong>: Se combina papel estucado con certificaci\u00f3n FSC y cart\u00f3n gris reciclado, que cumple la directiva RoHS de la UE.<\/li>\n<\/ul>\n<h2 id=\"2-functional-lining-system\">2. Sistema de revestimiento funcional<\/h2>\n<p>El revestimiento del caj\u00f3n adopta un dise\u00f1o segmentado a prueba de humedad:<\/p>\n<ul>\n<li>Capa superior antiadherente: Papel de \u00e1cido sulf\u00farico de grado alimentario de 0,02 mm, tasa de transmisi\u00f3n de vapor de agua de bloqueo \u22643g\/(m\u00b2-24h).<\/li>\n<li>Capa intermedia de amortiguaci\u00f3n: Ranura troquelada de algod\u00f3n perlado EPE de 3 mm, adecuada para cigarrillos preenrollados con un di\u00e1metro de 7-12 mm.<\/li>\n<li>Sistema de posicionamiento inferior: rejilla de posicionamiento grabada con l\u00e1ser, que consigue una precisi\u00f3n de \u00b10,3 mm en la disposici\u00f3n del producto.<\/li>\n<\/ul>\n<h2 id=\"4-natural-aesthetic-design\">4. Dise\u00f1o est\u00e9tico natural<\/h2>\n<p>Desarroll\u00f3 los \"tonos tierra\" a trav\u00e9s del sistema de color alem\u00e1n Pantone:<\/p>\n<ul>\n<li><strong>Tecnolog\u00eda de textura<\/strong>: 8 tratamientos de superficie t\u00e1ctiles, como grano de c\u00e1\u00f1amo bi\u00f3nico\/grano de anillo anual\/grano de piedra<\/li>\n<li><strong>Experiencia en apertura y cierre<\/strong>: Sistema de cierre magn\u00e9tico con un coeficiente de amortiguaci\u00f3n de 0,3-0,5N-m<\/li>\n<li><strong>Implantaci\u00f3n de marcas<\/strong>: Admite el grabado l\u00e1ser de c\u00f3digos QR invisibles (tama\u00f1o m\u00ednimo 0,8\u00d70,8 mm)<\/li>\n<\/ul>\n<h2 id=\"5-full-link-production-management\">5. Gesti\u00f3n de la producci\u00f3n de enlace completo<\/h2>\n<p>Confiar en la f\u00e1brica inteligente 5320\u33a1 para conseguir:<\/p>\n<ul>\n<li><strong>L\u00ednea de producci\u00f3n automatizada<\/strong>: Precisi\u00f3n de parche SMT \u00b135\u03bcm, rendimiento diario del sistema log\u00edstico AGV de 100.000 piezas.<\/li>\n<li><strong>Gesti\u00f3n de la calidad<\/strong>: Equipado con detector de cuerpos extra\u00f1os por rayos X y sistema de inspecci\u00f3n de juntas por balanza electr\u00f3nica (precisi\u00f3n \u00b10,1g)<\/li>\n<li><strong>Optimizaci\u00f3n de costes<\/strong>: Reducci\u00f3n de los costes de almacenamiento en 15% gracias a la gesti\u00f3n de inventarios VMI y a un \u00edndice de puntualidad de las entregas JIT del 99,2%.<\/li>\n<\/ul>\n<h2 id=\"6-strategic-packaging-solutions\">6. Soluciones estrat\u00e9gicas de envasado<\/h2>\n<p>Nuestro equipo de expertos puede proporcionarle:<\/p>\n<ul>\n<li><strong>Diagn\u00f3stico de marca<\/strong>: Optimizar la din\u00e1mica visual de los envases bas\u00e1ndose en las pruebas de seguimiento ocular de los consumidores<\/li>\n<li><strong>Integraci\u00f3n de la cadena de suministro<\/strong>: Los costes log\u00edsticos de la l\u00ednea dedicada transfronteriza son 22% inferiores a los modelos tradicionales<\/li>\n<li><strong>Sistema antifalsificaci\u00f3n<\/strong>: Soluci\u00f3n de implantaci\u00f3n de chip RFID con triple encriptaci\u00f3n (distancia de lectura ajustable de 0 a 50 cm)<\/li>\n<\/ul>\n<h2 id=\"vii-service-commitment\">7. Compromiso de servicio<\/h2>\n<ul>\n<li><strong>Respuesta r\u00e1pida<\/strong>: Entrega de muestras en 48 horas (admite pruebas virtuales AR)<\/li>\n<li><strong>Garant\u00eda de capacidad de producci\u00f3n<\/strong>: 1.000.000 PCS\/d\u00eda de capacidad de producci\u00f3n estandarizada, canal acelerado de 72 horas para pedidos urgentes<\/li>\n<li><strong>Certificaci\u00f3n medioambiental<\/strong>: Certificaci\u00f3n ISO14001 del sistema de gesti\u00f3n medioambiental, compatible con la trazabilidad de la huella de carbono.<\/li>\n<\/ul>","protected":false},"excerpt":{"rendered":"<p>1. Las materias primas de la caja de papel para cajones son papel estucado art\u00edstico y cart\u00f3n gris. Puede confiar en nuestras excelentes especificaciones de materiales. Impresi\u00f3n, laminaci\u00f3n, troquelado y otros procesos pueden ser apoyados de acuerdo a los requerimientos del cliente.<br \/>\n2. El forro de la caja extra\u00edble, estos art\u00edculos sencillos pero esenciales encierran un encanto y una comodidad infinitos. Imag\u00ednese una hilera de cigarrillos liados ordenadamente, su aspecto liso y sus l\u00edneas limpias atraen a los consumidores a utilizarlos.<br \/>\n3. Nuestros clientes pueden elegir entre una gran variedad de tama\u00f1os de cajas extra\u00edbles, para encontrar eficazmente el material base que mejor se adapte a sus necesidades de envasado de productos.<\/p>","protected":false},"featured_media":9882,"template":"","meta":[],"product_brand":[],"product_cat":[30,420,31,426],"product_tag":[1213,1300,1299,1281],"class_list":{"0":"post-9880","1":"product","2":"type-product","3":"status-publish","4":"has-post-thumbnail","6":"product_cat-by-industry","7":"product_cat-custom-cannabis-boxes","8":"product_cat-paper-box-style","9":"product_cat-paper-drawer-boxes","10":"product_tag-custom-pre-roll-boxes","11":"product_tag-paper-pre-roll-packaging","12":"product_tag-pre-roll-joint-boxes","13":"product_tag-pre-roll-packaging","15":"first","16":"instock","17":"shipping-taxable","18":"product-type-grouped"},"_links":{"self":[{"href":"https:\/\/zojopackaging.com\/es\/wp-json\/wp\/v2\/product\/9880","targetHints":{"allow":["GET"]}}],"collection":[{"href":"https:\/\/zojopackaging.com\/es\/wp-json\/wp\/v2\/product"}],"about":[{"href":"https:\/\/zojopackaging.com\/es\/wp-json\/wp\/v2\/types\/product"}],"version-history":[{"count":1,"href":"https:\/\/zojopackaging.com\/es\/wp-json\/wp\/v2\/product\/9880\/revisions"}],"predecessor-version":[{"id":9887,"href":"https:\/\/zojopackaging.com\/es\/wp-json\/wp\/v2\/product\/9880\/revisions\/9887"}],"wp:featuredmedia":[{"embeddable":true,"href":"https:\/\/zojopackaging.com\/es\/wp-json\/wp\/v2\/media\/9882"}],"wp:attachment":[{"href":"https:\/\/zojopackaging.com\/es\/wp-json\/wp\/v2\/media?parent=9880"}],"wp:term":[{"taxonomy":"product_brand","embeddable":true,"href":"https:\/\/zojopackaging.com\/es\/wp-json\/wp\/v2\/product_brand?post=9880"},{"taxonomy":"product_cat","embeddable":true,"href":"https:\/\/zojopackaging.com\/es\/wp-json\/wp\/v2\/product_cat?post=9880"},{"taxonomy":"product_tag","embeddable":true,"href":"https:\/\/zojopackaging.com\/es\/wp-json\/wp\/v2\/product_tag?post=9880"}],"curies":[{"name":"wp","href":"https:\/\/api.w.org\/{rel}","templated":true}]}}