{"id":9888,"date":"2025-04-04T09:47:39","date_gmt":"2025-04-04T01:47:39","guid":{"rendered":"https:\/\/zojopackaging.com\/?post_type=product&#038;p=9888"},"modified":"2025-04-04T09:58:19","modified_gmt":"2025-04-04T01:58:19","slug":"custom-printed-5-pack-blank-cbd-pre-rolled-joints-box-usa","status":"publish","type":"product","link":"https:\/\/zojopackaging.com\/es\/product\/custom-printed-5-pack-blank-cbd-pre-rolled-joints-box-usa\/","title":{"rendered":"Caja de 5 paquetes de CBD pre liado en blanco con impresi\u00f3n personalizada USA"},"content":{"rendered":"<h2 id=\"1-high-quality-materials-and-structural-design-\">1.\u00a0<strong>Materiales de alta calidad y dise\u00f1o estructural<\/strong><\/h2>\n<ul>\n<li><strong>Combinaci\u00f3n de materiales<\/strong>: Se utilizan materiales de cart\u00f3n r\u00edgido y papel estucado de alto gramaje para garantizar que el cuerpo de la caja sea resistente y duradero, y la estructura interna est\u00e1 dise\u00f1ada con precisi\u00f3n para fijar eficazmente los productos enrollados previamente y evitar que se agiten durante el transporte o el uso.<\/li>\n<li><strong>Protecci\u00f3n del medio ambiente<\/strong>: Hay disponible un revestimiento degradable de base biol\u00f3gica opcional para cumplir con la tendencia de las normativas de protecci\u00f3n medioambiental de varios estados de Estados Unidos y mejorar la imagen sostenible de la marca.<\/li>\n<\/ul>\n<h2 id=\"2-four-color-printing-and-matte-film-process-\">2.\u00a0<strong>Impresi\u00f3n en cuatricrom\u00eda y proceso de pel\u00edcula mate<\/strong><\/h2>\n<ul>\n<li><strong>Tecnolog\u00eda de impresi\u00f3n<\/strong>: La impresi\u00f3n en cuatricrom\u00eda restaura con precisi\u00f3n los colores de la marca, admite la correspondencia de colores planos Pantone y es adecuada para patrones complejos y efectos de degradado.<\/li>\n<li><strong>Tratamiento de superficies<\/strong>: La tecnolog\u00eda de laminado mate no s\u00f3lo mejora la sensaci\u00f3n visual de lujo, sino que tambi\u00e9n tiene funciones antihuellas y antiara\u00f1azos, lo que prolonga la vida \u00fatil del envase.<\/li>\n<\/ul>\n<h2 id=\"3-all-round-customization-service-\">3.\u00a0<strong>Servicio integral de personalizaci\u00f3n<\/strong><\/h2>\n<ul>\n<li><strong>Tama\u00f1o y forma<\/strong>: Admite la personalizaci\u00f3n de tama\u00f1os no est\u00e1ndar (como dise\u00f1os esbeltos, cuadrados o con formas especiales) para adaptarse a las diferentes especificaciones de los productos CBD preenrollados.<\/li>\n<li><strong>Dise\u00f1o art\u00edstico<\/strong>: Ofrece soporte de dise\u00f1o para todo el proceso, desde el logotipo de la marca y las ilustraciones hasta los elementos antifalsificaci\u00f3n, y puede utilizar estampaci\u00f3n en caliente, glaseado local UV y otros procesos para mejorar el impacto visual.<\/li>\n<\/ul>\n<h2 id=\"4-regulatory-compliance-and-safety-upgrade-\">4.\u00a0<strong>Cumplimiento de la normativa y mejora de la seguridad<\/strong><\/h2>\n<ul>\n<li><strong>Cerradura a prueba de ni\u00f1os<\/strong>: Dispositivo de apertura a prueba de ni\u00f1os integrado opcional, conforme a los requisitos de la Ley de envases para la prevenci\u00f3n de envenenamientos infantiles (PPPA) de EE. UU., y certificado por la FDA.<\/li>\n<li><strong>Tecnolog\u00eda antifalsificaci\u00f3n<\/strong>: Admite soluciones antifalsificaci\u00f3n como la estampaci\u00f3n en caliente hologr\u00e1fica y la tinta de temperatura variable para proteger las marcas de las falsificaciones.<\/li>\n<\/ul>\n<h2 id=\"5-flexible-capacity-and-brand-empowerment-\">5.\u00a0<strong>Capacidad flexible y potenciaci\u00f3n de la marca<\/strong><\/h2>\n<ul>\n<li><strong>Cantidad m\u00ednima de pedido<\/strong>: Admite la personalizaci\u00f3n de lotes peque\u00f1os (pedido m\u00ednimo de 5 paquetes), adecuado para que las marcas que empiezan prueben el mercado.<\/li>\n<li><strong>Sistema de clasificaci\u00f3n de marcas<\/strong>: Proporciona soluciones de dise\u00f1o de envases diferenciadas basadas en el posicionamiento del producto (como gama alta, asequible o edici\u00f3n limitada) para ayudar a una comercializaci\u00f3n de precisi\u00f3n.<\/li>\n<\/ul>\n<h2 id=\"-application-scenarios-and-market-value-\"><strong>Escenarios de aplicaci\u00f3n y valor de mercado<\/strong><\/h2>\n<ul>\n<li><strong>Expositores para minoristas<\/strong>: La textura mate de la pel\u00edcula y los dise\u00f1os personalizados realzan el atractivo de los estantes, adecuados para estancos fuera de l\u00ednea, tiendas especializadas en CBD y tiendas de productos de salud.<\/li>\n<li><strong>Servicio de suscripci\u00f3n<\/strong>: Ad\u00e1ptese al modelo de suscripci\u00f3n mensual y mejore la experiencia unboxing del usuario y su fidelidad a la marca mediante envases personalizados.<\/li>\n<li><strong>Cooperaci\u00f3n limitada<\/strong>: Proporcione un dise\u00f1o exclusivo para productos de marca compartida o limitados a las vacaciones para crear escasez y actualidad.<\/li>\n<\/ul>\n<h2 id=\"-cooperation-process-and-guarantee-\"><strong>Proceso de cooperaci\u00f3n y garant\u00eda<\/strong><\/h2>\n<ol>\n<li><strong>Comunicaci\u00f3n de la demanda<\/strong>: Proporcionar el proyecto de dise\u00f1o o dise\u00f1o original por nuestro equipo, y la salida de renderizado 3D dentro de 3 d\u00edas h\u00e1biles.<\/li>\n<li><strong>Confirmaci\u00f3n de pruebas<\/strong>: Enviar muestras f\u00edsicas dentro de 7 d\u00edas, apoyar el proceso de ajuste de detalle.<\/li>\n<li><strong>Producci\u00f3n en serie<\/strong>: Ciclo de entrega de 10-15 d\u00edas, inspecci\u00f3n de calidad completa para garantizar la tasa calificada de productos terminados \u226599.8%.<\/li>\n<li><strong>Asistencia posventa<\/strong>: Proporcionar servicios de custodia de almacenes y reposici\u00f3n de pedidos de emergencia para responder a la demanda repentina del mercado.<\/li>\n<\/ol>","protected":false},"excerpt":{"rendered":"<p>Nuestras cajas de cajones pre-enrollados de CBD en blanco est\u00e1n dise\u00f1adas espec\u00edficamente para el mercado estadounidense, combinando materiales de alta calidad y artesan\u00eda innovadora para ofrecer soluciones de envasado seguras, bellas y altamente personalizadas. Son adecuadas para que los propietarios de marcas y negocios establezcan una imagen \u00fanica en un mercado altamente competitivo, al tiempo que cumplen los requisitos normativos y las necesidades de experiencia del consumidor.<\/p>","protected":false},"featured_media":9889,"template":"","meta":[],"product_brand":[],"product_cat":[30,420,31,426],"product_tag":[1213,1300,1299,1281],"class_list":{"0":"post-9888","1":"product","2":"type-product","3":"status-publish","4":"has-post-thumbnail","6":"product_cat-by-industry","7":"product_cat-custom-cannabis-boxes","8":"product_cat-paper-box-style","9":"product_cat-paper-drawer-boxes","10":"product_tag-custom-pre-roll-boxes","11":"product_tag-paper-pre-roll-packaging","12":"product_tag-pre-roll-joint-boxes","13":"product_tag-pre-roll-packaging","15":"first","16":"instock","17":"shipping-taxable","18":"product-type-grouped"},"_links":{"self":[{"href":"https:\/\/zojopackaging.com\/es\/wp-json\/wp\/v2\/product\/9888","targetHints":{"allow":["GET"]}}],"collection":[{"href":"https:\/\/zojopackaging.com\/es\/wp-json\/wp\/v2\/product"}],"about":[{"href":"https:\/\/zojopackaging.com\/es\/wp-json\/wp\/v2\/types\/product"}],"version-history":[{"count":1,"href":"https:\/\/zojopackaging.com\/es\/wp-json\/wp\/v2\/product\/9888\/revisions"}],"predecessor-version":[{"id":9895,"href":"https:\/\/zojopackaging.com\/es\/wp-json\/wp\/v2\/product\/9888\/revisions\/9895"}],"wp:featuredmedia":[{"embeddable":true,"href":"https:\/\/zojopackaging.com\/es\/wp-json\/wp\/v2\/media\/9889"}],"wp:attachment":[{"href":"https:\/\/zojopackaging.com\/es\/wp-json\/wp\/v2\/media?parent=9888"}],"wp:term":[{"taxonomy":"product_brand","embeddable":true,"href":"https:\/\/zojopackaging.com\/es\/wp-json\/wp\/v2\/product_brand?post=9888"},{"taxonomy":"product_cat","embeddable":true,"href":"https:\/\/zojopackaging.com\/es\/wp-json\/wp\/v2\/product_cat?post=9888"},{"taxonomy":"product_tag","embeddable":true,"href":"https:\/\/zojopackaging.com\/es\/wp-json\/wp\/v2\/product_tag?post=9888"}],"curies":[{"name":"wp","href":"https:\/\/api.w.org\/{rel}","templated":true}]}}