{"id":9896,"date":"2025-04-04T09:58:33","date_gmt":"2025-04-04T01:58:33","guid":{"rendered":"https:\/\/zojopackaging.com\/?post_type=product&#038;p=9896"},"modified":"2025-04-04T10:09:23","modified_gmt":"2025-04-04T02:09:23","slug":"premium-cannabis-cbd-joints-packaging-pre-rolls-paper-box","status":"publish","type":"product","link":"https:\/\/zojopackaging.com\/es\/product\/premium-cannabis-cbd-joints-packaging-pre-rolls-paper-box\/","title":{"rendered":"Premium Cannabis CBD Joints Embalaje Pre-Rolls Caja de Papel"},"content":{"rendered":"<h2 id=\"-1-materials-and-structure-both-texture-and-environmental-protection-\"><strong>1. Materiales y estructura: textura y protecci\u00f3n medioambiental<\/strong><\/h2>\n<p>Esta caja de papel preenrollado utiliza\u00a0<strong>papel art\u00edstico estucado + cart\u00f3n r\u00edgido material compuesto<\/strong>, que no s\u00f3lo conserva las caracter\u00edsticas de impresi\u00f3n de alto brillo del papel estucado, sino que tambi\u00e9n mejora la resistencia a la presi\u00f3n y la durabilidad del cuerpo de la caja gracias al material de cart\u00f3n gris, adapt\u00e1ndose perfectamente al dise\u00f1o de apertura y cierre pull-out. La superficie del papel estucado es lisa, lo que puede presentar un delicado\u00a0<strong>efecto de impresi\u00f3n en cuatricrom\u00eda<\/strong>El n\u00facleo de cart\u00f3n gris proporciona una estructura de soporte estable para evitar el riesgo de deformaci\u00f3n durante el transporte o el almacenamiento. Adem\u00e1s, la combinaci\u00f3n de materiales est\u00e1 en consonancia con la tendencia de protecci\u00f3n del medio ambiente, apoya el posterior dise\u00f1o reciclable y responde a las necesidades de desarrollo sostenible de la industria.<\/p>\n<h2 id=\"-2-innovative-design-brand-differentiation-experience-\"><strong>2. Dise\u00f1o innovador: experiencia de diferenciaci\u00f3n de marca<\/strong><\/h2>\n<ul>\n<li><strong>Estructura de capas extra\u00edbles<\/strong>: Se adopta el dise\u00f1o en capas de la partici\u00f3n de cart\u00f3n, y los cigarrillos preenrollados se disponen ordenadamente en ranuras independientes para tarjetas, lo que no s\u00f3lo protege la integridad del producto, sino que tambi\u00e9n refuerza la sensaci\u00f3n de ritual de apertura de la caja mediante la \"progresi\u00f3n visual\" al abrirla, y realza la imagen de gama alta de la marca.<\/li>\n<li><strong>Impacto visual de colores brillantes<\/strong>: Los colores principales son\u00a0<strong>rosa brillante y rojo<\/strong>, con tecnolog\u00eda de impresi\u00f3n de alta saturaci\u00f3n, que atrae r\u00e1pidamente la atenci\u00f3n de los consumidores en el expositor del lineal. La superficie de la caja presenta con precisi\u00f3n el logotipo de la marca gracias a la tecnolog\u00eda de impresi\u00f3n en cuatricrom\u00eda, y la caja interior se complementa con\u00a0<strong>decoraci\u00f3n con cinta personalizada<\/strong>. Los detalles reflejan la b\u00fasqueda de calidad y est\u00e9tica de la marca.<\/li>\n<\/ul>\n<h2 id=\"-3-safety-and-compliance-child-protection-and-regulatory-adaptation-\"><strong>3. Seguridad y cumplimiento: Protecci\u00f3n de la infancia y adaptaci\u00f3n a la normativa<\/strong><\/h2>\n<ul>\n<li><strong>Opciones de envasado seguras para los ni\u00f1os<\/strong>: Proporcionar\u00a0<strong>dise\u00f1o de apertura de caja con cierre a presi\u00f3n<\/strong>\u00a0o estructura de encriptaci\u00f3n magn\u00e9tica, que requiere pasos de operaci\u00f3n espec\u00edficos para abrirse, lo que impide eficazmente que los ni\u00f1os lo toquen accidentalmente y cumple normas de seguridad internacionales como la CPSC de EE.UU.<\/li>\n<\/ul>\n<h2 id=\"-4-unlimited-customization-highlight-the-uniqueness-of-the-brand-\"><strong>4. Personalizaci\u00f3n ilimitada: resalte la singularidad de la marca.<\/strong><\/h2>\n<ul>\n<li><strong>Servicio completo de personalizaci\u00f3n de procesos<\/strong>: Desde el tama\u00f1o de la caja, la tecnolog\u00eda de impresi\u00f3n (estampaci\u00f3n en caliente\/UV\/gofrado) hasta el dise\u00f1o del logotipo, todo admite ajustes personalizados. Por ejemplo, puede combinar\u00a0<strong>elementos de la hoja de marihuana<\/strong>\u00a0o imagen de PI de la marca para crear un lenguaje visual \u00fanico.<\/li>\n<li><strong>M\u00f3dulo de ampliaci\u00f3n de funciones<\/strong>Tarjeta de control de humedad integrada opcional, ranura para folletos de la marca o combinada con chip NFC para lograr la funci\u00f3n de trazabilidad contra falsificaciones, mejorar la experiencia del usuario y la tecnolog\u00eda de la marca.<\/li>\n<\/ul>\n<h2 id=\"-application-scenarios-and-market-value-\"><strong>Escenarios de aplicaci\u00f3n y valor de mercado<\/strong><\/h2>\n<ul>\n<li><strong>Mercado de cajas de regalo de gama alta<\/strong>: Aplicable a los cigarrillos de ocio CBD, productos de marihuana medicinal, etc, para aumentar el espacio premium del producto a trav\u00e9s de un embalaje de lujo.<\/li>\n<li><strong>Cooperaci\u00f3n conjunta de marcas<\/strong>dise\u00f1o transfronterizo con los campos de la moda y el arte para atraer a grupos de consumidores j\u00f3venes, como cajas de regalo navide\u00f1as de edici\u00f3n limitada.<\/li>\n<\/ul>","protected":false},"excerpt":{"rendered":"<p>Esta caja de papel preenrollado se centra en la innovaci\u00f3n de materiales, la est\u00e9tica del dise\u00f1o y la practicidad funcional, ayudando a las marcas a destacar en el ferozmente competitivo mercado del cannabis. Ya se trate de necesidades de seguridad infantil, conceptos de protecci\u00f3n medioambiental o servicios personalizados, puede ofrecer una soluci\u00f3n integral y convertirse en un soporte clave para aumentar el valor de la marca y la fidelidad del consumidor.<\/p>","protected":false},"featured_media":9897,"template":"","meta":[],"product_brand":[],"product_cat":[30,420,31,426],"product_tag":[1213,1300,1299,1281],"class_list":{"0":"post-9896","1":"product","2":"type-product","3":"status-publish","4":"has-post-thumbnail","6":"product_cat-by-industry","7":"product_cat-custom-cannabis-boxes","8":"product_cat-paper-box-style","9":"product_cat-paper-drawer-boxes","10":"product_tag-custom-pre-roll-boxes","11":"product_tag-paper-pre-roll-packaging","12":"product_tag-pre-roll-joint-boxes","13":"product_tag-pre-roll-packaging","15":"first","16":"instock","17":"shipping-taxable","18":"product-type-grouped"},"_links":{"self":[{"href":"https:\/\/zojopackaging.com\/es\/wp-json\/wp\/v2\/product\/9896","targetHints":{"allow":["GET"]}}],"collection":[{"href":"https:\/\/zojopackaging.com\/es\/wp-json\/wp\/v2\/product"}],"about":[{"href":"https:\/\/zojopackaging.com\/es\/wp-json\/wp\/v2\/types\/product"}],"version-history":[{"count":2,"href":"https:\/\/zojopackaging.com\/es\/wp-json\/wp\/v2\/product\/9896\/revisions"}],"predecessor-version":[{"id":9904,"href":"https:\/\/zojopackaging.com\/es\/wp-json\/wp\/v2\/product\/9896\/revisions\/9904"}],"wp:featuredmedia":[{"embeddable":true,"href":"https:\/\/zojopackaging.com\/es\/wp-json\/wp\/v2\/media\/9897"}],"wp:attachment":[{"href":"https:\/\/zojopackaging.com\/es\/wp-json\/wp\/v2\/media?parent=9896"}],"wp:term":[{"taxonomy":"product_brand","embeddable":true,"href":"https:\/\/zojopackaging.com\/es\/wp-json\/wp\/v2\/product_brand?post=9896"},{"taxonomy":"product_cat","embeddable":true,"href":"https:\/\/zojopackaging.com\/es\/wp-json\/wp\/v2\/product_cat?post=9896"},{"taxonomy":"product_tag","embeddable":true,"href":"https:\/\/zojopackaging.com\/es\/wp-json\/wp\/v2\/product_tag?post=9896"}],"curies":[{"name":"wp","href":"https:\/\/api.w.org\/{rel}","templated":true}]}}