{"id":9905,"date":"2025-04-04T10:09:37","date_gmt":"2025-04-04T02:09:37","guid":{"rendered":"https:\/\/zojopackaging.com\/?post_type=product&#038;p=9905"},"modified":"2025-04-04T10:20:16","modified_gmt":"2025-04-04T02:20:16","slug":"custom-drawer-hemp-pre-roll-pre-rolls-joints-packaging","status":"publish","type":"product","link":"https:\/\/zojopackaging.com\/es\/product\/custom-drawer-hemp-pre-roll-pre-rolls-joints-packaging\/","title":{"rendered":"Caj\u00f3n personalizado C\u00e1\u00f1amo pre-roll Pre Rollos Juntas Embalaje"},"content":{"rendered":"<h2 id=\"1-material-and-craftsmanship-\">1.\u00a0<strong>Material y artesan\u00eda<\/strong><\/h2>\n<ul>\n<li><strong>Papel frontal y estructura de cart\u00f3n gris<\/strong>: Se utiliza papel estucado de alto gramaje como papel de revestimiento, que se monta sobre un sustrato de cart\u00f3n gris de alta resistencia para garantizar que la caja sea recta y resistente al desgaste. La textura de espejo del papel estucado puede presentar con precisi\u00f3n el logotipo de la marca, el dise\u00f1o y el color, y el cart\u00f3n gris (grosor 1,5-3,0 mm) proporciona un soporte de compresi\u00f3n para resistir eficazmente el impacto de fuerzas externas durante el transporte.<\/li>\n<li><strong>Optimizaci\u00f3n del revestimiento<\/strong>: El interior lleva un forro de cart\u00f3n blanco apto para uso alimentario, y el producto preenrollado se fija mediante la ranura troquelada para evitar sacudidas o deformaciones por extrusi\u00f3n. La superficie del forro est\u00e1 cubierta con una capa de pel\u00edcula mate, a prueba de humedad y agradable al tacto.<\/li>\n<\/ul>\n<h2 id=\"2-functional-design-\">2.\u00a0<strong>Dise\u00f1o funcional<\/strong><\/h2>\n<ul>\n<li><strong>Apertura y cierre extra\u00edbles<\/strong>: La estructura del riel de deslizamiento adopta un proceso de ranura pre-prensada, y la suavidad de apertura y cierre alcanza el est\u00e1ndar de error de \u00b10,3 mm, y el coeficiente de resistencia es \u22640,5N, asegurando que los consumidores puedan tomar f\u00e1cilmente el producto con una mano.<\/li>\n<li><strong>Disposici\u00f3n de la cuadr\u00edcula<\/strong>: El revestimiento admite la personalizaci\u00f3n de rejillas con m\u00faltiples especificaciones (como ranuras independientes individuales y ranuras de varias filas), lo que resulta adecuado para cigarrillos preenrollados o atomizadores de diferentes tama\u00f1os para mejorar la sensaci\u00f3n de orden en la exposici\u00f3n de productos.<\/li>\n<\/ul>\n<h2 id=\"4-size-and-printing-customization-\">4.\u00a0<strong>Personalizaci\u00f3n del tama\u00f1o y la impresi\u00f3n<\/strong><\/h2>\n<ul>\n<li>Admite el ajuste de par\u00e1metros de tama\u00f1o completo (error de longitud\/anchura\/altura \u2264\u00b10,5 mm), y proporciona estampado en caliente UV, gofrado, barnizado local y otros procesos para mejorar el reconocimiento visual de la marca.<\/li>\n<li>La impresi\u00f3n se realiza en un taller cerrado independiente, equipado con un sistema de transferencia de archivos encriptado para garantizar la absoluta confidencialidad de los borradores de dise\u00f1o y la informaci\u00f3n sobre los productos de los clientes.<\/li>\n<\/ul>\n<h2 id=\"5-one-stop-solution-\">5.\u00a0<strong>Soluci\u00f3n integral<\/strong><\/h2>\n<ul>\n<li>Bas\u00e1ndose en 16 a\u00f1os de experiencia en la producci\u00f3n de envases, ofrece servicios de proceso completo, desde la investigaci\u00f3n y el desarrollo estructural, pasando por el dise\u00f1o gr\u00e1fico, hasta la producci\u00f3n en serie. El equipo de dise\u00f1o puede combinar las tendencias de marketing del sector del cannabis (como el estilo minimalista y los temas ecol\u00f3gicos) para producir soluciones de envasado diferenciadas.<\/li>\n<li>Admite la producci\u00f3n de prueba de lotes peque\u00f1os (100 piezas) y la entrega a gran escala (100.000 piezas al d\u00eda), y el ciclo de entrega se acorta a 7-15 d\u00edas laborables.<\/li>\n<\/ul>\n<h2 id=\"-application-scenarios-and-advantages-\"><strong>Escenarios de aplicaci\u00f3n y ventajas<\/strong><\/h2>\n<ul>\n<li><strong>Terminal minorista<\/strong>: El exquisito aspecto y el ritual de apertura y cierre de la caja extra\u00edble pueden realzar el atractivo del estante, y con el dise\u00f1o de ventana transparente o el proceso de ahuecado, los detalles del producto pueden mostrarse de forma intuitiva.<\/li>\n<li><strong>Mercado de regalos<\/strong>: Hay disponibles decoraciones adicionales opcionales, como cintas y sobres, que encajan con el posicionamiento de gama alta de las cajas de regalo navide\u00f1as o los productos de edici\u00f3n limitada.<\/li>\n<li><strong>Respetuoso con el medio ambiente y compatible<\/strong>: El material cumple la certificaci\u00f3n FSC, es compatible con el cart\u00f3n gris degradable y la tecnolog\u00eda de tinta al agua, y responde a la tendencia mundial de envasado sostenible.<\/li>\n<\/ul>\n<h2 id=\"-technical-parameters-\"><strong>Par\u00e1metros t\u00e9cnicos<\/strong><\/h2>\n<table>\n<thead>\n<tr>\n<th>Proyecto<\/th>\n<th>Detalles de los par\u00e1metros<\/th>\n<\/tr>\n<\/thead>\n<tbody>\n<tr>\n<td>Material de papel<\/td>\n<td>Papel estucado de 300 g (puede mejorarse a papel t\u00e1ctil)<\/td>\n<\/tr>\n<tr>\n<td>Grosor del sustrato<\/td>\n<td>Tablero gris de 1,8 mm (carga admisible \u226515 kg)<\/td>\n<\/tr>\n<tr>\n<td>Material del forro<\/td>\n<td>350 g de cart\u00f3n blanco (recubierto de pel\u00edcula mate)<\/td>\n<\/tr>\n<tr>\n<td>Vida \u00fatil<\/td>\n<td>\u22655000 veces de apertura y cierre sin atascos.<\/td>\n<\/tr>\n<tr>\n<td>A prueba de humedad<\/td>\n<td>Sin deformaci\u00f3n durante 48 horas en un entorno con 85% de humedad<\/td>\n<\/tr>\n<\/tbody>\n<\/table>","protected":false},"excerpt":{"rendered":"<p>Esta caja caj\u00f3n de empaquetado de cannabis pre-roll est\u00e1 especialmente dise\u00f1ada para derivados del cannabis como CBD, cigarrillos pre-rollados y atomizadores. Combina materiales de alta gama y estructuras funcionales para mejorar la exposici\u00f3n del producto, la protecci\u00f3n y la experiencia del usuario. El producto adopta un dise\u00f1o de caja de regalo extra\u00edble que combina belleza y practicidad. Es adecuado para la venta al por menor, los regalos y la personalizaci\u00f3n de la marca, y satisface las necesidades del sector en cuanto a confidencialidad del envase, portabilidad y personalizaci\u00f3n de la marca.<\/p>","protected":false},"featured_media":9906,"template":"","meta":[],"product_brand":[],"product_cat":[30,420,31,426],"product_tag":[1213,1299,1281],"class_list":{"0":"post-9905","1":"product","2":"type-product","3":"status-publish","4":"has-post-thumbnail","6":"product_cat-by-industry","7":"product_cat-custom-cannabis-boxes","8":"product_cat-paper-box-style","9":"product_cat-paper-drawer-boxes","10":"product_tag-custom-pre-roll-boxes","11":"product_tag-pre-roll-joint-boxes","12":"product_tag-pre-roll-packaging","14":"first","15":"instock","16":"shipping-taxable","17":"product-type-grouped"},"_links":{"self":[{"href":"https:\/\/zojopackaging.com\/es\/wp-json\/wp\/v2\/product\/9905","targetHints":{"allow":["GET"]}}],"collection":[{"href":"https:\/\/zojopackaging.com\/es\/wp-json\/wp\/v2\/product"}],"about":[{"href":"https:\/\/zojopackaging.com\/es\/wp-json\/wp\/v2\/types\/product"}],"version-history":[{"count":2,"href":"https:\/\/zojopackaging.com\/es\/wp-json\/wp\/v2\/product\/9905\/revisions"}],"predecessor-version":[{"id":9913,"href":"https:\/\/zojopackaging.com\/es\/wp-json\/wp\/v2\/product\/9905\/revisions\/9913"}],"wp:featuredmedia":[{"embeddable":true,"href":"https:\/\/zojopackaging.com\/es\/wp-json\/wp\/v2\/media\/9906"}],"wp:attachment":[{"href":"https:\/\/zojopackaging.com\/es\/wp-json\/wp\/v2\/media?parent=9905"}],"wp:term":[{"taxonomy":"product_brand","embeddable":true,"href":"https:\/\/zojopackaging.com\/es\/wp-json\/wp\/v2\/product_brand?post=9905"},{"taxonomy":"product_cat","embeddable":true,"href":"https:\/\/zojopackaging.com\/es\/wp-json\/wp\/v2\/product_cat?post=9905"},{"taxonomy":"product_tag","embeddable":true,"href":"https:\/\/zojopackaging.com\/es\/wp-json\/wp\/v2\/product_tag?post=9905"}],"curies":[{"name":"wp","href":"https:\/\/api.w.org\/{rel}","templated":true}]}}