{"id":9914,"date":"2025-04-04T10:20:27","date_gmt":"2025-04-04T02:20:27","guid":{"rendered":"https:\/\/zojopackaging.com\/?post_type=product&#038;p=9914"},"modified":"2025-04-04T10:43:54","modified_gmt":"2025-04-04T02:43:54","slug":"cbd-pre-roll-joints-blunt-hemp-boxes-for-multipack-packaging","status":"publish","type":"product","link":"https:\/\/zojopackaging.com\/es\/product\/cbd-pre-roll-joints-blunt-hemp-boxes-for-multipack-packaging\/","title":{"rendered":"CBD Pre Roll Joints Blunt Cajas de c\u00e1\u00f1amo para envases multipack"},"content":{"rendered":"<h2 id=\"-i-core-design-concept-and-material-selection-\"><strong>1. Concepto de dise\u00f1o del n\u00facleo y selecci\u00f3n de materiales<\/strong><\/h2>\n<ol>\n<li><strong>Material respetuoso con el medio ambiente - garant\u00eda de calidad<\/strong>\u00a0Este producto adopta una estructura de precisi\u00f3n que combina\u00a0<strong>papel estucado<\/strong>\u00a0y\u00a0<strong>tablero gris<\/strong>. La superficie del papel estucado es suave y delicada, por lo que puede presentar efectos de impresi\u00f3n de gran precisi\u00f3n. Combinada con la gran dureza del cart\u00f3n gris, garantiza que la caja de embalaje sea a la vez bonita y duradera. El cuerpo de la caja tipo caj\u00f3n est\u00e1 formado con precisi\u00f3n mediante una moderna tecnolog\u00eda de troquelado y grabado por l\u00e1ser. Los bordes son lisos y sin rebabas, y la apertura y el cierre son suaves, lo que responde perfectamente a las necesidades est\u00e9ticas minimalistas del \"estilo extra\u00edble\".<\/li>\n<li><strong>Dise\u00f1o de apertura de cajones: atractivo visual<\/strong>\u00a0El cuerpo de la caja adopta un\u00a0<strong>apertura tipo caj\u00f3n<\/strong>\u00a0dise\u00f1o. Los usuarios pueden sacar el producto preenrollado con un ligero empuj\u00f3n. La operaci\u00f3n es c\u00f3moda y llena de rituales. La textura de la superficie de la caja se mejora con la tecnolog\u00eda de laminaci\u00f3n mate\/brillo. En combinaci\u00f3n con la estampaci\u00f3n en caliente, el glaseado local UV y otros procesos, se puede resaltar el logotipo de la marca o el patr\u00f3n tem\u00e1tico, captando al instante la atenci\u00f3n del consumidor. Por ejemplo, la superficie de la caja puede imprimirse con motivos de hojas de CDB en relieve o colores degradados para mejorar el reconocimiento del producto.<\/li>\n<\/ol>\n<h2 id=\"-ii-functional-optimization-and-user-experience-\"><strong>2. Optimizaci\u00f3n funcional y experiencia del usuario<\/strong><\/h2>\n<ol>\n<li><strong>Estructura interna-Embalaje preciso<\/strong>\u00a0La caja est\u00e1 equipada con\u00a0<strong>tabiques troquelados<\/strong>, que adoptan una estructura de nido de abeja o un dise\u00f1o en capas y se fijan mediante pegado manual para garantizar que cada cigarrillo CBD preenrollado se almacene de forma independiente y evitar as\u00ed colisiones y extrusiones durante el transporte. La altura y el espaciado de los tabiques pueden ajustarse seg\u00fan las necesidades del cliente, y admiten disposiciones de una, dos o varias capas para adaptarse a productos de distintas especificaciones.<\/li>\n<li><strong>Personalizaci\u00f3n del tama\u00f1o flexible-Servicio personalizado<\/strong>\u00a0La f\u00e1brica ofrece servicios de personalizaci\u00f3n de tama\u00f1o completo desde\u00a0<strong>10cm\u00d75cm\u00d72cm<\/strong>\u00a0(paquete port\u00e1til) a\u00a0<strong>30cm\u00d715cm\u00d78cm<\/strong>\u00a0(paquete de caja de regalo), que admite la producci\u00f3n de prueba de lotes peque\u00f1os y pedidos de gran volumen. Por ejemplo, puede dise\u00f1arse una caja engrosada de edici\u00f3n limitada para actividades navide\u00f1as, con un dispositivo magn\u00e9tico de apertura y cierre incorporado para realzar la sensaci\u00f3n de alta gama.<\/li>\n<\/ol>\n<h2 id=\"-iii-brand-customization-and-visual-expression-\"><strong>3. Personalizaci\u00f3n de la marca y expresi\u00f3n visual<\/strong><\/h2>\n<ol>\n<li><strong>Diversas opciones de dise\u00f1o<\/strong><\/li>\n<li><strong>Color y dise\u00f1o<\/strong>: Proporcionan una coincidencia de color precisa con las cartas de colores Pantone, admiten la impresi\u00f3n de tintas especiales como colores met\u00e1licos y colores fluorescentes, y pueden combinarse con efectos l\u00e1ser o transiciones de gradiente para adaptarse al tono de marca de \"frescura natural\" o \"sentido de la tecnolog\u00eda\".<\/li>\n<li><strong>Logotipo exclusivo<\/strong>: El cuerpo de la caja se puede imprimir con el logotipo de la marca, la descripci\u00f3n de los ingredientes, el logotipo de cumplimiento (como el aviso de contenido de THC) y el c\u00f3digo QR para lograr una doble entrega de marketing e informaci\u00f3n.<\/li>\n<li><strong>Innovaci\u00f3n en procesos de superficie<\/strong>\u00a0Adopta\u00a0<strong>impresi\u00f3n ecol\u00f3gica con tinta al agua<\/strong>que cumple las normas de seguridad alimentaria, y realza el tacto mediante el gofrado, el plateado parcial en caliente y otros procesos. Por ejemplo, en el interior de la tapa de la caja puede imprimirse una gu\u00eda de usuario o una historia de marca para mejorar la experiencia interactiva del usuario.<\/li>\n<\/ol>\n<h2 id=\"-iv-environmental-commitment-and-production-advantages-\"><strong>4. Compromiso medioambiental y ventajas de producci\u00f3n<\/strong><\/h2>\n<ol>\n<li><strong>Pr\u00e1cticas de desarrollo sostenible<\/strong>\u00a0Las materias primas son cart\u00f3n gris con certificaci\u00f3n FSC y papel estucado degradable, y en el proceso de producci\u00f3n se utilizan adhesivos a base de agua y sistemas de suministro de energ\u00eda solar para reducir la huella de carbono. Los residuos de embalaje pueden reciclarse en productos de pasta de papel, con lo que se consigue una circulaci\u00f3n de recursos 100%.<\/li>\n<li><strong>Garant\u00eda de tecnolog\u00eda y experiencia<\/strong>\u00a0Confiar en\u00a0<strong>16 a\u00f1os de experiencia profesional<\/strong>En la f\u00e1brica se integran l\u00edneas de producci\u00f3n automatizadas y procesos de acabado manuales para garantizar que la calidad de cada eslab\u00f3n sea controlable. Por ejemplo, el riel del caj\u00f3n no tiene p\u00e9rdidas tras 3.000 pruebas de extracci\u00f3n, y el cuerpo de la caja puede soportar una carga de 5 kg, superando con creces la norma del sector.<\/li>\n<\/ol>\n<h2 id=\"-v-application-scenarios-and-market-value-\"><strong>5. Escenarios de aplicaci\u00f3n y valor de mercado<\/strong><\/h2>\n<ul>\n<li><strong>Expositor comercial<\/strong>: El dise\u00f1o extra\u00edble es pr\u00e1ctico para exponer los productos, con ventanas transparentes o patrones huecos, que pueden presentar intuitivamente el color y la forma de los cigarrillos CBD preenrollados.<\/li>\n<li><strong>Personalizaci\u00f3n de actividades<\/strong>: Adecuado para festivales de m\u00fasica, salones de salud y otras escenas, puede dise\u00f1ar modelos conjuntos tem\u00e1ticos (como la caja de textura cielo estrellado + tinta luminosa) para fortalecer los puntos de memoria de marca.<\/li>\n<li><strong>Set de regalo<\/strong>: Con pastillas hidratantes o mini molinillos, puede convertirse en una caja de regalo de gama alta para aumentar el precio unitario y la fidelidad de los clientes.<\/li>\n<\/ul>","protected":false},"excerpt":{"rendered":"<p>Puede elegir una gran variedad de colores, dise\u00f1os y materiales exquisitos para su caja de empaquetado de pre-laminados para dise\u00f1ar la caja de empaquetado adecuada para su marca de pre-laminados o el tema de su evento cann\u00e1bico. Deje una impresi\u00f3n m\u00e1s profunda en los consumidores imprimiendo su logotipo exclusivo, texto personalizado o gr\u00e1ficos \u00fanicos.<\/p>","protected":false},"featured_media":9915,"template":"","meta":[],"product_brand":[],"product_cat":[30,420,31,426],"product_tag":[1213,1299,1281],"class_list":{"0":"post-9914","1":"product","2":"type-product","3":"status-publish","4":"has-post-thumbnail","6":"product_cat-by-industry","7":"product_cat-custom-cannabis-boxes","8":"product_cat-paper-box-style","9":"product_cat-paper-drawer-boxes","10":"product_tag-custom-pre-roll-boxes","11":"product_tag-pre-roll-joint-boxes","12":"product_tag-pre-roll-packaging","14":"first","15":"instock","16":"shipping-taxable","17":"product-type-grouped"},"_links":{"self":[{"href":"https:\/\/zojopackaging.com\/es\/wp-json\/wp\/v2\/product\/9914","targetHints":{"allow":["GET"]}}],"collection":[{"href":"https:\/\/zojopackaging.com\/es\/wp-json\/wp\/v2\/product"}],"about":[{"href":"https:\/\/zojopackaging.com\/es\/wp-json\/wp\/v2\/types\/product"}],"version-history":[{"count":1,"href":"https:\/\/zojopackaging.com\/es\/wp-json\/wp\/v2\/product\/9914\/revisions"}],"predecessor-version":[{"id":9921,"href":"https:\/\/zojopackaging.com\/es\/wp-json\/wp\/v2\/product\/9914\/revisions\/9921"}],"wp:featuredmedia":[{"embeddable":true,"href":"https:\/\/zojopackaging.com\/es\/wp-json\/wp\/v2\/media\/9915"}],"wp:attachment":[{"href":"https:\/\/zojopackaging.com\/es\/wp-json\/wp\/v2\/media?parent=9914"}],"wp:term":[{"taxonomy":"product_brand","embeddable":true,"href":"https:\/\/zojopackaging.com\/es\/wp-json\/wp\/v2\/product_brand?post=9914"},{"taxonomy":"product_cat","embeddable":true,"href":"https:\/\/zojopackaging.com\/es\/wp-json\/wp\/v2\/product_cat?post=9914"},{"taxonomy":"product_tag","embeddable":true,"href":"https:\/\/zojopackaging.com\/es\/wp-json\/wp\/v2\/product_tag?post=9914"}],"curies":[{"name":"wp","href":"https:\/\/api.w.org\/{rel}","templated":true}]}}