{"id":9922,"date":"2025-04-04T10:44:14","date_gmt":"2025-04-04T02:44:14","guid":{"rendered":"https:\/\/zojopackaging.com\/?post_type=product&#038;p=9922"},"modified":"2025-04-04T10:53:16","modified_gmt":"2025-04-04T02:53:16","slug":"custom-paper-pre-roll-boxes-packaging-manufacture-supplier","status":"publish","type":"product","link":"https:\/\/zojopackaging.com\/es\/product\/custom-paper-pre-roll-boxes-packaging-manufacture-supplier\/","title":{"rendered":"Cajas de papel preenrolladas a medida Fabricaci\u00f3n de embalajes Proveedor"},"content":{"rendered":"<h2 id=\"-1-environmentally-friendly-materials-and-structural-design-safe-durable-green-and-sustainable-\"><strong>1. Materiales y dise\u00f1o estructural respetuosos con el medio ambiente: seguros, duraderos, ecol\u00f3gicos y sostenibles.<\/strong><\/h2>\n<ul>\n<li><strong>Selecci\u00f3n de materiales<\/strong>: El cuerpo de la caja es de alta resistencia\u00a0<strong>tablero gris<\/strong>\u00a0y\u00a0<strong>papel estucado<\/strong>\u00a0material compuesto, respetuoso con el medio ambiente y sostenible<\/li>\n<\/ul>\n<h2 id=\"-2-customized-lining-and-capacity-precise-adaptation-upgraded-protection-\"><strong>2. Revestimiento y capacidad personalizados: adaptaci\u00f3n precisa, protecci\u00f3n mejorada<\/strong><\/h2>\n<ul>\n<li><strong>Tama\u00f1o flexible<\/strong>: El forro es de\u00a0<strong>Cart\u00f3n blanco de alto gramaje de 350 g<\/strong>, que puede personalizarse seg\u00fan las necesidades del cliente desde especificaciones individuales hasta paquetes de 5 unidades (rango de tama\u00f1o convencional: longitud 50-150 mm, anchura 20-50 mm, altura 10-30 mm), perfectamente adaptado a productos de cigarrillos preenrollados de diferentes di\u00e1metros.<\/li>\n<li><strong>Dise\u00f1o del b\u00fafer<\/strong>: El borde del forro adopta una tecnolog\u00eda de troquelado y hendido para formar una ranura amortiguadora que evite que el producto se agite, y al mismo tiempo se reserva un orificio de ventilaci\u00f3n en la parte superior para mantener fresco el producto.<\/li>\n<\/ul>\n<h2 id=\"-3-child-proof-lock-buckle-design-safety-and-convenience-are-taken-into-account-\"><strong>3. Dise\u00f1o de hebilla de cierre a prueba de ni\u00f1os: se tienen en cuenta la seguridad y la comodidad.<\/strong><\/h2>\n<ul>\n<li><strong>Doble protecci\u00f3n<\/strong>: Opcional\u00a0<strong>estructura de bloqueo para ni\u00f1os de tipo prensa<\/strong>, que requiere presionar las hebillas reservadas en ambos lados del cuerpo de la caja al mismo tiempo para abrir, y la tasa de \u00e9xito de apertura de los ni\u00f1os es inferior a 5%.<\/li>\n<li><strong>Para adultos<\/strong>: El cierre adopta un dise\u00f1o de hebilla el\u00e1stica, que puede abrirse y cerrarse f\u00e1cilmente con una sola mano sin afectar a la experiencia del usuario.<\/li>\n<\/ul>\n<h2 id=\"-4-printing-technology-high-definition-visual-effects-enhance-brand-premium-\"><strong>4. Tecnolog\u00eda de impresi\u00f3n: efectos visuales de alta definici\u00f3n, realzan el prestigio de la marca.<\/strong><\/h2>\n<ul>\n<li><strong>Proceso de impresi\u00f3n<\/strong>: Adopte\u00a0<strong>M\u00e1quina de impresi\u00f3n offset UV Heidelberg de 6 colores<\/strong>La precisi\u00f3n m\u00ednima de impresi\u00f3n es de 300 ppp, para garantizar que los bordes del logotipo y el patr\u00f3n sean n\u00edtidos y sin rebabas.<\/li>\n<li><strong>Funci\u00f3n antifalsificaci\u00f3n<\/strong>: Impresi\u00f3n l\u00e1ser hologr\u00e1fica opcional o microtexto para mejorar la lucha contra la falsificaci\u00f3n de envases, adecuado para las necesidades de las marcas de gama alta.<\/li>\n<\/ul>\n<h2 id=\"-5-cost-optimization-plan-flexible-order-the-king-of-cost-effectiveness-\"><strong>5. Plan de optimizaci\u00f3n de costes: el pedido flexible, el rey de la rentabilidad<\/strong><\/h2>\n<ul>\n<li><strong>Presupuesto de escalera<\/strong>: Apoyo MOQ descuentos escalonados, peque\u00f1as y medianas empresas y grandes marcas pueden obtener el mejor plan de costos.<\/li>\n<li><strong>Ciclo de producci\u00f3n<\/strong>: Entrega 7-15 d\u00edas despu\u00e9s de la confirmaci\u00f3n de la muestra, la capacidad de producci\u00f3n diaria de 100.000 piezas, el apoyo a los pedidos urgentes.<\/li>\n<\/ul>\n<h2 id=\"-6-value-added-services-full-link-support-from-packaging-to-marketing-\"><strong>6. Servicios de valor a\u00f1adido: apoyo integral desde el envasado hasta la comercializaci\u00f3n<\/strong><\/h2>\n<ul>\n<li><strong>Servicios de dise\u00f1o<\/strong>: Optimizaci\u00f3n gratuita del borrador de dise\u00f1o AI\/CDR\/PSD, calibraci\u00f3n autom\u00e1tica de la posici\u00f3n de sangrado y la disposici\u00f3n de la cuchilla, lo que reduce los costes de comunicaci\u00f3n con el cliente.<\/li>\n<li><strong>Descuento al por mayor<\/strong>: Disfrute de\u00a0<strong>Descuento 15%<\/strong>\u00a0para el primer pedido, y ascender a clientes VIP con un volumen de compra anual superior a 500.000 piezas, y obtener condiciones de cr\u00e9dito exclusivas y derechos prioritarios.<\/li>\n<\/ul>\n<h2 id=\"-7-quality-assurance-and-certification-source-factory-full-control-\"><strong>7. Garant\u00eda de calidad y certificaci\u00f3n: f\u00e1brica de origen, control total<\/strong><\/h2>\n<ul>\n<li><strong>Ventajas de la cadena de suministro<\/strong>: Integraci\u00f3n de la f\u00e1brica de papel y el taller de impresi\u00f3n, sin intermediarios desde las materias primas hasta los productos acabados, y reducci\u00f3n de costes de 30%.<\/li>\n<li><strong>Sistema de inspecci\u00f3n de la calidad<\/strong>: Pasado ISO 9001 y certificaci\u00f3n GMI, la tasa de muestreo de cada lote de productos no es inferior a 10%, asegurando que el error de tama\u00f1o es \u22640,1mm y la diferencia de color \u0394E\u22641,5.<\/li>\n<\/ul>","protected":false},"excerpt":{"rendered":"<p>1. Esta caja para cigarrillos preenrollados est\u00e1 fabricada con materiales ecol\u00f3gicos, reciclables y duraderos de papel revestido y cart\u00f3n gris, muy adecuados para el envasado de productos de cigarrillos preenrollados de marihuana. Al mismo tiempo, la elecci\u00f3n de los materiales tambi\u00e9n garantiza la seguridad de sus productos.<br \/>\n2. El tama\u00f1o del forro de la caja extra\u00edble puede personalizarse en funci\u00f3n de su producto. Puede contener f\u00e1cilmente de 1 a 5 cigarrillos liados. Sin problemas. El forro est\u00e1 hecho de cart\u00f3n blanco de alta calidad, que puede proteger el producto sin ning\u00fan problema. Puede enamorar inmediatamente a los consumidores y aumentar la demanda de compra de los clientes.<\/p>","protected":false},"featured_media":9923,"template":"","meta":[],"product_brand":[],"product_cat":[30,420,31,426],"product_tag":[1213,1299,1281],"class_list":{"0":"post-9922","1":"product","2":"type-product","3":"status-publish","4":"has-post-thumbnail","6":"product_cat-by-industry","7":"product_cat-custom-cannabis-boxes","8":"product_cat-paper-box-style","9":"product_cat-paper-drawer-boxes","10":"product_tag-custom-pre-roll-boxes","11":"product_tag-pre-roll-joint-boxes","12":"product_tag-pre-roll-packaging","14":"first","15":"instock","16":"shipping-taxable","17":"product-type-grouped"},"_links":{"self":[{"href":"https:\/\/zojopackaging.com\/es\/wp-json\/wp\/v2\/product\/9922","targetHints":{"allow":["GET"]}}],"collection":[{"href":"https:\/\/zojopackaging.com\/es\/wp-json\/wp\/v2\/product"}],"about":[{"href":"https:\/\/zojopackaging.com\/es\/wp-json\/wp\/v2\/types\/product"}],"version-history":[{"count":1,"href":"https:\/\/zojopackaging.com\/es\/wp-json\/wp\/v2\/product\/9922\/revisions"}],"predecessor-version":[{"id":9929,"href":"https:\/\/zojopackaging.com\/es\/wp-json\/wp\/v2\/product\/9922\/revisions\/9929"}],"wp:featuredmedia":[{"embeddable":true,"href":"https:\/\/zojopackaging.com\/es\/wp-json\/wp\/v2\/media\/9923"}],"wp:attachment":[{"href":"https:\/\/zojopackaging.com\/es\/wp-json\/wp\/v2\/media?parent=9922"}],"wp:term":[{"taxonomy":"product_brand","embeddable":true,"href":"https:\/\/zojopackaging.com\/es\/wp-json\/wp\/v2\/product_brand?post=9922"},{"taxonomy":"product_cat","embeddable":true,"href":"https:\/\/zojopackaging.com\/es\/wp-json\/wp\/v2\/product_cat?post=9922"},{"taxonomy":"product_tag","embeddable":true,"href":"https:\/\/zojopackaging.com\/es\/wp-json\/wp\/v2\/product_tag?post=9922"}],"curies":[{"name":"wp","href":"https:\/\/api.w.org\/{rel}","templated":true}]}}