{"id":9930,"date":"2025-04-04T10:53:25","date_gmt":"2025-04-04T02:53:25","guid":{"rendered":"https:\/\/zojopackaging.com\/?post_type=product&#038;p=9930"},"modified":"2025-04-04T11:06:49","modified_gmt":"2025-04-04T03:06:49","slug":"luxury-empty-silk-eye-sleep-mask-packaging-box-wholesale","status":"publish","type":"product","link":"https:\/\/zojopackaging.com\/es\/product\/luxury-empty-silk-eye-sleep-mask-packaging-box-wholesale\/","title":{"rendered":"Lujo Seda Vac\u00eda M\u00e1scara de Ojos para Dormir Caja de Embalaje al por mayor"},"content":{"rendered":"<h2 id=\"-1-high-quality-cardboard-material-brand-design-empowerment-\"><strong>1. Material de cart\u00f3n de alta calidad, potenciaci\u00f3n del dise\u00f1o de la marca.<\/strong><\/h2>\n<p>Esta caja de papel para cajones est\u00e1 fabricada con cart\u00f3n ecol\u00f3gico de alta densidad. El material es duradero y delicado, lo que puede satisfacer perfectamente las necesidades de embalaje de diversos tipos de ropa, accesorios y productos de cuidado de la piel de gama alta. El cuerpo de la caja admite la impresi\u00f3n a todo color y la personalizaci\u00f3n del logotipo de la marca. El proceso de laminaci\u00f3n mate\/brillante mejora la estratificaci\u00f3n visual, y se combina con estampaci\u00f3n en caliente, UV y otros detalles del proceso para garantizar que el logotipo de su marca destaque en la exposici\u00f3n del mercado.<\/p>\n<h2 id=\"-2-folding-pull-out-structure-transportation-cost-optimization-\"><strong>2. Estructura desplegable, optimizaci\u00f3n de los costes de transporte<\/strong><\/h2>\n<p>Se adopta el dise\u00f1o patentado de deslizamiento oculto. El grosor plano despu\u00e9s del plegado es de s\u00f3lo 5 mm, lo que ahorra mucho espacio de almacenamiento y transporte y reduce los costes log\u00edsticos en m\u00e1s de 30%. El exclusivo m\u00e9todo de apertura tipo caj\u00f3n da sentido al ritual de desembalaje. El cuerpo de la caja se abre y cierra suavemente sin atascos. Con el dise\u00f1o de cierre de hebilla magn\u00e9tica o cinta, tiene en cuenta la practicidad y el valor est\u00e9tico.<\/p>\n<h2 id=\"-3-lamination-process-upgrade-touch-and-visual-double-improvement-\"><strong>3. Mejora del proceso de laminaci\u00f3n, doble mejora t\u00e1ctil y visual<\/strong><\/h2>\n<p>La laminaci\u00f3n de la superficie adopta un revestimiento ecol\u00f3gico a base de agua importado de Alemania, que tiene propiedades antiara\u00f1azos y antihuellas tras el proceso de prensado a alta temperatura. Ofrece diversas opciones, como pel\u00edcula brillante, pel\u00edcula mate y pel\u00edcula t\u00e1ctil. Entre ellas, la pel\u00edcula t\u00e1ctil de imitaci\u00f3n de seda es muy coherente con el temperamento del producto de m\u00e1scara de seda hueca. Las yemas de los dedos se deslizan sobre ella como si tocaran seda de verdad, lo que refuerza el punto de recuerdo de la experiencia unboxing del consumidor.<\/p>\n<h2 id=\"-4-customized-die-cut-lining-all-round-product-protection-\"><strong>4. Forro troquelado personalizado, protecci\u00f3n integral del producto.<\/strong><\/h2>\n<p>El forro est\u00e1 hecho de espuma EVA o material flocado, formado por un proceso de troquelado de alta precisi\u00f3n, se ajusta perfectamente a la curva del frasco de la mascarilla, y el rendimiento de amortiguaci\u00f3n antis\u00edsmica cumple la norma ASTM D4169. Soporta dise\u00f1o de estructura en capas, puede acomodar cepillos de m\u00e1scara, instrucciones y otros accesorios al mismo tiempo, y la tolerancia de la ranura de la tarjeta de revestimiento se controla dentro de \u00b1 0,3 mm para asegurar cero desplazamiento durante el transporte.<\/p>\n<h2 id=\"-5-in-depth-customization-service-flexible-adaptation-of-size-and-printing-\"><strong>5. Servicio de personalizaci\u00f3n en profundidad, adaptaci\u00f3n flexible del tama\u00f1o y la impresi\u00f3n.<\/strong><\/h2>\n<ul>\n<li><strong>Personalizaci\u00f3n del tama\u00f1o<\/strong>: Admite el desarrollo de cajas de tama\u00f1o completo desde 10 mm\u00d710 mm hasta 500 mm\u00d7500 mm, y las cajas de formas especiales (como ventanas hexagonales y curvas) pueden muestrearse en 48 horas.<\/li>\n<li><strong>Proceso de impresi\u00f3n<\/strong>: Error de impresi\u00f3n de colores planos Pantone \u22645%, compatible con m\u00e1s de 20 procesos de efectos especiales como barniz local, relieve 3D, ahuecado l\u00e1ser, etc.<\/li>\n<li><strong>Opciones sostenibles<\/strong>: Proporcionan sustrato de papel reciclado con certificaci\u00f3n FSC, impreso con tinta de soja, conforme a las normas medioambientales REACH de la UE.<\/li>\n<\/ul>\n<h2 id=\"-6-3d-visual-design-zero-error-in-scheme-pre-examination-\"><strong>6. Dise\u00f1o de efecto maqueta en 3D, cero errores en el examen previo del esquema.<\/strong><\/h2>\n<p>A trav\u00e9s de la plataforma de dise\u00f1o en l\u00ednea de desarrollo propio, los clientes pueden ajustar la estructura de la caja, los par\u00e1metros del material y la disposici\u00f3n del patr\u00f3n en tiempo real. El sistema genera autom\u00e1ticamente un modelo 3D giratorio de 360\u00b0 y emite datos de simulaci\u00f3n de resistencia a la compresi\u00f3n. Soporta la funci\u00f3n de visualizaci\u00f3n virtual AR, previsualiza directamente el efecto de visualizaci\u00f3n del envase en la estanter\u00eda y la p\u00e1gina de comercio electr\u00f3nico, y acorta el ciclo de confirmaci\u00f3n del dise\u00f1o a 72 horas.<\/p>","protected":false},"excerpt":{"rendered":"<ul>\n<li><strong>Garant\u00eda de capacidad<\/strong>: 12 l\u00edneas de producci\u00f3n totalmente autom\u00e1ticas, con una capacidad de producci\u00f3n diaria de 500.000 cajas, que permiten la entrega urgente en 72 horas de los pedidos urgentes.<\/li>\n<li><strong>Sistema de control de calidad<\/strong>: Certificado de calidad ISO9001 aprobado, equipado con detector de cuerpos extra\u00f1os por rayos X y color\u00edmetro, la tasa de calificaci\u00f3n de los productos acabados es del 99,8%.<\/li>\n<li><strong>Ventaja de costes<\/strong>: El aprovisionamiento a gran escala hace que el coste del cart\u00f3n 15% sea inferior al precio de mercado,<\/li>\n<\/ul>","protected":false},"featured_media":9931,"template":"","meta":[],"product_brand":[],"product_cat":[30,390,31,426],"product_tag":[1302,1303,1301],"class_list":{"0":"post-9930","1":"product","2":"type-product","3":"status-publish","4":"has-post-thumbnail","6":"product_cat-by-industry","7":"product_cat-custom-cosmetics-boxes","8":"product_cat-paper-box-style","9":"product_cat-paper-drawer-boxes","10":"product_tag-silk-eye-mask-packaging","11":"product_tag-sleep-mask-box-wholesale","12":"product_tag-sleep-mask-packaging","14":"first","15":"instock","16":"shipping-taxable","17":"product-type-grouped"},"_links":{"self":[{"href":"https:\/\/zojopackaging.com\/es\/wp-json\/wp\/v2\/product\/9930","targetHints":{"allow":["GET"]}}],"collection":[{"href":"https:\/\/zojopackaging.com\/es\/wp-json\/wp\/v2\/product"}],"about":[{"href":"https:\/\/zojopackaging.com\/es\/wp-json\/wp\/v2\/types\/product"}],"version-history":[{"count":1,"href":"https:\/\/zojopackaging.com\/es\/wp-json\/wp\/v2\/product\/9930\/revisions"}],"predecessor-version":[{"id":9937,"href":"https:\/\/zojopackaging.com\/es\/wp-json\/wp\/v2\/product\/9930\/revisions\/9937"}],"wp:featuredmedia":[{"embeddable":true,"href":"https:\/\/zojopackaging.com\/es\/wp-json\/wp\/v2\/media\/9931"}],"wp:attachment":[{"href":"https:\/\/zojopackaging.com\/es\/wp-json\/wp\/v2\/media?parent=9930"}],"wp:term":[{"taxonomy":"product_brand","embeddable":true,"href":"https:\/\/zojopackaging.com\/es\/wp-json\/wp\/v2\/product_brand?post=9930"},{"taxonomy":"product_cat","embeddable":true,"href":"https:\/\/zojopackaging.com\/es\/wp-json\/wp\/v2\/product_cat?post=9930"},{"taxonomy":"product_tag","embeddable":true,"href":"https:\/\/zojopackaging.com\/es\/wp-json\/wp\/v2\/product_tag?post=9930"}],"curies":[{"name":"wp","href":"https:\/\/api.w.org\/{rel}","templated":true}]}}