{"id":9946,"date":"2025-04-04T13:20:30","date_gmt":"2025-04-04T05:20:30","guid":{"rendered":"https:\/\/zojopackaging.com\/?post_type=product&#038;p=9946"},"modified":"2025-04-04T13:31:10","modified_gmt":"2025-04-04T05:31:10","slug":"custom-candy-paper-boxes-for-treat-chocolate-boxes-supplier","status":"publish","type":"product","link":"https:\/\/zojopackaging.com\/es\/product\/custom-candy-paper-boxes-for-treat-chocolate-boxes-supplier\/","title":{"rendered":"Cajas de papel de encargo del caramelo para el convite y el proveedor de las cajas del chocolate"},"content":{"rendered":"<h3 id=\"-1-structural-innovation-the-fun-revolution-of-wallet-style-handbags-\"><strong>1. Innovaci\u00f3n estructural: la divertida revoluci\u00f3n de los bolsos tipo cartera<\/strong><\/h3>\n<p>Adoptar\u00a0<strong>estructura extra\u00edble tipo sobre<\/strong>inspirado en el dise\u00f1o tradicional de carteras,\u00a0<strong>tecnolog\u00eda de triple enlace<\/strong>\u00a0para lograr 0,3 segundos de apertura r\u00e1pida. Los consumidores no necesitan operaciones complicadas, y pueden completar la acci\u00f3n de extracci\u00f3n con una sola mano, y la experiencia de apertura y cierre es suave y fluida.\u00a0<strong>Capa intermedia de cart\u00f3n alveolar<\/strong>\u00a0se coloca dentro de la caja, con un \u00edndice de absorci\u00f3n de vibraciones de 90%, y el \u00edndice de da\u00f1os por transporte se reduce a menos de 0,5%.<\/p>\n<h3 id=\"-2-color-aesthetics-the-luxurious-expression-of-herm-s-orange-\"><strong>2. Est\u00e9tica del color: La lujosa expresi\u00f3n del naranja Herm\u00e8s<\/strong><\/h3>\n<p>-\u00a0<strong>Combinaci\u00f3n de colores<\/strong>: El color principal adopta\u00a0<strong>Pantone 15-1247 TCX (Naranja Herm\u00e8s)<\/strong>que coincide con\u00a0<strong>18-1755 TCX (blanco perla)<\/strong>\u00a0para formar un contraste visual, y se consigue una transici\u00f3n de gradiente de 0,1 mm mediante una impresi\u00f3n de alta precisi\u00f3n de 1.200 ppp.\u00a0<strong>Psicolog\u00eda visual<\/strong>: El naranja transmite vitalidad y dulzura, y el revestimiento blanco refuerza la imagen pura del producto, lo que satisface las necesidades est\u00e9ticas de los consumidores de la Generaci\u00f3n Z de \"la apariencia es justicia\" (consulte la investigaci\u00f3n de tendencias de color de los envases de caramelos).<\/p>\n<h3 id=\"-3-smart-customization-full-link-service-from-concept-to-mass-production-\"><strong>3. Personalizaci\u00f3n inteligente: servicio integral desde el concepto hasta la producci\u00f3n en serie<\/strong><\/h3>\n<p>-\u00a0<strong>Flexibilidad de tama\u00f1o<\/strong>Admite desde un m\u00ednimo de 5 cm \u00d7 5 cm (mini caja de caramelos blandos) hasta un m\u00e1ximo de 30 cm \u00d7 20 cm (caja de regalo multicapa); el grosor puede personalizarse de 0,8 a 5 cm;<\/p>\n<p>-\u00a0<strong>Innovaci\u00f3n estructural<\/strong>: Desarrolle 12 tipos de cajas patentadas (como capas giratorias, cerraduras de contrase\u00f1a magn\u00e9ticas), compatibles con la colocaci\u00f3n de caramelos de formas especiales;<\/p>\n<p>-\u00a0<strong>Respuesta r\u00e1pida<\/strong>: Complete el modelado 3D y las pruebas en 8 horas, y acorte el ciclo de producci\u00f3n en serie a 7-9 d\u00edas.<\/p>\n<h3 id=\"-4-material-matrix-multiple-handles-and-environmental-commitment-\"><strong>4. Matriz material: asas m\u00faltiples y compromiso medioambiental<\/strong><\/h3>\n<p>-\u00a0<strong>Sistema de asas<\/strong>: -\u00a0<strong>Asa de cinta<\/strong>Se utiliza cinta de PET alimentario de 2 mm de ancho, con una capacidad de carga de 200 g;<\/p>\n<p>-\u00a0<strong>Asa de cuero<\/strong>: cuero vacuno gofrado con 50% mayor resistencia al desgaste;<\/p>\n<p>-\u00a0<strong>Cuerda de algod\u00f3n degradable<\/strong>: Se utiliza material PLA, con una tasa de descomposici\u00f3n de \u226590% en 12 semanas;<\/p>\n<h3 id=\"-5-logistics-optimization-cost-reduction-and-efficiency-improvement-by-flat-shipment-\"><strong>5. Optimizaci\u00f3n log\u00edstica: reducci\u00f3n de costes y mejora de la eficiencia mediante env\u00edos planos<\/strong><\/h3>\n<p>-\u00a0<strong>Utilizaci\u00f3n del espacio<\/strong>: El dise\u00f1o plano aumenta la eficiencia de carga en 70% y reduce los costes de env\u00edo en 25%;<\/p>\n<p>-\u00a0<strong>Certificaci\u00f3n medioambiental<\/strong>: Todos los materiales cuentan con la certificaci\u00f3n FSC y cumplen las normas REACH de la UE.\u00a0<strong>Envases inteligentes<\/strong>: El forro plegable se utiliza para reducir el volumen de la caja vac\u00eda en 60%, lo que ayuda a alcanzar el objetivo de neutralidad de carbono (consulte las soluciones de envasado sostenible).<\/p>\n<h3 id=\"-6-industry-benchmark-16-years-of-smart-manufacturing-experience-\"><strong>6. Referencia en el sector: 16 a\u00f1os de experiencia en fabricaci\u00f3n inteligente<\/strong><\/h3>\n<p>-\u00a0<strong>Matriz de equipos<\/strong>: Equipada con 18 equipos internacionales, como la imprenta de cinco colores Manroland R700 y la imprenta offset UV Heidelberg de 7 colores, con una velocidad de impresi\u00f3n de 15.000 hojas\/hora;<\/p>\n<p>-\u00a0<strong>Sistema de control de calidad<\/strong>: Certificado ISO 9001\/BRCGS, cada lote de productos se somete a 12 controles de calidad (diferencia de color \u0394E\u22641,5, resistencia a la compresi\u00f3n \u2265300N);<\/p>\n<p>-\u00a0<strong>Red de servicios<\/strong>: Servicio acumulado de m\u00e1s de 2.500 marcas, tasa de recompra de clientes de 82%, cobertura de m\u00e1s de 30 mercados internacionales como Norteam\u00e9rica y Europa (consulte los datos del libro blanco de la industria del envasado).<\/p>\n<h3 id=\"-7-value-commitment-triple-balance-of-quality-efficiency-and-cost-\"><strong>7. Compromiso de valor: triple equilibrio entre calidad, eficiencia y coste<\/strong><\/h3>\n<p>-\u00a0<strong>Optimizaci\u00f3n de costes<\/strong>: El sistema de composici\u00f3n digital reduce la p\u00e9rdida de material a 2,5%, lo que supone un ahorro de 18% en comparaci\u00f3n con los procesos tradicionales;<\/p>\n<p>-\u00a0<strong>Entrega \u00e1gil<\/strong>: Establecer un sistema log\u00edstico de doble almac\u00e9n en el este y el sur de China, con entrega directa en 48 horas en todo el pa\u00eds;<\/p>\n<p>-\u00a0<strong>Servicio a largo plazo<\/strong>: Proporcionar la gesti\u00f3n del ciclo de vida de los envases, incluida la alerta de inventario, el plan de reposici\u00f3n y el plan de reciclaje de cajas viejas.<\/p>","protected":false},"excerpt":{"rendered":"<p><strong>ZOJO Print | Experto en cajas de papel para caramelos personalizadas - defina una nueva y dulce experiencia con un dise\u00f1o innovador<\/strong><\/p>\n<p>En el floreciente mercado actual de los aperitivos, el envase de caramelos no es solo un contenedor de productos, sino tambi\u00e9n un v\u00ednculo entre marcas y consumidores. ZOJO Print lleva 16 a\u00f1os profundamente implicada en el campo del envasado, centr\u00e1ndose en ofrecer soluciones personalizadas para marcas de caramelos y chocolate que combinen funcionalidad, valor est\u00e9tico y competitividad comercial.<\/p>","protected":false},"featured_media":9947,"template":"","meta":[],"product_brand":[],"product_cat":[30,422,432,31],"product_tag":[1308,1309,1307],"class_list":{"0":"post-9946","1":"product","2":"type-product","3":"status-publish","4":"has-post-thumbnail","6":"product_cat-by-industry","7":"product_cat-custom-gourmet-boxes-by-industry","8":"product_cat-pape-gift-bags","9":"product_cat-paper-box-style","10":"product_tag-boxes-for-treat-chocolate","11":"product_tag-boxes-supplier","12":"product_tag-custom-candy-paper-boxes","14":"first","15":"instock","16":"shipping-taxable","17":"product-type-grouped"},"_links":{"self":[{"href":"https:\/\/zojopackaging.com\/es\/wp-json\/wp\/v2\/product\/9946","targetHints":{"allow":["GET"]}}],"collection":[{"href":"https:\/\/zojopackaging.com\/es\/wp-json\/wp\/v2\/product"}],"about":[{"href":"https:\/\/zojopackaging.com\/es\/wp-json\/wp\/v2\/types\/product"}],"version-history":[{"count":1,"href":"https:\/\/zojopackaging.com\/es\/wp-json\/wp\/v2\/product\/9946\/revisions"}],"predecessor-version":[{"id":9960,"href":"https:\/\/zojopackaging.com\/es\/wp-json\/wp\/v2\/product\/9946\/revisions\/9960"}],"wp:featuredmedia":[{"embeddable":true,"href":"https:\/\/zojopackaging.com\/es\/wp-json\/wp\/v2\/media\/9947"}],"wp:attachment":[{"href":"https:\/\/zojopackaging.com\/es\/wp-json\/wp\/v2\/media?parent=9946"}],"wp:term":[{"taxonomy":"product_brand","embeddable":true,"href":"https:\/\/zojopackaging.com\/es\/wp-json\/wp\/v2\/product_brand?post=9946"},{"taxonomy":"product_cat","embeddable":true,"href":"https:\/\/zojopackaging.com\/es\/wp-json\/wp\/v2\/product_cat?post=9946"},{"taxonomy":"product_tag","embeddable":true,"href":"https:\/\/zojopackaging.com\/es\/wp-json\/wp\/v2\/product_tag?post=9946"}],"curies":[{"name":"wp","href":"https:\/\/api.w.org\/{rel}","templated":true}]}}