{"id":9953,"date":"2025-04-04T13:29:07","date_gmt":"2025-04-04T05:29:07","guid":{"rendered":"https:\/\/zojopackaging.com\/?post_type=product&#038;p=9953"},"modified":"2025-04-04T13:45:58","modified_gmt":"2025-04-04T05:45:58","slug":"custom-personalized-printed-soap-boxes-wholesale-packaging","status":"publish","type":"product","link":"https:\/\/zojopackaging.com\/es\/product\/custom-personalized-printed-soap-boxes-wholesale-packaging\/","title":{"rendered":"Cajas de jab\u00f3n impresas personalizadas Embalaje al por mayor"},"content":{"rendered":"<p>Como f\u00e1brica de origen con 16 a\u00f1os de experiencia en el sector, nos comprometemos a ofrecer a los clientes soluciones de cajas de regalo de jab\u00f3n personalizadas que combinen el valor est\u00e9tico con las funciones pr\u00e1cticas. A continuaci\u00f3n se describen las principales ventajas del producto y los servicios personalizados.<\/p>\n<h2 id=\"-1-simple-design-and-efficient-assembly-\"><strong>1. Dise\u00f1o sencillo y montaje eficaz<\/strong><\/h2>\n<p>Nuestra caja de regalo para jab\u00f3n adopta un dise\u00f1o de estructura modular y puede montarse en s\u00f3lo tres pasos. El interior de la caja est\u00e1 optimizado para tama\u00f1os de jab\u00f3n est\u00e1ndar, y se reserva un espacio de compartimento ajustable, que no s\u00f3lo puede colocar firmemente una sola pieza de jab\u00f3n, sino tambi\u00e9n expandirse a un modo de almacenamiento combinado de \"jab\u00f3n + toalla de papel\" (admite tama\u00f1o de partici\u00f3n personalizado). El cuerpo de la caja utiliza cart\u00f3n blanco de 250-375 gsm o papel especial para alimentos, teniendo en cuenta la protecci\u00f3n del medio ambiente y los requisitos de carga. El proceso de plegado consigue una compresi\u00f3n de 60% del volumen de transporte y reduce los costes log\u00edsticos.<\/p>\n<h2 id=\"-2-full-scene-customized-printing-service-\"><strong>2. Servicio completo de impresi\u00f3n personalizada<\/strong><\/h2>\n<ol>\n<li><strong>Impresi\u00f3n en cuatricrom\u00eda<\/strong>\u00a0Mediante la tecnolog\u00eda de sobreimpresi\u00f3n en cuatricrom\u00eda CMYK, se restauran con precisi\u00f3n los colores degradados, los patrones de alta precisi\u00f3n y los elementos visuales de la marca, con una cobertura de gama crom\u00e1tica de 98%, satisfaciendo las necesidades de estilos de ilustraci\u00f3n minimalistas o complejos. En combinaci\u00f3n con la estampaci\u00f3n en caliente\/plateado, el glaseado local UV y otros procesos, se puede dar a la caja de regalo una textura lujosa.<\/li>\n<li><strong>Personalizaci\u00f3n de contenidos<\/strong><\/li>\n<li><strong>Maquetaci\u00f3n<\/strong>: Admite la maquetaci\u00f3n libre de elementos como logotipos, c\u00f3digos QR, bendiciones, ilustraciones pintadas a mano, y es compatible con archivos de formato AI\/PS\/CDR.<\/li>\n<li><strong>Expansi\u00f3n creativa<\/strong>: Ofrece una biblioteca de plantillas de dise\u00f1o \"mezcla y combina\". Los clientes pueden combinar diferentes texturas de tapa de caja, estampaci\u00f3n en caliente lateral y patrones de forro para crear cajas de regalo exclusivas para las fiestas (como colores fluorescentes para fiestas de cumplea\u00f1os o fechas de estampaci\u00f3n en caliente para aniversarios).<\/li>\n<\/ol>\n<h2 id=\"-three-multi-scenario-applications-and-gift-plans-\"><strong>3. Aplicaciones multiescenario y planes de regalo<\/strong><\/h2>\n<ol>\n<li><strong>Adaptaci\u00f3n a todos los festivales<\/strong>\u00a0El dise\u00f1o de la caja de regalo es compatible con las ventanas huecas en forma de coraz\u00f3n del D\u00eda de San Valent\u00edn, el estampado en relieve de ramas de pino de Navidad, el estampado en caliente del zod\u00edaco del Festival de Primavera y otros elementos tem\u00e1ticos, y est\u00e1 equipada con cintas, sellos de cintura, hebillas magn\u00e9ticas y otros accesorios para satisfacer las necesidades de cumplea\u00f1os, bodas, regalos de empresa y otros escenarios.<\/li>\n<li><strong>Estrategia de regalos combinados<\/strong><\/li>\n<li><strong>Caja \u00fanica boutique<\/strong>: Se recomienda combinar jab\u00f3n de aceite esencial hecho a mano + esponja natural, y en la caja se incluye una tarjeta de bendici\u00f3n personalizada.<\/li>\n<li><strong>Soluci\u00f3n Box Set<\/strong>: Proporcionan un embalaje escalonado de 3\/6\/12 piezas, admiten la colocaci\u00f3n en capas de jabones con diferentes aromas (como la combinaci\u00f3n de lavanda + lim\u00f3n + s\u00e1ndalo), y el forro utiliza material flocado biodegradable para realzar la sensaci\u00f3n de ceremonia al abrir la caja.<\/li>\n<\/ol>\n<h2 id=\"-fourth-quality-assurance-and-supply-chain-advantages-\"><strong>4. Garant\u00eda de calidad y ventajas de la cadena de suministro<\/strong><\/h2>\n<ol>\n<li><strong>Normas de producci\u00f3n<\/strong><\/li>\n<li>Ha superado la certificaci\u00f3n del sistema de calidad ISO9001, su capacidad de producci\u00f3n diaria alcanza las 200.000 piezas, admite pruebas en 48 horas y entrega en 15 d\u00edas los productos a granel.<\/li>\n<li>Estricto control de la diferencia de color, equipado con servicios de inspecci\u00f3n de calidad de terceros para garantizar la precisi\u00f3n de la impresi\u00f3n y la estabilidad de la estructura de la caja.<\/li>\n<li><strong>Optimizaci\u00f3n de costes<\/strong><\/li>\n<li>Cadena de suministro ecol\u00f3gica: Utiliza tecnolog\u00eda de preimpresi\u00f3n para reducir la p\u00e9rdida de papel, y la tasa de recuperaci\u00f3n de residuos supera los 90%, lo que satisface las necesidades de una imagen de marca respetuosa con el medio ambiente.<\/li>\n<\/ol>\n<h2 id=\"-five-customization-process-and-after-sales-service-\"><strong>5. Proceso de personalizaci\u00f3n y servicio posventa<\/strong><\/h2>\n<ol>\n<li><strong>Proceso de cooperaci\u00f3n<\/strong>\u00a0Comunicaci\u00f3n de la demanda \u2192 confirmaci\u00f3n de renderizado 3D \u2192 pruebas \u2192 producci\u00f3n en serie \u2192 seguimiento log\u00edstico.<\/li>\n<li><strong>Compromiso de servicio<\/strong><\/li>\n<li>Compensaci\u00f3n de da\u00f1os: Se iniciar\u00e1 una reposici\u00f3n r\u00e1pida si el \u00edndice de da\u00f1os en el transporte supera los 2%.<\/li>\n<li>Respuesta posventa: El equipo profesional de servicio al cliente proporciona 24 horas de consulta de pedidos y sugerencias de optimizaci\u00f3n de archivos de dise\u00f1o.<\/li>\n<\/ol>","protected":false},"excerpt":{"rendered":"<p>Desde el almacenamiento diario minimalista hasta las cajas de regalo para las fiestas, utilizamos la rentabilidad y la capacidad de implementaci\u00f3n creativa de la f\u00e1brica de origen para ayudar a las marcas a crear soluciones de envasado de jab\u00f3n \"de gran valor y fuerte recuerdo\". Ahora aceptamos la personalizaci\u00f3n global al por mayor y esperamos poder ofrecerle un portador de historia \u00fanico para cada jab\u00f3n con una ingeniosa artesan\u00eda.<\/p>","protected":false},"featured_media":9955,"template":"","meta":[],"product_brand":[],"product_cat":[30,390,430,31],"product_tag":[1311,1312,1310],"class_list":{"0":"post-9953","1":"product","2":"type-product","3":"status-publish","4":"has-post-thumbnail","6":"product_cat-by-industry","7":"product_cat-custom-cosmetics-boxes","8":"product_cat-folding-cartons","9":"product_cat-paper-box-style","10":"product_tag-custom-printed-soap-boxes","11":"product_tag-custom-soap-boxes-wholesale","12":"product_tag-soap-boxes","14":"first","15":"instock","16":"shipping-taxable","17":"product-type-grouped"},"_links":{"self":[{"href":"https:\/\/zojopackaging.com\/es\/wp-json\/wp\/v2\/product\/9953","targetHints":{"allow":["GET"]}}],"collection":[{"href":"https:\/\/zojopackaging.com\/es\/wp-json\/wp\/v2\/product"}],"about":[{"href":"https:\/\/zojopackaging.com\/es\/wp-json\/wp\/v2\/types\/product"}],"version-history":[{"count":1,"href":"https:\/\/zojopackaging.com\/es\/wp-json\/wp\/v2\/product\/9953\/revisions"}],"predecessor-version":[{"id":9961,"href":"https:\/\/zojopackaging.com\/es\/wp-json\/wp\/v2\/product\/9953\/revisions\/9961"}],"wp:featuredmedia":[{"embeddable":true,"href":"https:\/\/zojopackaging.com\/es\/wp-json\/wp\/v2\/media\/9955"}],"wp:attachment":[{"href":"https:\/\/zojopackaging.com\/es\/wp-json\/wp\/v2\/media?parent=9953"}],"wp:term":[{"taxonomy":"product_brand","embeddable":true,"href":"https:\/\/zojopackaging.com\/es\/wp-json\/wp\/v2\/product_brand?post=9953"},{"taxonomy":"product_cat","embeddable":true,"href":"https:\/\/zojopackaging.com\/es\/wp-json\/wp\/v2\/product_cat?post=9953"},{"taxonomy":"product_tag","embeddable":true,"href":"https:\/\/zojopackaging.com\/es\/wp-json\/wp\/v2\/product_tag?post=9953"}],"curies":[{"name":"wp","href":"https:\/\/api.w.org\/{rel}","templated":true}]}}