{"id":9962,"date":"2025-04-04T13:46:13","date_gmt":"2025-04-04T05:46:13","guid":{"rendered":"https:\/\/zojopackaging.com\/?post_type=product&#038;p=9962"},"modified":"2025-04-04T14:00:59","modified_gmt":"2025-04-04T06:00:59","slug":"custom-branded-printed-soap-packaging-wholesale-supplier","status":"publish","type":"product","link":"https:\/\/zojopackaging.com\/es\/product\/custom-branded-printed-soap-packaging-wholesale-supplier\/","title":{"rendered":"Proveedor al por mayor de envases de jab\u00f3n impresos con marca personalizada"},"content":{"rendered":"<h2 id=\"-1-material-and-craftsmanship-high-end-cardboard-and-four-color-printing-technology-\"><strong>1. Material y artesan\u00eda: cart\u00f3n de alta gama y tecnolog\u00eda de impresi\u00f3n en cuatricrom\u00eda.<\/strong><\/h2>\n<p>Nuestras cajas para tarjetas de jab\u00f3n est\u00e1n hechas de cart\u00f3n blanco de alta calidad o de papel de cobre doble (peso personalizable), y el LOGO de la marca, el patr\u00f3n y el color se restauran con precisi\u00f3n a trav\u00e9s de\u00a0<strong>tecnolog\u00eda de impresi\u00f3n en cuatricrom\u00eda<\/strong>\u00a0para garantizar capas ricas y transiciones naturales. Combinado con\u00a0<strong>tecnolog\u00eda de laminaci\u00f3n<\/strong>\u00a0(pegamento brillante opcional\/pegamento mate), no s\u00f3lo mejora la resistencia al desgaste y la impermeabilidad del cuerpo de la caja, sino que tambi\u00e9n mejora el brillo y la textura generales. Las l\u00edneas de la caja se procesan mediante tecnolog\u00eda de troquelado y sangr\u00eda de precisi\u00f3n, con bordes delicados y suaves y tacto de alta gama.<\/p>\n<h2 id=\"-2-innovative-design-double-insert-opening-structure-and-flat-shipping-advantages-\"><strong>2. Dise\u00f1o innovador: estructura de apertura de doble inserci\u00f3n y ventajas de env\u00edo plano.<\/strong><\/h2>\n<p>El producto adopta\u00a0<strong>dise\u00f1o de apertura de doble inserci\u00f3n<\/strong>La tapa de la caja y el cuerpo de la caja se encajan a trav\u00e9s de ranuras precisas, la apertura y el cierre son suaves y el cierre es herm\u00e9tico, lo que puede proteger el jab\u00f3n de la contaminaci\u00f3n y dar al envase una sensaci\u00f3n \u00fanica de ritual. Al mismo tiempo, la caja de embalaje se puede aplanar completamente en una forma plana, lo que reduce en gran medida el espacio de almacenamiento ocupado, y se puede apilar y embalar durante el transporte, lo que reduce los costes log\u00edsticos hasta 30%.<\/p>\n<h2 id=\"-3-customized-service-flexible-adaptation-and-brand-display-\"><strong>3. Servicio personalizado: adaptaci\u00f3n flexible y exposici\u00f3n de la marca<\/strong><\/h2>\n<p>Apoyamos\u00a0<strong>personalizaci\u00f3n a tama\u00f1o real<\/strong>Tanto si se trata de jab\u00f3n hecho a mano, jab\u00f3n de aceite esencial o cuerpo de jab\u00f3n de forma especial, el tama\u00f1o del di\u00e1metro interior puede ajustarse con precisi\u00f3n. La combinaci\u00f3n de colores puede imprimirse bas\u00e1ndose en la carta de colores Pantone o en el valor CMYK especificado por el cliente, con apertura de ventana, estampaci\u00f3n en caliente, pel\u00edcula brillante local UV y otros procesos para mejorar el atractivo visual. La superficie de la caja puede imprimirse con historias de marca, descripciones de ingredientes o logotipos de certificaci\u00f3n medioambiental para ayudar a que los productos destaquen en los estantes de las tiendas.<\/p>\n<h2 id=\"-4-professional-support-one-stop-service-from-the-source-factory-\"><strong>4. Asistencia profesional: servicio integral desde la f\u00e1brica de origen<\/strong><\/h2>\n<p>Como\u00a0<strong>F\u00e1brica de origen de envases con 16 a\u00f1os de antig\u00fcedad en Guangdong<\/strong>Adem\u00e1s, contamos con la capacidad de producci\u00f3n de toda la cadena industrial (dise\u00f1o \u2192 impresi\u00f3n \u2192 troquelado \u2192 laminado \u2192 moldeado), podemos asumir un pedido m\u00ednimo de 500 y entregar r\u00e1pidamente en 7-15 d\u00edas. El equipo de dise\u00f1o ofrece pruebas gratuitas y vistas previas de renderizado en 3D, y recomienda soluciones de optimizaci\u00f3n del tipo de caja (como cajas para cajones, cajas para libros, etc.) en funci\u00f3n de las tendencias del mercado.<\/p>\n<h2 id=\"-5-application-scenarios-and-added-value-\"><strong>5. Escenarios de aplicaci\u00f3n y valor a\u00f1adido<\/strong><\/h2>\n<ul>\n<li><strong>Escenarios de venta al por menor<\/strong>: El dise\u00f1o de la ventana puede mostrar directamente la textura del cuerpo del jab\u00f3n, y el proceso de estampaci\u00f3n por l\u00e1ser o en caliente puede mejorar el reconocimiento en el estante.<\/li>\n<li><strong>Mercado de regalos<\/strong>: Admite juegos de cajas de regalo personalizadas (con forro, cintas, etc.), adecuadas para promociones navide\u00f1as o recuerdos de alta gama.<\/li>\n<li><strong>Suministro transfronterizo<\/strong>: Ha superado la certificaci\u00f3n FSC, cumple las normas de exportaci\u00f3n de plataformas como Amazon y estaciones independientes, y admite soluciones log\u00edsticas DDP\/DDU.<\/li>\n<\/ul>\n<h2 id=\"-cooperation-process-\"><strong>Proceso de cooperaci\u00f3n<\/strong><\/h2>\n<ol>\n<li><strong>Comunicaci\u00f3n de la demanda<\/strong>: Proporcionar el tama\u00f1o del producto, borrador de dise\u00f1o o muestra, determinar el material y el proceso;<\/li>\n<li><strong>Confirmaci\u00f3n de pruebas<\/strong>: Env\u00ede la caja de muestras f\u00edsicas en un plazo de 3 a 5 d\u00edas laborables;<\/li>\n<li><strong>Producci\u00f3n en serie<\/strong>: Inicie la producci\u00f3n tras pagar por adelantado un dep\u00f3sito 30%, y proporcione informaci\u00f3n visual sobre el progreso de todo el proceso;<\/li>\n<li><strong>Entrega log\u00edstica<\/strong>: Env\u00edo gratuito a todo el pa\u00eds, apoyo a la declaraci\u00f3n de aduanas de exportaci\u00f3n y transporte de l\u00ednea dedicado.<\/li>\n<\/ol>","protected":false},"excerpt":{"rendered":"<ol>\n<li>Tecnolog\u00eda antifalsificaci\u00f3n: Mediante c\u00f3digos QR variables y c\u00f3digos digitales, se consigue una antifalsificaci\u00f3n precisa de \"\u00fanico en cada caja\" para garantizar la circulaci\u00f3n de productos aut\u00e9nticos.<\/li>\n<li>\u00a0Protecci\u00f3n del medio ambiente y alta eficiencia: Adopci\u00f3n de materiales reciclables y dise\u00f1o de adaptaci\u00f3n automatizado para satisfacer las necesidades modernas de producci\u00f3n.<\/li>\n<li>Innovaci\u00f3n en la experiencia del usuario: Como la estructura de drenaje inclinada, el dise\u00f1o ligero, etc., para mejorar la comodidad de los consumidores.<br \/>\nValor a\u00f1adido de la marca: reforzar la imagen de gama alta de los productos mediante un dise\u00f1o que combine est\u00e9tica y funcionalidad.<\/li>\n<\/ol>","protected":false},"featured_media":9967,"template":"","meta":[],"product_brand":[],"product_cat":[30,390,430,31],"product_tag":[1311,1312,1310,1313],"class_list":{"0":"post-9962","1":"product","2":"type-product","3":"status-publish","4":"has-post-thumbnail","6":"product_cat-by-industry","7":"product_cat-custom-cosmetics-boxes","8":"product_cat-folding-cartons","9":"product_cat-paper-box-style","10":"product_tag-custom-printed-soap-boxes","11":"product_tag-custom-soap-boxes-wholesale","12":"product_tag-soap-boxes","13":"product_tag-soap-boxes-for-homemade-soap","15":"first","16":"instock","17":"shipping-taxable","18":"product-type-grouped"},"_links":{"self":[{"href":"https:\/\/zojopackaging.com\/es\/wp-json\/wp\/v2\/product\/9962","targetHints":{"allow":["GET"]}}],"collection":[{"href":"https:\/\/zojopackaging.com\/es\/wp-json\/wp\/v2\/product"}],"about":[{"href":"https:\/\/zojopackaging.com\/es\/wp-json\/wp\/v2\/types\/product"}],"version-history":[{"count":1,"href":"https:\/\/zojopackaging.com\/es\/wp-json\/wp\/v2\/product\/9962\/revisions"}],"predecessor-version":[{"id":9969,"href":"https:\/\/zojopackaging.com\/es\/wp-json\/wp\/v2\/product\/9962\/revisions\/9969"}],"wp:featuredmedia":[{"embeddable":true,"href":"https:\/\/zojopackaging.com\/es\/wp-json\/wp\/v2\/media\/9967"}],"wp:attachment":[{"href":"https:\/\/zojopackaging.com\/es\/wp-json\/wp\/v2\/media?parent=9962"}],"wp:term":[{"taxonomy":"product_brand","embeddable":true,"href":"https:\/\/zojopackaging.com\/es\/wp-json\/wp\/v2\/product_brand?post=9962"},{"taxonomy":"product_cat","embeddable":true,"href":"https:\/\/zojopackaging.com\/es\/wp-json\/wp\/v2\/product_cat?post=9962"},{"taxonomy":"product_tag","embeddable":true,"href":"https:\/\/zojopackaging.com\/es\/wp-json\/wp\/v2\/product_tag?post=9962"}],"curies":[{"name":"wp","href":"https:\/\/api.w.org\/{rel}","templated":true}]}}