{"id":9970,"date":"2025-04-04T14:01:08","date_gmt":"2025-04-04T06:01:08","guid":{"rendered":"https:\/\/zojopackaging.com\/?post_type=product&#038;p=9970"},"modified":"2025-04-04T14:14:18","modified_gmt":"2025-04-04T06:14:18","slug":"high-quality-custom-printed-handmade-soap-boxes-wholesale","status":"publish","type":"product","link":"https:\/\/zojopackaging.com\/es\/product\/high-quality-custom-printed-handmade-soap-boxes-wholesale\/","title":{"rendered":"Cajas de jab\u00f3n hechas a mano con impresi\u00f3n personalizada de alta calidad al por mayor"},"content":{"rendered":"<h2 id=\"-high-quality-custom-printed-handmade-soap-box-wholesale-\">Cajas de jab\u00f3n hechas a mano con impresi\u00f3n personalizada de alta calidad al por mayor<\/h2>\n<h2 id=\"-1-flexible-customization-upgraded-touch-\"><strong>1. Personalizaci\u00f3n flexible, tacto mejorado<\/strong><\/h2>\n<p>Admite la personalizaci\u00f3n del tama\u00f1o, adecuado para jabones hechos a mano de diferentes especificaciones (como redondos, cuadrados, de forma especial), y ofrece una variedad de opciones de material de cart\u00f3n (como mate, nacarado, papel art\u00edstico). La superficie de la caja adopta una tecnolog\u00eda de laminaci\u00f3n respetuosa con el medio ambiente, con efectos opcionales de alto brillo\/mate, lo que confiere al envase un tacto delicado y una textura de alta gama.<\/p>\n<h2 id=\"-2-brand-vision-simple-focus-\"><strong>2. Visi\u00f3n de marca, enfoque sencillo<\/strong><\/h2>\n<p>Con el concepto de dise\u00f1o minimalista como n\u00facleo, se adopta el esquema de impresi\u00f3n en uno o dos colores, y el logotipo del cliente se coloca en el centro visual de la superficie de la caja, con un fondo en blanco para mejorar el reconocimiento de la marca. Admite serigraf\u00eda, estampaci\u00f3n en caliente\/tecnolog\u00eda plateada para garantizar que el logotipo sea claro y llamativo, y transmita una imagen profesional.<\/p>\n<h2 id=\"-3-fast-packaging-saving-time-and-effort-\"><strong>3. Embalaje r\u00e1pido, que ahorra tiempo y esfuerzo<\/strong><\/h2>\n<p>El dise\u00f1o interno de la caja de cart\u00f3n se adapta al tama\u00f1o del jab\u00f3n artesanal. S\u00f3lo se necesitan dos pasos: colocar el cuerpo del jab\u00f3n, doblar y fijar, y el envase puede estar terminado. Se tarda menos de 1 minuto para una sola pieza, lo que mejora en gran medida la eficiencia de la l\u00ednea de montaje.<\/p>\n<h2 id=\"-4-diverse-processes-quality-assurance-\"><strong>4. Procesos diversos, garant\u00eda de calidad<\/strong><\/h2>\n<p>Ofrezca m\u00e1s de 10 opciones de proceso con valor a\u00f1adido:<\/p>\n<ul>\n<li><strong>UV parcial<\/strong>: resaltan el brillo tridimensional del logotipo o motivo;<\/li>\n<li><strong>En relieve\/gofrado<\/strong>: crean un toque de relieve y realzan el nivel del envase;<\/li>\n<li><strong>Pel\u00edcula de tacto suave<\/strong>: simulan el delicado tacto del cuero, id\u00f3neo para productos de l\u00ednea de alta gama;<\/li>\n<li><strong>Estampaci\u00f3n en caliente<\/strong>: aumentan la textura met\u00e1lica, id\u00f3nea para ediciones limitadas navide\u00f1as;<\/li>\n<li><strong>Troquelado de formas especiales<\/strong>: realizar estructuras creativas como ventanas huecas y bordes curvos.<\/li>\n<\/ul>\n<h2 id=\"-5-source-factory-full-chain-advantage-\"><strong>5. F\u00e1brica de origen, ventaja de la cadena completa<\/strong><\/h2>\n<p>Profundamente comprometidos en la industria del embalaje durante 16 a\u00f1os, construyendo un sistema integrado de cadena de suministro desde la adquisici\u00f3n de materias primas hasta la producci\u00f3n, la inspecci\u00f3n de calidad y la log\u00edstica. Reducir el coste del cart\u00f3n mediante la adquisici\u00f3n a gran escala, y combinar con l\u00edneas de producci\u00f3n automatizadas para garantizar que el error de espesor de cada lote de productos es \u22640,1 mm, la diferencia de color de impresi\u00f3n \u0394E\u22641,5, y la calidad cumple con los est\u00e1ndares de exportaci\u00f3n.<\/p>\n<h2 id=\"-cooperation-process-\"><strong>Proceso de cooperaci\u00f3n<\/strong><\/h2>\n<ol>\n<li><strong>Comunicaci\u00f3n de requisitos<\/strong>: Proporcione el borrador de tama\u00f1o\/proceso\/dise\u00f1o, o nuestro dise\u00f1ador le har\u00e1 una propuesta gratuita;<\/li>\n<li><strong>Confirmaci\u00f3n de pruebas<\/strong>: La caja de muestras f\u00edsicas se enviar\u00e1 en un plazo de 3 d\u00edas laborables;<\/li>\n<li><strong>Producci\u00f3n en serie<\/strong>: La producci\u00f3n comenzar\u00e1 tras el pago del dep\u00f3sito, y el progreso se seguir\u00e1 visualmente durante todo el proceso;<\/li>\n<li><strong>Garant\u00eda posventa<\/strong>: Apoyar la sustituci\u00f3n de da\u00f1os y proporcionar servicios de almacenamiento a largo plazo.<\/li>\n<\/ol>\n<h2 id=\"-technical-parameters-\"><strong>Par\u00e1metros t\u00e9cnicos<\/strong><\/h2>\n<table>\n<thead>\n<tr>\n<th>Proyecto<\/th>\n<th>Especificaci\u00f3n<\/th>\n<\/tr>\n<\/thead>\n<tbody>\n<tr>\n<td>Grosor del material<\/td>\n<td>350 g de cart\u00f3n (\u00b15 g)<\/td>\n<\/tr>\n<tr>\n<td>Cantidad m\u00ednima de pedido<\/td>\n<td>500 piezas<\/td>\n<\/tr>\n<tr>\n<td>Ciclo de entrega<\/td>\n<td>7-14 d\u00edas<\/td>\n<\/tr>\n<tr>\n<td>Norma de inspecci\u00f3n de calidad<\/td>\n<td>GB\/T 6544-2008<\/td>\n<\/tr>\n<\/tbody>\n<\/table>\n<h2 id=\"use-scenario-\">Escenario de uso<\/h2>\n<ul>\n<li>Jab\u00f3n artesanal marca regular \/ caja de regalo de vacaciones<\/li>\n<li>Set de cuidados personalizados para hoteles<\/li>\n<li>Recuerdos de bodas y eventos corporativos<\/li>\n<\/ul>","protected":false},"excerpt":{"rendered":"<p>1. Esta caja de cart\u00f3n para jab\u00f3n utiliza un estilo de impresi\u00f3n sencillo, centrado en el logotipo del cliente en una posici\u00f3n central destacada, de modo que todo el dise\u00f1o de la caja pueda reflejar la imagen de marca del cliente.<br \/>\n2. La caja est\u00e1 hecha de material de cart\u00f3n blanco de 350 g, lo que hace que toda la caja sea muy duradera y tenga las caracter\u00edsticas de env\u00edo plano, para que se puedan transportar bien.<br \/>\n3. 16 a\u00f1os de pr\u00e1ctica en f\u00e1bricas de origen chino nos han hecho profundamente conscientes de la importancia de la cadena de suministro, por lo que hemos construido un completo sistema de cadena de suministro para asegurar ventajas de precio al tiempo que garantizamos la calidad del producto.<\/p>","protected":false},"featured_media":9973,"template":"","meta":[],"product_brand":[],"product_cat":[30,390,430,31],"product_tag":[1311,1312,1310,1313],"class_list":{"0":"post-9970","1":"product","2":"type-product","3":"status-publish","4":"has-post-thumbnail","6":"product_cat-by-industry","7":"product_cat-custom-cosmetics-boxes","8":"product_cat-folding-cartons","9":"product_cat-paper-box-style","10":"product_tag-custom-printed-soap-boxes","11":"product_tag-custom-soap-boxes-wholesale","12":"product_tag-soap-boxes","13":"product_tag-soap-boxes-for-homemade-soap","15":"first","16":"instock","17":"shipping-taxable","18":"product-type-grouped"},"_links":{"self":[{"href":"https:\/\/zojopackaging.com\/es\/wp-json\/wp\/v2\/product\/9970","targetHints":{"allow":["GET"]}}],"collection":[{"href":"https:\/\/zojopackaging.com\/es\/wp-json\/wp\/v2\/product"}],"about":[{"href":"https:\/\/zojopackaging.com\/es\/wp-json\/wp\/v2\/types\/product"}],"version-history":[{"count":1,"href":"https:\/\/zojopackaging.com\/es\/wp-json\/wp\/v2\/product\/9970\/revisions"}],"predecessor-version":[{"id":9977,"href":"https:\/\/zojopackaging.com\/es\/wp-json\/wp\/v2\/product\/9970\/revisions\/9977"}],"wp:featuredmedia":[{"embeddable":true,"href":"https:\/\/zojopackaging.com\/es\/wp-json\/wp\/v2\/media\/9973"}],"wp:attachment":[{"href":"https:\/\/zojopackaging.com\/es\/wp-json\/wp\/v2\/media?parent=9970"}],"wp:term":[{"taxonomy":"product_brand","embeddable":true,"href":"https:\/\/zojopackaging.com\/es\/wp-json\/wp\/v2\/product_brand?post=9970"},{"taxonomy":"product_cat","embeddable":true,"href":"https:\/\/zojopackaging.com\/es\/wp-json\/wp\/v2\/product_cat?post=9970"},{"taxonomy":"product_tag","embeddable":true,"href":"https:\/\/zojopackaging.com\/es\/wp-json\/wp\/v2\/product_tag?post=9970"}],"curies":[{"name":"wp","href":"https:\/\/api.w.org\/{rel}","templated":true}]}}