{"id":9978,"date":"2025-04-04T14:14:41","date_gmt":"2025-04-04T06:14:41","guid":{"rendered":"https:\/\/zojopackaging.com\/?post_type=product&#038;p=9978"},"modified":"2025-04-04T14:30:06","modified_gmt":"2025-04-04T06:30:06","slug":"facial-personal-care-beauty-tool-packaging-box-wholesale","status":"publish","type":"product","link":"https:\/\/zojopackaging.com\/es\/product\/facial-personal-care-beauty-tool-packaging-box-wholesale\/","title":{"rendered":"Cuidado Personal Facial Caja de Embalaje de Herramientas de Belleza al por mayor"},"content":{"rendered":"<h2 id=\"-high-end-customized-facial-massage-tool-environmentally-friendly-packaging-box-solution-\"><strong>Herramienta de masaje facial personalizada de gama alta soluci\u00f3n de caja de embalaje respetuosa con el medio ambiente<\/strong><\/h2>\n<h2 id=\"-i-core-material-environmentally-friendly-cardboard-and-high-end-textured-paper-\"><strong>1. Material del n\u00facleo: cart\u00f3n respetuoso con el medio ambiente y papel texturizado de alta gama.<\/strong><\/h2>\n<p>Ofrecemos dos opciones de material para satisfacer diferentes necesidades de colocaci\u00f3n:<\/p>\n<ol>\n<li><strong>Cart\u00f3n ecol\u00f3gico<\/strong>: Se selecciona cart\u00f3n respetuoso con el medio ambiente con certificaci\u00f3n FSC, con un grosor que oscila entre 200 y 400 g\/m\u00b2, y tiene una excelente reciclabilidad y degradabilidad. Al optimizar la proporci\u00f3n de fibra de papel, la resistencia a la compresi\u00f3n es \u226550N para garantizar la seguridad del transporte.<\/li>\n<li><strong>Papel con textura de gama alta<\/strong>: Para los productos de lujo, se recomienda utilizar cart\u00f3n nacarado importado, papel art\u00edstico t\u00e1ctil (como textura de tela, estampado de cuadros finos) o papel especial de textura met\u00e1lica.<\/li>\n<\/ol>\n<h2 id=\"-ii-brand-visual-presentation-combination-of-printing-and-surface-technology-\"><strong>2. Presentaci\u00f3n visual de la marca: combinaci\u00f3n de tecnolog\u00eda de impresi\u00f3n y de superficie<\/strong><\/h2>\n<ol>\n<li><strong>Impresi\u00f3n en cuatricrom\u00eda<\/strong>: Utilizando la tecnolog\u00eda de sobreimpresi\u00f3n en cuatricrom\u00eda CMYK, la resoluci\u00f3n alcanza los 300 ppp, restaura con precisi\u00f3n el LOGO de la marca y los detalles del patr\u00f3n, y el control de la diferencia de color \u0394E\u22641,5.<\/li>\n<li><strong>Opciones de proceso con valor a\u00f1adido<\/strong>:<\/li>\n<li><strong>Estampaci\u00f3n en caliente\/plata caliente<\/strong>: Utiliza papel de aluminio electroqu\u00edmico Kurz alem\u00e1n, con una resistencia al rayado de dureza 3H y soporte para efecto de estampaci\u00f3n en caliente en relieve tridimensional;<\/li>\n<li><strong>UV local<\/strong>: Mediante el proceso UV inverso, se consigue el contraste entre las superficies esmeriladas y espejadas, y se aumenta el brillo local 70%;<\/li>\n<li><strong>L\u00e1ser hologr\u00e1fico<\/strong>: Patr\u00f3n din\u00e1mico de cambio de luz opcional para mejorar la lucha contra la falsificaci\u00f3n y el impacto visual.<\/li>\n<\/ol>\n<h2 id=\"-three-full-process-design-service-from-logo-to-finished-product-delivery-\"><strong>3. Servicio de dise\u00f1o de proceso completo: desde el LOGO hasta la entrega del producto acabado.<\/strong><\/h2>\n<ol>\n<li><strong>Modo de colaboraci\u00f3n en el dise\u00f1o<\/strong>: Los clientes s\u00f3lo tienen que proporcionar archivos vectoriales LOGO (formato AI \/ EPS), y nuestro equipo de dise\u00f1o se completar\u00e1:<\/li>\n<li>Renderizado de modelado 3D (proporciona vista previa en PDF\/JPG);<\/li>\n<li>Planos de ingenier\u00eda estructural (incluidas las l\u00edneas de troquelado y los par\u00e1metros de carga);<\/li>\n<li>Plan de adecuaci\u00f3n del proceso de materiales.<\/li>\n<li><strong>Servicio de bandeja interior personalizada<\/strong>:<\/li>\n<li>Dise\u00f1ar la bandeja interior de espuma EVA\/bl\u00edster de acuerdo con el tama\u00f1o del producto (como rodillos faciales, tablas de raspado y otras herramientas de forma especial), con una tolerancia de \u00b10,5 mm y una precisi\u00f3n de ranurado de \u00b10,2 mm;<\/li>\n<li>Proporcionar un informe de prueba s\u00edsmica (frecuencia de vibraci\u00f3n de transporte simulada 5-200Hz, amplitud \u00b13mm) para garantizar que no se produzcan da\u00f1os en el producto.<\/li>\n<\/ol>\n<h2 id=\"-fourth-supply-chain-and-production-guarantee-\"><strong>4. Cadena de suministro y garant\u00eda de producci\u00f3n<\/strong><\/h2>\n<ol>\n<li><strong>Trazabilidad de las materias primas<\/strong>:<\/li>\n<li>Papel: Coopera con proveedores como Stora Enso de Finlandia y Prince Paper de Jap\u00f3n, con blancura \u226592% y suavidad \u226550s;<\/li>\n<li>Pegamento: Utilice adhesivo alem\u00e1n Henkel de base acuosa, emisi\u00f3n de COV &lt;0,1mg\/m\u00b3;<\/li>\n<li>Accesorios: Los elementos de fijaci\u00f3n met\u00e1licos superan la prueba de niebla salina de 48 horas (norma ASTM B117).<\/li>\n<li><strong>Capacidad de producci\u00f3n<\/strong>:<\/li>\n<li>5320\u33a1 Taller totalmente autom\u00e1tico: equipado con m\u00e1quina de impresi\u00f3n de seis colores Heidelberg Speedmaster CD102, troqueladora totalmente autom\u00e1tica (precisi\u00f3n \u00b10,1 mm);<\/li>\n<li>Taller semiautom\u00e1tico: admite la producci\u00f3n flexible de lotes peque\u00f1os (MOQ 500 piezas), adecuado para el envasado personalizado de ediciones limitadas\/festivales.<\/li>\n<\/ol>\n<h2 id=\"-v-environmental-certification-and-delivery-standards-\"><strong>5. Certificaci\u00f3n medioambiental y normas de entrega<\/strong><\/h2>\n<ol>\n<li>Con la certificaci\u00f3n ISO 14001 del sistema de gesti\u00f3n medioambiental, el informe de la huella de carbono puede rastrearse hasta cada lote de materias primas;<\/li>\n<li>Ciclo de entrega: de 7 a 10 d\u00edas para los pedidos normales (incluida la confirmaci\u00f3n de las pruebas), los pedidos urgentes pueden reducirse a 5 d\u00edas;<\/li>\n<li>Est\u00e1ndar de embalaje: utilizando pel\u00edcula de envoltura de PP reciclable + caja de cart\u00f3n ondulado, \u00edndice de rotura &lt;0,3%.<\/li>\n<\/ol>","protected":false},"excerpt":{"rendered":"<p>1. Podemos dise\u00f1ar la caja de regalo de embalaje para los clientes durante todo el proceso. Los clientes s\u00f3lo tienen que proporcionar el contenido del logotipo, y vamos a dise\u00f1ar el resto del material de papel, tama\u00f1o y estilo de acuerdo a sus necesidades.<br \/>\n2. De acuerdo con los productos que nos proporcione, dise\u00f1aremos la bandeja interior de la caja de regalo seg\u00fan los productos que nos proporcione, y calcularemos el tama\u00f1o necesario del forro de su caja de regalo para cumplir los requisitos del producto.<br \/>\n3. Disponemos de un taller de producci\u00f3n de 5320 metros cuadrados con equipos totalmente mecanizados. Al mismo tiempo, tambi\u00e9n tenemos una estructura de taller de producci\u00f3n semiautom\u00e1tica, coordinada por equipos manuales y mecanizados al mismo tiempo.<\/p>","protected":false},"featured_media":9980,"template":"","meta":[],"product_brand":[],"product_cat":[30,390,430,31],"product_tag":[1316,1314,1315],"class_list":{"0":"post-9978","1":"product","2":"type-product","3":"status-publish","4":"has-post-thumbnail","6":"product_cat-by-industry","7":"product_cat-custom-cosmetics-boxes","8":"product_cat-folding-cartons","9":"product_cat-paper-box-style","10":"product_tag-beauty-tool-packaging-box-wholesale","11":"product_tag-care-beauty-tool-packaging","12":"product_tag-facial-personal-care-packaging","14":"first","15":"instock","16":"shipping-taxable","17":"product-type-grouped"},"_links":{"self":[{"href":"https:\/\/zojopackaging.com\/es\/wp-json\/wp\/v2\/product\/9978","targetHints":{"allow":["GET"]}}],"collection":[{"href":"https:\/\/zojopackaging.com\/es\/wp-json\/wp\/v2\/product"}],"about":[{"href":"https:\/\/zojopackaging.com\/es\/wp-json\/wp\/v2\/types\/product"}],"version-history":[{"count":1,"href":"https:\/\/zojopackaging.com\/es\/wp-json\/wp\/v2\/product\/9978\/revisions"}],"predecessor-version":[{"id":9986,"href":"https:\/\/zojopackaging.com\/es\/wp-json\/wp\/v2\/product\/9978\/revisions\/9986"}],"wp:featuredmedia":[{"embeddable":true,"href":"https:\/\/zojopackaging.com\/es\/wp-json\/wp\/v2\/media\/9980"}],"wp:attachment":[{"href":"https:\/\/zojopackaging.com\/es\/wp-json\/wp\/v2\/media?parent=9978"}],"wp:term":[{"taxonomy":"product_brand","embeddable":true,"href":"https:\/\/zojopackaging.com\/es\/wp-json\/wp\/v2\/product_brand?post=9978"},{"taxonomy":"product_cat","embeddable":true,"href":"https:\/\/zojopackaging.com\/es\/wp-json\/wp\/v2\/product_cat?post=9978"},{"taxonomy":"product_tag","embeddable":true,"href":"https:\/\/zojopackaging.com\/es\/wp-json\/wp\/v2\/product_tag?post=9978"}],"curies":[{"name":"wp","href":"https:\/\/api.w.org\/{rel}","templated":true}]}}