{"id":9987,"date":"2025-04-04T14:31:08","date_gmt":"2025-04-04T06:31:08","guid":{"rendered":"https:\/\/zojopackaging.com\/?post_type=product&#038;p=9987"},"modified":"2025-04-04T14:44:17","modified_gmt":"2025-04-04T06:44:17","slug":"custom-jewelry-slide-drawer-style-rigid-gift-box-with-ribbon","status":"publish","type":"product","link":"https:\/\/zojopackaging.com\/es\/product\/custom-jewelry-slide-drawer-style-rigid-gift-box-with-ribbon\/","title":{"rendered":"Caja de Regalo R\u00edgida Estilo Caj\u00f3n Deslizante Para Joyer\u00eda Personalizada Con Cinta"},"content":{"rendered":"<h2 id=\"-customized-jewelry-drawer-style-hard-gift-box-product-description-\"><strong>Personalizado joyer\u00eda caj\u00f3n de estilo duro caja de regalo descripci\u00f3n del producto<\/strong><\/h2>\n<h2 id=\"-1-material-and-structural-design-\"><strong>1. Material y dise\u00f1o estructural<\/strong><\/h2>\n<p>Este joyero est\u00e1 hecho de\u00a0<strong>papel estucado + cart\u00f3n gris<\/strong>\u00a0Material combinado, con la capa exterior recubierta de papel estucado de 157 gsm de alto gramaje, y la capa interior con n\u00facleo de papel de cart\u00f3n gris de alta resistencia de 2 mm, que no s\u00f3lo garantiza que el cuerpo de la caja sea duro y resistente a la presi\u00f3n, sino que tambi\u00e9n mejora la textura general gracias al tacto suave del papel estucado. El dise\u00f1o de la corredera de estilo caj\u00f3n est\u00e1 calculado con precisi\u00f3n, y es suave de sacar y cerrar herm\u00e9ticamente, impidiendo eficazmente la entrada de polvo, proporcionando una doble protecci\u00f3n a las joyas.<\/p>\n<h2 id=\"-2-appearance-design-and-craftsmanship-\"><strong>2. Dise\u00f1o y artesan\u00eda<\/strong><\/h2>\n<ul>\n<li><strong>Est\u00e9tica de combinaci\u00f3n de colores con dopamina<\/strong>: El cuerpo de la caja se basa en\u00a0<strong>amarillo brillante<\/strong>y adopta la tecnolog\u00eda de laminado mate. Desprende vitalidad en el suave brillo, que encaja con la actual tendencia est\u00e9tica popular de la dopamina, tiene un fuerte impacto visual y no es f\u00e1cil dejar huellas dactilares.<\/li>\n<li><strong>Mejora artesanal detallada<\/strong>: Soporte\u00a0<strong>Logotipo estampado en caliente, textura en relieve, UV parcial<\/strong>\u00a0y otras artesan\u00edas personalizadas, como la estampaci\u00f3n en caliente del logotipo de la marca o un dibujo en la superficie de la caja, con efecto de relieve tridimensional, que resalta el tono de gama alta de la marca.<\/li>\n<\/ul>\n<h2 id=\"-3-humanized-functional-design-\"><strong>3. Dise\u00f1o funcional humanizado<\/strong><\/h2>\n<ul>\n<li><strong>Cinta extra\u00edble y forro<\/strong>: La parte delantera del caj\u00f3n est\u00e1 incrustada con\u00a0<strong>asa de cinta de raso<\/strong>El forro es de tela de algod\u00f3n, f\u00e1cil de estirar y de tacto delicado, que ahorra trabajo.\u00a0<strong>Material de flocado EVA<\/strong>, y la superficie est\u00e1 cubierta con franela corta, que es suave y resistente a los ara\u00f1azos y puede fijar la posici\u00f3n de las joyas para evitar da\u00f1os por sacudidas durante el transporte.<\/li>\n<li><strong>Estructura de almacenamiento por capas<\/strong>: Personalizable ranuras para tarjetas internas o compartimentos, adecuado para diferentes tipos de joyas como collares, anillos, pendientes, etc, y el almacenamiento clasificado es m\u00e1s exquisito.<\/li>\n<\/ul>\n<h2 id=\"-4-customized-service-\"><strong>4. 4. Servicio personalizado<\/strong><\/h2>\n<ul>\n<li><strong>Ajuste flexible del tama\u00f1o<\/strong>: Soporta la personalizaci\u00f3n a tama\u00f1o completo desde\u00a0<strong>De 63x65x40 mm (caja para anillos) a 217x45x40 mm (caja para pulseras)<\/strong>, ajust\u00e1ndose con precisi\u00f3n a varios tama\u00f1os de joyas.<\/li>\n<li><strong>Combinaci\u00f3n personalizada de artesan\u00eda<\/strong>: Adem\u00e1s de los oficios b\u00e1sicos,\u00a0<strong>estampado, l\u00e1ser, serigraf\u00eda<\/strong>etc., pueden superponerse para responder a las necesidades de diferenciaci\u00f3n de la marca.<\/li>\n<\/ul>\n<h2 id=\"-5-support-for-the-entire-design-and-production-process-\"><strong>5. Apoyo a todo el proceso de dise\u00f1o y producci\u00f3n<\/strong><\/h2>\n<ul>\n<li><strong>Modelado y pruebas en 3D<\/strong>: El equipo de dise\u00f1o profesional ofrece\u00a0<strong>Servicios de previsualizaci\u00f3n de modelos digitales 3D<\/strong>que presenta de forma intuitiva los efectos de la estampaci\u00f3n en caliente, los rayos UV y otras artesan\u00edas, garantizando un error cero entre el borrador del dise\u00f1o y el producto acabado.<\/li>\n<li><strong>Garant\u00eda de producci\u00f3n integral<\/strong>: La f\u00e1brica adopta\u00a0<strong>Troquelado CNC, encolado autom\u00e1tico<\/strong>\u00a0y otros procesos, combinados con un sistema de inspecci\u00f3n de calidad acumulado durante m\u00e1s de 16 a\u00f1os de experiencia, y controla todo el proceso, desde la selecci\u00f3n de materiales hasta el env\u00edo, para garantizar que cada eslab\u00f3n cumpla las normas de protecci\u00f3n medioambiental y durabilidad.<\/li>\n<\/ul>\n<h2 id=\"-6-applicable-scenarios-and-style-adaptation-\"><strong>6. Escenarios aplicables y adaptaci\u00f3n del estilo<\/strong><\/h2>\n<ul>\n<li><strong>Diversidad de estilos<\/strong>: Si es\u00a0<strong>estilo ins sencillo<\/strong>\u00a0o\u00a0<strong>estilo business de lujo<\/strong>Para conseguirlo, se puede ajustar la combinaci\u00f3n de colores (rosa, negro, metalizados, etc.) y los elementos decorativos (lazos, ventanas huecas, etc.).<\/li>\n<li><strong>Cobertura total de escenarios<\/strong>: Adecuado para joyer\u00edas, regalos navide\u00f1os, exposiciones y otros \u00e1mbitos, para mejorar la imagen de marca y la sensaci\u00f3n de ceremonia de los consumidores al abrir las cajas.<\/li>\n<\/ul>\n<h2 id=\"-advantages-of-cooperation-\"><strong>Ventajas de la cooperaci\u00f3n<\/strong>:<\/h2>\n<ul>\n<li><strong>16 a\u00f1os de experiencia en el sector<\/strong>: La f\u00e1brica sigue innovando, combinando materiales respetuosos con el medio ambiente (como los tableros grises degradables) con una producci\u00f3n inteligente, que tiene en cuenta tanto la belleza como la practicidad.<\/li>\n<\/ul>\n<p>Si necesita m\u00e1s informaci\u00f3n sobre soluciones personalizadas u obtener muestras de dise\u00f1os en 3D, no dude en ponerse en contacto con nuestro equipo de dise\u00f1o.<\/p>","protected":false},"excerpt":{"rendered":"<p>Nuestras cajas de papel para embalar joyas son tan delicadas como la seda, y se combinan con la tecnolog\u00eda de estampaci\u00f3n en oro gofrado, mostrando una textura lujosa. La caja utiliza un forro flocado y una estructura de ranuras personalizadas, que se adapta perfectamente al contorno de las joyas, garantizando la seguridad del transporte y dando al mismo tiempo una sensaci\u00f3n de ritual al abrir la caja.<\/p>","protected":false},"featured_media":9989,"template":"","meta":[],"product_brand":[],"product_cat":[30,415,31,426],"product_tag":[1093,813,1320],"class_list":{"0":"post-9987","1":"product","2":"type-product","3":"status-publish","4":"has-post-thumbnail","6":"product_cat-by-industry","7":"product_cat-custom-jewelry-boxes-by-industry","8":"product_cat-paper-box-style","9":"product_cat-paper-drawer-boxes","10":"product_tag-custom-jewelry-gift-box","11":"product_tag-jewelry-drawer-box","12":"product_tag-jewelry-rigid-box-with-ribbon","14":"first","15":"instock","16":"shipping-taxable","17":"product-type-grouped"},"_links":{"self":[{"href":"https:\/\/zojopackaging.com\/es\/wp-json\/wp\/v2\/product\/9987","targetHints":{"allow":["GET"]}}],"collection":[{"href":"https:\/\/zojopackaging.com\/es\/wp-json\/wp\/v2\/product"}],"about":[{"href":"https:\/\/zojopackaging.com\/es\/wp-json\/wp\/v2\/types\/product"}],"version-history":[{"count":1,"href":"https:\/\/zojopackaging.com\/es\/wp-json\/wp\/v2\/product\/9987\/revisions"}],"predecessor-version":[{"id":10008,"href":"https:\/\/zojopackaging.com\/es\/wp-json\/wp\/v2\/product\/9987\/revisions\/10008"}],"wp:featuredmedia":[{"embeddable":true,"href":"https:\/\/zojopackaging.com\/es\/wp-json\/wp\/v2\/media\/9989"}],"wp:attachment":[{"href":"https:\/\/zojopackaging.com\/es\/wp-json\/wp\/v2\/media?parent=9987"}],"wp:term":[{"taxonomy":"product_brand","embeddable":true,"href":"https:\/\/zojopackaging.com\/es\/wp-json\/wp\/v2\/product_brand?post=9987"},{"taxonomy":"product_cat","embeddable":true,"href":"https:\/\/zojopackaging.com\/es\/wp-json\/wp\/v2\/product_cat?post=9987"},{"taxonomy":"product_tag","embeddable":true,"href":"https:\/\/zojopackaging.com\/es\/wp-json\/wp\/v2\/product_tag?post=9987"}],"curies":[{"name":"wp","href":"https:\/\/api.w.org\/{rel}","templated":true}]}}