{"id":897,"date":"2023-11-24T00:01:11","date_gmt":"2023-11-23T16:01:11","guid":{"rendered":"https:\/\/zojopackaging.com\/?page_id=897"},"modified":"2024-05-15T23:37:30","modified_gmt":"2024-05-15T15:37:30","slug":"packaging-box-manufacturing-process","status":"publish","type":"page","link":"https:\/\/zojopackaging.com\/fr\/packaging-box-manufacturing-process\/","title":{"rendered":"Processus de fabrication des bo\u00eetes d'emballage"},"content":{"rendered":"<div data-elementor-type=\"wp-page\" data-elementor-id=\"897\" class=\"elementor elementor-897\" data-elementor-post-type=\"page\">\n\t\t\t\t<div class=\"elementor-element elementor-element-0ffa265 e-flex e-con-boxed e-con e-parent\" data-id=\"0ffa265\" data-element_type=\"container\" data-e-type=\"container\" data-settings=\"{&quot;background_background&quot;:&quot;classic&quot;}\">\n\t\t\t\t\t<div class=\"e-con-inner\">\n\t\t\t\t<div class=\"elementor-element elementor-element-62abf0e elementor-widget elementor-widget-woocommerce-breadcrumb\" data-id=\"62abf0e\" data-element_type=\"widget\" data-e-type=\"widget\" data-widget_type=\"woocommerce-breadcrumb.default\">\n\t\t\t\t<div class=\"elementor-widget-container\">\n\t\t\t\t\t<nav class=\"woocommerce-breadcrumb\" aria-label=\"Breadcrumb\" data-no-translation=\"\" data-trp-gettext=\"\">Accueil<\/nav>\t\t\t\t<\/div>\n\t\t\t\t<\/div>\n\t\t\t\t\t<\/div>\n\t\t\t\t<\/div>\n\t\t<div class=\"elementor-element elementor-element-7ee81d9 e-con-full e-flex e-con e-parent\" data-id=\"7ee81d9\" data-element_type=\"container\" data-e-type=\"container\" data-settings=\"{&quot;background_background&quot;:&quot;classic&quot;}\">\n\t\t\t\t<div class=\"elementor-element elementor-element-a8be8f9 hd-title elementor-widget elementor-widget-heading\" data-id=\"a8be8f9\" data-element_type=\"widget\" data-e-type=\"widget\" data-widget_type=\"heading.default\">\n\t\t\t\t<div class=\"elementor-widget-container\">\n\t\t\t\t\t<h1 class=\"elementor-heading-title elementor-size-default\">Processus de fabrication des bo\u00eetes d'emballage<\/h1>\t\t\t\t<\/div>\n\t\t\t\t<\/div>\n\t\t\t\t<div class=\"elementor-element elementor-element-59072c8 elementor-widget-divider--view-line elementor-widget elementor-widget-divider\" data-id=\"59072c8\" data-element_type=\"widget\" data-e-type=\"widget\" data-widget_type=\"divider.default\">\n\t\t\t\t<div class=\"elementor-widget-container\">\n\t\t\t\t\t\t\t<div class=\"elementor-divider\">\n\t\t\t<span class=\"elementor-divider-separator\">\n\t\t\t\t\t\t<\/span>\n\t\t<\/div>\n\t\t\t\t\t\t<\/div>\n\t\t\t\t<\/div>\n\t\t\t\t<div class=\"elementor-element elementor-element-506007a elementor-widget__width-initial elementor-widget elementor-widget-video\" data-id=\"506007a\" data-element_type=\"widget\" data-e-type=\"widget\" data-settings=\"{&quot;youtube_url&quot;:&quot;https:\\\/\\\/www.youtube.com\\\/watch?v=6JlO25DoCUc&quot;,&quot;autoplay&quot;:&quot;yes&quot;,&quot;video_type&quot;:&quot;youtube&quot;,&quot;controls&quot;:&quot;yes&quot;}\" data-widget_type=\"video.default\">\n\t\t\t\t<div class=\"elementor-widget-container\">\n\t\t\t\t\t\t\t<div class=\"elementor-wrapper elementor-open-inline\">\n\t\t\t<div class=\"elementor-video\"><\/div>\t\t<\/div>\n\t\t\t\t\t\t<\/div>\n\t\t\t\t<\/div>\n\t\t\t\t<\/div>\n\t\t<div class=\"elementor-element elementor-element-566103f e-flex e-con-boxed e-con e-parent\" data-id=\"566103f\" data-element_type=\"container\" data-e-type=\"container\">\n\t\t\t\t\t<div class=\"e-con-inner\">\n\t\t\t\t<div class=\"elementor-element elementor-element-b666dc2 elementor-widget__width-auto elementor-widget elementor-widget-image\" data-id=\"b666dc2\" data-element_type=\"widget\" data-e-type=\"widget\" data-widget_type=\"image.default\">\n\t\t\t\t<div class=\"elementor-widget-container\">\n\t\t\t\t\t\t\t\t\t\t\t\t\t\t\t<img fetchpriority=\"high\" decoding=\"async\" width=\"1737\" height=\"2560\" src=\"https:\/\/zojopackaging.com\/wp-content\/uploads\/2024\/03\/\u751f\u4ea7\u6d41\u7a0b-scaled.jpg\" class=\"attachment-full size-full wp-image-4963\" alt=\"Processus de production\" srcset=\"https:\/\/zojopackaging.com\/wp-content\/uploads\/2024\/03\/\u751f\u4ea7\u6d41\u7a0b-scaled.jpg 1737w, https:\/\/zojopackaging.com\/wp-content\/uploads\/2024\/03\/\u751f\u4ea7\u6d41\u7a0b-204x300.jpg 204w, https:\/\/zojopackaging.com\/wp-content\/uploads\/2024\/03\/\u751f\u4ea7\u6d41\u7a0b-699x1030.jpg 699w, https:\/\/zojopackaging.com\/wp-content\/uploads\/2024\/03\/\u751f\u4ea7\u6d41\u7a0b-768x1132.jpg 768w, https:\/\/zojopackaging.com\/wp-content\/uploads\/2024\/03\/\u751f\u4ea7\u6d41\u7a0b-1042x1536.jpg 1042w, https:\/\/zojopackaging.com\/wp-content\/uploads\/2024\/03\/\u751f\u4ea7\u6d41\u7a0b-1389x2048.jpg 1389w, https:\/\/zojopackaging.com\/wp-content\/uploads\/2024\/03\/\u751f\u4ea7\u6d41\u7a0b-600x884.jpg 600w\" sizes=\"(max-width: 1737px) 100vw, 1737px\" title=\"\">\t\t\t\t\t\t\t\t\t\t\t\t\t\t\t<\/div>\n\t\t\t\t<\/div>\n\t\t\t\t\t<\/div>\n\t\t\t\t<\/div>\n\t\t<div class=\"elementor-element elementor-element-80f2626 e-flex e-con-boxed e-con e-parent\" data-id=\"80f2626\" data-element_type=\"container\" data-e-type=\"container\">\n\t\t\t\t\t<div class=\"e-con-inner\">\n\t\t\t\t<div class=\"elementor-element elementor-element-f7818c0 elementor-widget__width-inherit elementor-widget-mobile__width-inherit elementor-widget elementor-widget-text-editor\" data-id=\"f7818c0\" data-element_type=\"widget\" data-e-type=\"widget\" data-widget_type=\"text-editor.default\">\n\t\t\t\t<div class=\"elementor-widget-container\">\n\t\t\t\t\t\t\t\t\t<ul><li><strong>Conception<\/strong>: Le processus commence par la conception de la bo\u00eete d'emballage. Il s'agit de cr\u00e9er un plan qui sp\u00e9cifie les dimensions, la structure, le mat\u00e9riau et tous les \u00e9l\u00e9ments graphiques de la bo\u00eete.<\/li>\n<li><strong>S\u00e9lection des mat\u00e9riaux<\/strong>: Une fois la conception finalis\u00e9e, les mat\u00e9riaux appropri\u00e9s sont s\u00e9lectionn\u00e9s pour la production de la bo\u00eete. Les mat\u00e9riaux couramment utilis\u00e9s pour les bo\u00eetes d'emballage sont le carton, le carton ondul\u00e9, le carton et le plastique.<\/li>\n<li><strong>D\u00e9coupage<\/strong>: Le mat\u00e9riau s\u00e9lectionn\u00e9 est ensuite d\u00e9coup\u00e9 dans la forme et la taille requises \u00e0 l'aide de machines de d\u00e9coupe. La pr\u00e9cision de la d\u00e9coupe est essentielle pour garantir que les pi\u00e8ces s'embo\u00eetent correctement lors de l'assemblage.<\/li>\n<li><strong>Impression<\/strong>: Si la bo\u00eete d'emballage n\u00e9cessite un marquage, un \u00e9tiquetage ou des \u00e9l\u00e9ments graphiques, elle sera soumise \u00e0 un processus d'impression. Il peut s'agir de techniques telles que l'impression offset, l'impression num\u00e9rique ou la s\u00e9rigraphie.<\/li>\n<li><strong>Pliage et collage<\/strong>: Les pi\u00e8ces d\u00e9coup\u00e9es de la bo\u00eete d'emballage sont pli\u00e9es le long des lignes de pliage pour former la structure de la bo\u00eete. De la colle est appliqu\u00e9e aux endroits appropri\u00e9s et la bo\u00eete est ensuite coll\u00e9e pour conserver sa forme.<\/li>\n<li><strong>D\u00e9coupe<\/strong>: Dans certains cas, la bo\u00eete d'emballage peut n\u00e9cessiter une personnalisation suppl\u00e9mentaire telle que des fen\u00eatres, des poign\u00e9es ou des formes uniques. Pour ce faire, un processus de d\u00e9coupage \u00e0 l'emporte-pi\u00e8ce permet de d\u00e9couper le mat\u00e9riau dans des formes sp\u00e9cifiques.<\/li>\n<li><strong>Contr\u00f4le de la qualit\u00e9<\/strong>: Tout au long du processus de production, des contr\u00f4les de qualit\u00e9 sont effectu\u00e9s pour s'assurer que les bo\u00eetes r\u00e9pondent aux exigences sp\u00e9cifi\u00e9es. Il peut s'agir de la pr\u00e9cision des dimensions, de la qualit\u00e9 de l'impression, de l'int\u00e9grit\u00e9 structurelle et de l'aspect g\u00e9n\u00e9ral.<\/li>\n<li><strong>Emballage et exp\u00e9dition<\/strong>: Une fois que les bo\u00eetes d'emballage ont pass\u00e9 les contr\u00f4les de qualit\u00e9, elles sont emball\u00e9es dans des conteneurs plus grands pour \u00eatre exp\u00e9di\u00e9es aux clients ou aux centres de distribution.<\/li>\n<\/ul>\t\t\t\t\t\t\t\t<\/div>\n\t\t\t\t<\/div>\n\t\t\t\t\t<\/div>\n\t\t\t\t<\/div>\n\t\t\t\t<\/div>","protected":false},"excerpt":{"rendered":"<p>Packaging Box Manufacturing Process Design: The process begins with the design of the packaging box. This involves creating a blueprint that specifies the dimensions, structure, material, and any graphic design elements of the box. Material selection: Once the design is finalized, the appropriate materials are selected for the production of the box. Common materials used [&hellip;]<\/p>\n","protected":false},"author":1,"featured_media":0,"parent":0,"menu_order":0,"comment_status":"closed","ping_status":"closed","template":"","meta":{"footnotes":""},"class_list":["post-897","page","type-page","status-publish","hentry"],"_links":{"self":[{"href":"https:\/\/zojopackaging.com\/fr\/wp-json\/wp\/v2\/pages\/897","targetHints":{"allow":["GET"]}}],"collection":[{"href":"https:\/\/zojopackaging.com\/fr\/wp-json\/wp\/v2\/pages"}],"about":[{"href":"https:\/\/zojopackaging.com\/fr\/wp-json\/wp\/v2\/types\/page"}],"author":[{"embeddable":true,"href":"https:\/\/zojopackaging.com\/fr\/wp-json\/wp\/v2\/users\/1"}],"replies":[{"embeddable":true,"href":"https:\/\/zojopackaging.com\/fr\/wp-json\/wp\/v2\/comments?post=897"}],"version-history":[{"count":77,"href":"https:\/\/zojopackaging.com\/fr\/wp-json\/wp\/v2\/pages\/897\/revisions"}],"predecessor-version":[{"id":5044,"href":"https:\/\/zojopackaging.com\/fr\/wp-json\/wp\/v2\/pages\/897\/revisions\/5044"}],"wp:attachment":[{"href":"https:\/\/zojopackaging.com\/fr\/wp-json\/wp\/v2\/media?parent=897"}],"curies":[{"name":"wp","href":"https:\/\/api.w.org\/{rel}","templated":true}]}}