{"id":10001,"date":"2025-04-04T14:38:24","date_gmt":"2025-04-04T06:38:24","guid":{"rendered":"https:\/\/zojopackaging.com\/?post_type=product&#038;p=10001"},"modified":"2025-04-04T15:05:50","modified_gmt":"2025-04-04T07:05:50","slug":"custom-skin-care-drawer-box-cosmetic-carton-folding-packaging","status":"publish","type":"product","link":"https:\/\/zojopackaging.com\/fr\/product\/custom-skin-care-drawer-box-cosmetic-carton-folding-packaging\/","title":{"rendered":"Bo\u00eete \u00e0 tiroirs pour soins de la peau Emballage pliant en carton pour cosm\u00e9tiques"},"content":{"rendered":"<h3 id=\"-1-folding-drawer-gift-box-\"><strong>1. Bo\u00eete cadeau \u00e0 tiroir pliant<\/strong><\/h3>\n<p>Le coffret cadeau \u00e0 tiroir pliant adopte une conception structurelle innovante, qui permet d'atteindre efficacement l'objectif de contr\u00f4le des co\u00fbts tout en conservant la texture haut de gamme du coffret cadeau.<\/p>\n<h3 id=\"-2-single-powder-card-material-\"><strong>2. Mat\u00e9riau de la carte \u00e0 poudre unique<\/strong><\/h3>\n<p>Notre mat\u00e9riau de carte \u00e0 poudre unique est de qualit\u00e9 sup\u00e9rieure, avec une surface d\u00e9licate et lisse, une forte adaptabilit\u00e9 \u00e0 l'impression, et peut pr\u00e9senter des effets de couleur clairs et brillants.<\/p>\n<h3 id=\"-3-environmentally-friendly-and-recyclable-materials-\"><strong>3. Mat\u00e9riaux respectueux de l'environnement et recyclables<\/strong><\/h3>\n<p>Le produit utilise des mat\u00e9riaux respectueux de l'environnement et recyclables, a obtenu la certification du syst\u00e8me de certification foresti\u00e8re FSC et respecte pleinement les normes environnementales internationales.<\/p>\n<h3 id=\"-4-surface-processing-solutions-\"><strong>4. Solutions de traitement de surface<\/strong><\/h3>\n<p>Les solutions de traitement de surface sont riches et vari\u00e9es, et permettent de r\u00e9aliser des personnalisations telles que le marquage \u00e0 chaud, le vernissage UV partiel, le gaufrage, la sculpture en creux, etc.<\/p>\n<h3 id=\"-5-zojo-print-industry-reputation-\"><strong>5. R\u00e9putation de ZOJO Print dans l'industrie<\/strong><\/h3>\n<p>En tant que fournisseur professionnel de services de personnalisation d'emballages en papier, ZOJO Print jouit d'une excellente r\u00e9putation sur les march\u00e9s nationaux et \u00e9trangers.<\/p>\n<h3 id=\"-6-senior-design-team-\"><strong>6. \u00c9quipe principale de conception<\/strong><\/h3>\n<p>Nous sommes dot\u00e9s d'une \u00e9quipe de concepteurs chevronn\u00e9s, qui peuvent participer activement au processus de r\u00e9alisation cr\u00e9ative de la marque afin de garantir la mise en \u0153uvre pr\u00e9cise du concept de conception.<\/p>\n<h3 id=\"-7-professional-packaging-technology-consultant-team-\"><strong>7. \u00c9quipe de consultants professionnels en technologie de l'emballage<\/strong><\/h3>\n<p>L'\u00e9quipe de consultants professionnels en technologie d'emballage adaptera la solution d'emballage optimale en fonction des caract\u00e9ristiques du produit.<\/p>","protected":false},"excerpt":{"rendered":"<p><strong>ZOJO Print | Bo\u00eetes \u00e0 tiroirs pliantes personnalis\u00e9es pour les soins de la peau - un design innovant au service de la beaut\u00e9<\/strong><\/p>\n<p>Dans le domaine de l'emballage des produits de soin de la peau, la conception ne doit pas seulement avoir une valeur esth\u00e9tique, mais aussi prendre en compte la fonctionnalit\u00e9, la protection de l'environnement et le rapport co\u00fbt-efficacit\u00e9. ZOJO Print est profond\u00e9ment impliqu\u00e9 dans ce secteur depuis 16 ans et s'attache \u00e0 fournir aux marques de produits de beaut\u00e9 haut de gamme des solutions de bo\u00eetes \u00e0 tiroirs pliantes qui sont \u00e0 la fois innovantes et comp\u00e9titives sur le plan commercial.<\/p>","protected":false},"featured_media":10007,"template":"","meta":[],"product_brand":[],"product_cat":[30,390,31,426],"product_tag":[1322,817,1321],"class_list":{"0":"post-10001","1":"product","2":"type-product","3":"status-publish","4":"has-post-thumbnail","6":"product_cat-by-industry","7":"product_cat-custom-cosmetics-boxes","8":"product_cat-paper-box-style","9":"product_cat-paper-drawer-boxes","10":"product_tag-carton-folding-packaging","11":"product_tag-custom-box","12":"product_tag-skin-care-drawer-box","14":"first","15":"instock","16":"shipping-taxable","17":"product-type-grouped"},"_links":{"self":[{"href":"https:\/\/zojopackaging.com\/fr\/wp-json\/wp\/v2\/product\/10001","targetHints":{"allow":["GET"]}}],"collection":[{"href":"https:\/\/zojopackaging.com\/fr\/wp-json\/wp\/v2\/product"}],"about":[{"href":"https:\/\/zojopackaging.com\/fr\/wp-json\/wp\/v2\/types\/product"}],"version-history":[{"count":1,"href":"https:\/\/zojopackaging.com\/fr\/wp-json\/wp\/v2\/product\/10001\/revisions"}],"predecessor-version":[{"id":10016,"href":"https:\/\/zojopackaging.com\/fr\/wp-json\/wp\/v2\/product\/10001\/revisions\/10016"}],"wp:featuredmedia":[{"embeddable":true,"href":"https:\/\/zojopackaging.com\/fr\/wp-json\/wp\/v2\/media\/10007"}],"wp:attachment":[{"href":"https:\/\/zojopackaging.com\/fr\/wp-json\/wp\/v2\/media?parent=10001"}],"wp:term":[{"taxonomy":"product_brand","embeddable":true,"href":"https:\/\/zojopackaging.com\/fr\/wp-json\/wp\/v2\/product_brand?post=10001"},{"taxonomy":"product_cat","embeddable":true,"href":"https:\/\/zojopackaging.com\/fr\/wp-json\/wp\/v2\/product_cat?post=10001"},{"taxonomy":"product_tag","embeddable":true,"href":"https:\/\/zojopackaging.com\/fr\/wp-json\/wp\/v2\/product_tag?post=10001"}],"curies":[{"name":"wp","href":"https:\/\/api.w.org\/{rel}","templated":true}]}}