{"id":10009,"date":"2025-04-04T14:44:34","date_gmt":"2025-04-04T06:44:34","guid":{"rendered":"https:\/\/zojopackaging.com\/?post_type=product&#038;p=10009"},"modified":"2025-04-04T15:06:02","modified_gmt":"2025-04-04T07:06:02","slug":"custom-luxury-cosmetic-skin-care-face-cream-packaging-boxes","status":"publish","type":"product","link":"https:\/\/zojopackaging.com\/fr\/product\/custom-luxury-cosmetic-skin-care-face-cream-packaging-boxes\/","title":{"rendered":"Bo\u00eetes d'emballage de luxe pour cr\u00e8mes de soin du visage"},"content":{"rendered":"<h2 id=\"-customized-luxury-cosmetic-skin-care-cream-packaging-box-product-description-\"><strong>Bo\u00eetes d'emballage de luxe pour cr\u00e8mes de soin personnalis\u00e9es<\/strong><\/h2>\n<h2 id=\"-i-box-structure-and-material-design-\"><strong>1. Structure de la bo\u00eete et conception des mat\u00e9riaux<\/strong><\/h2>\n<ol>\n<li><strong>Bo\u00eete classique \u00e0 couvercle sup\u00e9rieur et inf\u00e9rieur<\/strong>\u00a0Adoptant une structure de couvercle sup\u00e9rieur et inf\u00e9rieur en deux parties, sans conception complexe d'ouverture et de fermeture, elle allie praticit\u00e9 et esth\u00e9tique simple. La bo\u00eete s'ouvre et se ferme en douceur, avec un taux d'utilisation des mat\u00e9riaux de plus de 95%, r\u00e9duisant les d\u00e9chets, et utilisant du carton gris ou du carton blanc haute densit\u00e9 pour garantir que la bo\u00eete est nette, respectueuse de l'environnement et durable.<\/li>\n<li><strong>Texture de luxe discr\u00e8te<\/strong>\u00a0La couleur principale est un noir profond, et la surface est faite d'un papier sp\u00e9cial au toucher mat ou d'une technologie de laminage, avec des lignes locales de marquage \u00e0 chaud\/argent\u00e9 ou des logos de marque, afin de transmettre une exp\u00e9rience visuelle calme et haut de gamme. La surface de la bo\u00eete peut \u00eatre int\u00e9gr\u00e9e \u00e0 des textures gaufr\u00e9es (telles que le similicuir ou le marbre) afin d'am\u00e9liorer la sensation tridimensionnelle et la reconnaissance diff\u00e9renci\u00e9e.<\/li>\n<\/ol>\n<h2 id=\"-second-customized-technology-and-brand-presentation-\"><strong>2. Technologie et pr\u00e9sentation de la marque personnalis\u00e9es<\/strong><\/h2>\n<ol>\n<li><strong>Technologie d'impression polyvalente<\/strong><\/li>\n<li><strong>Marquage \u00e0 chaud<\/strong>: Le logo, le nom de la marque ou les \u00e9l\u00e9ments d\u00e9coratifs sont estampill\u00e9s avec une feuille d'or\/argent 24K pour renforcer le sentiment de luxe ;<\/li>\n<li><strong>Gaufrage UV<\/strong>: Les motifs locaux ou les textes sont transform\u00e9s en une touche tridimensionnelle par le vernis UV afin d'am\u00e9liorer la perception visuelle ;<\/li>\n<li><strong>Technologie de l'embossage<\/strong>: Des textures exclusives personnalis\u00e9es (telles que des lignes g\u00e9om\u00e9triques, des textures naturelles) conf\u00e8rent \u00e0 l'emballage une m\u00e9moire tactile unique.<\/li>\n<li><strong>Adaptation souple \u00e0 de multiples cat\u00e9gories<\/strong>\u00a0La taille de la bo\u00eete peut \u00eatre personnalis\u00e9e (plage de r\u00e9f\u00e9rence : longueur 10-30 cm \u00d7 largeur 8-25 cm \u00d7 hauteur 5-15 cm). Elle convient aux cr\u00e8mes, aux parfums, aux bougies parfum\u00e9es, aux th\u00e9s haut de gamme et \u00e0 d'autres cat\u00e9gories. La doublure peut \u00eatre assortie \u00e0 :<\/li>\n<li><strong>Rainure en \u00e9ponge EVA<\/strong>: Fixez correctement le produit pour \u00e9viter qu'il ne tremble pendant le transport ;<\/li>\n<li><strong>Plateau int\u00e9rieur floqu\u00e9<\/strong>: Mat\u00e9riau flock\u00e9 noir ou or pour renforcer le sens de la c\u00e9r\u00e9monie lors de l'ouverture de la bo\u00eete ;<\/li>\n<li><strong>Support en acrylique transparent<\/strong>: Les produits sont mis en valeur et conviennent \u00e0 la pr\u00e9sentation de bo\u00eetes cadeaux.<\/li>\n<\/ol>\n<h2 id=\"-iii-supply-chain-guarantee-and-quality-commitment-\"><strong>3. Garantie de la cha\u00eene d'approvisionnement et engagement en mati\u00e8re de qualit\u00e9<\/strong><\/h2>\n<ol>\n<li><strong>Source Factory Advantage<\/strong>\u00a0S'appuyant sur 16 ann\u00e9es d'exp\u00e9rience en mati\u00e8re de production, nous avons mis en place un syst\u00e8me int\u00e9gr\u00e9 de cha\u00eene d'approvisionnement allant de la conception \u00e0 la s\u00e9lection des mat\u00e9riaux, en passant par la production et l'inspection de la qualit\u00e9, afin de garantir la qualit\u00e9 des produits :<\/li>\n<li><strong>Optimisation des co\u00fbts<\/strong>: Approvisionnement \u00e0 grande \u00e9chelle en mati\u00e8res premi\u00e8res pour r\u00e9duire le co\u00fbt par bo\u00eete ;<\/li>\n<li><strong>Contr\u00f4le strict de la qualit\u00e9<\/strong>: Contr\u00f4le d'erreur \u00e0 \u00b10,5 mm, pas de d\u00e9formation lors du moulage, pas de d\u00e9fauts de surface ;<\/li>\n<li><strong>Livraison rapide<\/strong>: Commande minimale de 500 pi\u00e8ces, 7 \u00e0 14 jours pour la production en s\u00e9rie.<\/li>\n<\/ol>\n<h2 id=\"-iv-design-service-and-brand-empowerment-\"><strong>4. Service de conception et autonomisation de la marque<\/strong><\/h2>\n<ol>\n<li><strong>Support de personnalisation exclusif<\/strong><\/li>\n<li><strong>Collaboration en mati\u00e8re de conception<\/strong>: Fournir des dessins de mod\u00e9lisation en 3D et des \u00e9preuves physiques pour garantir une mise en \u0153uvre pr\u00e9cise des effets de la conception ;<\/li>\n<li><strong>Int\u00e9gration de l'histoire de la marque<\/strong>: Mettre en valeur la valeur fondamentale du produit par le biais du design de l'emballage (\u00e9l\u00e9ments dor\u00e9s, th\u00e8mes temporels, etc.) ;<\/li>\n<li><strong>Certification environnementale<\/strong>: Papier certifi\u00e9 FSC ou mat\u00e9riaux d\u00e9gradables en option, conform\u00e9ment au concept de marque durable.<\/li>\n<\/ol>\n<p><strong>Sc\u00e9narios applicables<\/strong>: bo\u00eetes-cadeaux pour la premi\u00e8re sortie de produits de soins de la peau haut de gamme, coffrets limit\u00e9s pour les f\u00eates, emballages co-marqu\u00e9s, etc.<\/p>\n<p><strong>Processus de coop\u00e9ration<\/strong>Les \u00e9tapes de la production sont les suivantes : communication de la demande \u2192 proposition de conception \u2192 confirmation de l'\u00e9preuve \u2192 production en s\u00e9rie \u2192 contr\u00f4le de la qualit\u00e9 et livraison.<\/p>\n<p>Gr\u00e2ce \u00e0 l'\u00e9quilibre entre une structure minimaliste et des d\u00e9tails exquis, cette s\u00e9rie de bo\u00eetes d'emballage aidera la marque \u00e0 occuper l'esprit du march\u00e9 des consommateurs haut de gamme avec le langage visuel du \"luxe en demi-teinte\"<\/p>","protected":false},"excerpt":{"rendered":"<p>La conception de nos emballages cosm\u00e9tiques allie fonctionnalit\u00e9 et valeur esth\u00e9tique, ce qui permet d'am\u00e9liorer efficacement la comp\u00e9titivit\u00e9 de la marque et l'exp\u00e9rience du consommateur. Premi\u00e8rement, en termes de protection, l'emballage utilise des mat\u00e9riaux de haute qualit\u00e9, et la structure scell\u00e9e ainsi que la conception \u00e9tanche \u00e0 la lumi\u00e8re prolongent la dur\u00e9e de conservation des produits cosm\u00e9tiques tout en r\u00e9duisant les pertes dues au transport. Deuxi\u00e8mement, en termes d'attrait visuel, les lignes minimalistes ou les \u00e9l\u00e9ments esth\u00e9tiques naturels.<\/p>","protected":false},"featured_media":10010,"template":"","meta":[],"product_brand":[],"product_cat":[30,390,425,31],"product_tag":[1323,1324,1060],"class_list":{"0":"post-10009","1":"product","2":"type-product","3":"status-publish","4":"has-post-thumbnail","6":"product_cat-by-industry","7":"product_cat-custom-cosmetics-boxes","8":"product_cat-lid-and-base-gift-box","9":"product_cat-paper-box-style","10":"product_tag-cosmetic-packaging-boxes","11":"product_tag-custom-face-cream-packaging","12":"product_tag-skin-care-packaging-boxes","14":"first","15":"instock","16":"shipping-taxable","17":"product-type-grouped"},"_links":{"self":[{"href":"https:\/\/zojopackaging.com\/fr\/wp-json\/wp\/v2\/product\/10009","targetHints":{"allow":["GET"]}}],"collection":[{"href":"https:\/\/zojopackaging.com\/fr\/wp-json\/wp\/v2\/product"}],"about":[{"href":"https:\/\/zojopackaging.com\/fr\/wp-json\/wp\/v2\/types\/product"}],"version-history":[{"count":1,"href":"https:\/\/zojopackaging.com\/fr\/wp-json\/wp\/v2\/product\/10009\/revisions"}],"predecessor-version":[{"id":10017,"href":"https:\/\/zojopackaging.com\/fr\/wp-json\/wp\/v2\/product\/10009\/revisions\/10017"}],"wp:featuredmedia":[{"embeddable":true,"href":"https:\/\/zojopackaging.com\/fr\/wp-json\/wp\/v2\/media\/10010"}],"wp:attachment":[{"href":"https:\/\/zojopackaging.com\/fr\/wp-json\/wp\/v2\/media?parent=10009"}],"wp:term":[{"taxonomy":"product_brand","embeddable":true,"href":"https:\/\/zojopackaging.com\/fr\/wp-json\/wp\/v2\/product_brand?post=10009"},{"taxonomy":"product_cat","embeddable":true,"href":"https:\/\/zojopackaging.com\/fr\/wp-json\/wp\/v2\/product_cat?post=10009"},{"taxonomy":"product_tag","embeddable":true,"href":"https:\/\/zojopackaging.com\/fr\/wp-json\/wp\/v2\/product_tag?post=10009"}],"curies":[{"name":"wp","href":"https:\/\/api.w.org\/{rel}","templated":true}]}}