{"id":10033,"date":"2025-04-04T15:16:35","date_gmt":"2025-04-04T07:16:35","guid":{"rendered":"https:\/\/zojopackaging.com\/?post_type=product&#038;p=10033"},"modified":"2025-04-04T15:25:19","modified_gmt":"2025-04-04T07:25:19","slug":"premium-customize-fragrance-perfume-gift-boxes-wholesale","status":"publish","type":"product","link":"https:\/\/zojopackaging.com\/fr\/product\/premium-customize-fragrance-perfume-gift-boxes-wholesale\/","title":{"rendered":"Premium Customize Fragrance Perfume Gift Boxes Wholesale"},"content":{"rendered":"<h2 id=\"-high-end-customized-perfume-gift-box-wholesale-\"><strong>Bo\u00eete cadeau de parfum personnalis\u00e9e haut de gamme en gros<\/strong><\/h2>\n<h2 id=\"-1-environmentally-friendly-materials-quality-assurance-\"><strong>1. Mat\u00e9riaux respectueux de l'environnement, assurance qualit\u00e9<\/strong><\/h2>\n<ul>\n<li><strong>Combinaison carton gris + papier couch\u00e9<\/strong>Le produit est compos\u00e9 d'un carton gris de 2,0 mm d'\u00e9paisseur et d'un papier couch\u00e9 de 157 g. Le carton gris est fabriqu\u00e9 \u00e0 partir de p\u00e2te renouvelable qui est durable et r\u00e9pond aux normes environnementales. Le carton gris est fabriqu\u00e9 \u00e0 partir de p\u00e2te \u00e0 papier renouvelable, durable et conforme aux normes environnementales ;<\/li>\n<\/ul>\n<h2 id=\"-2-brand-customization-process-highlighting-uniqueness-\"><strong>2. Processus de personnalisation de la marque, mise en \u00e9vidence du caract\u00e8re unique<\/strong><\/h2>\n<ul>\n<li><strong>Am\u00e9lioration du processus d'\u00e9laboration du logo<\/strong>: Prise en charge de l'estampage \u00e0 chaud, du gaufrage, de l'UV local et d'autres processus de personnalisation :<\/li>\n<li><strong>Marquage \u00e0 chaud\/argent chaud<\/strong>: L'\u00e9clat m\u00e9tallique renforce le logo de la marque et convient \u00e0 un positionnement commercial haut de gamme ;<\/li>\n<li><strong>Gaufrage 3D<\/strong>: Le toucher tridimensionnel am\u00e9liore le niveau visuel et cr\u00e9e une exp\u00e9rience tactile de luxe ;<\/li>\n<li><strong>UV local<\/strong>: Le vernis recouvre les motifs cl\u00e9s, am\u00e9liore la luminosit\u00e9 locale et l'antisalissure, et s'adapte au design \u00e0 la mode.<\/li>\n<li><strong>Adaptation pr\u00e9cise de la taille<\/strong>: Personnaliser le type de bo\u00eete en fonction des sp\u00e9cifications du flacon de parfum fournies par le client (telles que la hauteur, le diam\u00e8tre et la structure de forme sp\u00e9ciale) afin de garantir que la doublure et le corps du flacon s'adaptent parfaitement, en tenant compte \u00e0 la fois de l'esth\u00e9tique et de la praticit\u00e9.<\/li>\n<\/ul>\n<h2 id=\"-three-scientific-protection-design-worry-free-transportation-\"><strong>3. Conception scientifique de la protection, transport sans souci<\/strong><\/h2>\n<ul>\n<li><strong>Technologie de d\u00e9coupe de la doublure EVA<\/strong>: Utilisant un mat\u00e9riau EVA de haute densit\u00e9, l'\u00e9quipement CNC d\u00e9coupe avec pr\u00e9cision la rainure dans la forme du flacon de parfum pour obtenir une protection tampon \u00e0 360\u00b0, une r\u00e9sistance aux chocs et \u00e0 la pression, et \u00e9viter le risque de dommages caus\u00e9s par les secousses pendant le transport.<\/li>\n<li><strong>Optimisation de la structure de la t\u00eate et du caisson de terre<\/strong>: Les bo\u00eetes sup\u00e9rieure et inf\u00e9rieure sont s\u00e9par\u00e9es, ce qui facilite l'ouverture et la fermeture et assure une bonne \u00e9tanch\u00e9it\u00e9, ce qui facilite l'utilisation et le stockage pour les consommateurs.<\/li>\n<\/ul>\n<h2 id=\"-four-one-stop-service-full-process-control-\"><strong>4. Service \u00e0 guichet unique, contr\u00f4le total des processus<\/strong><\/h2>\n<ul>\n<li><strong>Une connexion sans faille de la conception \u00e0 la livraison<\/strong>:<\/li>\n<li><strong>Conception cr\u00e9ative<\/strong>: L'\u00e9quipe de professionnels fournit des rendus en 3D, une s\u00e9lection de mat\u00e9riaux et des suggestions de processus ;<\/li>\n<li><strong>Production flexible<\/strong>: De la production d'essais en petits lots \u00e0 la commande de lots importants, la livraison est rapide dans un d\u00e9lai de 5 \u00e0 15 jours (en fonction de la complexit\u00e9 du processus) ;<\/li>\n<li><strong>Logistique mondiale<\/strong>: Assurer le transport maritime, le transport a\u00e9rien et la livraison de v\u00e9hicules sp\u00e9ciaux, couvrant le commerce \u00e9lectronique transfrontalier, les guichets hors ligne et d'autres sc\u00e9narios.<\/li>\n<li><strong>Garantie de certification de la qualit\u00e9<\/strong>: Passer le syst\u00e8me de gestion de la qualit\u00e9 ISO et la certification de protection de l'environnement pour garantir que les produits r\u00e9pondent aux normes internationales d'exportation et soutenir l'\u00e9mission de factures de taxe sur la valeur ajout\u00e9e.<\/li>\n<\/ul>\n<h2 id=\"-v-brand-value-added-services-to-help-break-through-the-market-\"><strong>5. Services \u00e0 valeur ajout\u00e9e de la marque pour aider \u00e0 percer le march\u00e9<\/strong><\/h2>\n<ul>\n<li><strong>Positionnement de la diff\u00e9renciation<\/strong>: Am\u00e9liorer la qualit\u00e9 des produits gr\u00e2ce \u00e0 des emballages personnalis\u00e9s afin d'attirer les groupes de consommateurs qui privil\u00e9gient la protection de l'environnement et l'exp\u00e9rience haut de gamme ;<\/li>\n<li><strong>Soutien aux donn\u00e9es<\/strong>: Fournir une analyse des tendances du march\u00e9 de l'emballage et des r\u00e9f\u00e9rences de produits concurrents pour aider les marques \u00e0 se positionner avec pr\u00e9cision.<\/li>\n<\/ul>","protected":false},"excerpt":{"rendered":"<p>\u2705\u00a0<strong>16 ans d'exp\u00e9rience dans l'industrie<\/strong>: Au service de plus de 3 000 marques, couvrant les parfums, la beaut\u00e9, les produits de luxe et d'autres domaines ;<br \/>\n\u2705\u00a0<strong>Solution d'optimisation des co\u00fbts<\/strong>: Approvisionnement \u00e0 grande \u00e9chelle et cha\u00eene de production efficace pour r\u00e9duire les co\u00fbts unitaires ;<br \/>\n\u2705\u00a0<strong>Un engagement apr\u00e8s-vente sans souci<\/strong>: R\u00e9approvisionnement gratuit ou reprise pour les pertes caus\u00e9es par des probl\u00e8mes de qualit\u00e9.<\/p>","protected":false},"featured_media":10040,"template":"","meta":[],"product_brand":[],"product_cat":[30,417,425,31],"product_tag":[764,912,540,1058],"class_list":{"0":"post-10033","1":"product","2":"type-product","3":"status-publish","4":"has-post-thumbnail","6":"product_cat-by-industry","7":"product_cat-custom-perfume-boxes-by-industry","8":"product_cat-lid-and-base-gift-box","9":"product_cat-paper-box-style","10":"product_tag-custom-perfume-gift-boxes","11":"product_tag-fragrance-box","12":"product_tag-perfume-boxes-wholesale","13":"product_tag-perfume-packaging","15":"first","16":"instock","17":"shipping-taxable","18":"product-type-grouped"},"_links":{"self":[{"href":"https:\/\/zojopackaging.com\/fr\/wp-json\/wp\/v2\/product\/10033","targetHints":{"allow":["GET"]}}],"collection":[{"href":"https:\/\/zojopackaging.com\/fr\/wp-json\/wp\/v2\/product"}],"about":[{"href":"https:\/\/zojopackaging.com\/fr\/wp-json\/wp\/v2\/types\/product"}],"version-history":[{"count":1,"href":"https:\/\/zojopackaging.com\/fr\/wp-json\/wp\/v2\/product\/10033\/revisions"}],"predecessor-version":[{"id":10042,"href":"https:\/\/zojopackaging.com\/fr\/wp-json\/wp\/v2\/product\/10033\/revisions\/10042"}],"wp:featuredmedia":[{"embeddable":true,"href":"https:\/\/zojopackaging.com\/fr\/wp-json\/wp\/v2\/media\/10040"}],"wp:attachment":[{"href":"https:\/\/zojopackaging.com\/fr\/wp-json\/wp\/v2\/media?parent=10033"}],"wp:term":[{"taxonomy":"product_brand","embeddable":true,"href":"https:\/\/zojopackaging.com\/fr\/wp-json\/wp\/v2\/product_brand?post=10033"},{"taxonomy":"product_cat","embeddable":true,"href":"https:\/\/zojopackaging.com\/fr\/wp-json\/wp\/v2\/product_cat?post=10033"},{"taxonomy":"product_tag","embeddable":true,"href":"https:\/\/zojopackaging.com\/fr\/wp-json\/wp\/v2\/product_tag?post=10033"}],"curies":[{"name":"wp","href":"https:\/\/api.w.org\/{rel}","templated":true}]}}