{"id":10043,"date":"2025-04-04T15:25:32","date_gmt":"2025-04-04T07:25:32","guid":{"rendered":"https:\/\/zojopackaging.com\/?post_type=product&#038;p=10043"},"modified":"2025-04-04T15:34:29","modified_gmt":"2025-04-04T07:34:29","slug":"jade-roller-stone-mailing-face-roller-and-guasha-set-box","status":"publish","type":"product","link":"https:\/\/zojopackaging.com\/fr\/product\/jade-roller-stone-mailing-face-roller-and-guasha-set-box\/","title":{"rendered":"Jade Roller Stone Mailing Face Roller And Guasha Set Box"},"content":{"rendered":"<h2 id=\"jade-roller-gua-sha-gift-box-product-description\">Jade Roller Stone Mailing Face Roller And Guasha Set Box<\/h2>\n<h2 id=\"-1-environmentally-friendly-materials-and-high-end-craftsmanship-\"><strong>1. Des mat\u00e9riaux respectueux de l'environnement et un savoir-faire haut de gamme<\/strong><\/h2>\n<p>Ce coffret cadeau extractible est fabriqu\u00e9 en\u00a0<strong>Papier couch\u00e9 157g<\/strong>\u00a0et\u00a0<strong>Carton gris blanc simple face 1200g<\/strong>La surface du papier couch\u00e9 est lisse et d\u00e9licate, adapt\u00e9e \u00e0 une impression de haute pr\u00e9cision. La surface du papier couch\u00e9 est lisse et d\u00e9licate, adapt\u00e9e \u00e0 une impression de haute pr\u00e9cision, et la structure rigide du carton gris permet de prot\u00e9ger efficacement les produits internes contre les dommages dus au transport. Le corps de la bo\u00eete supporte\u00a0<strong>gaufrage, gaufrage, marquage \u00e0 chaud, vernis UV<\/strong>\u00a0et d'autres traitements. Par exemple, l'estampage \u00e0 chaud peut ajouter une texture m\u00e9tallique et un effet tridimensionnel au logo de la marque, et le vernissage UV peut am\u00e9liorer la r\u00e9sistance \u00e0 l'usure et la brillance.<\/p>\n<h2 id=\"-2-simple-design-and-blank-art-\"><strong>2. Design simple et art vierge<\/strong><\/h2>\n<p>La doublure de la bo\u00eete cadeau est faite de\u00a0<strong>blanc pur, mat\u00e9riau respectueux de l'environnement<\/strong>qui fait \u00e9cho \u00e0 la tonalit\u00e9 simple de l'ext\u00e9rieur, et transmet la conception esth\u00e9tique orientale par le biais de l'architecture et de la d\u00e9coration de la maison.\u00a0<strong>conception de l'impression en blanc<\/strong>. Ce design met non seulement en valeur la texture noble du jade naturel du produit, mais cr\u00e9e \u00e9galement une exp\u00e9rience immersive de d\u00e9ballage pour les consommateurs, stimulant la r\u00e9sonance \u00e9motionnelle avec la culture de la marque.<\/p>\n<h2 id=\"-3-deep-customization-and-brand-empowerment-\"><strong>3. Personnalisation pouss\u00e9e et autonomisation de la marque<\/strong><\/h2>\n<p>Prise en charge de la personnalisation de l'ensemble du processus :<\/p>\n<ul>\n<li><strong>Conception visuelle<\/strong>: Images, texte et couleurs de marque personnalisables pour r\u00e9pondre aux diff\u00e9rents positionnements du march\u00e9 (simplicit\u00e9 moderne ou \u00e9l\u00e9gance \u00e0 la chinoise, par exemple).<\/li>\n<li><strong>Extension de la fonction<\/strong>: Fournir\u00a0<strong>plusieurs sp\u00e9cifications et tailles<\/strong>\u00a0(comme l'ensemble rouleau + planche \u00e0 gratter ou la combinaison avec le flacon de rouleau) pour r\u00e9pondre aux besoins des outils de beaut\u00e9, des cadeaux d'affaires, des cadeaux de vacances et d'autres sc\u00e9narios.<\/li>\n<li><strong>Combinaison artisanale<\/strong>: Par exemple, le logo estamp\u00e9 \u00e0 chaud est assorti \u00e0 la texture de jade gaufr\u00e9e pour renforcer l'ad\u00e9quation du produit avec les mat\u00e9riaux naturels.<\/li>\n<\/ul>\n<h2 id=\"-4-high-end-retail-experience-\"><strong>4. Une exp\u00e9rience de vente au d\u00e9tail haut de gamme<\/strong><\/h2>\n<p>La conception de l'ouverture de la bo\u00eete \u00e0 glissi\u00e8re donne au produit une apparence de \"bo\u00eete \u00e0 glissi\u00e8re\".\u00a0<strong>sens du rituel et de la dignit\u00e9<\/strong>qui r\u00e9pond aux besoins d'emballage des produits de luxe, du commerce \u00e9lectronique haut de gamme et des services d'abonnement. Le rouleau de jade, la planche \u00e0 gratter et le manuel d'instructions peuvent \u00eatre pr\u00e9sent\u00e9s en plusieurs couches dans la bo\u00eete, avec des rubans ou des cartes personnalis\u00e9es afin d'accro\u00eetre la surprise des clients au moment du d\u00e9ballage.<\/p>\n<h2 id=\"-5-production-strength-and-quality-assurance-\"><strong>5. Force de production et assurance de la qualit\u00e9<\/strong><\/h2>\n<p>S'appuyer sur\u00a0<strong>5320 m\u00e8tres carr\u00e9s d'ateliers modernes<\/strong>\u00a0et un syst\u00e8me de qualit\u00e9 strict, garantissent l'ex\u00e9cution pr\u00e9cise de chaque lien :<\/p>\n<ul>\n<li><strong>Contr\u00f4le des mati\u00e8res premi\u00e8res<\/strong>: S\u00e9lectionnez du papier \u00e9cologique certifi\u00e9 FSC, conform\u00e9ment aux normes d'exportation transfrontali\u00e8re.<\/li>\n<li><strong>Norme de processus<\/strong>: Certification ISO9001 de gestion de la qualit\u00e9 pour garantir un marquage \u00e0 chaud, des UV et d'autres processus sans faille.<\/li>\n<li><strong>Efficacit\u00e9 des livraisons<\/strong>: Prise en charge de la production d'essais en petits lots et de la personnalisation de lots importants, livraison rapide sous 7 \u00e0 15 jours, couverture des besoins logistiques mondiaux.<\/li>\n<\/ul>\n<h2 id=\"-6-application-scenarios-and-market-adaptability-\"><strong>6. Sc\u00e9narios d'application et adaptabilit\u00e9 au march\u00e9<\/strong><\/h2>\n<ul>\n<li><strong>Industrie de la beaut\u00e9<\/strong>: En tant que set d'outils de beaut\u00e9 en jade naturel, il met en avant des arguments de vente tels que \"La poudre de cristal favorise la circulation sanguine\" et \"Le grattage d\u00e9toxifie et embellit\".<\/li>\n<li><strong>March\u00e9 des cadeaux<\/strong>: Convient pour les festivals, les cadeaux d'affaires et les cadeaux de bien-\u00eatre, et peut \u00eatre personnalis\u00e9 avec des logos d'entreprise et des b\u00e9n\u00e9dictions.<\/li>\n<li><strong>Commerce \u00e9lectronique transfrontalier<\/strong>: R\u00e9pondent aux exigences d'Amazon, des stations ind\u00e9pendantes et d'autres plateformes en mati\u00e8re de beaut\u00e9 et de praticit\u00e9 de l'emballage.<\/li>\n<\/ul>\n<h2 id=\"-7-service-commitment-\"><strong>7. Engagement de service<\/strong><\/h2>\n<p>De la conception \u00e0 la livraison, nous proposons des solutions globales :<\/p>\n<ul>\n<li><strong>\u00c9preuve gratuite<\/strong>: Des \u00e9chantillons physiques seront fournis dans un d\u00e9lai de 3 \u00e0 5 jours ouvrables, et la production sera lanc\u00e9e apr\u00e8s confirmation des d\u00e9tails.<\/li>\n<li><strong>Logistique mondiale<\/strong>: Prise en charge de plusieurs canaux, tels que DHL et le transport maritime, et fourniture de documents de d\u00e9claration en douane pour l'exportation.<\/li>\n<li><strong>Support apr\u00e8s-vente<\/strong>: Refaire ou rembourser sans condition en cas de probl\u00e8mes de qualit\u00e9 afin de prot\u00e9ger les droits des clients.<\/li>\n<\/ul>\n<p><strong>Nous contacter<\/strong>: B\u00e9n\u00e9ficiez imm\u00e9diatement de solutions d'emballage exclusives, afin que vos produits de beaut\u00e9 en jade puissent atteindre les consommateurs du monde entier de mani\u00e8re \u00e9blouissante !<\/p>","protected":false},"excerpt":{"rendered":"<ul>\n<li><strong>Autonomisation culturelle<\/strong>: Incorporer des \u00e9l\u00e9ments culturels traditionnels tels que la \"beaut\u00e9 du jade\" et la \"m\u00e9decine chinoise Gua Sha\" pour am\u00e9liorer l'histoire du produit.<\/li>\n<li><strong>Optimisation des co\u00fbts<\/strong>: Grande quantit\u00e9 et bon prix, quantit\u00e9 minimale de commande de 500 jeux, possibilit\u00e9 de personnalisation de lots mixtes.<\/li>\n<li><strong>Durabilit\u00e9<\/strong>: Utiliser des mat\u00e9riaux d\u00e9gradables pour r\u00e9pondre \u00e0 la tendance \u00e0 la protection de l'environnement des march\u00e9s europ\u00e9ens et am\u00e9ricains.<\/li>\n<\/ul>","protected":false},"featured_media":10047,"template":"","meta":[],"product_brand":[],"product_cat":[30,390,31,426],"product_tag":[1327,1328,1329],"class_list":{"0":"post-10043","1":"product","2":"type-product","3":"status-publish","4":"has-post-thumbnail","6":"product_cat-by-industry","7":"product_cat-custom-cosmetics-boxes","8":"product_cat-paper-box-style","9":"product_cat-paper-drawer-boxes","10":"product_tag-jade-roller-set-box","11":"product_tag-jade-stone-roller-box","12":"product_tag-roller-and-guasha-set-box","14":"first","15":"instock","16":"shipping-taxable","17":"product-type-grouped"},"_links":{"self":[{"href":"https:\/\/zojopackaging.com\/fr\/wp-json\/wp\/v2\/product\/10043","targetHints":{"allow":["GET"]}}],"collection":[{"href":"https:\/\/zojopackaging.com\/fr\/wp-json\/wp\/v2\/product"}],"about":[{"href":"https:\/\/zojopackaging.com\/fr\/wp-json\/wp\/v2\/types\/product"}],"version-history":[{"count":1,"href":"https:\/\/zojopackaging.com\/fr\/wp-json\/wp\/v2\/product\/10043\/revisions"}],"predecessor-version":[{"id":10050,"href":"https:\/\/zojopackaging.com\/fr\/wp-json\/wp\/v2\/product\/10043\/revisions\/10050"}],"wp:featuredmedia":[{"embeddable":true,"href":"https:\/\/zojopackaging.com\/fr\/wp-json\/wp\/v2\/media\/10047"}],"wp:attachment":[{"href":"https:\/\/zojopackaging.com\/fr\/wp-json\/wp\/v2\/media?parent=10043"}],"wp:term":[{"taxonomy":"product_brand","embeddable":true,"href":"https:\/\/zojopackaging.com\/fr\/wp-json\/wp\/v2\/product_brand?post=10043"},{"taxonomy":"product_cat","embeddable":true,"href":"https:\/\/zojopackaging.com\/fr\/wp-json\/wp\/v2\/product_cat?post=10043"},{"taxonomy":"product_tag","embeddable":true,"href":"https:\/\/zojopackaging.com\/fr\/wp-json\/wp\/v2\/product_tag?post=10043"}],"curies":[{"name":"wp","href":"https:\/\/api.w.org\/{rel}","templated":true}]}}