{"id":10051,"date":"2025-04-04T15:34:43","date_gmt":"2025-04-04T07:34:43","guid":{"rendered":"https:\/\/zojopackaging.com\/?post_type=product&#038;p=10051"},"modified":"2025-04-04T16:01:30","modified_gmt":"2025-04-04T08:01:30","slug":"rainbow-a5-deep-holographic-magnetic-collapsible-shiny-box","status":"publish","type":"product","link":"https:\/\/zojopackaging.com\/fr\/product\/rainbow-a5-deep-holographic-magnetic-collapsible-shiny-box\/","title":{"rendered":"Bo\u00eete magn\u00e9tique pliante et brillante arc-en-ciel A5 holographique profond"},"content":{"rendered":"<h2 id=\"-1-minimalist-dynamic-aesthetics-visual-narrative-of-holographic-iridescent-purple-\"><strong>1. Esth\u00e9tique dynamique minimaliste : r\u00e9cit visuel d'un violet iris\u00e9 holographique<\/strong><\/h2>\n<p>Sur la base de\u00a0<strong>technologie de rev\u00eatement \u00e0 l'\u00e9chelle nanom\u00e9trique<\/strong>, le\u00a0<strong>rev\u00eatement d'interf\u00e9rence multicouche<\/strong>\u00a0comprime le spectre des couleurs de l'arc-en-ciel pour former un ton principal unique de \"violet iris\u00e9\". Sous l'effet de la lumi\u00e8re, la surface pr\u00e9sente un \u00e9clat holographique dynamique qui passe progressivement du violet fonc\u00e9 au bleu-vert, simulant ainsi l'effet de flux des aurores. Le corps de la bo\u00eete adopte\u00a0<strong>technologie de marquage \u00e0 froid par laser<\/strong>Il s'agit d'une collection d'une grande qualit\u00e9, qui int\u00e8gre des textures de micro sculpture dans des lignes minimalistes. Lorsqu'il est statique, il est aussi profond qu'une am\u00e9thyste, et sous l'effet dynamique de la lumi\u00e8re et de l'ombre, il pr\u00e9sente un halo \u00e0 plusieurs niveaux, ce qui correspond au myst\u00e8re et \u00e0 l'expression interactive des marques haut de gamme.<\/p>\n<h2 id=\"-2-highly-customized-full-dimensional-adaptation-solution-\"><strong>2. Hautement personnalis\u00e9 : solution d'adaptation compl\u00e8te<\/strong><\/h2>\n<ul>\n<li><strong>Type et taille de la bo\u00eete<\/strong>: Prise en charge du format standard A5 (148\u00d7210 mm) et de la personnalisation non standard, \u00e9paisseur r\u00e9glable de 0,5 \u00e0 5 mm ;<\/li>\n<li><strong>S\u00e9lection des mat\u00e9riaux<\/strong>: Fournir du BOPET (respectueux de l'environnement et recyclable), du PVC mat\/brillant, du film composite m\u00e9tallique et d'autres options ;<\/li>\n<li><strong>Technologie de surface<\/strong>: Compatible avec le marquage \u00e0 chaud holographique, le gaufrage de films en nuage 3D, le codage laser anti-contrefa\u00e7on, etc.\u00a0<strong>microtexte gravure h\u00e9liogravure<\/strong>\u00a0de Moutai pour renforcer la lutte contre la contrefa\u00e7on ;<\/li>\n<li><strong>Syst\u00e8me de couleurs<\/strong>: En plus de l'ultraviolet iris\u00e9, il prend en charge la correspondance des couleurs d'accompagnement Pantone et permet d'obtenir une texture m\u00e9tallique ou un effet de gradient gr\u00e2ce \u00e0\u00a0<strong>rev\u00eatement par pulv\u00e9risation magn\u00e9tron<\/strong>.<\/li>\n<\/ul>\n<h2 id=\"-3-smart-manufacturing-service-16-years-of-one-stop-solution-\"><strong>3. Service de fabrication intelligent : 16 ans de solution unique<\/strong><\/h2>\n<p>S'appuyer sur\u00a0<strong>16 ans d'exp\u00e9rience dans la personnalisation des emballages<\/strong>Nous fournissons des services complets, de la conception \u00e0 la livraison de la production de masse :<\/p>\n<ul>\n<li><strong>Soutien \u00e0 la conception<\/strong>: Combinant la mod\u00e9lisation par IA et l'\u00e9preuvage manuel, nous produisons des rendus 3D et des bo\u00eetes d'\u00e9chantillons physiques dans les 72 heures ;<\/li>\n<li><strong>Garantie de production<\/strong>: L'adoption d'une machine de d\u00e9coupe enti\u00e8rement automatique et d'une ligne d'assemblage \u00e0 positionnement magn\u00e9tique permet d'atteindre une pr\u00e9cision de \u00b10,1 mm ;<\/li>\n<li><strong>Optimisation de la logistique<\/strong>: La solution d'emballage pliant augmente la capacit\u00e9 de transport d'un seul v\u00e9hicule de 300%.<\/li>\n<\/ul>\n<h2 id=\"-technical-parameters-\"><strong>Param\u00e8tres techniques<\/strong><\/h2>\n<table>\n<thead>\n<tr>\n<th>Projet<\/th>\n<th>Param\u00e8tres<\/th>\n<\/tr>\n<\/thead>\n<tbody>\n<tr>\n<td>Force magn\u00e9tique<\/td>\n<td>3-5N (8N personnalisable de qualit\u00e9 militaire)<\/td>\n<\/tr>\n<tr>\n<td>Plier la vie<\/td>\n<td>\u2265200 fois (test ASTM D4169)<\/td>\n<\/tr>\n<tr>\n<td>Certification environnementale<\/td>\n<td>Certification RoHS\/REACH\/FSC<\/td>\n<\/tr>\n<\/tbody>\n<\/table>\n<p>Cette bo\u00eete d'emballage red\u00e9finit la forme et les limites fonctionnelles de l'emballage haut de gamme gr\u00e2ce au concept de la bo\u00eete d'emballage.\u00a0<strong>la technologie au service de l'esth\u00e9tique<\/strong>. Il ne s'agit pas seulement d'un contenant de produit, mais aussi d'un support artistique de la narration de la marque.<\/p>","protected":false},"excerpt":{"rendered":"<p>1. Cette bo\u00eete d'emballage est centr\u00e9e sur une esth\u00e9tique minimaliste, pr\u00e9sentant une narration visuelle du contenant arc-en-ciel brillant, de statique \u00e0 dynamique, d'unique \u00e0 interactif.<br \/>\n2. Le spectre des couleurs de l'arc-en-ciel est comprim\u00e9 dans le ton violet principal gr\u00e2ce \u00e0 une technologie de rev\u00eatement de niveau nanom\u00e9trique, formant un ph\u00e9nom\u00e8ne unique de \"violet iris\u00e9\", qui convient parfaitement aux bo\u00eetes d'emballage des produits haut de gamme.<br \/>\n3. Le type de bo\u00eete, la taille, la couleur, le mat\u00e9riau et l'impression de surface peuvent \u00eatre hautement personnalis\u00e9s pour s'adapter \u00e0 votre emballage pliable magn\u00e9tique holographique profond A5 arc-en-ciel.<br \/>\n4. 16 ans de service de personnalisation de l'emballage, sp\u00e9cialis\u00e9 dans la conception et l'exploitation de la production, de la conception \u00e0 la production et au transport, un service unique est offert !<\/p>","protected":false},"featured_media":10053,"template":"","meta":[],"product_brand":[],"product_cat":[30,390,31,426],"product_tag":[1327,1328,1329],"class_list":{"0":"post-10051","1":"product","2":"type-product","3":"status-publish","4":"has-post-thumbnail","6":"product_cat-by-industry","7":"product_cat-custom-cosmetics-boxes","8":"product_cat-paper-box-style","9":"product_cat-paper-drawer-boxes","10":"product_tag-jade-roller-set-box","11":"product_tag-jade-stone-roller-box","12":"product_tag-roller-and-guasha-set-box","14":"first","15":"instock","16":"shipping-taxable","17":"product-type-grouped"},"_links":{"self":[{"href":"https:\/\/zojopackaging.com\/fr\/wp-json\/wp\/v2\/product\/10051","targetHints":{"allow":["GET"]}}],"collection":[{"href":"https:\/\/zojopackaging.com\/fr\/wp-json\/wp\/v2\/product"}],"about":[{"href":"https:\/\/zojopackaging.com\/fr\/wp-json\/wp\/v2\/types\/product"}],"version-history":[{"count":1,"href":"https:\/\/zojopackaging.com\/fr\/wp-json\/wp\/v2\/product\/10051\/revisions"}],"predecessor-version":[{"id":10065,"href":"https:\/\/zojopackaging.com\/fr\/wp-json\/wp\/v2\/product\/10051\/revisions\/10065"}],"wp:featuredmedia":[{"embeddable":true,"href":"https:\/\/zojopackaging.com\/fr\/wp-json\/wp\/v2\/media\/10053"}],"wp:attachment":[{"href":"https:\/\/zojopackaging.com\/fr\/wp-json\/wp\/v2\/media?parent=10051"}],"wp:term":[{"taxonomy":"product_brand","embeddable":true,"href":"https:\/\/zojopackaging.com\/fr\/wp-json\/wp\/v2\/product_brand?post=10051"},{"taxonomy":"product_cat","embeddable":true,"href":"https:\/\/zojopackaging.com\/fr\/wp-json\/wp\/v2\/product_cat?post=10051"},{"taxonomy":"product_tag","embeddable":true,"href":"https:\/\/zojopackaging.com\/fr\/wp-json\/wp\/v2\/product_tag?post=10051"}],"curies":[{"name":"wp","href":"https:\/\/api.w.org\/{rel}","templated":true}]}}