{"id":10066,"date":"2025-04-04T16:02:38","date_gmt":"2025-04-04T08:02:38","guid":{"rendered":"https:\/\/zojopackaging.com\/?post_type=product&#038;p=10066"},"modified":"2025-04-04T16:47:10","modified_gmt":"2025-04-04T08:47:10","slug":"custom-perfume-packaging-kraft-paper-tubes-boxes-wholesale","status":"publish","type":"product","link":"https:\/\/zojopackaging.com\/fr\/product\/custom-perfume-packaging-kraft-paper-tubes-boxes-wholesale\/","title":{"rendered":"Emballage de parfum sur mesure Tubes en papier kraft Bo\u00eetes en gros"},"content":{"rendered":"<h2 id=\"-customized-perfume-packaging-kraft-paper-tube-box-wholesale-products-\"><strong>Emballage de parfum personnalis\u00e9 Bo\u00eete en papier kraft pour tubes Produits en gros<\/strong><\/h2>\n<h2 id=\"1-multi-functional-applicability-\">1.\u00a0<strong>Applicabilit\u00e9 multifonctionnelle<\/strong><\/h2>\n<ul>\n<li>Adapt\u00e9 aux parfums, bougies, grains de caf\u00e9, th\u00e9, produits de soins de la peau et autres emballages de produits diversifi\u00e9s, l'espace int\u00e9rieur peut \u00eatre personnalis\u00e9 en profondeur et en diam\u00e8tre pour s'adapter aux diff\u00e9rentes tailles de produits.<\/li>\n<\/ul>\n<h2 id=\"2-flexible-customization-service-\">2.\u00a0<strong>Service de personnalisation flexible<\/strong><\/h2>\n<ul>\n<li>Fournir un soutien complet du processus, de l'\u00e9preuvage d'une seule pi\u00e8ce \u00e0 la production de masse, sans limite de quantit\u00e9, afin de r\u00e9pondre aux besoins des marques en d\u00e9marrage comme des grandes entreprises.<\/li>\n<li>Elle prend en charge la personnalisation des images, des textes et des couleurs, fournit un aper\u00e7u de la conception en 3D et une confirmation de l'\u00e9chantillon physique afin de s'assurer que le produit fini est conforme aux attentes.<\/li>\n<\/ul>\n<h2 id=\"-production-process-and-quality-assurance-\"><strong>Processus de production et assurance qualit\u00e9<\/strong><\/h2>\n<ul>\n<li><strong>Syst\u00e8me strict de contr\u00f4le de la qualit\u00e9<\/strong>: L'usine dispose d'un atelier normalis\u00e9 de 5 320 m\u00e8tres carr\u00e9s \u00e9quip\u00e9 d'une ligne de production enti\u00e8rement automatique. Du tri des mat\u00e9riaux \u00e0 l'emballage des produits finis, elle a obtenu la certification de qualit\u00e9 ISO afin de garantir l'absence de d\u00e9fauts \u00e0 tous les niveaux.<\/li>\n<li><strong>Service \u00e0 guichet unique<\/strong>: L'\u00e9quipe, forte de 16 ans d'exp\u00e9rience dans l'industrie, fournit une assistance compl\u00e8te pour la conception, la production et la logistique. Le service client\u00e8le r\u00e9pond 7 jours sur 7 et 24 heures sur 24, et r\u00e9pond \u00e0 divers besoins, de l'optimisation des dessins au suivi du transport.<\/li>\n<\/ul>\n<h2 id=\"-application-scenarios-\"><strong>Sc\u00e9narios d'application<\/strong><\/h2>\n<ul>\n<li><strong>Cadeaux d'affaires<\/strong>: coffrets cadeaux de parfums haut de gamme, coffrets de parfums en \u00e9dition limit\u00e9e.<\/li>\n<li><strong>Emballage de vente au d\u00e9tail<\/strong>Les bo\u00eetes de th\u00e9, les bo\u00eetes de conservation des grains de caf\u00e9, les contenants pour les soins de la peau.<\/li>\n<li><strong>Personnalisation de la marque<\/strong>Cadeaux : cadeaux d'entreprise, emballages en \u00e9dition limit\u00e9e pour les f\u00eates de fin d'ann\u00e9e.<\/li>\n<\/ul>\n<h2 id=\"-service-commitment-\"><strong>Engagement de service<\/strong><\/h2>\n<ul>\n<li><strong>Livraison rapide<\/strong>La production de masse sera achev\u00e9e dans les 7 \u00e0 15 jours suivant la confirmation de l'\u00e9chantillon, avec une logistique globale (terre\/air\/mer).<\/li>\n<li><strong>Garantie apr\u00e8s-vente<\/strong>Les services de remplacement des produits endommag\u00e9s et les services de conseil technique \u00e0 vie.<\/li>\n<\/ul>\n<p><strong>Contactez nous<\/strong>\u00a0Commencez d\u00e8s maintenant \u00e0 concevoir des emballages exclusifs et interpr\u00e9tez la valeur de votre marque avec des d\u00e9tails ! Nous proposons des services gratuits de consultation et de devis pour aider vos produits \u00e0 se d\u00e9marquer sur le march\u00e9.<\/p>\n<blockquote><p><em>\"De la conception \u00e0 la livraison, nous faisons de l'emballage le langage de la marque.<\/em><\/p><\/blockquote>","protected":false},"excerpt":{"rendered":"<p>Notre bo\u00eete tubulaire en papier kraft \u00e9cologique et recyclable est con\u00e7ue pour les parfums et les produits parfum\u00e9s haut de gamme. Elle convient \u00e9galement aux besoins d'emballage d'une vari\u00e9t\u00e9 de produits exquis tels que les bougies, les grains de caf\u00e9, le th\u00e9, les cosm\u00e9tiques, etc. Elle est fabriqu\u00e9e en papier kraft brun naturel, avec une surface lisse et d\u00e9licate, qui pr\u00e9sente non seulement une beaut\u00e9 naturelle et simple, mais qui est \u00e9galement conforme au concept moderne de protection de l'environnement. Le design cylindrique standard est assorti d'un couvercle d'\u00e9tanch\u00e9it\u00e9 de la m\u00eame couleur, le bord d'ouverture est plat et l'espace interne est spacieux, ce qui permet d'accueillir une vari\u00e9t\u00e9 de sp\u00e9cifications de produits, assurant \u00e0 la fois l'\u00e9tanch\u00e9it\u00e9 et l'esth\u00e9tique.<\/p>","protected":false},"featured_media":10072,"template":"","meta":[],"product_brand":[],"product_cat":[30,417,31,429],"product_tag":[1334,1058,521],"class_list":{"0":"post-10066","1":"product","2":"type-product","3":"status-publish","4":"has-post-thumbnail","6":"product_cat-by-industry","7":"product_cat-custom-perfume-boxes-by-industry","8":"product_cat-paper-box-style","9":"product_cat-paper-tube-boxes","10":"product_tag-perfume-kraft-packaging","11":"product_tag-perfume-packaging","12":"product_tag-perfume-paper-tubes","14":"first","15":"instock","16":"shipping-taxable","17":"product-type-grouped"},"_links":{"self":[{"href":"https:\/\/zojopackaging.com\/fr\/wp-json\/wp\/v2\/product\/10066","targetHints":{"allow":["GET"]}}],"collection":[{"href":"https:\/\/zojopackaging.com\/fr\/wp-json\/wp\/v2\/product"}],"about":[{"href":"https:\/\/zojopackaging.com\/fr\/wp-json\/wp\/v2\/types\/product"}],"version-history":[{"count":1,"href":"https:\/\/zojopackaging.com\/fr\/wp-json\/wp\/v2\/product\/10066\/revisions"}],"predecessor-version":[{"id":10081,"href":"https:\/\/zojopackaging.com\/fr\/wp-json\/wp\/v2\/product\/10066\/revisions\/10081"}],"wp:featuredmedia":[{"embeddable":true,"href":"https:\/\/zojopackaging.com\/fr\/wp-json\/wp\/v2\/media\/10072"}],"wp:attachment":[{"href":"https:\/\/zojopackaging.com\/fr\/wp-json\/wp\/v2\/media?parent=10066"}],"wp:term":[{"taxonomy":"product_brand","embeddable":true,"href":"https:\/\/zojopackaging.com\/fr\/wp-json\/wp\/v2\/product_brand?post=10066"},{"taxonomy":"product_cat","embeddable":true,"href":"https:\/\/zojopackaging.com\/fr\/wp-json\/wp\/v2\/product_cat?post=10066"},{"taxonomy":"product_tag","embeddable":true,"href":"https:\/\/zojopackaging.com\/fr\/wp-json\/wp\/v2\/product_tag?post=10066"}],"curies":[{"name":"wp","href":"https:\/\/api.w.org\/{rel}","templated":true}]}}