{"id":10073,"date":"2025-04-04T16:21:22","date_gmt":"2025-04-04T08:21:22","guid":{"rendered":"https:\/\/zojopackaging.com\/?post_type=product&#038;p=10073"},"modified":"2025-04-04T16:25:35","modified_gmt":"2025-04-04T08:25:35","slug":"custom-cmyk-printing-folding-cardboard-box-paper-perfume-boxes","status":"publish","type":"product","link":"https:\/\/zojopackaging.com\/fr\/product\/custom-cmyk-printing-folding-cardboard-box-paper-perfume-boxes\/","title":{"rendered":"Bo\u00eete en carton pliante avec impression CMYK sur mesure Bo\u00eete \u00e0 parfum en papier"},"content":{"rendered":"<h3 id=\"-1-structural-innovation-visual-revolution-of-double-insert-box-\"><strong>1. Innovation structurelle : r\u00e9volution visuelle de la bo\u00eete \u00e0 double insertion<\/strong><\/h3>\n<p>La structure de la bo\u00eete \u00e0 double insertion est solide et peut prot\u00e9ger le produit. Elle est facile \u00e0 ouvrir et \u00e0 fermer, et peut \u00eatre ouverte et ferm\u00e9e rapidement en 0,5 seconde. Cette structure permet d'\u00e9taler l'exp\u00e9dition et d'\u00e9conomiser de l'espace, en particulier face \u00e0 l'augmentation du fret logistique international, ce qui permet aux entreprises d'\u00e9conomiser beaucoup d'argent.<\/p>\n<h3 id=\"-2-color-psychology-advanced-expression-of-minimalist-design-\"><strong>2. Psychologie des couleurs : expression avanc\u00e9e du design minimaliste<\/strong><\/h3>\n<p><strong>S\u00e9lection des couleurs<\/strong>: La couleur principale est le blanc nacr\u00e9, le cadre est un orange vibrant et le motif du parfum se trouve au centre pour former un contraste visuel et atteindre une clart\u00e9 visuelle de niveau nanom\u00e9trique gr\u00e2ce \u00e0 une impression de haute pr\u00e9cision de 1200 dpi.<\/p>\n<h3 id=\"-3-process-empowerment-artistic-fusion-of-spot-color-printing-and-surface-treatment-\"><strong>3. Renforcement du processus : fusion artistique de l'impression en tons directs et du traitement de surface<\/strong><\/h3>\n<p>-\u00a0<strong>Impression en tons directs<\/strong>: Utilisation de la presse d'impression Heidelberg \u00e0 six couleurs, diff\u00e9rence de couleur \u0394E\u22641,2, prise en charge de la surimpression des couleurs d'accompagnement Pantone, saturation des couleurs augment\u00e9e de 40% ; -.\u00a0<strong>Processus de marquage \u00e0 chaud<\/strong>: Carte de couleur personnalis\u00e9e or rose\/champagne, brillance m\u00e9tallique jusqu'\u00e0 90GU, r\u00e9sistance \u00e0 l'usure conforme au test ISO 2838\u00a0<strong>Gaufrage gaufrage<\/strong>: Gaufrage de fleurs tridimensionnelles de 0,3 mm, clart\u00e9 tactile augment\u00e9e de 50%, performance anti-contrefa\u00e7on atteignant les normes de certification internationales\u00a0<strong>S\u00e9lection des mat\u00e9riaux<\/strong>: Carte \u00e0 poudre unique de 350 g de poids \u00e9lev\u00e9, rugosit\u00e9 de surface Ra\u22641,2\u03bcm, adaptabilit\u00e9 d'impression am\u00e9lior\u00e9e par 30%.<\/p>\n<h3 id=\"-4-logistics-optimization-cost-reduction-and-efficiency-improvement-through-flat-design-\"><strong>4. Optimisation de la logistique : r\u00e9duction des co\u00fbts et am\u00e9lioration de l'efficacit\u00e9 gr\u00e2ce \u00e0 une conception plate<\/strong><\/h3>\n<p>-\u00a0<strong>Utilisation de l'espace<\/strong>: La conception plate augmente l'efficacit\u00e9 du chargement de 70% et r\u00e9duit les co\u00fbts d'exp\u00e9dition de 25% ; -\u00a0<strong>Certification environnementale<\/strong>: Tous les mat\u00e9riaux sont certifi\u00e9s FSC et sont conformes \u00e0 la r\u00e9glementation REACH de l'Union europ\u00e9enne.\u00a0<strong>Emballages intelligents<\/strong>: La doublure pliable est utilis\u00e9e pour r\u00e9duire le volume de la bo\u00eete vide de 60%, contribuant ainsi \u00e0 atteindre l'objectif de neutralit\u00e9 carbone.<\/p>\n<h3 id=\"-5-functional-design-refined-solution-for-lining-system-\"><strong>5. Conception fonctionnelle : solution affin\u00e9e pour le syst\u00e8me de rev\u00eatement<\/strong><\/h3>\n<p><strong>Structure interne de la carte<\/strong>: Le papier ondul\u00e9 respectueux de l'environnement ou la carte \u00e0 poudre unique peuvent \u00eatre utilis\u00e9s pour r\u00e9aliser des fonctions de fixation et de protection par d\u00e9coupage, pliage, bouclage, etc.<\/p>\n<h3 id=\"-6-smart-manufacturing-cornerstone-hard-core-support-of-16-years-of-industry-experience-\"><strong>6. La pierre angulaire de la fabrication intelligente : le soutien inconditionnel de 16 ann\u00e9es d'exp\u00e9rience dans l'industrie<\/strong><\/h3>\n<p>-\u00a0<strong>Matrice des \u00e9quipements<\/strong>la production de bo\u00eetes de cartes : 5 lignes de production enti\u00e8rement automatis\u00e9es, \u00e9quip\u00e9es d'un syst\u00e8me de contr\u00f4le PLC Schneider, production journali\u00e8re de 100 000 pi\u00e8ces, taux d'erreur &lt;0,1%\u00a0<strong>Syst\u00e8me de contr\u00f4le de la qualit\u00e9<\/strong>: Certification ISO 9001\/BSCI, chaque lot de produits est soumis \u00e0 12 contr\u00f4les de qualit\u00e9 (tests de compression, de d\u00e9formation et de solidit\u00e9 des couleurs).\u00a0<strong>Capacit\u00e9 de production<\/strong>L'entreprise a une capacit\u00e9 de production journali\u00e8re de 200 000 pi\u00e8ces, permettant une production de masse de 500 pi\u00e8ces \u00e0 un million de pi\u00e8ces, et les commandes urgentes sont livr\u00e9es dans les 24 heures.<\/p>\n<h3 id=\"-7-design-empowerment-precise-transformation-from-demand-to-implementation-\"><strong>7. Autonomisation en mati\u00e8re de conception : transformation pr\u00e9cise de la demande \u00e0 la mise en \u0153uvre<\/strong><\/h3>\n<p>Une \u00e9quipe sp\u00e9ciale de 3 designers avec plus de 10 ans d'exp\u00e9rience fournit trois principaux services personnalis\u00e9s : -\u00a0<strong>Innovation structurelle<\/strong>: d\u00e9velopper 12 types de bo\u00eetes brevet\u00e9es (telles que des couches rotatives, des serrures magn\u00e9tiques \u00e0 mot de passe), compatibles avec le placement de produits de forme sp\u00e9ciale ; - d\u00e9velopper des bo\u00eetes de forme sp\u00e9ciale, compatibles avec le placement de produits de forme sp\u00e9ciale.\u00a0<strong>Optimisation interactive<\/strong>: Int\u00e9grer une puce NFC (en option), scanner le code pour obtenir des informations sur la tra\u00e7abilit\u00e9 du produit et des tutoriels sur la beaut\u00e9 ; -\u00a0<strong>It\u00e9ration rapide<\/strong>: Pr\u00e9visualisation en temps r\u00e9el de la mod\u00e9lisation 3D et confirmation compl\u00e8te du plan de conception dans les 8 heures.<\/p>","protected":false},"excerpt":{"rendered":"<p><strong>ZOJO Print | Sp\u00e9cialiste des bo\u00eetes en papier personnalis\u00e9es pour parfums - la conception, l'interpr\u00e9tation de la nouvelle esth\u00e9tique des parfums<\/strong><\/p>\n<p>\u00c0 l'heure o\u00f9 la concurrence sur le march\u00e9 des parfums devient de plus en plus f\u00e9roce, l'emballage n'est pas seulement un contenant pour le produit, mais aussi un moyen de cr\u00e9er un lien \u00e9motionnel entre les marques et les consommateurs. ZOJO Print est profond\u00e9ment impliqu\u00e9 dans le domaine de l'emballage depuis 16 ans et se concentre sur la fourniture de solutions de bo\u00eetes en papier pour les parfums et les produits de beaut\u00e9 qui allient fonctionnalit\u00e9, valeur esth\u00e9tique et comp\u00e9titivit\u00e9 commerciale.<\/p>","protected":false},"featured_media":10076,"template":"","meta":[],"product_brand":[],"product_cat":[30,417,430,31],"product_tag":[1333,1332,336],"class_list":{"0":"post-10073","1":"product","2":"type-product","3":"status-publish","4":"has-post-thumbnail","6":"product_cat-by-industry","7":"product_cat-custom-perfume-boxes-by-industry","8":"product_cat-folding-cartons","9":"product_cat-paper-box-style","10":"product_tag-cmyk-printing-folding-cardboard-box","11":"product_tag-custom-folding-cardboard-box","12":"product_tag-perfume-boxes","14":"first","15":"instock","16":"shipping-taxable","17":"product-type-grouped"},"_links":{"self":[{"href":"https:\/\/zojopackaging.com\/fr\/wp-json\/wp\/v2\/product\/10073","targetHints":{"allow":["GET"]}}],"collection":[{"href":"https:\/\/zojopackaging.com\/fr\/wp-json\/wp\/v2\/product"}],"about":[{"href":"https:\/\/zojopackaging.com\/fr\/wp-json\/wp\/v2\/types\/product"}],"version-history":[{"count":1,"href":"https:\/\/zojopackaging.com\/fr\/wp-json\/wp\/v2\/product\/10073\/revisions"}],"predecessor-version":[{"id":10080,"href":"https:\/\/zojopackaging.com\/fr\/wp-json\/wp\/v2\/product\/10073\/revisions\/10080"}],"wp:featuredmedia":[{"embeddable":true,"href":"https:\/\/zojopackaging.com\/fr\/wp-json\/wp\/v2\/media\/10076"}],"wp:attachment":[{"href":"https:\/\/zojopackaging.com\/fr\/wp-json\/wp\/v2\/media?parent=10073"}],"wp:term":[{"taxonomy":"product_brand","embeddable":true,"href":"https:\/\/zojopackaging.com\/fr\/wp-json\/wp\/v2\/product_brand?post=10073"},{"taxonomy":"product_cat","embeddable":true,"href":"https:\/\/zojopackaging.com\/fr\/wp-json\/wp\/v2\/product_cat?post=10073"},{"taxonomy":"product_tag","embeddable":true,"href":"https:\/\/zojopackaging.com\/fr\/wp-json\/wp\/v2\/product_tag?post=10073"}],"curies":[{"name":"wp","href":"https:\/\/api.w.org\/{rel}","templated":true}]}}