{"id":10082,"date":"2025-04-04T16:35:34","date_gmt":"2025-04-04T08:35:34","guid":{"rendered":"https:\/\/zojopackaging.com\/?post_type=product&#038;p=10082"},"modified":"2025-04-04T16:58:22","modified_gmt":"2025-04-04T08:58:22","slug":"premium-quality-high-quality-custom-soap-boxes-manufacturer","status":"publish","type":"product","link":"https:\/\/zojopackaging.com\/fr\/product\/premium-quality-high-quality-custom-soap-boxes-manufacturer\/","title":{"rendered":"Fabricant de bo\u00eetes \u00e0 savon personnalis\u00e9es de qualit\u00e9 sup\u00e9rieure"},"content":{"rendered":"<h2 id=\"-high-quality-custom-soap-box-manufacturer-product-description-\"><strong>Description des produits du fabricant de bo\u00eetes \u00e0 savon personnalis\u00e9es de haute qualit\u00e9<\/strong><\/h2>\n<p>En tant que fabricant ayant 16 ans d'exp\u00e9rience dans la conception et la production d'emballages professionnels, nous nous engageons \u00e0 fournir \u00e0 nos clients des bo\u00eetes \u00e0 savon personnalis\u00e9es qui allient fonctionnalit\u00e9, valeur esth\u00e9tique et protection de l'environnement. Gr\u00e2ce \u00e0 un atelier de production moderne de 5 320 m\u00e8tres carr\u00e9s et \u00e0 un syst\u00e8me strict de gestion de la qualit\u00e9, nous nous assurons que chaque produit r\u00e9pond aux normes les plus strictes de l'industrie. Voici les principaux avantages de nos produits et les points forts de nos services :<\/p>\n<h2 id=\"-1-corrugated-paper-material-scientific-buffering-protecting-product-safety-\"><strong>1. Papier ondul\u00e9 : tampon scientifique, protection de la s\u00e9curit\u00e9 du produit<\/strong><\/h2>\n<p>Adoptant une structure de carton ondul\u00e9 multicouche, la bo\u00eete d'emballage est dot\u00e9e d'une excellente r\u00e9sistance \u00e0 la compression et d'une excellente absorption des chocs gr\u00e2ce au processus composite de l'intercalaire en papier ondul\u00e9 et du carton plat. Sa structure en nid d'abeille peut disperser efficacement la pression externe pendant le transport, emp\u00eacher le savon d'\u00eatre endommag\u00e9 par l'extrusion, les collisions ou les vibrations, et garantir que le produit est toujours intact de l'usine jusqu'aux mains des consommateurs.<\/p>\n<h2 id=\"-2-folding-mailer-box-efficient-packaging-convenient-and-environmentally-friendly-\"><strong>2. Bo\u00eete postale pliante : Emballage efficace, pratique et respectueux de l'environnement<\/strong><\/h2>\n<p>La conception innovante du pliage simplifie le processus d'emballage, et l'emballage et le d\u00e9montage peuvent \u00eatre r\u00e9alis\u00e9s rapidement sans colle ni outils complexes. Le corps de la bo\u00eete adopte le processus de pr\u00e9indentation, en tenant compte de la pr\u00e9cision et de la stabilit\u00e9 du moulage, et en s'adaptant aux exigences de production de masse de la ligne de production automatis\u00e9e. La conception structurelle l\u00e9g\u00e8re r\u00e9duit les co\u00fbts logistiques, et la bo\u00eete vide peut \u00eatre comprim\u00e9e pour le stockage, ce qui r\u00e9duit l'espace de stockage occup\u00e9.<\/p>\n<h2 id=\"-three-soothing-pink-tone-psychological-empowerment-conveying-brand-temperature-\"><strong>3. Tonalit\u00e9 rose apaisante : renforcement psychologique, transmission de la temp\u00e9rature de la marque<\/strong><\/h2>\n<p>Le corps de la bo\u00eete est principalement rose tendre, inspir\u00e9 par l'\"effet \u00e9l\u00e9phant rose\" psychologique - les rep\u00e8res visuels soulagent l'anxi\u00e9t\u00e9 et stimulent les attitudes positives. Des \u00e9tudes ont montr\u00e9 que le rose peut cr\u00e9er une atmosph\u00e8re chaleureuse et paisible, accro\u00eetre le plaisir des consommateurs lors du d\u00e9ballage et aider les marques \u00e0 \u00e9tablir des liens \u00e9motionnels.<\/p>\n<h2 id=\"-four-double-sided-printing-process-double-exposure-strengthen-brand-memory-\"><strong>4. Processus d'impression recto-verso : double exposition, renforcement de la m\u00e9moire de la marque<\/strong><\/h2>\n<p>La technologie d'impression recto-verso haute d\u00e9finition permet d'imprimer des logos en couleur, des informations sur les produits et des motifs personnalis\u00e9s. La texture est am\u00e9lior\u00e9e gr\u00e2ce \u00e0 l'estampage \u00e0 chaud, au gla\u00e7age local UV et \u00e0 d'autres proc\u00e9d\u00e9s pour garantir que les \u00e9l\u00e9ments visuels de la marque attirent toujours l'attention lors de la mise en rayon et du transport. Par exemple, le recto peut afficher l'argument de vente du produit et le verso peut imprimer des instructions ou des d\u00e9clarations de protection de l'environnement afin d'am\u00e9liorer \u00e0 la fois la fonction et l'esth\u00e9tique.<\/p>\n<h2 id=\"-v-in-depth-customization-service-flexible-adaptation-exclusive-brand-style-\"><strong>5. Service de personnalisation approfondie : adaptation flexible, style de marque exclusif<\/strong><\/h2>\n<p>Nous proposons des options de personnalisation compl\u00e8tes :<\/p>\n<ul>\n<li><strong>S\u00e9lection du style<\/strong>Les th\u00e8mes suivants sont disponibles : minimalisme moderne, tendance nationale r\u00e9tro, business light luxury et autres ;<\/li>\n<li><strong>Adaptation des sp\u00e9cifications<\/strong>Les produits de la cat\u00e9gorie \"Autres\" sont compatibles avec une grande vari\u00e9t\u00e9 de tailles, de types de bo\u00eetes (comme les couvercles sup\u00e9rieurs et inf\u00e9rieurs, les bo\u00eetes \u00e0 tiroirs) et de conceptions de fen\u00eatres ;<\/li>\n<li><strong>\u00c9l\u00e9ments personnalis\u00e9s<\/strong>Le site Internet de la Commission europ\u00e9enne est un outil d'aide \u00e0 la d\u00e9cision : combinaison libre d'images, de textes, de couleurs et m\u00eame de structures interactives (telles que des coffrets cadeaux \u00e0 \u00e9nigmes) ;<\/li>\n<li><strong>Am\u00e9lioration de l'environnement<\/strong>Les mat\u00e9riaux \u00e9cologiques en option, tels que la p\u00e2te de bagasse et les encres d\u00e9gradables, sont conformes au concept ESG.<\/li>\n<\/ul>\n<h2 id=\"-six-one-stop-service-worry-free-from-design-to-delivery-\"><strong>6. Service \u00e0 guichet unique : de la conception \u00e0 la livraison, pas de souci.<\/strong><\/h2>\n<p>S'appuyant sur 16 ann\u00e9es d'exp\u00e9rience approfondie dans l'industrie, nous avons mis en place un syst\u00e8me de service complet pour la conception, la production, l'inspection de la qualit\u00e9 et la logistique :<\/p>\n<ol>\n<li><strong>\u00c9quipe de conception professionnelle<\/strong>: Fournir une mod\u00e9lisation en 3D et une \u00e9preuve physique selon le ton de la marque afin de garantir la mise en \u0153uvre de la conception ;<\/li>\n<li><strong>Production intelligente<\/strong>: Introduction d'une machine d'impression offset Heidelberg allemande et d'un \u00e9quipement de d\u00e9coupe automatis\u00e9 pour r\u00e9pondre rapidement aux commandes de gros volumes ;<\/li>\n<li><strong>Processus strict d'inspection de la qualit\u00e9<\/strong>: Plus de 20 tests ont \u00e9t\u00e9 effectu\u00e9s, tels que le test de durabilit\u00e9, le test d'\u00e9tanch\u00e9it\u00e9, le test anti-\u00e2ge, etc. afin de garantir la qualit\u00e9 du produit ;<\/li>\n<li><strong>R\u00e9seau logistique mondial<\/strong>: Coop\u00e9rer avec des entreprises de logistique de premier plan pour fournir des services de transport de porte \u00e0 porte, d'entreposage et de conservation.<\/li>\n<\/ol>\n<h2 id=\"-vii-customer-service-commitment-professional-companionship-full-time-escort-\"><strong>7. Engagement en mati\u00e8re de service \u00e0 la client\u00e8le : Compagnonnage professionnel, escorte \u00e0 temps plein<\/strong><\/h2>\n<p>Nous pratiquons le concept de \"Customer Success\" et fournissons :<\/p>\n<ul>\n<li><strong>R\u00e9ponse dans les 24 heures<\/strong>: Un service client\u00e8le exclusif suit l'\u00e9volution des commandes et r\u00e9sout les probl\u00e8mes techniques dans les 48 heures ;<\/li>\n<li><strong>Quantit\u00e9 minimale de commande flexible<\/strong>: MOQ 500 pi\u00e8ces pour r\u00e9duire les co\u00fbts d'essai et d'erreur des petites et moyennes entreprises ;<\/li>\n<li><strong>Garantie apr\u00e8s-vente<\/strong>: R\u00e9paration\/remplacement gratuit pendant la p\u00e9riode de garantie, assistance technique \u00e0 vie.<\/li>\n<\/ul>","protected":false},"excerpt":{"rendered":"<p>Nous choisir, ce n'est pas seulement choisir une bo\u00eete \u00e0 savon, c'est aussi choisir la persistance de la qualit\u00e9, la responsabilit\u00e9 de la protection de l'environnement et le renforcement de la valeur de la marque. Contactez-nous d\u00e8s maintenant pour entamer un voyage de personnalisation exclusif et faire en sorte que l'emballage du produit devienne le support parfait de l'histoire de votre marque.<\/p>","protected":false},"featured_media":10083,"template":"","meta":[],"product_brand":[],"product_cat":[30,390,31,433],"product_tag":[1306,1337,1338],"class_list":{"0":"post-10082","1":"product","2":"type-product","3":"status-publish","4":"has-post-thumbnail","6":"product_cat-by-industry","7":"product_cat-custom-cosmetics-boxes","8":"product_cat-paper-box-style","9":"product_cat-shipping-mailer-boxes","10":"product_tag-custom-soap-boxes","11":"product_tag-premium-soap-boxes","12":"product_tag-soap-boxes-manufacturer","14":"first","15":"instock","16":"shipping-taxable","17":"product-type-grouped"},"_links":{"self":[{"href":"https:\/\/zojopackaging.com\/fr\/wp-json\/wp\/v2\/product\/10082","targetHints":{"allow":["GET"]}}],"collection":[{"href":"https:\/\/zojopackaging.com\/fr\/wp-json\/wp\/v2\/product"}],"about":[{"href":"https:\/\/zojopackaging.com\/fr\/wp-json\/wp\/v2\/types\/product"}],"version-history":[{"count":1,"href":"https:\/\/zojopackaging.com\/fr\/wp-json\/wp\/v2\/product\/10082\/revisions"}],"predecessor-version":[{"id":10098,"href":"https:\/\/zojopackaging.com\/fr\/wp-json\/wp\/v2\/product\/10082\/revisions\/10098"}],"wp:featuredmedia":[{"embeddable":true,"href":"https:\/\/zojopackaging.com\/fr\/wp-json\/wp\/v2\/media\/10083"}],"wp:attachment":[{"href":"https:\/\/zojopackaging.com\/fr\/wp-json\/wp\/v2\/media?parent=10082"}],"wp:term":[{"taxonomy":"product_brand","embeddable":true,"href":"https:\/\/zojopackaging.com\/fr\/wp-json\/wp\/v2\/product_brand?post=10082"},{"taxonomy":"product_cat","embeddable":true,"href":"https:\/\/zojopackaging.com\/fr\/wp-json\/wp\/v2\/product_cat?post=10082"},{"taxonomy":"product_tag","embeddable":true,"href":"https:\/\/zojopackaging.com\/fr\/wp-json\/wp\/v2\/product_tag?post=10082"}],"curies":[{"name":"wp","href":"https:\/\/api.w.org\/{rel}","templated":true}]}}