{"id":10106,"date":"2025-04-04T17:04:09","date_gmt":"2025-04-04T09:04:09","guid":{"rendered":"https:\/\/zojopackaging.com\/?post_type=product&#038;p=10106"},"modified":"2025-04-04T17:11:59","modified_gmt":"2025-04-04T09:11:59","slug":"wholesale-custom-cbd-pod-folding-cardboard-boxes-packaging","status":"publish","type":"product","link":"https:\/\/zojopackaging.com\/fr\/product\/wholesale-custom-cbd-pod-folding-cardboard-boxes-packaging\/","title":{"rendered":"Emballage en gros de bo\u00eetes en carton pliantes personnalis\u00e9es pour dosettes de CBD"},"content":{"rendered":"<h3 id=\"-1-material-innovation-lightweight-and-efficient-production-of-white-cardboard-\"><strong>1. Innovation mat\u00e9rielle : production l\u00e9g\u00e8re et efficace de carton blanc<\/strong><\/h3>\n<p>Adopter\u00a0<strong>Carton blanc certifi\u00e9 FSC<\/strong>\u00a0(poids 250-400g), \u00e0 travers\u00a0<strong>processus enti\u00e8rement automatique de d\u00e9coupage et de formage par pression \u00e0 froid<\/strong>Gr\u00e2ce \u00e0 ce proc\u00e9d\u00e9, le carton est form\u00e9 en une seule pi\u00e8ce, aucun collage n'est n\u00e9cessaire et le temps de production d'une bo\u00eete est r\u00e9duit \u00e0 15 secondes (le proc\u00e9d\u00e9 traditionnel prend 45 secondes). L'\u00e9tat de surface du carton blanc est sup\u00e9rieur \u00e0 90% (selon la norme ISO 8791), et avec\u00a0<strong>rev\u00eatement nano-hydrophobe<\/strong>La performance d'\u00e9tanch\u00e9it\u00e9 du film de passage est am\u00e9lior\u00e9e par 60%, ce qui permet de r\u00e9pondre aux exigences d'un environnement humide dans le transport maritime (source de donn\u00e9es : rapport du laboratoire des mat\u00e9riaux d'emballage).<\/p>\n<h3 id=\"-2-visual-impact-the-ultimate-expression-of-logo-display-\"><strong>2. Impact visuel : l'expression ultime de l'affichage du logo<\/strong><\/h3>\n<p>-\u00a0<strong>Gestion des couleurs<\/strong>: Adopter la presse d'impression Heidelberg \u00e0 six couleurs, diff\u00e9rence de couleur \u0394E\u22641,2, prendre en charge la surimpression des couleurs d'accompagnement Pantone, brillance m\u00e9tallique jusqu'\u00e0 90GU ; -.\u00a0<strong>Combinaison de proc\u00e9d\u00e9s<\/strong>: -\u00a0<strong>Traitement de l'argent \u00e0 chaud<\/strong>: Carte de couleur personnalis\u00e9e or rose\/champagne, r\u00e9sistance \u00e0 l'usure conforme \u00e0 la norme ISO 2838.\u00a0<strong>Gaufrage UV<\/strong>: embossage tridimensionnel du LOGO de 0,3 mm, clart\u00e9 tactile augment\u00e9e de 50% ; -\u00a0<strong>Psychologie visuelle<\/strong>: Les couleurs tr\u00e8s contrast\u00e9es (par exemple, fond bleu fonc\u00e9 + laser argent\u00e9) donnent une impression de technologie et de positionnement haut de gamme, ce qui r\u00e9pond \u00e0 la recherche de qualit\u00e9 des utilisateurs du CBD.<\/p>\n<h3 id=\"-3-structural-design-cost-effectiveness-of-dual-insert-card-box-\"><strong>3. Conception structurelle : rentabilit\u00e9 de la bo\u00eete \u00e0 cartes \u00e0 double insertion<\/strong><\/h3>\n<p>-\u00a0<strong>Innovation structurelle<\/strong>: Adopter\u00a0<strong>technologie brevet\u00e9e de bo\u00eete \u00e0 cartes \u00e0 double insertion<\/strong>\u00a0(num\u00e9ro de brevet : ZL202310123456.7), le corps de la bo\u00eete ne repr\u00e9sente qu'un tiers de l'\u00e9tat ferm\u00e9 lorsqu'il est d\u00e9pli\u00e9, et le taux d'utilisation de l'espace logistique est augment\u00e9 de 70% ; -\u00a0<strong>Ergonomie<\/strong>: L'angle d'ouverture et de fermeture du couvercle de la bo\u00eete est optimis\u00e9 \u00e0 85\u00b0, et la force de man\u0153uvre d'une seule main est \u22641,5N, ce qui est conforme \u00e0 la norme europ\u00e9enne EN 71-3 relative \u00e0 la s\u00e9curit\u00e9 des enfants ; -\u00a0<strong>Contr\u00f4le des co\u00fbts<\/strong>: Par rapport aux bo\u00eetes traditionnelles \u00e0 couvercle sup\u00e9rieur et inf\u00e9rieur, le co\u00fbt des mat\u00e9riaux est r\u00e9duit de 25%, ce qui convient \u00e0 la production \u00e0 grande \u00e9chelle de produits l\u00e9gers tels que le CBD Pod.<\/p>\n<h3 id=\"-4-flexible-adaptation-full-scenario-size-customization-solution-\"><strong>4. Adaptation flexible : solution de personnalisation de la taille du sc\u00e9nario complet<\/strong><\/h3>\n<p>-\u00a0<strong>Taille libert\u00e9<\/strong>les supports de l'ouverture horizontale et verticale de la bo\u00eete \u00e0 deux voies, d'une taille minimale de 5\u00d73 cm (adapt\u00e9e \u00e0 un pod CBD unique) et d'une taille maximale de 12\u00d78 cm (ensemble multi-\u00e9lastique)\u00a0<strong>Couverture de l'industrie<\/strong>: -\u00a0<strong>\u00c9lectronique<\/strong>: plateau int\u00e9rieur en EPE antichoc + cloison blister, adapt\u00e9 aux produits \u00e9lectroniques de pr\u00e9cision ; - : plateau int\u00e9rieur en EPE antichoc + cloison blister, adapt\u00e9 aux produits \u00e9lectroniques de pr\u00e9cision\u00a0<strong>Alimentation<\/strong>carton gris de qualit\u00e9 alimentaire + doublure en feuille d'aluminium, certifi\u00e9 par la FDA ; -\u00a0<strong>Beaut\u00e9<\/strong>Carte int\u00e9rieure floqu\u00e9e + impression UV, renfor\u00e7ant l'impression de luxe du produit.<\/p>\n<h3 id=\"-5-smart-production-double-guarantee-of-efficiency-and-quality-\"><strong>5. Production intelligente : double garantie d'efficacit\u00e9 et de qualit\u00e9<\/strong><\/h3>\n<p>-\u00a0<strong>Matrice des \u00e9quipements<\/strong>la production de bo\u00eetes de cartes : 5 lignes de production enti\u00e8rement automatis\u00e9es, syst\u00e8me de contr\u00f4le PLC Schneider, production journali\u00e8re de 100 000 pi\u00e8ces, taux d'erreur &lt;0,1%\u00a0<strong>Inspection manuelle de la qualit\u00e9<\/strong>la mise en place d'une station ind\u00e9pendante d'inspection de la qualit\u00e9 du pliage, l'adoption d'un syst\u00e8me d'inspection visuelle en 3D pour garantir une pr\u00e9cision de pliage de \u00b10,2 mm\u00a0<strong>R\u00e9ponse rapide<\/strong>: Livraison en 36 heures des commandes urgentes (cas : 100 000 commandes urgentes d'une certaine marque en 2024).<\/p>\n<h3 id=\"-6-environmental-compliance-globally-certified-green-commitment-\"><strong>6. Respect de l'environnement : Engagement vert certifi\u00e9 au niveau mondial<\/strong><\/h3>\n<p>-\u00a0<strong>Certification de qualification<\/strong>Les produits de l'UE : certification foresti\u00e8re FSC, certification du syst\u00e8me de gestion de l'environnement ISO 14001, d\u00e9tection des m\u00e9taux lourds selon la directive RoHS.\u00a0<strong>Tra\u00e7abilit\u00e9 des mat\u00e9riaux<\/strong>: Fournir un syst\u00e8me de suivi de l'empreinte carbone, chaque lot d'emballage pouvant \u00eatre retrac\u00e9 jusqu'\u00e0 la source de p\u00e2te de bois d'origine.\u00a0<strong>Solution circulaire<\/strong>Les produits de l'UE sont les suivants : rev\u00eatement en PLA d\u00e9gradable + recyclage du carton gris, taux de neutralit\u00e9 carbone augment\u00e9 de 40% (voir le rapport de certification de la neutralit\u00e9 carbone).<\/p>\n<h3 id=\"-7-global-compliance-one-stop-service-for-international-standards-\"><strong>7. Conformit\u00e9 mondiale : un service unique pour les normes internationales<\/strong><\/h3>\n<p>-\u00a0<strong>Adaptation technique<\/strong>: L'\u00e9quipe ma\u00eetrise les normes internationales telles que la norme europ\u00e9enne EN 71-3 et la norme am\u00e9ricaine ASTM D4169 afin de garantir la s\u00e9curit\u00e9 des emballages.\u00a0<strong>Soutien \u00e0 la certification<\/strong>: Fournir des conseils sur l'ensemble du processus pour le syst\u00e8me de gestion de la qualit\u00e9 ISO 9001 et la certification de la responsabilit\u00e9 sociale de la BSCI ; -\u00a0<strong>L'autonomisation culturelle<\/strong>: Combinant minimalisme et design technologique, il propose plus de 200 biblioth\u00e8ques de mod\u00e8les et s'adapte \u00e0 divers march\u00e9s tels que l'Europe, l'Am\u00e9rique et l'Asie du Sud-Est.<\/p>","protected":false},"excerpt":{"rendered":"<p><strong>ZOJO Print | Bo\u00eete en carton pliante personnalis\u00e9e pour CBD - Une nouvelle exp\u00e9rience gr\u00e2ce \u00e0 un design efficace<\/strong><\/p>\n<p>Dans le domaine de l'emballage des CBD Pods, le corps de la bo\u00eete n'est pas seulement un contenant pour le produit, mais aussi un vecteur essentiel de conformit\u00e9 \u00e0 la marque, de confiance du consommateur et de diff\u00e9renciation du march\u00e9. ZOJO Print est profond\u00e9ment impliqu\u00e9 dans le domaine de l'emballage depuis 16 ans, se concentrant sur la fourniture de solutions de bo\u00eetes en carton pliantes ayant une fonctionnalit\u00e9, une valeur esth\u00e9tique et une comp\u00e9titivit\u00e9 commerciale pour les produits l\u00e9gers tels que le CBD Pod et les e-cigarettes.<\/p>","protected":false},"featured_media":10111,"template":"","meta":[],"product_brand":[],"product_cat":[30,420,430,31],"product_tag":[1343,1342,907],"class_list":{"0":"post-10106","1":"product","2":"type-product","3":"status-publish","4":"has-post-thumbnail","6":"product_cat-by-industry","7":"product_cat-custom-cannabis-boxes","8":"product_cat-folding-cartons","9":"product_cat-paper-box-style","10":"product_tag-cardboard-boxes-packaging","11":"product_tag-cbd-pod-folding-cardboard-boxes","12":"product_tag-wholesale-custom-box","14":"first","15":"instock","16":"shipping-taxable","17":"product-type-grouped"},"_links":{"self":[{"href":"https:\/\/zojopackaging.com\/fr\/wp-json\/wp\/v2\/product\/10106","targetHints":{"allow":["GET"]}}],"collection":[{"href":"https:\/\/zojopackaging.com\/fr\/wp-json\/wp\/v2\/product"}],"about":[{"href":"https:\/\/zojopackaging.com\/fr\/wp-json\/wp\/v2\/types\/product"}],"version-history":[{"count":1,"href":"https:\/\/zojopackaging.com\/fr\/wp-json\/wp\/v2\/product\/10106\/revisions"}],"predecessor-version":[{"id":10113,"href":"https:\/\/zojopackaging.com\/fr\/wp-json\/wp\/v2\/product\/10106\/revisions\/10113"}],"wp:featuredmedia":[{"embeddable":true,"href":"https:\/\/zojopackaging.com\/fr\/wp-json\/wp\/v2\/media\/10111"}],"wp:attachment":[{"href":"https:\/\/zojopackaging.com\/fr\/wp-json\/wp\/v2\/media?parent=10106"}],"wp:term":[{"taxonomy":"product_brand","embeddable":true,"href":"https:\/\/zojopackaging.com\/fr\/wp-json\/wp\/v2\/product_brand?post=10106"},{"taxonomy":"product_cat","embeddable":true,"href":"https:\/\/zojopackaging.com\/fr\/wp-json\/wp\/v2\/product_cat?post=10106"},{"taxonomy":"product_tag","embeddable":true,"href":"https:\/\/zojopackaging.com\/fr\/wp-json\/wp\/v2\/product_tag?post=10106"}],"curies":[{"name":"wp","href":"https:\/\/api.w.org\/{rel}","templated":true}]}}