{"id":10114,"date":"2025-04-04T17:20:31","date_gmt":"2025-04-04T09:20:31","guid":{"rendered":"https:\/\/zojopackaging.com\/?post_type=product&#038;p=10114"},"modified":"2025-04-04T17:30:39","modified_gmt":"2025-04-04T09:30:39","slug":"high-quality-irregular-shape-custom-perfume-boxes-wholesale","status":"publish","type":"product","link":"https:\/\/zojopackaging.com\/fr\/product\/high-quality-irregular-shape-custom-perfume-boxes-wholesale\/","title":{"rendered":"Bo\u00eetes \u00e0 parfum personnalis\u00e9es de forme irr\u00e9guli\u00e8re de haute qualit\u00e9 (en gros)"},"content":{"rendered":"<h2 id=\"high-end-customized-irregular-flip-top-shaped-perfume-box-product-description\">Bo\u00eete \u00e0 parfum haut de gamme personnalis\u00e9e en forme de couvercle \u00e0 rabat irr\u00e9gulier Description du produit<\/h2>\n<h2 id=\"-i-product-core-highlights-\"><strong>1. Points forts du produit<\/strong><\/h2>\n<ol>\n<li><strong>Conception visuelle de luxe<\/strong>\u00a0Cette bo\u00eete \u00e0 parfum adopte la combinaison classique de couleurs contrast\u00e9es de\u00a0<strong>papier sp\u00e9cial rouge<\/strong>\u00a0et\u00a0<strong>tableau noir gris<\/strong>. La couleur rouge principale transmet l'enthousiasme et la sensation de haut de gamme, et la couleur noire auxiliaire ajoute du calme et un temp\u00e9rament myst\u00e9rieux. La surface du corps de la bo\u00eete pr\u00e9sente le LOGO de la marque par le biais d'un logo.\u00a0<strong>processus de marquage \u00e0 chaud<\/strong>Les lignes dor\u00e9es et le papier de base rouge se compl\u00e8tent, ce qui permet non seulement de conserver le charme classique traditionnel, mais aussi de mettre en valeur l'esth\u00e9tique minimaliste moderne. La forme irr\u00e9guli\u00e8re de la couverture \u00e0 rabat rompt avec la structure sym\u00e9trique conventionnelle, et les lignes dor\u00e9es et le papier de base rouge se compl\u00e8tent.\u00a0<strong>conception de l'ouverture et de la fermeture en biseau<\/strong>\u00a0renforce l'impact visuel et devient le point de mire d\u00e8s l'ouverture de la bo\u00eete.<\/li>\n<li><strong>Mat\u00e9riau respectueux de l'environnement et d\u00e9gradable<\/strong>\u00a0Adh\u00e9rant au concept de d\u00e9veloppement durable, le corps de la bo\u00eete est compos\u00e9 de\u00a0<strong>mat\u00e9riaux d\u00e9gradables et respectueux de l'environnement<\/strong>Les principaux mat\u00e9riaux sont du papier sp\u00e9cial certifi\u00e9 FSC et des adh\u00e9sifs d'origine v\u00e9g\u00e9tale, en tenant compte \u00e0 la fois de la r\u00e9sistance et de la performance environnementale. La doublure est faite d'EVA recycl\u00e9 noir et d'un papier \u00e0 base de plantes certifi\u00e9 FSC.\u00a0<strong>flanelle noire<\/strong>Ce syst\u00e8me permet non seulement de stabiliser le flacon de parfum (l'erreur est contr\u00f4l\u00e9e \u00e0 \u00b11 mm), mais aussi d'am\u00e9liorer la sensation de la c\u00e9r\u00e9monie de d\u00e9ballage gr\u00e2ce \u00e0 un toucher d\u00e9licat.<\/li>\n<\/ol>\n<h2 id=\"-ii-innovative-structure-and-user-experience-\"><strong>2. Structure innovante et exp\u00e9rience utilisateur<\/strong><\/h2>\n<ol>\n<li><strong>Design rituel d'ouverture et de fermeture<\/strong>\u00a0L'unique\u00a0<strong>structure de bo\u00eete \u00e0 ouverture oblique<\/strong>\u00a0utilise un biseau de 30\u00b0 pour guider les consommateurs vers une ouverture naturelle. Le couvercle et la bo\u00eete inf\u00e9rieure sont reli\u00e9s avec pr\u00e9cision par des boucles magn\u00e9tiques, et le processus d'ouverture et de fermeture est fluide et \u00e9l\u00e9gant. Associ\u00e9 au toucher doux de la doublure en velours, il cr\u00e9e une exp\u00e9rience immersive, comme si l'on d\u00e9couvrait un tr\u00e9sor. La bo\u00eete int\u00e9rieure est con\u00e7ue comme une fente de carte int\u00e9gr\u00e9e, qui convient \u00e0 une vari\u00e9t\u00e9 de flacons de parfum de forme sp\u00e9ciale pour assurer la s\u00e9curit\u00e9 du transport et la beaut\u00e9 de l'exposition.<\/li>\n<li><strong>Exp\u00e9rience interactive multisensorielle<\/strong><\/li>\n<li><strong>Visuel<\/strong>: Le contraste entre le LOGO en marquage \u00e0 chaud et le rouge et le noir mat conf\u00e8re un luxe discret ;<\/li>\n<li><strong>Tactile<\/strong>: La texture d\u00e9licate du papier sp\u00e9cial et la doublure en velours donnent une impression de superposition ;<\/li>\n<li><strong>Olfaction<\/strong>: La bo\u00eete peut \u00eatre personnalis\u00e9e avec du papier \u00e0 parfum, et les notes de t\u00eate qui font \u00e9cho au parfum sont lib\u00e9r\u00e9es d\u00e8s l'ouverture de la bo\u00eete.<\/li>\n<\/ol>\n<h2 id=\"-iii-customized-service-and-production-guarantee-\"><strong>3. Service personnalis\u00e9 et garantie de production<\/strong><\/h2>\n<ol>\n<li><strong>Support de personnalisation des liens<\/strong><\/li>\n<li><strong>Taille flexible<\/strong>: Selon les dimensions du flacon de parfum (longueur \u00d7 largeur \u00d7 hauteur) fournies par le client, l'ing\u00e9nieur r\u00e9alise la mod\u00e9lisation 3D et l'\u00e9preuvage dans les 48 heures, en prenant en charge diff\u00e9rents types de bo\u00eetes tels que les bo\u00eetes sup\u00e9rieures et inf\u00e9rieures, les bo\u00eetes \u00e0 tiroirs et les bo\u00eetes de forme sp\u00e9ciale ;<\/li>\n<li><strong>Mise \u00e0 niveau du processus<\/strong>: Plus de 20 options de traitement de surface sont disponibles, telles que le marquage \u00e0 chaud\/argent, le gaufrage UV et le gaufrage, et des accessoires tels que des aimants et des rubans peuvent \u00eatre incorpor\u00e9s ;<\/li>\n<li><strong>Int\u00e9gration de la marque<\/strong>: De la conception du LOGO \u00e0 la r\u00e9daction de l'emballage, nous fournissons une solution compl\u00e8te d'extension visuelle du VI. a<\/li>\n<li><strong>Force de production et contr\u00f4le de la qualit\u00e9<\/strong><\/li>\n<li><strong>\u00c9quipement et capacit\u00e9<\/strong>: Avec des machines de d\u00e9coupe enti\u00e8rement automatiques, des machines d'impression Heidelberg et d'autres \u00e9quipements de pointe, la production journali\u00e8re atteint 10 000 pi\u00e8ces et permet une commande minimale de 1 000 pi\u00e8ces ;<\/li>\n<li><strong>Assurance qualit\u00e9<\/strong>: Certification ISO 9001 r\u00e9ussie, chaque lot de produits subit 12 processus d'inspection de la qualit\u00e9, l'erreur de diff\u00e9rence de couleur est \u22645%, et le taux de plainte est inf\u00e9rieur \u00e0 5% depuis dix ann\u00e9es cons\u00e9cutives ;<\/li>\n<li><strong>Cycle de livraison<\/strong>: 5 jours pour les \u00e9preuves, 7 \u00e0 14 jours pour la production en s\u00e9rie, ce qui permet de soutenir la logistique mondiale et les exportations transfrontali\u00e8res.<\/li>\n<\/ol>\n<h2 id=\"-fourth-application-scenarios-and-market-value-\"><strong>4. Sc\u00e9narios d'application et valeur du march\u00e9<\/strong><\/h2>\n<ul>\n<li><strong>Cadeaux haut de gamme<\/strong>: Convient aux parfums de luxe, aux parfums en \u00e9dition limit\u00e9e, \u00e0 la personnalisation de mariages et \u00e0 d'autres sc\u00e9narios ;<\/li>\n<li><strong>Marque Premium<\/strong>: Selon les donn\u00e9es de l'industrie, un emballage diff\u00e9renci\u00e9 peut augmenter le taux de prime du produit de 30%-50% ;<\/li>\n<li><strong>Certification environnementale<\/strong>: Conforme aux normes REACH de l'UE et FDA des \u00c9tats-Unis, il aide les marques \u00e0 p\u00e9n\u00e9trer les march\u00e9s europ\u00e9ens et am\u00e9ricains qui mettent l'accent sur le d\u00e9veloppement durable.<\/li>\n<\/ul>","protected":false},"excerpt":{"rendered":"<ul>\n<li>\u200b<strong>Pr\u00e9sence distinctive sur les \u00e9tag\u00e8res.<\/strong>La forme irr\u00e9guli\u00e8re et le contraste rouge\/or attirent les acheteurs de produits de luxe.<\/li>\n<li>\u200b<strong>Amplification de la marque.<\/strong>Le logo et les couleurs personnalisables renforcent la reconnaissance de la marque.<\/li>\n<li>\u200b<strong>Durabilit\u00e9 garantie.<\/strong>Le carton \u00e9pais prot\u00e8ge les flacons de parfum fragiles pendant le transport.<\/li>\n<li>\u200b<strong>\u00c9conomies en vrac.<\/strong>Des prix comp\u00e9titifs pour les commandes de gros volumes sans compromis sur la qualit\u00e9.<\/li>\n<li>\u200b<strong>Premium Unboxing.<\/strong>Les textures brillantes\/mates et l'ajustement s\u00e9curis\u00e9 am\u00e9liorent l'exp\u00e9rience du client.<\/li>\n<\/ul>","protected":false},"featured_media":10116,"template":"","meta":[],"product_brand":[],"product_cat":[30,417,428,31],"product_tag":[225,336,540],"class_list":{"0":"post-10114","1":"product","2":"type-product","3":"status-publish","4":"has-post-thumbnail","6":"product_cat-by-industry","7":"product_cat-custom-perfume-boxes-by-industry","8":"product_cat-irregular-shaped-gift-boxes","9":"product_cat-paper-box-style","10":"product_tag-custom-perfume-boxes","11":"product_tag-perfume-boxes","12":"product_tag-perfume-boxes-wholesale","14":"first","15":"instock","16":"shipping-taxable","17":"product-type-grouped"},"_links":{"self":[{"href":"https:\/\/zojopackaging.com\/fr\/wp-json\/wp\/v2\/product\/10114","targetHints":{"allow":["GET"]}}],"collection":[{"href":"https:\/\/zojopackaging.com\/fr\/wp-json\/wp\/v2\/product"}],"about":[{"href":"https:\/\/zojopackaging.com\/fr\/wp-json\/wp\/v2\/types\/product"}],"version-history":[{"count":1,"href":"https:\/\/zojopackaging.com\/fr\/wp-json\/wp\/v2\/product\/10114\/revisions"}],"predecessor-version":[{"id":10121,"href":"https:\/\/zojopackaging.com\/fr\/wp-json\/wp\/v2\/product\/10114\/revisions\/10121"}],"wp:featuredmedia":[{"embeddable":true,"href":"https:\/\/zojopackaging.com\/fr\/wp-json\/wp\/v2\/media\/10116"}],"wp:attachment":[{"href":"https:\/\/zojopackaging.com\/fr\/wp-json\/wp\/v2\/media?parent=10114"}],"wp:term":[{"taxonomy":"product_brand","embeddable":true,"href":"https:\/\/zojopackaging.com\/fr\/wp-json\/wp\/v2\/product_brand?post=10114"},{"taxonomy":"product_cat","embeddable":true,"href":"https:\/\/zojopackaging.com\/fr\/wp-json\/wp\/v2\/product_cat?post=10114"},{"taxonomy":"product_tag","embeddable":true,"href":"https:\/\/zojopackaging.com\/fr\/wp-json\/wp\/v2\/product_tag?post=10114"}],"curies":[{"name":"wp","href":"https:\/\/api.w.org\/{rel}","templated":true}]}}