{"id":10122,"date":"2025-04-04T17:30:47","date_gmt":"2025-04-04T09:30:47","guid":{"rendered":"https:\/\/zojopackaging.com\/?post_type=product&#038;p=10122"},"modified":"2025-04-04T17:48:28","modified_gmt":"2025-04-04T09:48:28","slug":"print-luxury-custom-scented-candle-packaging-boxes-wholesale","status":"publish","type":"product","link":"https:\/\/zojopackaging.com\/fr\/product\/print-luxury-custom-scented-candle-packaging-boxes-wholesale\/","title":{"rendered":"Bo\u00eete d'emballage pour bougie parfum\u00e9e imprim\u00e9e de luxe et personnalis\u00e9e Wholesale"},"content":{"rendered":"<h2 id=\"-luxury-custom-aromatherapy-candle-packaging-box-wholesale-product-description-\">Bo\u00eete d'emballage pour bougie parfum\u00e9e imprim\u00e9e de luxe et personnalis\u00e9e Wholesale<\/h2>\n<h2 id=\"-professional-customization-service-\"><strong>Service de personnalisation professionnelle<\/strong><\/h2>\n<p>Une \u00e9quipe technique exp\u00e9riment\u00e9e fournit une solution unique :<\/p>\n<ul>\n<li><strong>Conception d'un rendu 3D<\/strong>: Personnaliser l'emballage exclusif en fonction du ton de la marque, y compris l'estampage \u00e0 chaud du LOGO, le gaufrage, l'ouverture de la fen\u00eatre creuse et d'autres proc\u00e9d\u00e9s.<\/li>\n<li><strong>Soutien complet des processus<\/strong>: De la s\u00e9lection des mat\u00e9riaux \u00e0 la confirmation de l'\u00e9preuve, en passant par l'adaptation du processus, nous veillons \u00e0 la mise en \u0153uvre pr\u00e9cise de la conception afin de r\u00e9pondre aux exigences strictes de la marque haut de gamme en ce qui concerne les d\u00e9tails.<\/li>\n<\/ul>\n<h2 id=\"-application-scenarios-and-industry-adaptability-\"><strong>Sc\u00e9narios d'application et adaptabilit\u00e9 \u00e0 l'industrie<\/strong><\/h2>\n<ul>\n<li><strong>Marque de parfum haut de gamme<\/strong>: Gr\u00e2ce au marquage \u00e0 chaud sur soie, \u00e0 la couverture magn\u00e9tique des bo\u00eetes et \u00e0 d'autres proc\u00e9d\u00e9s, nous cr\u00e9ons un emballage luxueux qui correspond au temp\u00e9rament du parfum.<\/li>\n<li><strong>Commerce \u00e9lectronique et vente au d\u00e9tail<\/strong>: Le design plat optimise l'efficacit\u00e9 de l'entreposage et du transport, et la vitrine am\u00e9liore la visibilit\u00e9 des produits et stimule le d\u00e9sir d'achat des consommateurs.<\/li>\n<li><strong>March\u00e9 des cadeaux<\/strong>: Les conceptions cr\u00e9atives telles que les fentes pour cartes de v\u0153ux marqu\u00e9es \u00e0 chaud et l'ouverture et la fermeture en forme de livre permettent d'am\u00e9liorer le sens du rituel et la valeur de collection des coffrets-cadeaux.<\/li>\n<\/ul>\n<h2 id=\"-technology-and-service-guarantee-\"><strong>Garantie de technologie et de service<\/strong><\/h2>\n<ul>\n<li><strong>Dix ans d'exp\u00e9rience dans le secteur<\/strong>: Profond\u00e9ment engag\u00e9s dans le domaine de l'emballage, les services couvrent les industries haut de gamme telles que l'\u00e9lectronique grand public et la beaut\u00e9, saisissent avec pr\u00e9cision les tendances du march\u00e9 et fournissent des propositions de conception tourn\u00e9es vers l'avenir.<\/li>\n<li><strong>Contr\u00f4le de la qualit\u00e9 de l'ensemble des liens<\/strong>: Utiliser la technologie d'impression offset pour assurer la pr\u00e9cision de l'erreur d'impression \u22640,02mm, et coop\u00e9rer avec des usines certifi\u00e9es ISO pour assurer la coh\u00e9rence de la production par lots.<\/li>\n<li><strong>Quantit\u00e9 minimale de commande flexible<\/strong>: Prise en charge d'une commande minimale de 50 pi\u00e8ces et livraison la plus rapide en 7 jours, r\u00e9pondant aux besoins des petites et moyennes marques pour les commandes d'essai et les achats en grande quantit\u00e9.<\/li>\n<\/ul>","protected":false},"excerpt":{"rendered":"<ul>\n<li>\u200b<strong>Conception s\u00fbre pour les enfants.<\/strong>Fermeture s\u00e9curis\u00e9e + \u00e9tiquettes d'avertissement pour la pr\u00e9vention des accidents.<\/li>\n<li>\u200b<strong>L'attrait du luxe.<\/strong>La finition mate et le style minimaliste rehaussent la perception de la marque.<\/li>\n<li>\u200b<strong>Marquage personnalis\u00e9.<\/strong>Imprimez des logos, des couleurs et des coordonn\u00e9es sans effort.<\/li>\n<li>\u200b<strong>Durable et l\u00e9ger.<\/strong>Prot\u00e8ge les parfums sans les encombrer.<\/li>\n<li>\u200b<strong>Rentable.<\/strong>Prix de gros abordables pour les start-ups et les grossistes.<\/li>\n<\/ul>","protected":false},"featured_media":10123,"template":"","meta":[],"product_brand":[],"product_cat":[30,416,430,31],"product_tag":[468,1345,1344],"class_list":{"0":"post-10122","1":"product","2":"type-product","3":"status-publish","4":"has-post-thumbnail","6":"product_cat-by-industry","7":"product_cat-custom-candle-boxes","8":"product_cat-folding-cartons","9":"product_cat-paper-box-style","10":"product_tag-custom-candle-packaging","11":"product_tag-luxury-candle-packaging-wholesale","12":"product_tag-scented-boxes-wholesale","14":"first","15":"instock","16":"shipping-taxable","17":"product-type-grouped"},"_links":{"self":[{"href":"https:\/\/zojopackaging.com\/fr\/wp-json\/wp\/v2\/product\/10122","targetHints":{"allow":["GET"]}}],"collection":[{"href":"https:\/\/zojopackaging.com\/fr\/wp-json\/wp\/v2\/product"}],"about":[{"href":"https:\/\/zojopackaging.com\/fr\/wp-json\/wp\/v2\/types\/product"}],"version-history":[{"count":1,"href":"https:\/\/zojopackaging.com\/fr\/wp-json\/wp\/v2\/product\/10122\/revisions"}],"predecessor-version":[{"id":10129,"href":"https:\/\/zojopackaging.com\/fr\/wp-json\/wp\/v2\/product\/10122\/revisions\/10129"}],"wp:featuredmedia":[{"embeddable":true,"href":"https:\/\/zojopackaging.com\/fr\/wp-json\/wp\/v2\/media\/10123"}],"wp:attachment":[{"href":"https:\/\/zojopackaging.com\/fr\/wp-json\/wp\/v2\/media?parent=10122"}],"wp:term":[{"taxonomy":"product_brand","embeddable":true,"href":"https:\/\/zojopackaging.com\/fr\/wp-json\/wp\/v2\/product_brand?post=10122"},{"taxonomy":"product_cat","embeddable":true,"href":"https:\/\/zojopackaging.com\/fr\/wp-json\/wp\/v2\/product_cat?post=10122"},{"taxonomy":"product_tag","embeddable":true,"href":"https:\/\/zojopackaging.com\/fr\/wp-json\/wp\/v2\/product_tag?post=10122"}],"curies":[{"name":"wp","href":"https:\/\/api.w.org\/{rel}","templated":true}]}}