{"id":10130,"date":"2025-04-04T17:48:38","date_gmt":"2025-04-04T09:48:38","guid":{"rendered":"https:\/\/zojopackaging.com\/?post_type=product&#038;p=10130"},"modified":"2025-04-04T18:05:52","modified_gmt":"2025-04-04T10:05:52","slug":"custom-essential-oil-cardboard-drawer-gift-packaging-box","status":"publish","type":"product","link":"https:\/\/zojopackaging.com\/fr\/product\/custom-essential-oil-cardboard-drawer-gift-packaging-box\/","title":{"rendered":"Bo\u00eete d'emballage cadeau \u00e0 tiroir en carton personnalis\u00e9e pour huiles essentielles"},"content":{"rendered":"<h2 id=\"-customized-essential-oil-cardboard-drawer-gift-box-product-description-\"><strong>Bo\u00eete cadeau \u00e0 tiroir en carton personnalis\u00e9e pour huiles essentielles\u00a0<\/strong><\/h2>\n<h2 id=\"-1-material-and-structural-design-\"><strong>1. Conception des mat\u00e9riaux et des structures<\/strong><\/h2>\n<p>Cette bo\u00eete d'emballage pour huiles essentielles utilise\u00a0<strong>Papier double cuivre 157g sur carton gris haute densit\u00e9 1200g<\/strong>Il utilise un processus composite multicouche pour cr\u00e9er une bo\u00eete stable. Le mat\u00e9riau central en carton gris est press\u00e9 avec des fibres recycl\u00e9es, et la structure grise transparente interne garantit que l'erreur de plan\u00e9it\u00e9 du corps de la bo\u00eete est \u22640,1 mm, et que la r\u00e9sistance \u00e0 la flexion est 1,5 fois sup\u00e9rieure \u00e0 la norme de l'industrie. La conception d'ouverture et de fermeture de type tiroir est combin\u00e9e \u00e0 une structure magn\u00e9tique de succion\/clip, qui peut r\u00e9aliser plus de 10 000 tests d'ouverture et de fermeture sans d\u00e9formation. Le corps de la bo\u00eete a une capacit\u00e9 de charge de 1 \u00e0 3 kg et convient aux flacons d'huile essentielle de 10 ml \u00e0 100 ml de diff\u00e9rentes sp\u00e9cifications.<\/p>\n<h2 id=\"-ii-customized-lining-solution-\"><strong>2. Solution de rev\u00eatement personnalis\u00e9e<\/strong><\/h2>\n<p>Fournir\u00a0<strong>Support int\u00e9rieur en EVA d\u00e9coup\u00e9, couche de rembourrage en coton perl\u00e9, \u00e9ponge de flocage<\/strong>\u00a0syst\u00e8me de protection \u00e0 trois niveaux<\/p>\n<ul>\n<li><strong>Mat\u00e9riau EVA<\/strong>Densit\u00e9 : 0,3-0,5g\/cm\u00b3, porosit\u00e9 ouverte \u226585%, certifi\u00e9 par la FDA pour le contact avec les aliments.<\/li>\n<li><strong>Doublure en coton perl\u00e9<\/strong>Le syst\u00e8me d'amortissement des chocs : \u00e9paisseur r\u00e9glable de 5 \u00e0 20 mm, taux de rebond \u226590%, absorbe efficacement les chocs dus \u00e0 la force G pendant le transport.<\/li>\n<li><strong>Processus de flocage<\/strong>: Gr\u00e2ce \u00e0 la technologie de flocage \u00e9lectrostatique, la densit\u00e9 de flocage atteint 3 000 \u00e0 5 000 racines\/cm\u00b2, le toucher est d\u00e9licat et antid\u00e9rapant.<\/li>\n<\/ul>\n<h2 id=\"-iii-printing-and-surface-treatment-\"><strong>3. Impression et traitement de surface<\/strong><\/h2>\n<p>Adopter\u00a0<strong>impression en quadrichromie + processus de laminage<\/strong>\u00a0pour atteindre la pr\u00e9cision des couleurs de la carte Pantone \u0394E\u22641,5 :<\/p>\n<ol>\n<li><strong>Pr\u00e9traitement du substrat<\/strong>: La surface du carton gris est trait\u00e9e au plasma et l'adh\u00e9rence de l'encre est augment\u00e9e de 40%.<\/li>\n<li><strong>Impression en quadrichromie<\/strong>: \u00c9quip\u00e9 d'une imprimante UV Heidelberg \u00e0 8 couleurs, permettant l'impression de lignes ultrafines de 0,1 mm.<\/li>\n<li><strong>Proc\u00e9d\u00e9 de laminage<\/strong>: Il est possible de s\u00e9lectionner un film brillant\/mat BOPP, avec un niveau de r\u00e9sistance \u00e0 l'usure de H (pas de rayures apr\u00e8s 5 000 frictions).<\/li>\n<\/ol>\n<h2 id=\"-iv-personalized-customization-service-\"><strong>4. Service de personnalisation<\/strong><\/h2>\n<ul>\n<li><strong>Soutien \u00e0 la conception<\/strong>: 12 solutions de traitement de surface comprenant la mod\u00e9lisation 3D, le marquage \u00e0 chaud\/embossage, la texture gaufr\u00e9e, etc.<\/li>\n<li><strong>Extension de la fonction<\/strong>: Peut int\u00e9grer une fente pour carte \u00e0 puce NFC, une bande lumineuse LED et d'autres solutions d'emballage intelligentes.<\/li>\n<li><strong>Cycle d'\u00e9preuvage<\/strong>: 48 heures pour livrer la premi\u00e8re version de l'\u00e9chantillon, prise en charge de 5 modifications de conception gratuites<\/li>\n<\/ul>\n<h2 id=\"-v-production-guarantee-system-\"><strong>5. Syst\u00e8me de garantie de la production<\/strong><\/h2>\n<ul>\n<li><strong>\u00c9chelle de capacit\u00e9<\/strong>: L'usine couvre une superficie de 5 320 m\u00e8tres carr\u00e9s et est \u00e9quip\u00e9e de 9 lignes de production enti\u00e8rement automatiques, avec une capacit\u00e9 de production journali\u00e8re de 1 500 000 pi\u00e8ces.<\/li>\n<li><strong>Contr\u00f4le de la qualit\u00e9<\/strong>: Certifi\u00e9 ISO9001, \u00e9quip\u00e9 d'un d\u00e9tecteur de corps \u00e9trangers \u00e0 rayons X et d'une chambre d'essai \u00e0 temp\u00e9rature et humidit\u00e9 constantes.<\/li>\n<li><strong>Capacit\u00e9 de R&amp;D<\/strong>: Une \u00e9quipe de 30 professionnels d\u00e9tient 12 brevets d'emballage et fournit une analyse de simulation de structure par \u00e9l\u00e9ments finis (FEA).<\/li>\n<\/ul>\n<h2 id=\"-6-environmental-certification-\"><strong>6. Certification environnementale<\/strong><\/h2>\n<ul>\n<li>Le substrat de carton gris a obtenu la certification foresti\u00e8re FSC<\/li>\n<li>L'encre est conforme \u00e0 la norme EN71-3 relative \u00e0 la migration des m\u00e9taux lourds.<\/li>\n<li>L'ensemble de l'emballage est 100% biod\u00e9gradable et recyclable.<\/li>\n<\/ul>\n<h2 id=\"-technical-parameter-quick-reference-table-\"><strong>Tableau de r\u00e9f\u00e9rence rapide des param\u00e8tres techniques<\/strong><\/h2>\n<table>\n<thead>\n<tr>\n<th>Objet<\/th>\n<th>Valeur standard<\/th>\n<\/tr>\n<\/thead>\n<tbody>\n<tr>\n<td>Erreur de taille de bo\u00eete<\/td>\n<td>\u00b10,5 mm<\/td>\n<\/tr>\n<tr>\n<td>Hauteur du test de chute<\/td>\n<td>1,2 m (norme ISTA 3A)<\/td>\n<\/tr>\n<tr>\n<td>Plage de tol\u00e9rance \u00e0 l'humidit\u00e9<\/td>\n<td>30%-85% RH<\/td>\n<\/tr>\n<tr>\n<td>Cycle de livraison<\/td>\n<td>7-15 jours ouvrables<\/td>\n<\/tr>\n<\/tbody>\n<\/table>","protected":false},"excerpt":{"rendered":"<ul>\n<li>\u200b<strong>Design inspir\u00e9 de la nature<\/strong>: Les tons doux et les motifs botaniques refl\u00e8tent la puret\u00e9 et la sophistication.<\/li>\n<li>\u200b<strong>Mat\u00e9riaux respectueux de l'environnement<\/strong>: Le carton recyclable et biod\u00e9gradable s'inscrit dans une d\u00e9marche de d\u00e9veloppement durable.<\/li>\n<li>\u200b<strong>Haute durabilit\u00e9<\/strong>: La structure renforc\u00e9e prot\u00e8ge les huiles pendant le stockage et l'exp\u00e9dition.<\/li>\n<li>\u200b<strong>Flexibilit\u00e9 sur mesure<\/strong>: Adapter les dimensions, les logos et le texte \u00e0 l'identit\u00e9 de la marque.<\/li>\n<li>\u200b<strong>Qualit\u00e9 d'impression sup\u00e9rieure<\/strong>: Une typographie claire et des couleurs r\u00e9sistantes \u00e0 la d\u00e9coloration pour une finition soign\u00e9e.<\/li>\n<\/ul>","protected":false},"featured_media":10133,"template":"","meta":[],"product_brand":[],"product_cat":[30,390,425,31],"product_tag":[1346,1347,1348],"class_list":{"0":"post-10130","1":"product","2":"type-product","3":"status-publish","4":"has-post-thumbnail","6":"product_cat-by-industry","7":"product_cat-custom-cosmetics-boxes","8":"product_cat-lid-and-base-gift-box","9":"product_cat-paper-box-style","10":"product_tag-custom-essential-oil-box","11":"product_tag-essential-oil-drawer-box","12":"product_tag-essential-oil-gift-box","14":"first","15":"instock","16":"shipping-taxable","17":"product-type-grouped"},"_links":{"self":[{"href":"https:\/\/zojopackaging.com\/fr\/wp-json\/wp\/v2\/product\/10130","targetHints":{"allow":["GET"]}}],"collection":[{"href":"https:\/\/zojopackaging.com\/fr\/wp-json\/wp\/v2\/product"}],"about":[{"href":"https:\/\/zojopackaging.com\/fr\/wp-json\/wp\/v2\/types\/product"}],"version-history":[{"count":2,"href":"https:\/\/zojopackaging.com\/fr\/wp-json\/wp\/v2\/product\/10130\/revisions"}],"predecessor-version":[{"id":10138,"href":"https:\/\/zojopackaging.com\/fr\/wp-json\/wp\/v2\/product\/10130\/revisions\/10138"}],"wp:featuredmedia":[{"embeddable":true,"href":"https:\/\/zojopackaging.com\/fr\/wp-json\/wp\/v2\/media\/10133"}],"wp:attachment":[{"href":"https:\/\/zojopackaging.com\/fr\/wp-json\/wp\/v2\/media?parent=10130"}],"wp:term":[{"taxonomy":"product_brand","embeddable":true,"href":"https:\/\/zojopackaging.com\/fr\/wp-json\/wp\/v2\/product_brand?post=10130"},{"taxonomy":"product_cat","embeddable":true,"href":"https:\/\/zojopackaging.com\/fr\/wp-json\/wp\/v2\/product_cat?post=10130"},{"taxonomy":"product_tag","embeddable":true,"href":"https:\/\/zojopackaging.com\/fr\/wp-json\/wp\/v2\/product_tag?post=10130"}],"curies":[{"name":"wp","href":"https:\/\/api.w.org\/{rel}","templated":true}]}}