{"id":10139,"date":"2025-04-04T18:06:07","date_gmt":"2025-04-04T10:06:07","guid":{"rendered":"https:\/\/zojopackaging.com\/?post_type=product&#038;p=10139"},"modified":"2025-04-04T18:19:59","modified_gmt":"2025-04-04T10:19:59","slug":"lid-and-base-30ml-perfume-cosmetic-gift-boxes-packaging","status":"publish","type":"product","link":"https:\/\/zojopackaging.com\/fr\/product\/lid-and-base-30ml-perfume-cosmetic-gift-boxes-packaging\/","title":{"rendered":"Couvercle et Base 30ml Parfum Cosm\u00e9tique Bo\u00eete Cadeau Emballage"},"content":{"rendered":"<h2 id=\"-product-description-of-30ml-perfume-cosmetics-gift-box-with-top-and-bottom-cover-\"><strong>Couvercle et Base 30ml Parfum Cosm\u00e9tique Bo\u00eete Cadeau Emballage<\/strong><\/h2>\n<h2 id=\"-design-concept-fusion-of-senses-and-emotions-\"><strong>Concept de design : Fusion des sens et des \u00e9motions<\/strong><\/h2>\n<ol>\n<li><strong>Esth\u00e9tique visuelle<\/strong>\u00a0La bo\u00eete ext\u00e9rieure du coffret cadeau adopte\u00a0<strong>tissu rouge brique<\/strong>qui est trait\u00e9 avec la technologie des films mats ou brillants pour donner \u00e0 la surface une texture discr\u00e8te et \u00e9l\u00e9gante. En m\u00eame temps,\u00a0<strong>technologie d'impression de carton couleur<\/strong>\u00a0est utilis\u00e9 pour obtenir une collision de couleurs audacieuse (comme l'orange corail et le turquoise qui s'entrecroisent) sur la bo\u00eete int\u00e9rieure, formant un contraste visuel \"sobre \u00e0 l'ext\u00e9rieur et brillant \u00e0 l'int\u00e9rieur\". La structure des couvercles sup\u00e9rieur et inf\u00e9rieur dissimule le suspense. Le bord du couvercle de la bo\u00eete adopte\u00a0<strong>Angle d'ouverture de l'inclinaison magn\u00e9tique de 12<\/strong>L'emballage de l'emballage, qui simule l'action rituelle de soulever le couvercle, stimule le d\u00e9sir d'exploration des consommateurs.<\/li>\n<li><strong>Narration tactile<\/strong>\u00a0La doublure int\u00e9rieure est en\u00a0<strong>coton perl\u00e9 blanc<\/strong>Le corps de l'\u00e9tui, qui prot\u00e8ge le flacon de parfum gr\u00e2ce \u00e0 un mat\u00e9riau \u00e0 haute densit\u00e9, est aussi d\u00e9licat que de la soie. La surface du corps de la bo\u00eete peut \u00eatre\u00a0<strong>gaufrage technologie de gaufrage<\/strong>\u00a0ou\u00a0<strong>Technologie de gaufrage du similicuir<\/strong>L'utilisation d'un tissu rouge brique avec le motif embl\u00e9matique de la marque d\u00e9clenche une r\u00e9action tactile d\u00e9licate lorsque le bout des doigts passe dessus, renfor\u00e7ant ainsi le point de m\u00e9morisation de la marque.<\/li>\n<\/ol>\n<h2 id=\"-technology-and-customized-services-\"><strong>Technologie et services personnalis\u00e9s<\/strong><\/h2>\n<ol>\n<li><strong>Technologie d'impression avanc\u00e9e<\/strong><\/li>\n<li><strong>Impression en quadrichromie<\/strong>: L'impression Pantone en tons directs permet de restituer avec pr\u00e9cision le syst\u00e8me de couleurs de la marque. Par exemple, le rouge brique peut \u00eatre remplac\u00e9 par l'ocre br\u00fbl\u00e9 Pantone 18-1440TX, ce qui met en valeur le luxe r\u00e9tro.<\/li>\n<li><strong>Effets sp\u00e9ciaux<\/strong>: Fournir\u00a0<strong>Marquage \u00e0 chaud de la feuille d'or et de la feuille d'argent<\/strong>\u00a0pour cr\u00e9er un LOGO \u00e0 l'\u00e9clat m\u00e9tallique, ou utilisez\u00a0<strong>Vernis local UV<\/strong>\u00a0pour mettre en \u00e9vidence des motifs cl\u00e9s, tels que l'effet 3D du contour du flacon de parfum.<\/li>\n<li><strong>Rev\u00eatement protecteur<\/strong>: Le rev\u00eatement protecteur UV peut prolonger la dur\u00e9e de vie des couleurs imprim\u00e9es et emp\u00eacher la d\u00e9coloration pendant le transport ou le stockage.<\/li>\n<li><strong>Personnalisation de l'histoire de la marque<\/strong>\u00a0L'\u00e9quipe de concepteurs sait int\u00e9grer l'ADN de la marque dans les d\u00e9tails de l'emballage :<\/li>\n<li><strong>Illustrations micro-narratives<\/strong>\u00a0peut \u00eatre imprim\u00e9e \u00e0 l'int\u00e9rieur du couvercle de la bo\u00eete, par exemple en utilisant des lignes de marquage \u00e0 chaud pour dessiner le paysage de la zone de production des mati\u00e8res premi\u00e8res du parfum (comme les champs de lavande en Provence).<\/li>\n<li>La case du bas cache un\u00a0<strong>ruban d\u00e9tachable<\/strong>Les capsules de parfum l\u00e9ger sont tiss\u00e9es avec le slogan de la marque ou des mots-cl\u00e9s de parfum (tels que \"Quiet Oriental Woody Tone\"), qui lib\u00e8rent l'odeur de la capsule de parfum l\u00e9ger lorsqu'elles sont d\u00e9ball\u00e9es, formant ainsi une exp\u00e9rience de lien entre les cinq sens.<\/li>\n<\/ol>\n<h2 id=\"-production-guarantee-and-sustainability-\"><strong>Garantie de production et durabilit\u00e9<\/strong><\/h2>\n<ol>\n<li><strong>Production de pr\u00e9cision \u00e0 l'\u00e9chelle<\/strong><\/li>\n<li>L'usine dispose d'un\u00a0<strong>Atelier de production de 5 320\u33a1 r\u00e9pondant aux normes internationales.<\/strong>L'entreprise est \u00e9quip\u00e9e d'une machine de d\u00e9coupe enti\u00e8rement automatique et d'une ligne d'inspection de contr\u00f4le de la qualit\u00e9 afin de garantir que l'erreur de forme du couvercle sup\u00e9rieur et du couvercle inf\u00e9rieur est \u22640,3 mm.<\/li>\n<li>Adopter\u00a0<strong>technologie de montage sp\u00e9ciale respectueuse de l'environnement<\/strong>Le papier de surface et la doublure sont coll\u00e9s \u00e0 l'aide d'une colle \u00e0 base d'eau, conforme \u00e0 la certification environnementale REACH de l'UE, et l'empreinte carbone est r\u00e9duite de 70% par rapport aux processus traditionnels.<\/li>\n<li><strong>Livraison et service<\/strong><\/li>\n<li>Soutien\u00a0<strong>\u00c9preuve rapide de 48 heures<\/strong>et le suivi num\u00e9rique de l'ensemble du processus, de la conception au produit fini.<\/li>\n<li>Fournir\u00a0<strong>solutions de transport modulaires<\/strong>La bo\u00eete cadeau peut \u00eatre pli\u00e9e \u00e0 plat, ce qui r\u00e9duit le taux de perte logistique \u00e0 moins de 0,5%, garantissant ainsi une livraison mondiale sans dommage.<\/li>\n<\/ol>\n<h2 id=\"-market-value-and-brand-empowerment-\"><strong>Valeur marchande et renforcement de la marque<\/strong><\/h2>\n<ol>\n<li><strong>Comp\u00e9titivit\u00e9 diff\u00e9renci\u00e9e<\/strong>\u00a0Cette solution d'emballage augmente le taux de fid\u00e9lisation des consommateurs de 40% gr\u00e2ce \u00e0\u00a0<strong>\"c\u00e9r\u00e9monie d'ouverture + immersion sensorielle<\/strong>\u00a0la conception. Par exemple :<\/li>\n<li>La collision des couleurs de la bo\u00eete int\u00e9rieure peut \u00eatre associ\u00e9e \u00e0 la fragrance du parfum (fragrance fruit\u00e9e avec l'orange vif, fragrance bois\u00e9e avec le vert fonc\u00e9), ce qui renforce la sensibilisation au produit.<\/li>\n<li>Les coffrets cadeaux en \u00e9dition limit\u00e9e peuvent \u00eatre associ\u00e9s \u00e0\u00a0<strong>Cartes interactives AR<\/strong>Vous pouvez \u00e9galement regarder la vid\u00e9o de l'interview du parfumeur en scannant le sch\u00e9ma corporel de la bo\u00eete, afin de renforcer la valeur ajout\u00e9e de la culture de la marque.<\/li>\n<li><strong>Rapport co\u00fbt-efficacit\u00e9<\/strong>\u00a0Gr\u00e2ce \u00e0 la production \u00e0 grande \u00e9chelle, le co\u00fbt d'une seule bo\u00eete 15%-20% est inf\u00e9rieur au prix moyen du march\u00e9 personnalis\u00e9, et l'espace premium peut atteindre 300%.<\/li>\n<\/ol>","protected":false},"excerpt":{"rendered":"<p>Ce coffret-cadeau de parfum couvert du monde entier utilise la\u00a0<strong>\"L'impact visuel est la surface, la r\u00e9sonance \u00e9motionnelle est le c\u0153ur\".<\/strong>\u00a0pour transformer l'unicit\u00e9 de la marque en une exp\u00e9rience tactile pour le consommateur. Du rouge brique calme et \u00e9l\u00e9gant \u00e0 la collision spectaculaire des couleurs sur la bo\u00eete int\u00e9rieure, des d\u00e9tails luxueux de la dorure \u00e0 chaud \u00e0 la protection ultime du coton perl\u00e9, chaque conception sert \u00e0 transmettre la valeur de la marque et \u00e0 am\u00e9liorer la conversion des ventes.<\/p>","protected":false},"featured_media":10145,"template":"","meta":[],"product_brand":[],"product_cat":[30,390,417,425,31],"product_tag":[1349,1350,339],"class_list":{"0":"post-10139","1":"product","2":"type-product","3":"status-publish","4":"has-post-thumbnail","6":"product_cat-by-industry","7":"product_cat-custom-cosmetics-boxes","8":"product_cat-custom-perfume-boxes-by-industry","9":"product_cat-lid-and-base-gift-box","10":"product_cat-paper-box-style","11":"product_tag-30ml-perfume-boxes","12":"product_tag-lid-and-base-perfume-boxes","13":"product_tag-perfume-gift-boxes","15":"first","16":"instock","17":"shipping-taxable","18":"product-type-grouped"},"_links":{"self":[{"href":"https:\/\/zojopackaging.com\/fr\/wp-json\/wp\/v2\/product\/10139","targetHints":{"allow":["GET"]}}],"collection":[{"href":"https:\/\/zojopackaging.com\/fr\/wp-json\/wp\/v2\/product"}],"about":[{"href":"https:\/\/zojopackaging.com\/fr\/wp-json\/wp\/v2\/types\/product"}],"version-history":[{"count":2,"href":"https:\/\/zojopackaging.com\/fr\/wp-json\/wp\/v2\/product\/10139\/revisions"}],"predecessor-version":[{"id":10147,"href":"https:\/\/zojopackaging.com\/fr\/wp-json\/wp\/v2\/product\/10139\/revisions\/10147"}],"wp:featuredmedia":[{"embeddable":true,"href":"https:\/\/zojopackaging.com\/fr\/wp-json\/wp\/v2\/media\/10145"}],"wp:attachment":[{"href":"https:\/\/zojopackaging.com\/fr\/wp-json\/wp\/v2\/media?parent=10139"}],"wp:term":[{"taxonomy":"product_brand","embeddable":true,"href":"https:\/\/zojopackaging.com\/fr\/wp-json\/wp\/v2\/product_brand?post=10139"},{"taxonomy":"product_cat","embeddable":true,"href":"https:\/\/zojopackaging.com\/fr\/wp-json\/wp\/v2\/product_cat?post=10139"},{"taxonomy":"product_tag","embeddable":true,"href":"https:\/\/zojopackaging.com\/fr\/wp-json\/wp\/v2\/product_tag?post=10139"}],"curies":[{"name":"wp","href":"https:\/\/api.w.org\/{rel}","templated":true}]}}