{"id":10148,"date":"2025-04-04T18:20:18","date_gmt":"2025-04-04T10:20:18","guid":{"rendered":"https:\/\/zojopackaging.com\/?post_type=product&#038;p=10148"},"modified":"2025-04-04T18:34:51","modified_gmt":"2025-04-04T10:34:51","slug":"custom-perfume-cosmetics-clamshell-flip-top-gift-box-factory","status":"publish","type":"product","link":"https:\/\/zojopackaging.com\/fr\/product\/custom-perfume-cosmetics-clamshell-flip-top-gift-box-factory\/","title":{"rendered":"Bo\u00eete cadeau \u00e0 clapet personnalis\u00e9e pour parfums et cosm\u00e9tiques Factory"},"content":{"rendered":"<h2 id=\"customized-perfume-cosmetic-flip-gift-box-product-description\">Bo\u00eete cadeau \u00e0 clapet personnalis\u00e9e pour parfums et cosm\u00e9tiques Factory<\/h2>\n<h2><strong>1. Mat\u00e9riau <\/strong>Bo\u00eetes \u00e0 clapet<strong>La structure de l'emballage : stable et durable, mettant en valeur la texture de la marque.<\/strong><\/h2>\n<ul>\n<li><strong>Travail de la surface<\/strong>: Un papier blanc sp\u00e9cial de 120 g est coll\u00e9 sur un substrat de carton gris \u00e0 haute r\u00e9sistance de 1200 g afin de garantir que la bo\u00eete est droite et qu'elle r\u00e9siste bien \u00e0 la pression. Le carton gris est fabriqu\u00e9 \u00e0 partir d'un carton gris plein de fabrication locale, avec une structure de fibres uniforme, une r\u00e9sistance \u00e0 la flexion et une protection de l'environnement, et il est conforme aux normes de certification FSC. Le logo exclusif du client est emboss\u00e9 sur la surface, et l'effet tridimensionnel concave et convexe est obtenu gr\u00e2ce \u00e0 des moules de pr\u00e9cision afin d'am\u00e9liorer la superposition tactile et visuelle.<\/li>\n<\/ul>\n<h2 id=\"-2-lining-design-protection-and-beauty-\"><strong>2. Conception de la doublure : protection et beaut\u00e9<\/strong><\/h2>\n<ul>\n<li><strong>Structure de la doublure<\/strong>: La couche int\u00e9rieure est recouverte de carton bleu de 350 g, assorti d'une mousse EVA personnalis\u00e9e (\u00e9paisseur de 1,5 \u00e0 3,0 mm), et une couche tampon est form\u00e9e par d\u00e9coupage et laminage. Le mat\u00e9riau EVA pr\u00e9sente une excellente r\u00e9sistance aux chocs et peut absorber les impacts pendant le transport. La structure magn\u00e9tique a \u00e9t\u00e9 calcul\u00e9e avec pr\u00e9cision et l'erreur de positionnement est inf\u00e9rieure \u00e0 0,5 mm. Les consommateurs peuvent acc\u00e9der rapidement au produit d'une seule main. Par ailleurs, la fen\u00eatre transparente de la bo\u00eete permet d'afficher les informations relatives au flacon de parfum.<\/li>\n<\/ul>\n<h2 id=\"-3-customized-service-flexible-adaptation-to-customer-needs-\"><strong>3. Service personnalis\u00e9 : adaptation flexible aux besoins du client<\/strong><\/h2>\n<ul>\n<li><strong>Adaptation de la taille et du mat\u00e9riau<\/strong>: Il permet de personnaliser la taille de diff\u00e9rents produits tels que les cigarettes, les cosm\u00e9tiques et les parfums. Il peut ajuster l'\u00e9paisseur du carton gris (1,5-4,0 mm), le poids du papier sp\u00e9cial (80-300 g) et la structure de la doublure (telle que la couverture de soie, le traitement mat).<\/li>\n<li><strong>Innovation en mati\u00e8re de conception<\/strong>: Une \u00e9quipe de designers professionnels fournit un service personnalis\u00e9, combinant le ton de la marque pour concevoir un style simple ou luxueux. Par exemple, les motifs interactifs de la technologie AR, les mat\u00e9riaux d\u00e9gradables ou l'optimisation de la structure pour r\u00e9duire le volume de l'emballage peuvent permettre d'atteindre les objectifs de l\u00e9g\u00e8ret\u00e9 et de protection de l'environnement.<\/li>\n<\/ul>\n<h2 id=\"-4-production-strength-and-quality-assurance-\"><strong>4. Force de production et assurance de la qualit\u00e9<\/strong><\/h2>\n<ul>\n<li><strong>Ligne de production moderne<\/strong>: L'usine est \u00e9quip\u00e9e d'un atelier standardis\u00e9 de 5 320 m\u00e8tres carr\u00e9s, avec des machines de d\u00e9coupe enti\u00e8rement automatiques, des machines de marquage \u00e0 chaud et des lignes de production de mousse EVA, avec une capacit\u00e9 de production quotidienne de 100 000 pi\u00e8ces. La ligne d'assemblage automatis\u00e9e est utilis\u00e9e pour contr\u00f4ler les donn\u00e9es de production en temps r\u00e9el par le biais du syst\u00e8me SCADA afin de garantir que le taux d'emballage sans perte atteigne 99,8%.<\/li>\n<li><strong>Syst\u00e8me de contr\u00f4le de la qualit\u00e9<\/strong>: De l'entr\u00e9e des mati\u00e8res premi\u00e8res \u00e0 la livraison des produits finis, 21 processus d'inspection de la qualit\u00e9 sont mis en \u0153uvre, y compris des tests d'indicateurs cl\u00e9s tels que la teneur en humidit\u00e9 du carton gris (\u22648%), l'adh\u00e9rence du marquage \u00e0 chaud (test du ruban 3M) et la dur\u00e9e de vie de l'aspiration magn\u00e9tique (\u2265100 000 fois d'ouverture et de fermeture).<\/li>\n<\/ul>\n<h2 id=\"-5-cases-and-customer-value-\"><strong>5. Cas et valeur pour le client<\/strong><\/h2>\n<ul>\n<li><strong>Un cas r\u00e9ussi<\/strong>: Conception d'une bo\u00eete cadeau \u00e0 rabat pour une marque de parfum haut de gamme, en utilisant du carton blanc mat + la technologie de marquage \u00e0 chaud en or, et la doublure est assortie \u00e0 du velours EVA bleu. Apr\u00e8s le lancement du produit, le taux de r\u00e9achat des clients a augment\u00e9 de 30%, et le taux de dommages dus au transport est tomb\u00e9 \u00e0 moins de 0,5%.<\/li>\n<li><strong>Engagement environnemental<\/strong>: Fournir du carton gris biod\u00e9gradable et des options d'impression \u00e0 base d'encre \u00e0 base d'eau, qui sont conformes aux normes environnementales de l'UE et aident les marques \u00e0 mettre en pratique le concept de d\u00e9veloppement durable.<\/li>\n<\/ul>","protected":false},"excerpt":{"rendered":"<ul>\n<li>\u200b<strong>Une esth\u00e9tique de premier ordre<\/strong>- Am\u00e9liore la perception de la marque gr\u00e2ce \u00e0 des accents gaufr\u00e9s et des lignes \u00e9pur\u00e9es.<\/li>\n<li>\u200b<strong>Durable et \u00e9cologique<\/strong>- Le mat\u00e9riau recyclable robuste r\u00e9siste \u00e0 l'usure.<\/li>\n<li>\u200b<strong>Int\u00e9gration d'une marque personnalis\u00e9e<\/strong>- Mettez en valeur des logos ou des messages promotionnels en toute transparence.<\/li>\n<li>\u200b<strong>Efficacit\u00e9 des commandes en vrac<\/strong>- Optimis\u00e9 pour une logistique de gros \u00e9conomique.<\/li>\n<li>\u200b<strong>Adaptation universelle \u00e0 la bouteille<\/strong>- Les compartiments r\u00e9glables s'adaptent aux diff\u00e9rentes tailles de parfum.<\/li>\n<\/ul>","protected":false},"featured_media":10151,"template":"","meta":[],"product_brand":[],"product_cat":[30,417,424,31],"product_tag":[1353,1351,1352],"class_list":{"0":"post-10148","1":"product","2":"type-product","3":"status-publish","4":"has-post-thumbnail","6":"product_cat-by-industry","7":"product_cat-custom-perfume-boxes-by-industry","8":"product_cat-magnetic-closure-boxes","9":"product_cat-paper-box-style","10":"product_tag-cosmetics-gift-box-factory","11":"product_tag-perfume-clamshell-box","12":"product_tag-perfume-flip-top-gift-box","14":"first","15":"instock","16":"shipping-taxable","17":"product-type-grouped"},"_links":{"self":[{"href":"https:\/\/zojopackaging.com\/fr\/wp-json\/wp\/v2\/product\/10148","targetHints":{"allow":["GET"]}}],"collection":[{"href":"https:\/\/zojopackaging.com\/fr\/wp-json\/wp\/v2\/product"}],"about":[{"href":"https:\/\/zojopackaging.com\/fr\/wp-json\/wp\/v2\/types\/product"}],"version-history":[{"count":1,"href":"https:\/\/zojopackaging.com\/fr\/wp-json\/wp\/v2\/product\/10148\/revisions"}],"predecessor-version":[{"id":10155,"href":"https:\/\/zojopackaging.com\/fr\/wp-json\/wp\/v2\/product\/10148\/revisions\/10155"}],"wp:featuredmedia":[{"embeddable":true,"href":"https:\/\/zojopackaging.com\/fr\/wp-json\/wp\/v2\/media\/10151"}],"wp:attachment":[{"href":"https:\/\/zojopackaging.com\/fr\/wp-json\/wp\/v2\/media?parent=10148"}],"wp:term":[{"taxonomy":"product_brand","embeddable":true,"href":"https:\/\/zojopackaging.com\/fr\/wp-json\/wp\/v2\/product_brand?post=10148"},{"taxonomy":"product_cat","embeddable":true,"href":"https:\/\/zojopackaging.com\/fr\/wp-json\/wp\/v2\/product_cat?post=10148"},{"taxonomy":"product_tag","embeddable":true,"href":"https:\/\/zojopackaging.com\/fr\/wp-json\/wp\/v2\/product_tag?post=10148"}],"curies":[{"name":"wp","href":"https:\/\/api.w.org\/{rel}","templated":true}]}}