{"id":10156,"date":"2025-04-04T18:34:59","date_gmt":"2025-04-04T10:34:59","guid":{"rendered":"https:\/\/zojopackaging.com\/?post_type=product&#038;p=10156"},"modified":"2025-04-04T18:49:42","modified_gmt":"2025-04-04T10:49:42","slug":"custom-perfume-rigid-boxes-with-magnetic-closure-wholesale","status":"publish","type":"product","link":"https:\/\/zojopackaging.com\/fr\/product\/custom-perfume-rigid-boxes-with-magnetic-closure-wholesale\/","title":{"rendered":"Bo\u00eetes rigides pour parfums avec fermeture magn\u00e9tique Wholesale"},"content":{"rendered":"<h2 id=\"customized-perfume-hard-box-with-magnetic-seal-wholesale-product-description\">Bo\u00eete rigide pour parfum personnalis\u00e9e avec sceau magn\u00e9tique Wholesale Description du produit<\/h2>\n<h2 id=\"1-material-and-structure-\">1.\u00a0<strong>Mat\u00e9riau et structure<\/strong><\/h2>\n<ul>\n<li>Utilisation\u00a0<strong>Papier d'art couch\u00e9 C2S 157g (papier double cuivre)<\/strong>\u00a0avec\u00a0<strong>Carton rigide 1200g (carton rigide)<\/strong>\u00a0pour que le corps de la bo\u00eete soit \u00e0 la fois beau et r\u00e9sistant \u00e0 la pression.<\/li>\n<li><strong>Technologie de surface<\/strong>: Traitement par film mat, toucher d\u00e9licat et doux, pr\u00e9sentant une impression de luxe discret, en accord avec le ton simple et \u00e9l\u00e9gant de la marque.<\/li>\n<\/ul>\n<h2 id=\"2-appearance-design-\">2.\u00a0<strong>Conception de l'apparence<\/strong><\/h2>\n<ul>\n<li><strong>Correspondance classique des couleurs<\/strong>: Le corps de la bo\u00eete est une base noire classique, avec des polices de s\u00e9rigraphie dor\u00e9es ou une technologie d'estampage \u00e0 chaud, formant un contraste visuel net, soulignant le temp\u00e9rament \u00e9l\u00e9gant.<\/li>\n<li><strong>Structure de la couverture magn\u00e9tique<\/strong>: La conception de l'ouverture et de la fermeture imitant celle d'un livre, l'adsorption magn\u00e9tique est pr\u00e9cise et stable, et le moment de l'ouverture de la bo\u00eete est plein de rituel.<\/li>\n<\/ul>\n<h2 id=\"3-internal-protection-and-decoration-\">3.\u00a0<strong>Protection interne et d\u00e9coration<\/strong><\/h2>\n<ul>\n<li><strong>Mat\u00e9riau de la doublure int\u00e9rieure<\/strong>: Doublure en soie dor\u00e9e, lisse et anti-friction, permettant non seulement de fixer le flacon de parfum pour \u00e9viter les secousses, mais aussi d'am\u00e9liorer l'impact visuel lors de l'ouverture de la bo\u00eete.<\/li>\n<li><strong>Espace personnalis\u00e9<\/strong>: Permet d'ajuster la couleur de la doublure et la disposition (comme les compartiments de s\u00e9paration) pour r\u00e9pondre aux exigences des diff\u00e9rentes tailles et formes de flacons de parfum.<\/li>\n<\/ul>\n<h2 id=\"4-production-and-service-advantages-\">4.\u00a0<strong>Avantages en mati\u00e8re de production et de services<\/strong><\/h2>\n<ul>\n<li><strong>Personnalisation souple<\/strong>: Permet un ajustement personnalis\u00e9 du type de bo\u00eete, de la couleur (telle que l'impression en tons directs), de la technologie de surface (UV, marquage \u00e0 chaud, gaufrage, etc.).\u00a0<strong>500 pi\u00e8ces<\/strong>pour r\u00e9pondre aux besoins d'achats en gros et d'exclusivit\u00e9s de marque.<\/li>\n<li><strong>Soutien \u00e0 la conception<\/strong>: Dot\u00e9e d'une \u00e9quipe de conception professionnelle, elle fournit\u00a0<strong>Service de pr\u00e9visualisation de mod\u00e8les 3D<\/strong>Les outils d'IA permettent de g\u00e9n\u00e9rer rapidement des rendus de mod\u00e8les, ce qui acc\u00e9l\u00e8re la v\u00e9rification et la mise en \u0153uvre de la conception.<\/li>\n<\/ul>\n<h2 id=\"5-production-and-quality-control-\">5.\u00a0<strong>Production et contr\u00f4le de la qualit\u00e9<\/strong><\/h2>\n<ul>\n<li><strong>Un \u00e9quipement de pointe<\/strong>: Utiliser des machines d'impression et des \u00e9quipements de d\u00e9coupe enti\u00e8rement automatiques pour garantir la pr\u00e9cision de l'impression et l'uniformit\u00e9 du type de bo\u00eete.<\/li>\n<li><strong>Normes d'inspection de la qualit\u00e9<\/strong>: L'erreur est strictement contr\u00f4l\u00e9e au sein de\u00a0<strong>\u00b10,3 mm<\/strong>et la qualit\u00e9 du produit fini est garantie par un \u00e9chantillonnage \u00e0 liens multiples.<\/li>\n<\/ul>\n<h2 id=\"6-logistics-and-after-sales-\">6.\u00a0<strong>Logistique et apr\u00e8s-vente<\/strong><\/h2>\n<ul>\n<li><strong>Livraison mondiale<\/strong>: Il soutient les coop\u00e9rations logistiques telles que YTO, STO et SF Express, et l'emballage sp\u00e9cialement con\u00e7u pour les exportations transfrontali\u00e8res peut s'adapter aux besoins en mati\u00e8re de transport international.<\/li>\n<li><strong>Engagement apr\u00e8s-vente<\/strong>: Fournir\u00a0<strong>Retour et \u00e9change sans condition sous 15 jours<\/strong>\u00a0et\u00a0<strong>garantie d'authenticit\u00e9<\/strong>\u00a0pour r\u00e9soudre les probl\u00e8mes des clients.<\/li>\n<\/ul>\n<h2 id=\"-cooperation-process-\"><strong>Processus de coop\u00e9ration<\/strong><\/h2>\n<ol>\n<li><strong>Communication des besoins<\/strong>: Fournissez un projet de conception ou d\u00e9crivez les exigences, et nous vous fournirons un mod\u00e8le 3D et un devis dans les 3 jours.<\/li>\n<li><strong>Confirmation de l'\u00e9preuve<\/strong>: Fournir gratuitement 1 \u00e0 2 exemples de modifications pour s'assurer que les d\u00e9tails sont corrects.<\/li>\n<li><strong>Production de masse<\/strong>: Livraison dans un d\u00e9lai de 7 \u00e0 14 jours ouvrables apr\u00e8s confirmation, prise en charge de l'exp\u00e9dition par lots.<\/li>\n<\/ol>","protected":false},"excerpt":{"rendered":"<ul>\n<li><strong>Pr\u00e9sentoir de marque<\/strong>: Applicable \u00e0 l'emballage des parfums de luxe, des cosm\u00e9tiques haut de gamme et d'autres produits, et renfor\u00e7ant l'image haut de gamme de la marque gr\u00e2ce \u00e0 la conception de la couverture magn\u00e9tique et \u00e0 la technologie du film mat.<\/li>\n<li><strong>Bo\u00eete cadeau pour les f\u00eates de fin d'ann\u00e9e<\/strong>: Il peut \u00eatre associ\u00e9 \u00e0 des accessoires tels que des rubans et des cartes de v\u0153ux estampill\u00e9es en or pour cr\u00e9er des coffrets cadeaux en \u00e9dition limit\u00e9e pour les f\u00eates.<\/li>\n<li><strong>R\u00e9f\u00e9rence du cas<\/strong>: Nous avons personnalis\u00e9 un\u00a0<strong>bo\u00eete cadeau magn\u00e9tique noire mate<\/strong>\u00a0pour une marque internationale, doubl\u00e9 d'un tissu de soie dor\u00e9e et d'un LOGO en relief.<\/li>\n<\/ul>","protected":false},"featured_media":10158,"template":"","meta":[],"product_brand":[],"product_cat":[30,417,424,31],"product_tag":[225,1355,1354],"class_list":{"0":"post-10156","1":"product","2":"type-product","3":"status-publish","4":"has-post-thumbnail","6":"product_cat-by-industry","7":"product_cat-custom-perfume-boxes-by-industry","8":"product_cat-magnetic-closure-boxes","9":"product_cat-paper-box-style","10":"product_tag-custom-perfume-boxes","11":"product_tag-magnetic-closure-perfume-boxes","12":"product_tag-perfume-rigid-boxes","14":"first","15":"instock","16":"shipping-taxable","17":"product-type-grouped"},"_links":{"self":[{"href":"https:\/\/zojopackaging.com\/fr\/wp-json\/wp\/v2\/product\/10156","targetHints":{"allow":["GET"]}}],"collection":[{"href":"https:\/\/zojopackaging.com\/fr\/wp-json\/wp\/v2\/product"}],"about":[{"href":"https:\/\/zojopackaging.com\/fr\/wp-json\/wp\/v2\/types\/product"}],"version-history":[{"count":1,"href":"https:\/\/zojopackaging.com\/fr\/wp-json\/wp\/v2\/product\/10156\/revisions"}],"predecessor-version":[{"id":10163,"href":"https:\/\/zojopackaging.com\/fr\/wp-json\/wp\/v2\/product\/10156\/revisions\/10163"}],"wp:featuredmedia":[{"embeddable":true,"href":"https:\/\/zojopackaging.com\/fr\/wp-json\/wp\/v2\/media\/10158"}],"wp:attachment":[{"href":"https:\/\/zojopackaging.com\/fr\/wp-json\/wp\/v2\/media?parent=10156"}],"wp:term":[{"taxonomy":"product_brand","embeddable":true,"href":"https:\/\/zojopackaging.com\/fr\/wp-json\/wp\/v2\/product_brand?post=10156"},{"taxonomy":"product_cat","embeddable":true,"href":"https:\/\/zojopackaging.com\/fr\/wp-json\/wp\/v2\/product_cat?post=10156"},{"taxonomy":"product_tag","embeddable":true,"href":"https:\/\/zojopackaging.com\/fr\/wp-json\/wp\/v2\/product_tag?post=10156"}],"curies":[{"name":"wp","href":"https:\/\/api.w.org\/{rel}","templated":true}]}}